{"id":1291,"date":"2025-02-04T10:31:31","date_gmt":"2025-02-04T09:31:31","guid":{"rendered":"https:\/\/wp.unil.ch\/archipelessais\/?page_id=1291"},"modified":"2025-02-04T13:42:11","modified_gmt":"2025-02-04T12:42:11","slug":"volume-37","status":"publish","type":"page","link":"https:\/\/wp.unil.ch\/archipelessais\/volume-37\/","title":{"rendered":"Volume 37"},"content":{"rendered":"\n<p><strong>NOUVELLE PARUTION &#8211; F\u00c9VRIER 2025<\/strong><\/p>\n\n\n\n<p><strong><br>La Po\u00e9tique de la bestialit\u00e9<\/strong><br>Une esquisse litt\u00e9raire des marges \u00e9rotiques et ontologiques, de Sade \u00e0 Rachilde<\/p>\n\n\n\n<p><strong>Aim\u00e9 Guex<\/strong><\/p>\n\n\n<div class=\"wp-block-image\">\n<figure class=\"alignright size-large is-resized\"><img alt=\"\" loading=\"lazy\" decoding=\"async\" width=\"624\" height=\"1024\" src=\"https:\/\/wp.unil.ch\/archipelessais\/files\/2025\/02\/Capture-decran-2025-02-04-a-10.26.11-624x1024.png\" alt=\"\" class=\"wp-image-1293\" style=\"width:193px;height:auto\" srcset=\"https:\/\/wp.unil.ch\/archipelessais\/files\/2025\/02\/Capture-decran-2025-02-04-a-10.26.11-624x1024.png 624w, https:\/\/wp.unil.ch\/archipelessais\/files\/2025\/02\/Capture-decran-2025-02-04-a-10.26.11-183x300.png 183w, https:\/\/wp.unil.ch\/archipelessais\/files\/2025\/02\/Capture-decran-2025-02-04-a-10.26.11-91x150.png 91w, https:\/\/wp.unil.ch\/archipelessais\/files\/2025\/02\/Capture-decran-2025-02-04-a-10.26.11-768x1261.png 768w, https:\/\/wp.unil.ch\/archipelessais\/files\/2025\/02\/Capture-decran-2025-02-04-a-10.26.11-936x1536.png 936w, https:\/\/wp.unil.ch\/archipelessais\/files\/2025\/02\/Capture-decran-2025-02-04-a-10.26.11.png 1216w\" sizes=\"auto, (max-width: 624px) 100vw, 624px\" \/><\/figure>\n<\/div>\n\n\n<p>Qu\u2019est-ce que la bestialit\u00e9 ? Un synonyme de l\u2019animalit\u00e9 ? L\u2019abandon de nos qualit\u00e9s humaines pour embrasser une nature bestiale ?<br>En son sens originel ou actuel, la bestialit\u00e9 d\u00e9signe un comportement si immoral qu\u2019il en devient indigne d\u2019un \u00eatre humain. Or, pendant des si\u00e8cles, ce mot d\u00e9finissait un autre rapprochement, bien plus troublant, entre l\u2019humain et l\u2019animal : la relation sexuelle interesp\u00e8ce, d\u00e9nomm\u00e9e aujourd\u2019hui zoophilie. \u00c0 travers les \u00e9poques, les sciences th\u00e9ologiques, juridiques et m\u00e9dicales ont successivement \u00e9tudi\u00e9 cette relation au summum de l\u2019immoral. \u00c0 l\u2019aune de ces do- maines, la bestialit\u00e9 est aussi devenue un objet litt\u00e9raire et esth\u00e9tique, dans une p\u00e9riode qui touche la fin de l\u2019Ancien R\u00e9gime \u00e0 celle du XIXe si\u00e8cle.<br>\u00c0 premi\u00e8re vue, la raison est commode : il s\u2019agit du parfait objet de scandale litt\u00e9raire. Une seconde lecture permet de comprendre que la bestialit\u00e9 \u2013 et la po\u00e9tique qu\u2019elle v\u00e9hicule \u2013 rev\u00eat une importance fondamentale : dans le sillage de la th\u00e9orie darwinienne qui replace l\u2019homme dans l\u2019\u00e9volution du vivant, ces textes litt\u00e9raires questionnent le pr\u00e9suppos\u00e9 m\u00eame d\u2019humanit\u00e9 et de la fixit\u00e9 de nos essences. Derri\u00e8re ces grands principes se profilent des \u00ab marges \u00bb, tant ontologiques qu\u2019\u00e9rotiques, d\u00e9pla\u00e7ant et d\u00e9rangeant notre sexualit\u00e9 et notre identit\u00e9\u2026<\/p>\n\n\n\n<p>149 p.<\/p>\n\n\n\n<p><a href=\"https:\/\/wp.unil.ch\/archipelessais\/files\/2025\/02\/TDM_37_AG.pdf\" target=\"_blank\" rel=\"noreferrer noopener\">Table des mati\u00e8res<\/a><br>Lire sur Fabula la postface de <a href=\"https:\/\/www.fabula.org\/actualites\/documents\/125529_f685fbf64c1c140064a0642956067aae.pdf\">Postface de Dominique Kunz Westerhoff<\/a><\/p>\n\n\n\n<p><br><a href=\"https:\/\/wp.unil.ch\/archipelessais\/commande\/\">Commande<\/a><\/p>\n\n\n\n<p><\/p>\n","protected":false},"excerpt":{"rendered":"<p>NOUVELLE PARUTION &#8211; F\u00c9VRIER 2025 La Po\u00e9tique de la bestialit\u00e9Une esquisse litt\u00e9raire des marges \u00e9rotiques et ontologiques, de Sade \u00e0 Rachilde Aim\u00e9 Guex Qu\u2019est-ce que la bestialit\u00e9 ? Un synonyme &hellip; <\/p>\n","protected":false},"author":1002139,"featured_media":0,"parent":0,"menu_order":0,"comment_status":"closed","ping_status":"closed","template":"","meta":{"_seopress_robots_primary_cat":"","_seopress_titles_title":"","_seopress_titles_desc":"","_seopress_robots_index":"","footnotes":""},"class_list":["post-1291","page","type-page","status-publish"],"_links":{"self":[{"href":"https:\/\/wp.unil.ch\/archipelessais\/wp-json\/wp\/v2\/pages\/1291","targetHints":{"allow":["GET"]}}],"collection":[{"href":"https:\/\/wp.unil.ch\/archipelessais\/wp-json\/wp\/v2\/pages"}],"about":[{"href":"https:\/\/wp.unil.ch\/archipelessais\/wp-json\/wp\/v2\/types\/page"}],"author":[{"embeddable":true,"href":"https:\/\/wp.unil.ch\/archipelessais\/wp-json\/wp\/v2\/users\/1002139"}],"replies":[{"embeddable":true,"href":"https:\/\/wp.unil.ch\/archipelessais\/wp-json\/wp\/v2\/comments?post=1291"}],"version-history":[{"count":3,"href":"https:\/\/wp.unil.ch\/archipelessais\/wp-json\/wp\/v2\/pages\/1291\/revisions"}],"predecessor-version":[{"id":1323,"href":"https:\/\/wp.unil.ch\/archipelessais\/wp-json\/wp\/v2\/pages\/1291\/revisions\/1323"}],"wp:attachment":[{"href":"https:\/\/wp.unil.ch\/archipelessais\/wp-json\/wp\/v2\/media?parent=1291"}],"curies":[{"name":"wp","href":"https:\/\/api.w.org\/{rel}","templated":true}]}}