{"id":1269,"date":"2025-02-04T10:32:02","date_gmt":"2025-02-04T09:32:02","guid":{"rendered":"https:\/\/wp.unil.ch\/archipelessais\/?page_id=1269"},"modified":"2025-02-04T13:43:57","modified_gmt":"2025-02-04T12:43:57","slug":"volume-36","status":"publish","type":"page","link":"https:\/\/wp.unil.ch\/archipelessais\/volume-36\/","title":{"rendered":"Volume 36"},"content":{"rendered":"\n<p><strong>NOUVELLE PARUTION &#8211; F\u00c9VRIER 2025<\/strong><\/p>\n\n\n\n<p><strong><br>Se faire t\u00e9moin<\/strong><br>Une lecture pragmatique de Primo Levi et Charlotte Delbo<\/p>\n\n\n\n<p><strong>Diane Kalms<\/strong><\/p>\n\n\n<div class=\"wp-block-image\">\n<figure class=\"alignright size-large is-resized\"><img alt=\"\" loading=\"lazy\" decoding=\"async\" width=\"617\" height=\"1024\" src=\"https:\/\/wp.unil.ch\/archipelessais\/files\/2025\/02\/Couverture_36-2-617x1024.png\" alt=\"\" class=\"wp-image-1280\" style=\"width:193px;height:auto\" srcset=\"https:\/\/wp.unil.ch\/archipelessais\/files\/2025\/02\/Couverture_36-2-617x1024.png 617w, https:\/\/wp.unil.ch\/archipelessais\/files\/2025\/02\/Couverture_36-2-181x300.png 181w, https:\/\/wp.unil.ch\/archipelessais\/files\/2025\/02\/Couverture_36-2-90x150.png 90w, https:\/\/wp.unil.ch\/archipelessais\/files\/2025\/02\/Couverture_36-2-768x1275.png 768w, https:\/\/wp.unil.ch\/archipelessais\/files\/2025\/02\/Couverture_36-2-925x1536.png 925w, https:\/\/wp.unil.ch\/archipelessais\/files\/2025\/02\/Couverture_36-2.png 1202w\" sizes=\"auto, (max-width: 617px) 100vw, 617px\" \/><\/figure>\n<\/div>\n\n\n<p>On a longtemps \u00e9voqu\u00e9 \u00e0 propos des t\u00e9moignages de la Shoah la probl\u00e9matique de l\u2019ineffabilit\u00e9. Mais les survivants ont d\u00e9pass\u00e9 ce mythe du silence : devenus c\u00e9l\u00e8bres pr\u00e9cis\u00e9ment pour les formes du dicible qu\u2019ils ont adopt\u00e9es, <em>Se questo \u00e8 un uomo<\/em> et <em>Aucun de nous ne reviendra<\/em> ont su raconter et transmettre ce v\u00e9cu extr\u00eame. Toutefois, les chemins emprunt\u00e9s pour sortir de cette impasse semblent radicalement oppos\u00e9s : tandis que Primo Levi pr\u00f4ne une \u00e9criture dite scientifique, Charlotte Delbo plaide en faveur d\u2019un langage po\u00e9tique. De cette divergence, une \u00e9vidence se fait jour. \u00c0 l\u2019origine de tels choix stylistiques r\u00e9sident des dynamiques communicationnelles bien diff\u00e9rentes : la mission du t\u00e9moin est-elle la m\u00eame lorsque l\u2019on a \u00e9t\u00e9 d\u00e9port\u00e9 pour ses origines juives ou pour son engagement politique ?<br>D\u00e8s lors, explorer l\u2019espace discursif construit et habit\u00e9 par l\u2019\u0153uvre elle-m\u00eame devient une voie privil\u00e9gi\u00e9e pour d\u00e9couvrir la mani\u00e8re dont le t\u00e9moignage est appr\u00e9hend\u00e9 par les auteurs. Par l\u2019examen attentif des formes pragmatiques de ces deux \u0153uvres se r\u00e9v\u00e9leront les diff\u00e9rents modes du dire, \u00e0 leur tour r\u00e9v\u00e9lateurs, car \u00e9troitement li\u00e9s au contexte de production du r\u00e9cit, et aux conditions de l\u2019exp\u00e9rience concentrationnaire elle-m\u00eame. Ainsi, le pr\u00e9sent essai propose d\u2019explorer les enjeux communicationnels derri\u00e8re cette question, somme toute fondamentale : comment se faire t\u00e9moin&nbsp;?<\/p>\n\n\n\n<p>145 p.<\/p>\n\n\n\n<p><a href=\"https:\/\/wp.unil.ch\/archipelessais\/files\/2025\/02\/TDM_36_DK.pdf\" target=\"_blank\" rel=\"noreferrer noopener\">Table des mati\u00e8res<\/a><br>Lire sur Fabula la postface de <a href=\"https:\/\/www.fabula.org\/actualites\/documents\/125527_1a4a9c70546f909ebfcd765b1391f472.pdf\">Gilles Philippe \u00ab\u00a0Se taire avec des mots\u00a0\u00bb<\/a><\/p>\n\n\n\n<p><br><a href=\"https:\/\/wp.unil.ch\/archipelessais\/commande\/\" target=\"_blank\" rel=\"noreferrer noopener\">Commande<\/a><\/p>\n","protected":false},"excerpt":{"rendered":"<p>NOUVELLE PARUTION &#8211; F\u00c9VRIER 2025 Se faire t\u00e9moinUne lecture pragmatique de Primo Levi et Charlotte Delbo Diane Kalms On a longtemps \u00e9voqu\u00e9 \u00e0 propos des t\u00e9moignages de la Shoah la &hellip; <\/p>\n","protected":false},"author":1002007,"featured_media":0,"parent":0,"menu_order":0,"comment_status":"closed","ping_status":"closed","template":"","meta":{"_seopress_robots_primary_cat":"","_seopress_titles_title":"","_seopress_titles_desc":"","_seopress_robots_index":"","footnotes":""},"class_list":["post-1269","page","type-page","status-publish"],"_links":{"self":[{"href":"https:\/\/wp.unil.ch\/archipelessais\/wp-json\/wp\/v2\/pages\/1269","targetHints":{"allow":["GET"]}}],"collection":[{"href":"https:\/\/wp.unil.ch\/archipelessais\/wp-json\/wp\/v2\/pages"}],"about":[{"href":"https:\/\/wp.unil.ch\/archipelessais\/wp-json\/wp\/v2\/types\/page"}],"author":[{"embeddable":true,"href":"https:\/\/wp.unil.ch\/archipelessais\/wp-json\/wp\/v2\/users\/1002007"}],"replies":[{"embeddable":true,"href":"https:\/\/wp.unil.ch\/archipelessais\/wp-json\/wp\/v2\/comments?post=1269"}],"version-history":[{"count":5,"href":"https:\/\/wp.unil.ch\/archipelessais\/wp-json\/wp\/v2\/pages\/1269\/revisions"}],"predecessor-version":[{"id":1324,"href":"https:\/\/wp.unil.ch\/archipelessais\/wp-json\/wp\/v2\/pages\/1269\/revisions\/1324"}],"wp:attachment":[{"href":"https:\/\/wp.unil.ch\/archipelessais\/wp-json\/wp\/v2\/media?parent=1269"}],"curies":[{"name":"wp","href":"https:\/\/api.w.org\/{rel}","templated":true}]}}