{"id":1236,"date":"2024-01-22T14:42:37","date_gmt":"2024-01-22T13:42:37","guid":{"rendered":"https:\/\/wp.unil.ch\/archipelessais\/?page_id=1236"},"modified":"2024-01-22T15:18:07","modified_gmt":"2024-01-22T14:18:07","slug":"volume-34","status":"publish","type":"page","link":"https:\/\/wp.unil.ch\/archipelessais\/volume-34\/","title":{"rendered":"Volume 34"},"content":{"rendered":"\n<p><strong>NOUVELLE PARUTION &#8211; JANVIER 2024<\/strong><\/p>\n\n\n\n<p class=\"has-text-align-left\"><strong>Le Th\u00e9\u00e2tre des f\u00e9es.  <\/strong><br>Les sc\u00e8nes du merveilleux f\u00e9erique de la Com\u00e9die-Italienne aux boulevards<br>(1762-1789)<\/p>\n\n\n\n<p><strong>Ang\u00e9lique Chevalley<\/strong><\/p>\n\n\n<div class=\"wp-block-image\">\n<figure class=\"alignright size-large is-resized\"><img alt=\"\" loading=\"lazy\" decoding=\"async\" width=\"618\" height=\"1024\" src=\"https:\/\/wp.unil.ch\/archipelessais\/files\/2024\/01\/AE_34_COUV_1_giantchair-618x1024.jpg\" alt=\"\" class=\"wp-image-1237\" style=\"width:206px;height:auto\" srcset=\"https:\/\/wp.unil.ch\/archipelessais\/files\/2024\/01\/AE_34_COUV_1_giantchair-618x1024.jpg 618w, https:\/\/wp.unil.ch\/archipelessais\/files\/2024\/01\/AE_34_COUV_1_giantchair-181x300.jpg 181w, https:\/\/wp.unil.ch\/archipelessais\/files\/2024\/01\/AE_34_COUV_1_giantchair-91x150.jpg 91w, https:\/\/wp.unil.ch\/archipelessais\/files\/2024\/01\/AE_34_COUV_1_giantchair.jpg 724w\" sizes=\"auto, (max-width: 618px) 100vw, 618px\" \/><\/figure>\n<\/div>\n\n\n<p>D\u00e8s le milieu du XVIIIe si\u00e8cle, les philosophes tentent de chasser les f\u00e9es de la sc\u00e8ne : quels spectateurs sens\u00e9s pourraient encore s\u2019\u00e9merveiller de ces \u00abcontes de vieilles\u00bb et \u00eatre dupes des artifices des sc\u00e8nes de magie ? Pourtant, les spectacles de f\u00e9erie, en vogue depuis la fin du si\u00e8cle pr\u00e9c\u00e9dent, continuent \u00e0 nourrir le r\u00e9pertoire des th\u00e9\u00e2tres parisiens : les prodiges des f\u00e9es, sylphes et g\u00e9nies enchantent, font rire et, surtout, pleurer les spectateurs. C\u2019est que les auteurs de la seconde moiti\u00e9 du si\u00e8cle engagent en r\u00e9alit\u00e9 le th\u00e9\u00e2tre merveilleux vers de nouvelles formes sensibles, qui frappent les yeux et l\u2019esprit pour parler au c\u0153ur.<\/p>\n\n\n\n<p>Cette \u00e9tude se propose de mettre en lumi\u00e8re les enjeux dramaturgiques et sc\u00e9nographiques de ce tournant sensible et moral du merveilleux qui se fa\u00e7onne sur les sc\u00e8nes de la Com\u00e9die-Italienne et des boulevards dans les ann\u00e9es 1760-1780. Elle montre les ambigu\u00eft\u00e9s de ce th\u00e9\u00e2tre des f\u00e9es, qui, avant m\u00eame que la f\u00e9erie ne soit, au si\u00e8cle suivant,  constitu\u00e9e en genre, oscille en toute libert\u00e9 entre le grand spectacle et sa mise \u00e0 distance.<\/p>\n\n\n\n<p>146 p.<\/p>\n\n\n\n<p><a href=\"https:\/\/wp.unil.ch\/archipelessais\/files\/2024\/01\/AE34_TdM.pdf\" target=\"_blank\" rel=\"noreferrer noopener\">Table des mati\u00e8res<br><\/a>Lire sur Fabula la postface de Lise Michel, \u00ab\u00a0La magie sans magie\u00a0\u00bb<br><a href=\"https:\/\/wp.unil.ch\/archipelessais\/commande\/\" target=\"_blank\" rel=\"noreferrer noopener\">Commande<\/a><\/p>\n","protected":false},"excerpt":{"rendered":"<p>NOUVELLE PARUTION &#8211; JANVIER 2024 Le Th\u00e9\u00e2tre des f\u00e9es. Les sc\u00e8nes du merveilleux f\u00e9erique de la Com\u00e9die-Italienne aux boulevards(1762-1789) Ang\u00e9lique Chevalley D\u00e8s le milieu du XVIIIe si\u00e8cle, les philosophes tentent &hellip; <\/p>\n","protected":false},"author":1002007,"featured_media":0,"parent":0,"menu_order":0,"comment_status":"closed","ping_status":"closed","template":"","meta":{"_seopress_robots_primary_cat":"","_seopress_titles_title":"","_seopress_titles_desc":"","_seopress_robots_index":"","footnotes":""},"class_list":["post-1236","page","type-page","status-publish"],"_links":{"self":[{"href":"https:\/\/wp.unil.ch\/archipelessais\/wp-json\/wp\/v2\/pages\/1236","targetHints":{"allow":["GET"]}}],"collection":[{"href":"https:\/\/wp.unil.ch\/archipelessais\/wp-json\/wp\/v2\/pages"}],"about":[{"href":"https:\/\/wp.unil.ch\/archipelessais\/wp-json\/wp\/v2\/types\/page"}],"author":[{"embeddable":true,"href":"https:\/\/wp.unil.ch\/archipelessais\/wp-json\/wp\/v2\/users\/1002007"}],"replies":[{"embeddable":true,"href":"https:\/\/wp.unil.ch\/archipelessais\/wp-json\/wp\/v2\/comments?post=1236"}],"version-history":[{"count":4,"href":"https:\/\/wp.unil.ch\/archipelessais\/wp-json\/wp\/v2\/pages\/1236\/revisions"}],"predecessor-version":[{"id":1265,"href":"https:\/\/wp.unil.ch\/archipelessais\/wp-json\/wp\/v2\/pages\/1236\/revisions\/1265"}],"wp:attachment":[{"href":"https:\/\/wp.unil.ch\/archipelessais\/wp-json\/wp\/v2\/media?parent=1236"}],"curies":[{"name":"wp","href":"https:\/\/api.w.org\/{rel}","templated":true}]}}