{"id":1214,"date":"2023-01-03T21:32:12","date_gmt":"2023-01-03T20:32:12","guid":{"rendered":"https:\/\/wp.unil.ch\/archipelessais\/?page_id=1214"},"modified":"2024-01-22T14:43:39","modified_gmt":"2024-01-22T13:43:39","slug":"volume-33","status":"publish","type":"page","link":"https:\/\/wp.unil.ch\/archipelessais\/volume-33\/","title":{"rendered":"Volume 33"},"content":{"rendered":"\n<p><strong>NOUVELLE PARUTION &#8211; D\u00c9CEMBRE 2022<\/strong><\/p>\n\n\n\n<p><strong>Les Feintes d&rsquo;une fin<\/strong><br>Boris Vian continu\u00e9 par l&rsquo;Oulipo<\/p>\n\n\n\n<p><strong>Alexis Rime <\/strong><\/p>\n\n\n<div class=\"wp-block-image\">\n<figure class=\"alignright size-medium\"><img alt=\"\" loading=\"lazy\" decoding=\"async\" width=\"180\" height=\"300\" src=\"https:\/\/wp.unil.ch\/archipelessais\/files\/2023\/01\/AE_33_couverture_1ere-1-180x300.jpg\" alt=\"\" class=\"wp-image-1215\" srcset=\"https:\/\/wp.unil.ch\/archipelessais\/files\/2023\/01\/AE_33_couverture_1ere-1-180x300.jpg 180w, https:\/\/wp.unil.ch\/archipelessais\/files\/2023\/01\/AE_33_couverture_1ere-1-614x1024.jpg 614w, https:\/\/wp.unil.ch\/archipelessais\/files\/2023\/01\/AE_33_couverture_1ere-1-90x150.jpg 90w, https:\/\/wp.unil.ch\/archipelessais\/files\/2023\/01\/AE_33_couverture_1ere-1.jpg 719w\" sizes=\"auto, (max-width: 180px) 100vw, 180px\" \/><\/figure>\n<\/div>\n\n\n<p>Au d\u00e9but des ann\u00e9es 1950, Boris Vian \u00e9bauche un nouveau livre \u00ab \u00e0 l\u2019am\u00e9ricaine \u00bb dans la lign\u00e9e des quatre romans noirs qu\u2019il a sign\u00e9s sous le nom de \u00ab Vernon Sullivan \u00bb. Vian en \u00e9tablit le synopsis, r\u00e9dige les quatre premiers chapitres, puis abandonne le projet et laisse ses personnages en plan ; il ne reprendra plus ce manuscrit jusqu\u2019\u00e0 sa mort en 1959. Soixante ans plus tard, l\u2019Oulipo se voit confier l\u2019\u00e9bauche, et six de ses membres s\u2019att\u00e8lent \u00e0 poursuivre et \u00e0 achever le roman. Celui-ci para\u00eet finalement en 2020, aux \u00e9ditions Fayard, sous le titre de <em>On n\u2019y \u00e9chappe pas<\/em>.<\/p>\n\n\n\n<p>Un tel geste fait figure d\u2019exception dans la litt\u00e9rature r\u00e9cente, les textes inachev\u00e9s \u00e9tant g\u00e9n\u00e9ralement \u00e9dit\u00e9s en l\u2019\u00e9tat. Le pr\u00e9sent essai cherche donc \u00e0 comprendre les modalit\u00e9s d\u2019une continuation, partant de l\u2019id\u00e9e qu\u2019une telle entreprise litt\u00e9raire, d\u00e9licate sinon controvers\u00e9e, ne peut se faire sans l\u2019utilisation de strat\u00e9gies textuelles et paratextuelles tr\u00e8s pr\u00e9cises. Mais enqu\u00eater sur <em>On n\u2019y \u00e9chappe pas <\/em>impose \u00e9galement de d\u00e9m\u00ealer les fils du canular Vian-Sullivan, de d\u00e9jouer les jeux oulipiens, et, contre toute attente, d\u2019\u00e9laborer enfin quelques feintes pour mieux rendre justice aux audaces des co-auteurs.<\/p>\n\n\n\n<p>100 p.<\/p>\n\n\n\n<p><a href=\"https:\/\/wp.unil.ch\/archipelessais\/files\/2023\/01\/AE33_TabMat.pdf\">Table des mati\u00e8res<\/a><br><a href=\"https:\/\/www.fabula.org\/actualites\/112251\/alexis-rime-les-feintes-d-une-fin-boris-vian-continue-par-l-oulipo.html\">Lire sur Fabula la postface de Marc Escola, \u00ab\u00a0La main fant\u00f4me\u00a0\u00bb<\/a><br><a rel=\"noreferrer noopener\" href=\"https:\/\/wp.unil.ch\/archipelessais\/commande\/\" target=\"_blank\">Commande<\/a><\/p>\n","protected":false},"excerpt":{"rendered":"<p>NOUVELLE PARUTION &#8211; D\u00c9CEMBRE 2022 Les Feintes d&rsquo;une finBoris Vian continu\u00e9 par l&rsquo;Oulipo Alexis Rime Au d\u00e9but des ann\u00e9es 1950, Boris Vian \u00e9bauche un nouveau livre \u00ab \u00e0 l\u2019am\u00e9ricaine \u00bb &hellip; <\/p>\n","protected":false},"author":1002007,"featured_media":0,"parent":0,"menu_order":0,"comment_status":"closed","ping_status":"closed","template":"","meta":{"_seopress_robots_primary_cat":"","_seopress_titles_title":"","_seopress_titles_desc":"","_seopress_robots_index":"","footnotes":""},"class_list":["post-1214","page","type-page","status-publish"],"_links":{"self":[{"href":"https:\/\/wp.unil.ch\/archipelessais\/wp-json\/wp\/v2\/pages\/1214","targetHints":{"allow":["GET"]}}],"collection":[{"href":"https:\/\/wp.unil.ch\/archipelessais\/wp-json\/wp\/v2\/pages"}],"about":[{"href":"https:\/\/wp.unil.ch\/archipelessais\/wp-json\/wp\/v2\/types\/page"}],"author":[{"embeddable":true,"href":"https:\/\/wp.unil.ch\/archipelessais\/wp-json\/wp\/v2\/users\/1002007"}],"replies":[{"embeddable":true,"href":"https:\/\/wp.unil.ch\/archipelessais\/wp-json\/wp\/v2\/comments?post=1214"}],"version-history":[{"count":2,"href":"https:\/\/wp.unil.ch\/archipelessais\/wp-json\/wp\/v2\/pages\/1214\/revisions"}],"predecessor-version":[{"id":1240,"href":"https:\/\/wp.unil.ch\/archipelessais\/wp-json\/wp\/v2\/pages\/1214\/revisions\/1240"}],"wp:attachment":[{"href":"https:\/\/wp.unil.ch\/archipelessais\/wp-json\/wp\/v2\/media?parent=1214"}],"curies":[{"name":"wp","href":"https:\/\/api.w.org\/{rel}","templated":true}]}}