{"id":1209,"date":"2023-01-03T21:27:15","date_gmt":"2023-01-03T20:27:15","guid":{"rendered":"https:\/\/wp.unil.ch\/archipelessais\/?page_id=1209"},"modified":"2023-09-19T14:07:53","modified_gmt":"2023-09-19T12:07:53","slug":"volume-32","status":"publish","type":"page","link":"https:\/\/wp.unil.ch\/archipelessais\/volume-32\/","title":{"rendered":"Volume 32"},"content":{"rendered":"\n<p><strong>NOUVELLE PARUTION &#8211; D\u00c9CEMBRE 2022<\/strong><\/p>\n\n\n\n<p><strong>La Quatri\u00e8me Case<\/strong><br>Essai sur le roman au <em>nous<\/em><\/p>\n\n\n\n<p><strong>Arthur Br\u00fcgger <\/strong><\/p>\n\n\n<div class=\"wp-block-image\">\n<figure class=\"alignright size-medium\"><img alt=\"\" loading=\"lazy\" decoding=\"async\" width=\"180\" height=\"300\" src=\"https:\/\/wp.unil.ch\/archipelessais\/files\/2023\/01\/COUV-AE-32-1ere-1-180x300.jpg\" alt=\"\" class=\"wp-image-1210\" srcset=\"https:\/\/wp.unil.ch\/archipelessais\/files\/2023\/01\/COUV-AE-32-1ere-1-180x300.jpg 180w, https:\/\/wp.unil.ch\/archipelessais\/files\/2023\/01\/COUV-AE-32-1ere-1-615x1024.jpg 615w, https:\/\/wp.unil.ch\/archipelessais\/files\/2023\/01\/COUV-AE-32-1ere-1-90x150.jpg 90w, https:\/\/wp.unil.ch\/archipelessais\/files\/2023\/01\/COUV-AE-32-1ere-1.jpg 721w\" sizes=\"auto, (max-width: 180px) 100vw, 180px\" \/><\/figure>\n<\/div>\n\n\n<p>Ph\u00e9nom\u00e8ne rare dans la litt\u00e9rature de langue fran\u00e7aise, la narration \u00e0 la quatri\u00e8me personne n\u2019en demeure pas moins attest\u00e9e. De <em>La Grande Peur dans la Montagne <\/em>(1925) de Charles Ferdinand Ramuz \u00e0 <em>Apr\u00e8s le monde <\/em>(2020) d\u2019Antoinette Rychner, plusieurs romanciers ont ainsi choisi le <em>nous <\/em>(ou le <em>on<\/em>) pour tisser l\u2019histoire de groupes restreints ou de communaut\u00e9s. Pourtant, \u00e0 ce jour, peu d\u2019\u00e9tudes ont abord\u00e9 les sp\u00e9cificit\u00e9s stylistiques et les enjeux th\u00e9ma- tiques de ces r\u00e9cits port\u00e9s par une voix plurielle. Cet essai s\u2019y emploie donc, s\u2019ing\u00e9niant \u00e0 montrer en quoi ce type de narration diff\u00e8re du r\u00e9cit \u00e0 la premi\u00e8re personne.<\/p>\n\n\n\n<p>Lorsqu\u2019un roman est narr\u00e9 au <em>nous <\/em>sans aucun <em>je <\/em>auquel le rattacher, qui raconte vraiment ? Doit-on imputer la narration \u00e0 un hypoth\u00e9tique narrateur anonyme, ou supposer l\u2019existence d\u2019un sujet collectif d\u2019\u00e9nonciation ? \u00c0 l\u2019image de l\u2019ambigu\u00eft\u00e9 r\u00e9f\u00e9rentielle propre au pronom, les situations narratives qui y ont recours de fa\u00e7on syst\u00e9matique appellent peut-\u00eatre plusieurs lectures, selon la perspective que l\u2019on choisira d\u2019adopter.<\/p>\n\n\n\n<p>\u00c0 partir de la description d\u2019une forme marginale, <em>La Quatri\u00e8me Case <\/em>souhaite mettre en tension les mod\u00e8les narratologiques disponibles en reposant cette question fondamentale de la po\u00e9tique: au fond, <em>qui <\/em>parle (s\u2019il faut que quelqu\u2019un parle), lorsqu\u2019un texte dit <em>nous <\/em>?<\/p>\n\n\n\n<p>156 p.<\/p>\n\n\n\n<p><a href=\"https:\/\/wp.unil.ch\/archipelessais\/files\/2023\/01\/AE_Brugger_TabMat.pdf\">Table des mati\u00e8res<\/a><br><a href=\"https:\/\/www.fabula.org\/actualites\/112250\/arthur-brugger-la-quatrieme-case-essai-sur-le-roman-au-nous.html\" target=\"_blank\" rel=\"noreferrer noopener\">Lire sur Fabula la postface de Gilles Philippe, \u00ab\u00a0Cocher la case, brouiller les cartes\u00a0\u00bb<\/a><br><a rel=\"noreferrer noopener\" href=\"https:\/\/wp.unil.ch\/archipelessais\/commande\/\" target=\"_blank\">Commande<\/a><\/p>\n","protected":false},"excerpt":{"rendered":"<p>NOUVELLE PARUTION &#8211; D\u00c9CEMBRE 2022 La Quatri\u00e8me CaseEssai sur le roman au nous Arthur Br\u00fcgger Ph\u00e9nom\u00e8ne rare dans la litt\u00e9rature de langue fran\u00e7aise, la narration \u00e0 la quatri\u00e8me personne n\u2019en &hellip; <\/p>\n","protected":false},"author":1002007,"featured_media":0,"parent":0,"menu_order":0,"comment_status":"closed","ping_status":"closed","template":"","meta":{"_seopress_robots_primary_cat":"","_seopress_titles_title":"","_seopress_titles_desc":"","_seopress_robots_index":"","footnotes":""},"class_list":["post-1209","page","type-page","status-publish"],"_links":{"self":[{"href":"https:\/\/wp.unil.ch\/archipelessais\/wp-json\/wp\/v2\/pages\/1209","targetHints":{"allow":["GET"]}}],"collection":[{"href":"https:\/\/wp.unil.ch\/archipelessais\/wp-json\/wp\/v2\/pages"}],"about":[{"href":"https:\/\/wp.unil.ch\/archipelessais\/wp-json\/wp\/v2\/types\/page"}],"author":[{"embeddable":true,"href":"https:\/\/wp.unil.ch\/archipelessais\/wp-json\/wp\/v2\/users\/1002007"}],"replies":[{"embeddable":true,"href":"https:\/\/wp.unil.ch\/archipelessais\/wp-json\/wp\/v2\/comments?post=1209"}],"version-history":[{"count":0,"href":"https:\/\/wp.unil.ch\/archipelessais\/wp-json\/wp\/v2\/pages\/1209\/revisions"}],"wp:attachment":[{"href":"https:\/\/wp.unil.ch\/archipelessais\/wp-json\/wp\/v2\/media?parent=1209"}],"curies":[{"name":"wp","href":"https:\/\/api.w.org\/{rel}","templated":true}]}}