{"id":1161,"date":"2022-01-04T11:52:41","date_gmt":"2022-01-04T10:52:41","guid":{"rendered":"https:\/\/wp.unil.ch\/archipelessais\/?page_id=1161"},"modified":"2023-01-03T21:19:38","modified_gmt":"2023-01-03T20:19:38","slug":"volume-31","status":"publish","type":"page","link":"https:\/\/wp.unil.ch\/archipelessais\/volume-31\/","title":{"rendered":"Volume 31"},"content":{"rendered":"\n<p><strong>NOUVELLE PARUTION &#8211; D\u00c9CEMBRE 2021<\/strong><\/p>\n\n\n\n<p><strong>Le Rap, litt\u00e9rature du monde social<\/strong><br>Du <em>featuring<\/em> au mythe de la banlieue<\/p>\n\n\n\n<p><strong>Julia Cela <\/strong><\/p>\n\n\n<div class=\"wp-block-image\">\n<figure class=\"alignright is-resized\"><img loading=\"lazy\" decoding=\"async\" src=\"https:\/\/wp.unil.ch\/archipelessais\/files\/2021\/11\/COUV_AE31_BAT-616x1024.jpg\" alt=\"\" width=\"165\" height=\"274\" \/><\/figure>\n<\/div>\n\n\n<p>Quel est l\u2019enjeu d\u2019\u00e9tudier le rap comme une forme litt\u00e9raire ? Dans une pratique o\u00f9 les corps sont parlants, comment envisager la relation entre l\u2019auteur, l\u2019\u00e9nonciateur et l\u2019interpr\u00e8te ? Que fait le rap aux hi\u00e9rarchies culturelles institu\u00e9es ?<\/p>\n\n\n\n<p>Le rap francophone contemporain active un regard sociolo- gique, attentif \u00e0 la fois au fonctionnement du monde social et aux ph\u00e9nom\u00e8nes de domination dans le champ culturel. Au c\u0153ur de ces dynamiques se trouve le <em>featuring<\/em>, qui d\u00e9signe la collaboration entre diff\u00e9rents artistes. Ce ph\u00e9no- m\u00e8ne constitue \u00e0 la fois la condition d\u2019\u00e9mergence du rap dans les ann\u00e9es 1990 et le motif textuel qui structure sa po\u00e9tique.<\/p>\n\n\n\n<p>Par cet \u00e9troit rapport avec les th\u00e9ories des espaces sociaux, le rap institue ses propres dynamiques de l\u00e9giti- mation. Dans les textes s\u2019\u00e9labore une valeur symbolique sp\u00e9cifique visant \u00e0 renverser le discours h\u00e9g\u00e9monique, qu\u2019il soit culturel, racial, politique ou \u00e9conomique. Le rap, rel\u00e9gu\u00e9 \u00e0 ses d\u00e9buts aux marges du litt\u00e9raire, s\u2019institue en litt\u00e9rature.<\/p>\n\n\n\n<p>134 p.<\/p>\n\n\n\n<p><a rel=\"noreferrer noopener\" href=\"https:\/\/wp.unil.ch\/archipelessais\/files\/2021\/11\/AE_31_Tab_Mat.pdf\" target=\"_blank\">Table des mati\u00e8res<\/a><br><a rel=\"noreferrer noopener\" href=\"https:\/\/www.fabula.org\/actualites\/documents\/105863_96280d9bab29f299a2c119e9ce0f181e.pdf\" target=\"_blank\">Lire un extrait sur Fabula<\/a><br><a rel=\"noreferrer noopener\" href=\"https:\/\/www.fabula.org\/actualites\/documents\/105863_7c16d1c4cc28ad789b590da7a71262f6.pdf\" target=\"_blank\">Lire sur Fabula la postface de J\u00e9rome Meizoz, \u00ab\u00a0Une cr\u00e9ation verbale au collectif\u00a0\u00bb<\/a><br><a rel=\"noreferrer noopener\" href=\"https:\/\/wp.unil.ch\/archipelessais\/commande\/\" target=\"_blank\">Commande<\/a><\/p>\n","protected":false},"excerpt":{"rendered":"<p>NOUVELLE PARUTION &#8211; D\u00c9CEMBRE 2021 Le Rap, litt\u00e9rature du monde socialDu featuring au mythe de la banlieue Julia Cela Quel est l\u2019enjeu d\u2019\u00e9tudier le rap comme une forme litt\u00e9raire ? &hellip; <\/p>\n","protected":false},"author":1002007,"featured_media":0,"parent":0,"menu_order":0,"comment_status":"closed","ping_status":"closed","template":"","meta":{"_seopress_robots_primary_cat":"","_seopress_titles_title":"","_seopress_titles_desc":"","_seopress_robots_index":"","footnotes":""},"class_list":["post-1161","page","type-page","status-publish"],"_links":{"self":[{"href":"https:\/\/wp.unil.ch\/archipelessais\/wp-json\/wp\/v2\/pages\/1161","targetHints":{"allow":["GET"]}}],"collection":[{"href":"https:\/\/wp.unil.ch\/archipelessais\/wp-json\/wp\/v2\/pages"}],"about":[{"href":"https:\/\/wp.unil.ch\/archipelessais\/wp-json\/wp\/v2\/types\/page"}],"author":[{"embeddable":true,"href":"https:\/\/wp.unil.ch\/archipelessais\/wp-json\/wp\/v2\/users\/1002007"}],"replies":[{"embeddable":true,"href":"https:\/\/wp.unil.ch\/archipelessais\/wp-json\/wp\/v2\/comments?post=1161"}],"version-history":[{"count":0,"href":"https:\/\/wp.unil.ch\/archipelessais\/wp-json\/wp\/v2\/pages\/1161\/revisions"}],"wp:attachment":[{"href":"https:\/\/wp.unil.ch\/archipelessais\/wp-json\/wp\/v2\/media?parent=1161"}],"curies":[{"name":"wp","href":"https:\/\/api.w.org\/{rel}","templated":true}]}}