{"id":110,"date":"2012-01-20T17:50:49","date_gmt":"2012-01-20T16:50:49","guid":{"rendered":"http:\/\/wp.unil.ch\/archipelessais\/?page_id=110"},"modified":"2013-08-08T11:19:18","modified_gmt":"2013-08-08T09:19:18","slug":"110-2","status":"publish","type":"page","link":"https:\/\/wp.unil.ch\/archipelessais\/110-2\/","title":{"rendered":"Volume 14"},"content":{"rendered":"<h1>Po\u00e9sie contemporaine et tensions de l&rsquo;identification<\/h1>\n<div><em>De 1985 \u00e0 nos jours<\/em><\/div>\n<div><strong>\u00c9dit\u00e9 par Antonio Rodriguez, 2008. <\/strong><\/div>\n<div><\/div>\n<div><\/div>\n<div><strong><br \/>\n<\/strong><\/div>\n<div><\/div>\n<div><\/div>\n<div><\/div>\n<div><strong><br \/>\nD<\/strong>epuis une vingtaine d&rsquo;ann\u00e9es, le genre po\u00e9tique a connu des d\u00e9bats intenses sur ses <a href=\"https:\/\/wp.unil.ch\/archipelessais\/files\/2012\/01\/Essais14couv2.gif\"><img alt=\"\" loading=\"lazy\" decoding=\"async\" class=\"alignright size-medium wp-image-62\" alt=\"\" src=\"https:\/\/wp.unil.ch\/archipelessais\/files\/2012\/01\/Essais14couv2-184x300.gif\" width=\"184\" height=\"300\" srcset=\"https:\/\/wp.unil.ch\/archipelessais\/files\/2012\/01\/Essais14couv2-184x300.gif 184w, https:\/\/wp.unil.ch\/archipelessais\/files\/2012\/01\/Essais14couv2.gif 493w\" sizes=\"auto, (max-width: 184px) 100vw, 184px\" \/><\/a>renouvellements, avec des propositions esth\u00e9tiques multiples. Entre le \u00ab\u00a0nouveau lyrisme\u00a0\u00bb, le \u00ab\u00a0litt\u00e9ralisme\u00a0\u00bb, l'\u00a0\u00bbobjectivisme\u00a0\u00bb, la \u00ab\u00a0po\u00e9sie sonore\u00a0\u00bb ou la \u00ab\u00a0performance\u00a0\u00bb, la production actuelle r\u00e9v\u00e8le une riche complexit\u00e9. Aussi ce volume vise-t-il \u00e0 offrir une travers\u00e9e du genre po\u00e9tique dans ses orientations contemporaines, en donnant les moyens de mieux se rep\u00e9rer face \u00e0 un ensemble foisonnant. Elabor\u00e9 \u00e0 partir de m\u00e9moires remarquables et d&rsquo;excellents travaux de s\u00e9minaire, il peut servir de porte d&rsquo;entr\u00e9e en mati\u00e8re pour ceux qui conna\u00eetraient peu les enjeux de ce genre, tout comme il peut donner de nouveaux approfondissements \u00e0 ceux qui fr\u00e9quentent plus abondamment ce domaine. Rassemblant des contributions qui se fondent sur la pluralit\u00e9 de m\u00e9thodes enseign\u00e9es en litt\u00e9rature fran\u00e7aise \u00e0 l&rsquo;universit\u00e9 de Lausanne, il permet aussi de mieux comprendre pourquoi les milieux acad\u00e9miques d\u00e9veloppent d\u00e9sormais des \u00e9tudes sur le champ contemporain.196 p.<\/p>\n<\/div>\n<div>\n<p>&nbsp;<\/p>\n<\/div>\n","protected":false},"excerpt":{"rendered":"<p>Po\u00e9sie contemporaine et tensions de l&rsquo;identification De 1985 \u00e0 nos jours \u00c9dit\u00e9 par Antonio Rodriguez, 2008. Depuis une vingtaine d&rsquo;ann\u00e9es, le genre po\u00e9tique a connu des d\u00e9bats intenses sur ses &hellip; <\/p>\n","protected":false},"author":241,"featured_media":0,"parent":0,"menu_order":2,"comment_status":"closed","ping_status":"closed","template":"","meta":{"_seopress_robots_primary_cat":"","_seopress_titles_title":"","_seopress_titles_desc":"","_seopress_robots_index":"","footnotes":""},"class_list":["post-110","page","type-page","status-publish"],"_links":{"self":[{"href":"https:\/\/wp.unil.ch\/archipelessais\/wp-json\/wp\/v2\/pages\/110","targetHints":{"allow":["GET"]}}],"collection":[{"href":"https:\/\/wp.unil.ch\/archipelessais\/wp-json\/wp\/v2\/pages"}],"about":[{"href":"https:\/\/wp.unil.ch\/archipelessais\/wp-json\/wp\/v2\/types\/page"}],"author":[{"embeddable":true,"href":"https:\/\/wp.unil.ch\/archipelessais\/wp-json\/wp\/v2\/users\/241"}],"replies":[{"embeddable":true,"href":"https:\/\/wp.unil.ch\/archipelessais\/wp-json\/wp\/v2\/comments?post=110"}],"version-history":[{"count":0,"href":"https:\/\/wp.unil.ch\/archipelessais\/wp-json\/wp\/v2\/pages\/110\/revisions"}],"wp:attachment":[{"href":"https:\/\/wp.unil.ch\/archipelessais\/wp-json\/wp\/v2\/media?parent=110"}],"curies":[{"name":"wp","href":"https:\/\/api.w.org\/{rel}","templated":true}]}}