{"id":1061,"date":"2019-02-26T22:05:07","date_gmt":"2019-02-26T21:05:07","guid":{"rendered":"http:\/\/wp.unil.ch\/archipelessais\/?page_id=1061"},"modified":"2019-02-26T22:05:07","modified_gmt":"2019-02-26T21:05:07","slug":"volume-27","status":"publish","type":"page","link":"https:\/\/wp.unil.ch\/archipelessais\/volume-27\/","title":{"rendered":"Volume 27"},"content":{"rendered":"<p><strong>NOUVELLE PARUTION &#8211; DECEMBRE 2018<\/strong><\/p>\n<p><strong>Faire litt\u00e9rature<br \/>\n<\/strong>Usages et pratiques du litt\u00e9raire (XIXe-XXIe si\u00e8cles)<\/p>\n<div class=\"page\" title=\"Page 1\">\n<div class=\"layoutArea\">\n<div class=\"column\">\n<p><strong>Delphine Abrecht, Romain Bionda, Sophie-Valentine Borloz, Fran\u00e7ois Demont, Charlotte Dufour, Samuel Estier, Jacob Lachat, Colin Pahlisch, \u00c9milien Sermier et Mathilde Zbaeren<\/strong><\/p>\n<\/div>\n<\/div>\n<\/div>\n<p><img alt=\"\" loading=\"lazy\" decoding=\"async\" class=\"alignright wp-image-1046 size-medium\" src=\"https:\/\/wp.unil.ch\/archipelessais\/files\/2019\/02\/1re_couv_vol_27-178x300.jpg\" alt=\"\" width=\"178\" height=\"300\" srcset=\"https:\/\/wp.unil.ch\/archipelessais\/files\/2019\/02\/1re_couv_vol_27-178x300.jpg 178w, https:\/\/wp.unil.ch\/archipelessais\/files\/2019\/02\/1re_couv_vol_27-89x150.jpg 89w, https:\/\/wp.unil.ch\/archipelessais\/files\/2019\/02\/1re_couv_vol_27-608x1024.jpg 608w, https:\/\/wp.unil.ch\/archipelessais\/files\/2019\/02\/1re_couv_vol_27.jpg 713w\" sizes=\"auto, (max-width: 178px) 100vw, 178px\" \/><\/p>\n<div class=\"page\" title=\"Page 5\">\n<div class=\"layoutArea\">\n<div class=\"column\">\n<p>Ce livre pr\u00e9sente neuf \u00e9tudes de cas qui se proposent, chacune \u00e0 sa mani\u00e8re, d\u2019examiner les rapports complexes que la litt\u00e9rature a entretenus, au long des XIXe, XXe et XXIe si\u00e8cles, avec le droit, l\u2019histoire, l\u2019innovation scientifique, le marketing, la m\u00e9decine, la politique, le rap, la sociologie et le th\u00e9\u00e2tre. Elles offrent une r\u00e9flexion d\u2019une part sur l\u2019<em>usage<\/em> que l\u2019on peut faire de la litt\u00e9rature dans ces domaines, d\u2019autre part sur les cons\u00e9quences de cet usage sur les <em>pratiques<\/em> du droit, de l\u2019histoire, etc. Il appara\u00eet cependant rapidement que ces neuf d\u00e9tours appellent autant de retours sur la litt\u00e9rature. En effet, chacun des cas \u00e9tudi\u00e9s en \u00e9claire certaines facettes : soit parce que les objets consid\u00e9r\u00e9s instaurent une limite entre \u00ab la litt\u00e9rature\u00bb et le reste, soit \u00e0 l\u2019inverse parce qu\u2019ils la rendent poreuse. Plus encore : par contagion, il semble que certaines productions usant de la litt\u00e9rature sont elles-m\u00eames susceptibles de <em>faire litt\u00e9rature<\/em>, c\u2019est-\u00e0-dire de provoquer un effet litt\u00e9raire, voire parfois de s\u2019instituer comme litt\u00e9rature.<\/p>\n<\/div>\n<\/div>\n<\/div>\n<p>154 p.<\/p>\n<p><a href=\"https:\/\/wp.unil.ch\/archipelessais\/files\/2019\/02\/Tdm_vol_27.pdf\">Table des mati\u00e8res<br \/>\n<\/a><a href=\"https:\/\/wp.unil.ch\/archipelessais\/commande\/\">Commande<\/a><\/p>\n","protected":false},"excerpt":{"rendered":"<p>NOUVELLE PARUTION &#8211; DECEMBRE 2018 Faire litt\u00e9rature Usages et pratiques du litt\u00e9raire (XIXe-XXIe si\u00e8cles) Delphine Abrecht, Romain Bionda, Sophie-Valentine Borloz, Fran\u00e7ois Demont, Charlotte Dufour, Samuel Estier, Jacob Lachat, Colin Pahlisch, &hellip; <\/p>\n","protected":false},"author":1001569,"featured_media":0,"parent":0,"menu_order":0,"comment_status":"closed","ping_status":"closed","template":"","meta":{"_seopress_robots_primary_cat":"","_seopress_titles_title":"","_seopress_titles_desc":"","_seopress_robots_index":"","footnotes":""},"class_list":["post-1061","page","type-page","status-publish"],"_links":{"self":[{"href":"https:\/\/wp.unil.ch\/archipelessais\/wp-json\/wp\/v2\/pages\/1061","targetHints":{"allow":["GET"]}}],"collection":[{"href":"https:\/\/wp.unil.ch\/archipelessais\/wp-json\/wp\/v2\/pages"}],"about":[{"href":"https:\/\/wp.unil.ch\/archipelessais\/wp-json\/wp\/v2\/types\/page"}],"author":[{"embeddable":true,"href":"https:\/\/wp.unil.ch\/archipelessais\/wp-json\/wp\/v2\/users\/1001569"}],"replies":[{"embeddable":true,"href":"https:\/\/wp.unil.ch\/archipelessais\/wp-json\/wp\/v2\/comments?post=1061"}],"version-history":[{"count":0,"href":"https:\/\/wp.unil.ch\/archipelessais\/wp-json\/wp\/v2\/pages\/1061\/revisions"}],"wp:attachment":[{"href":"https:\/\/wp.unil.ch\/archipelessais\/wp-json\/wp\/v2\/media?parent=1061"}],"curies":[{"name":"wp","href":"https:\/\/api.w.org\/{rel}","templated":true}]}}