{"id":1053,"date":"2019-02-26T21:57:27","date_gmt":"2019-02-26T20:57:27","guid":{"rendered":"http:\/\/wp.unil.ch\/archipelessais\/?page_id=1053"},"modified":"2019-02-26T21:57:27","modified_gmt":"2019-02-26T20:57:27","slug":"volume-26","status":"publish","type":"page","link":"https:\/\/wp.unil.ch\/archipelessais\/volume-26\/","title":{"rendered":"Volume 26"},"content":{"rendered":"<p><strong>NOUVELLE PARUTION &#8211; DECEMBRE 2018<\/strong><\/p>\n<p><strong>La science plus imm\u00e9diate du r\u00eave<br \/>\n<\/strong>Esquisses litt\u00e9raires d&rsquo;une th\u00e9orie qui n&rsquo;aura jamais vu le jour<\/p>\n<p><strong>Michael Roelli<br \/>\n<\/strong>Postface de Christophe Imperiali, 2018.<\/p>\n<p><img alt=\"\" loading=\"lazy\" decoding=\"async\" class=\"alignright wp-image-1045 size-medium\" src=\"https:\/\/wp.unil.ch\/archipelessais\/files\/2019\/02\/1re_couv_vol_26-174x300.jpg\" alt=\"\" width=\"174\" height=\"300\" srcset=\"https:\/\/wp.unil.ch\/archipelessais\/files\/2019\/02\/1re_couv_vol_26-174x300.jpg 174w, https:\/\/wp.unil.ch\/archipelessais\/files\/2019\/02\/1re_couv_vol_26-87x150.jpg 87w, https:\/\/wp.unil.ch\/archipelessais\/files\/2019\/02\/1re_couv_vol_26-595x1024.jpg 595w, https:\/\/wp.unil.ch\/archipelessais\/files\/2019\/02\/1re_couv_vol_26.jpg 697w\" sizes=\"auto, (max-width: 174px) 100vw, 174px\" \/><\/p>\n<p>De nos jours, deux disciplines se partagent l\u2019\u00e9tude du ou des r\u00eave(s)\u00a0: les neurosciences et la psychanalyse. Tandis que celles-l\u00e0 d\u00e9laissent volontairement le contenu du r\u00eave pour ne plus s\u2019int\u00e9resser qu\u2019\u00e0 l\u2019activit\u00e9 c\u00e9r\u00e9brale durant le sommeil, celle-ci ne se pr\u00e9occupe que du plaisir qu\u2019il signifierait. Faute d\u2019y chercher autre chose, on ne trouve donc plus aujourd\u2019hui dans nos r\u00eaves qu\u2019un souhait d\u00e9form\u00e9 \u2013 peut-\u00eatre m\u00eame n\u2019y a-t-il plus rien d\u2019autre \u00e0 y trouver. Cette situation s\u2019est cristallis\u00e9e au tournant du XX<sup>e\u00a0<\/sup>si\u00e8cle, cependant qu\u2019une alternative \u00e9tait esquiss\u00e9e, en marge de ce dilemme d\u00e9senchant\u00e9, non par des psychologues ou des m\u00e9decins de m\u00e9tier, mais par deux \u00e9crivains qui ont partag\u00e9 un penchant de jeunesse pour les sp\u00e9culations onirologiques\u00a0: Maurice Maeterlinck et Alfred Jarry. Chacun d\u2019eux a contribu\u00e9 sans le savoir \u00e0 l\u2019\u00e9laboration d\u2019une th\u00e9orie du r\u00eave qui n\u2019a finalement jamais vu le jour\u00a0; une th\u00e9orie dont l\u2019histoire \u2013 si tant est qu\u2019elle soit possible \u2013 n\u2019est faite que d\u2019avortements et de recommencements.<\/p>\n<p>M. R.<\/p>\n<p>130 p.<\/p>\n<p><a href=\"https:\/\/wp.unil.ch\/archipelessais\/files\/2019\/02\/Tdm_vol_26.pdf\">Table des mati\u00e8res<br \/>\n<\/a><a href=\"https:\/\/wp.unil.ch\/archipelessais\/commande\/\">Commande<\/a><\/p>\n","protected":false},"excerpt":{"rendered":"<p>NOUVELLE PARUTION &#8211; DECEMBRE 2018 La science plus imm\u00e9diate du r\u00eave Esquisses litt\u00e9raires d&rsquo;une th\u00e9orie qui n&rsquo;aura jamais vu le jour Michael Roelli Postface de Christophe Imperiali, 2018. De nos &hellip; <\/p>\n","protected":false},"author":1001569,"featured_media":0,"parent":0,"menu_order":0,"comment_status":"closed","ping_status":"closed","template":"","meta":{"_seopress_robots_primary_cat":"","_seopress_titles_title":"","_seopress_titles_desc":"","_seopress_robots_index":"","footnotes":""},"class_list":["post-1053","page","type-page","status-publish"],"_links":{"self":[{"href":"https:\/\/wp.unil.ch\/archipelessais\/wp-json\/wp\/v2\/pages\/1053","targetHints":{"allow":["GET"]}}],"collection":[{"href":"https:\/\/wp.unil.ch\/archipelessais\/wp-json\/wp\/v2\/pages"}],"about":[{"href":"https:\/\/wp.unil.ch\/archipelessais\/wp-json\/wp\/v2\/types\/page"}],"author":[{"embeddable":true,"href":"https:\/\/wp.unil.ch\/archipelessais\/wp-json\/wp\/v2\/users\/1001569"}],"replies":[{"embeddable":true,"href":"https:\/\/wp.unil.ch\/archipelessais\/wp-json\/wp\/v2\/comments?post=1053"}],"version-history":[{"count":0,"href":"https:\/\/wp.unil.ch\/archipelessais\/wp-json\/wp\/v2\/pages\/1053\/revisions"}],"wp:attachment":[{"href":"https:\/\/wp.unil.ch\/archipelessais\/wp-json\/wp\/v2\/media?parent=1053"}],"curies":[{"name":"wp","href":"https:\/\/api.w.org\/{rel}","templated":true}]}}