{"id":6,"date":"2019-11-28T16:00:19","date_gmt":"2019-11-28T15:00:19","guid":{"rendered":"http:\/\/wp.unil.ch\/archas\/?page_id=6"},"modified":"2024-03-30T12:18:38","modified_gmt":"2024-03-30T11:18:38","slug":"home","status":"publish","type":"page","link":"https:\/\/wp.unil.ch\/archas\/","title":{"rendered":"A propos d&rsquo;ARCHAS\/About ARCHAS"},"content":{"rendered":"\n<div class=\"wp-block-group\"><div class=\"wp-block-group__inner-container is-layout-flow wp-block-group-is-layout-flow\">\n<div class=\"wp-block-group\"><div class=\"wp-block-group__inner-container is-layout-flow wp-block-group-is-layout-flow\">\n<p><strong>L&rsquo;Atelier de recherche cr\u00e9ative en histoire des arts du spectacle (ARCHAS)<\/strong> est une formation \u00e0 l&rsquo;histoire du th\u00e9\u00e2tre fond\u00e9 sur la pratique du jeu et sur les nouvelles technologies immersives.<\/p>\n\n\n\n<p>Cet enseignement a lieu tous les semestres d&rsquo;automne \u00e0 l&rsquo;Universit\u00e9 de Lausanne dans le cadre du <a href=\"https:\/\/www.unil.ch\/cet\/etudes-theatrales\">Master \u00e8s Lettres en \u00e9tudes th\u00e9\u00e2trales<\/a>.<\/p>\n\n\n\n<p>Il a \u00e9t\u00e9 cr\u00e9\u00e9 en 2020 par <a href=\"https:\/\/applicationspub.unil.ch\/interpub\/noauth\/php\/Un\/UnPers.php?PerNum=1204963&amp;LanCode=37\">Estelle Doudet<\/a> (Facult\u00e9 des lettres, fran\u00e7ais) gr\u00e2ce \u00e0 un prix du fonds d\u2019Innovation p\u00e9dagogique (<a href=\"https:\/\/www.unil.ch\/fip\/fr\/home.html\">FIP<\/a>) de l\u2019UNIL.<\/p>\n\n\n\n<blockquote class=\"wp-block-quote is-layout-flow wp-block-quote-is-layout-flow\">\n<p>Ce site expose <br>&#8211; le <strong>processus de travail <\/strong>propos\u00e9 dans le cours; <br>&#8211; les diff\u00e9rentes <strong>saisons <\/strong>d&rsquo;ARCHAS depuis sa cr\u00e9ation et les <strong>projets r\u00e9alis\u00e9s; <\/strong><br>&#8211; des <strong>publications des \u00e9tudiant\u00b7es<\/strong>; <br>&#8211; des r\u00e9flexions sur les <strong>enjeux scientifiques, p\u00e9dagogiques et de m\u00e9diation<\/strong> de la <em>performance-based research <\/em>et de la r\u00e9alit\u00e9 virtuelle dans l&rsquo;enseignement acad\u00e9mique aujourd&rsquo;hui.<\/p>\n<\/blockquote>\n<\/div><\/div>\n<\/div><\/div>\n\n\n\n<figure class=\"wp-block-image size-large\"><img alt=\"\" loading=\"lazy\" decoding=\"async\" width=\"1024\" height=\"512\" src=\"https:\/\/wp.unil.ch\/archas\/files\/2024\/03\/ARCHAS1-1024x512.jpg\" alt=\"\" class=\"wp-image-644\" srcset=\"https:\/\/wp.unil.ch\/archas\/files\/2024\/03\/ARCHAS1-1024x512.jpg 1024w, https:\/\/wp.unil.ch\/archas\/files\/2024\/03\/ARCHAS1-300x150.jpg 300w, https:\/\/wp.unil.ch\/archas\/files\/2024\/03\/ARCHAS1-768x384.jpg 768w, https:\/\/wp.unil.ch\/archas\/files\/2024\/03\/ARCHAS1-1200x600.jpg 1200w, https:\/\/wp.unil.ch\/archas\/files\/2024\/03\/ARCHAS1.jpg 1475w\" sizes=\"auto, (max-width: 1024px) 100vw, 1024px\" \/><\/figure>\n\n\n\n<hr class=\"wp-block-separator has-alpha-channel-opacity\" \/>\n\n\n\n<p><strong>The Creative Research Workshop in Performing Arts History <\/strong>(ARCHAS) is a training program in theatre history based on the <strong>practice of performance and new immersive technologies.<\/strong><\/p>\n\n\n\n<p>This course is offered every fall semester at the <strong>University of Lausanne <\/strong>as part of the Master of Arts in Theatre Studies program.<\/p>\n\n\n\n<p>It was established in 2020 by Estelle Doudet (Faculty of Arts, French) with funding from the Pedagogical Innovation Fund of UNIL.<\/p>\n\n\n\n<blockquote class=\"wp-block-quote is-layout-flow wp-block-quote-is-layout-flow\">\n<p>This website presents <\/p>\n\n\n\n<ul class=\"wp-block-list\">\n<li>the <strong>working process<\/strong> proposed in the course; <\/li>\n\n\n\n<li>the various <strong>seasons of ARCHAS<\/strong> since its inception and the projects carried out; <\/li>\n\n\n\n<li><strong>publications by students<\/strong>; <\/li>\n\n\n\n<li>reflections on the scientific, pedagogical, and mediation issues of <strong>performance-based research and virtual reality <\/strong>in contemporary academic teaching.<\/li>\n<\/ul>\n<\/blockquote>\n\n\n\n<hr class=\"wp-block-separator has-alpha-channel-opacity\" \/>\n\n\n\n<p><em>Webmasters<\/em><br>Amina Gudzevic, Natalia Wawrzyniak, Estelle Doudet<\/p>\n","protected":false},"excerpt":{"rendered":"<p>L&rsquo;Atelier de recherche cr\u00e9ative en histoire des arts du spectacle (ARCHAS) est une formation \u00e0 l&rsquo;histoire du th\u00e9\u00e2tre fond\u00e9 sur la pratique du jeu et sur les nouvelles technologies immersives. Cet enseignement a lieu tous les semestres d&rsquo;automne \u00e0 l&rsquo;Universit\u00e9 de Lausanne dans le cadre du Master \u00e8s Lettres en \u00e9tudes th\u00e9\u00e2trales. Il a \u00e9t\u00e9 [&hellip;]<\/p>\n","protected":false},"author":1002108,"featured_media":210,"parent":0,"menu_order":0,"comment_status":"closed","ping_status":"closed","template":"templates\/template-cover.php","meta":{"_seopress_robots_primary_cat":"","_seopress_titles_title":"","_seopress_titles_desc":"","_seopress_robots_index":"","footnotes":""},"class_list":["post-6","page","type-page","status-publish","has-post-thumbnail"],"_links":{"self":[{"href":"https:\/\/wp.unil.ch\/archas\/wp-json\/wp\/v2\/pages\/6","targetHints":{"allow":["GET"]}}],"collection":[{"href":"https:\/\/wp.unil.ch\/archas\/wp-json\/wp\/v2\/pages"}],"about":[{"href":"https:\/\/wp.unil.ch\/archas\/wp-json\/wp\/v2\/types\/page"}],"author":[{"embeddable":true,"href":"https:\/\/wp.unil.ch\/archas\/wp-json\/wp\/v2\/users\/1002108"}],"replies":[{"embeddable":true,"href":"https:\/\/wp.unil.ch\/archas\/wp-json\/wp\/v2\/comments?post=6"}],"version-history":[{"count":4,"href":"https:\/\/wp.unil.ch\/archas\/wp-json\/wp\/v2\/pages\/6\/revisions"}],"predecessor-version":[{"id":695,"href":"https:\/\/wp.unil.ch\/archas\/wp-json\/wp\/v2\/pages\/6\/revisions\/695"}],"wp:featuredmedia":[{"embeddable":true,"href":"https:\/\/wp.unil.ch\/archas\/wp-json\/wp\/v2\/media\/210"}],"wp:attachment":[{"href":"https:\/\/wp.unil.ch\/archas\/wp-json\/wp\/v2\/media?parent=6"}],"curies":[{"name":"wp","href":"https:\/\/api.w.org\/{rel}","templated":true}]}}