{"id":478,"date":"2023-02-07T16:48:51","date_gmt":"2023-02-07T15:48:51","guid":{"rendered":"https:\/\/wp.unil.ch\/archas\/?page_id=478"},"modified":"2024-03-31T11:43:56","modified_gmt":"2024-03-31T09:43:56","slug":"articles-des-etudiant-es","status":"publish","type":"page","link":"https:\/\/wp.unil.ch\/archas\/articles-des-etudiant-es\/","title":{"rendered":"Publications \u00e9tudiantes \/ Students&rsquo; papers"},"content":{"rendered":"\n<hr class=\"wp-block-separator has-alpha-channel-opacity\" \/>\n\n\n\n<p><\/p>\n\n\n\n<figure class=\"wp-block-image size-large\"><img alt=\"\" loading=\"lazy\" decoding=\"async\" width=\"1024\" height=\"645\" src=\"https:\/\/wp.unil.ch\/archas\/files\/2023\/11\/2_BCUL_Plan-Merian-1024x645.jpg\" alt=\"\" class=\"wp-image-617\" srcset=\"https:\/\/wp.unil.ch\/archas\/files\/2023\/11\/2_BCUL_Plan-Merian-1024x645.jpg 1024w, https:\/\/wp.unil.ch\/archas\/files\/2023\/11\/2_BCUL_Plan-Merian-300x189.jpg 300w, https:\/\/wp.unil.ch\/archas\/files\/2023\/11\/2_BCUL_Plan-Merian-768x484.jpg 768w, https:\/\/wp.unil.ch\/archas\/files\/2023\/11\/2_BCUL_Plan-Merian-1200x756.jpg 1200w, https:\/\/wp.unil.ch\/archas\/files\/2023\/11\/2_BCUL_Plan-Merian.jpg 1449w\" sizes=\"auto, (max-width: 1024px) 100vw, 1024px\" \/><\/figure>\n\n\n\n<h2 class=\"wp-block-heading has-text-align-center has-larger-font-size\">Contexte et espaces de repr\u00e9sentation de l\u2019<em>Abraham sacrifiant<\/em> de Th\u00e9odore de B\u00e8ze (1550)<\/h2>\n\n\n\n<p><em>par Thibault Hugentobler et Tania Rochat (2020)<\/em><\/p>\n\n\n\n<div class=\"wp-block-buttons is-layout-flex wp-block-buttons-is-layout-flex\">\n<div class=\"wp-block-button\"><a class=\"wp-block-button__link wp-element-button\" href=\"https:\/\/wp.unil.ch\/archas\/contexte-et-espaces-de-representation-de-labraham-sacrifiant-de-theodore-de-beze-1550\/\" target=\"_blank\" rel=\"noreferrer noopener\">Lire la suite<\/a><\/div>\n<\/div>\n\n\n\n<hr class=\"wp-block-separator has-alpha-channel-opacity\" \/>\n\n\n\n<div class=\"wp-block-columns alignwide is-layout-flex wp-container-core-columns-is-layout-9d6595d7 wp-block-columns-is-layout-flex\">\n<div class=\"wp-block-column is-layout-flow wp-block-column-is-layout-flow\">\n<figure class=\"wp-block-image size-large is-resized\"><img alt=\"\" loading=\"lazy\" decoding=\"async\" width=\"1024\" height=\"890\" src=\"https:\/\/wp.unil.ch\/archas\/files\/2023\/02\/AEF_Litterature_7.1-3_verso-1024x890.jpg\" alt=\"\" class=\"wp-image-525\" style=\"width:485px;height:421px\" srcset=\"https:\/\/wp.unil.ch\/archas\/files\/2023\/02\/AEF_Litterature_7.1-3_verso-1024x890.jpg 1024w, https:\/\/wp.unil.ch\/archas\/files\/2023\/02\/AEF_Litterature_7.1-3_verso-300x261.jpg 300w, https:\/\/wp.unil.ch\/archas\/files\/2023\/02\/AEF_Litterature_7.1-3_verso-768x667.jpg 768w, https:\/\/wp.unil.ch\/archas\/files\/2023\/02\/AEF_Litterature_7.1-3_verso-1200x1043.jpg 1200w, https:\/\/wp.unil.ch\/archas\/files\/2023\/02\/AEF_Litterature_7.1-3_verso.jpg 1381w\" sizes=\"auto, (max-width: 1024px) 100vw, 1024px\" \/><\/figure>\n\n\n\n<h2 class=\"wp-block-heading\">L\u2019imagination&nbsp;: un outil pour la reconstitution historique<\/h2>\n\n\n\n<p><em>Par Cesur A. Polat<\/em> (2021)<\/p>\n\n\n\n<div class=\"wp-block-buttons is-layout-flex wp-block-buttons-is-layout-flex\">\n<div class=\"wp-block-button\"><a class=\"wp-block-button__link wp-element-button\" href=\"https:\/\/wp.unil.ch\/archas\/limagination-un-outil-pour-la-reconstitution-historique\/\">Lire la suite<\/a><\/div>\n<\/div>\n\n\n\n<div style=\"height:92px\" aria-hidden=\"true\" class=\"wp-block-spacer\"><\/div>\n\n\n\n<figure class=\"wp-block-image size-large is-resized\"><img alt=\"\" loading=\"lazy\" decoding=\"async\" width=\"978\" height=\"1024\" src=\"https:\/\/wp.unil.ch\/archas\/files\/2023\/02\/Capture-decran-2023-02-07-a-19.10.10-978x1024.png\" alt=\"\" class=\"wp-image-504\" style=\"width:439px;height:460px\" srcset=\"https:\/\/wp.unil.ch\/archas\/files\/2023\/02\/Capture-decran-2023-02-07-a-19.10.10-978x1024.png 978w, https:\/\/wp.unil.ch\/archas\/files\/2023\/02\/Capture-decran-2023-02-07-a-19.10.10-287x300.png 287w, https:\/\/wp.unil.ch\/archas\/files\/2023\/02\/Capture-decran-2023-02-07-a-19.10.10-768x804.png 768w, https:\/\/wp.unil.ch\/archas\/files\/2023\/02\/Capture-decran-2023-02-07-a-19.10.10.png 1146w\" sizes=\"auto, (max-width: 978px) 100vw, 978px\" \/><\/figure>\n\n\n\n<h2 class=\"wp-block-heading\">Les possibles de l\u2019exp\u00e9rience ARCHAS<\/h2>\n\n\n\n<p><em>Par Cesur A. Polat<\/em> (2021)<\/p>\n\n\n\n<div class=\"wp-block-buttons is-layout-flex wp-block-buttons-is-layout-flex\">\n<div class=\"wp-block-button\"><a class=\"wp-block-button__link wp-element-button\" href=\"https:\/\/wp.unil.ch\/archas\/les-possibles-de-lexperience-archas\/\">Lire la suite<\/a><\/div>\n<\/div>\n<\/div>\n\n\n\n<div class=\"wp-block-column is-layout-flow wp-block-column-is-layout-flow\">\n<figure class=\"wp-block-image size-full is-resized\"><img alt=\"\" loading=\"lazy\" decoding=\"async\" width=\"780\" height=\"466\" src=\"https:\/\/wp.unil.ch\/archas\/files\/2023\/02\/archeo.png\" alt=\"\" class=\"wp-image-532\" style=\"width:546px;height:326px\" srcset=\"https:\/\/wp.unil.ch\/archas\/files\/2023\/02\/archeo.png 780w, https:\/\/wp.unil.ch\/archas\/files\/2023\/02\/archeo-300x179.png 300w, https:\/\/wp.unil.ch\/archas\/files\/2023\/02\/archeo-768x459.png 768w\" sizes=\"auto, (max-width: 780px) 100vw, 780px\" \/><\/figure>\n\n\n\n<h2 class=\"wp-block-heading\">L\u2019usage de la RV dans les \u00e9tudes historiques et th\u00e9\u00e2trales<\/h2>\n\n\n\n<p><em>Par Cesur A. Polat<\/em> (2021)<\/p>\n\n\n\n<div class=\"wp-block-buttons is-layout-flex wp-block-buttons-is-layout-flex\">\n<div class=\"wp-block-button\"><a class=\"wp-block-button__link wp-element-button\" href=\"https:\/\/wp.unil.ch\/archas\/lusage-de-la-rv-dans-les-etudes-historiques-et-theatrales\/\">Lire la suite <\/a><\/div>\n<\/div>\n<\/div>\n<\/div>\n\n\n\n<hr class=\"wp-block-separator has-alpha-channel-opacity\" \/>\n\n\n\n<div class=\"wp-block-cover\"><span aria-hidden=\"true\" class=\"wp-block-cover__background has-background-dim\"><\/span><img alt=\"\" loading=\"lazy\" decoding=\"async\" width=\"1024\" height=\"1022\" class=\"wp-block-cover__image-background wp-image-671\" alt=\"\" src=\"https:\/\/wp.unil.ch\/archas\/files\/2024\/03\/f128-1024x1022.jpeg\" data-object-fit=\"cover\" srcset=\"https:\/\/wp.unil.ch\/archas\/files\/2024\/03\/f128-1024x1022.jpeg 1024w, https:\/\/wp.unil.ch\/archas\/files\/2024\/03\/f128-300x300.jpeg 300w, https:\/\/wp.unil.ch\/archas\/files\/2024\/03\/f128-150x150.jpeg 150w, https:\/\/wp.unil.ch\/archas\/files\/2024\/03\/f128-768x767.jpeg 768w, https:\/\/wp.unil.ch\/archas\/files\/2024\/03\/f128.jpeg 1026w\" sizes=\"auto, (max-width: 1024px) 100vw, 1024px\" \/><div class=\"wp-block-cover__inner-container is-layout-flow wp-block-cover-is-layout-flow\">\n<h1 class=\"wp-block-heading has-text-align-center has-large-font-size\"><em>Frau Jutta<\/em>&nbsp;: figure transgressive pers\u00e9cut\u00e9e par les Autres masculins<\/h1>\n<\/div><\/div>\n\n\n\n<p><em>par Aline Cardoso Almeida<\/em> (2023)<\/p>\n\n\n\n<div class=\"wp-block-buttons is-layout-flex wp-block-buttons-is-layout-flex\">\n<div class=\"wp-block-button\"><a class=\"wp-block-button__link wp-element-button\" href=\"https:\/\/wp.unil.ch\/archas\/frau-jutta-figure-transgressive-persecutee-par-les-autres-masculins\/\" target=\"_blank\" rel=\"noreferrer noopener\">Lire la suite<\/a><\/div>\n<\/div>\n\n\n\n<p><\/p>\n\n\n\n<p><\/p>\n\n\n\n<div class=\"wp-block-cover\"><span aria-hidden=\"true\" class=\"wp-block-cover__background has-background-dim\"><\/span><img alt=\"\" loading=\"lazy\" decoding=\"async\" width=\"503\" height=\"756\" class=\"wp-block-cover__image-background wp-image-676\" alt=\"\" src=\"https:\/\/wp.unil.ch\/archas\/files\/2024\/03\/Contemporaine_afb_jeanne_d_arc-Copie-1.png\" data-object-fit=\"cover\" srcset=\"https:\/\/wp.unil.ch\/archas\/files\/2024\/03\/Contemporaine_afb_jeanne_d_arc-Copie-1.png 503w, https:\/\/wp.unil.ch\/archas\/files\/2024\/03\/Contemporaine_afb_jeanne_d_arc-Copie-1-200x300.png 200w\" sizes=\"auto, (max-width: 503px) 100vw, 503px\" \/><div class=\"wp-block-cover__inner-container is-layout-flow wp-block-cover-is-layout-flow\">\n<h1 class=\"wp-block-heading has-text-align-center has-large-font-size\">Sous-fifres du diable ou messag\u00e8res de Dieu? <\/h1>\n\n\n\n<h1 class=\"wp-block-heading has-text-align-center has-large-font-size\">Les Jeannes <em>queer<\/em> du Moyen \u00c2ge<\/h1>\n<\/div><\/div>\n\n\n\n<p class=\"has-text-align-right\"><em>par Aline Cardoso Almeida<\/em> (2023)<\/p>\n\n\n\n<div class=\"wp-block-buttons is-layout-flex wp-block-buttons-is-layout-flex\">\n<div class=\"wp-block-button\"><a class=\"wp-block-button__link has-text-align-right wp-element-button\" href=\"https:\/\/wp.unil.ch\/archas\/sous-fifre-du-diable-ou-messagere-de-dieu-jeannes-queer-du-moyen-age\/\" target=\"_blank\" rel=\"noreferrer noopener\">Lire la suite<\/a><\/div>\n<\/div>\n","protected":false},"excerpt":{"rendered":"<p>Contexte et espaces de repr\u00e9sentation de l\u2019Abraham sacrifiant de Th\u00e9odore de B\u00e8ze (1550) par Thibault Hugentobler et Tania Rochat (2020) L\u2019imagination&nbsp;: un outil pour la reconstitution historique Par Cesur A. Polat (2021) Les possibles de l\u2019exp\u00e9rience ARCHAS Par Cesur A. Polat (2021) L\u2019usage de la RV dans les \u00e9tudes historiques et th\u00e9\u00e2trales Par Cesur A. [&hellip;]<\/p>\n","protected":false},"author":1002550,"featured_media":210,"parent":0,"menu_order":0,"comment_status":"closed","ping_status":"closed","template":"templates\/template-cover.php","meta":{"_seopress_robots_primary_cat":"","_seopress_titles_title":"","_seopress_titles_desc":"","_seopress_robots_index":"","footnotes":""},"class_list":["post-478","page","type-page","status-publish","has-post-thumbnail"],"_links":{"self":[{"href":"https:\/\/wp.unil.ch\/archas\/wp-json\/wp\/v2\/pages\/478","targetHints":{"allow":["GET"]}}],"collection":[{"href":"https:\/\/wp.unil.ch\/archas\/wp-json\/wp\/v2\/pages"}],"about":[{"href":"https:\/\/wp.unil.ch\/archas\/wp-json\/wp\/v2\/types\/page"}],"author":[{"embeddable":true,"href":"https:\/\/wp.unil.ch\/archas\/wp-json\/wp\/v2\/users\/1002550"}],"replies":[{"embeddable":true,"href":"https:\/\/wp.unil.ch\/archas\/wp-json\/wp\/v2\/comments?post=478"}],"version-history":[{"count":5,"href":"https:\/\/wp.unil.ch\/archas\/wp-json\/wp\/v2\/pages\/478\/revisions"}],"predecessor-version":[{"id":760,"href":"https:\/\/wp.unil.ch\/archas\/wp-json\/wp\/v2\/pages\/478\/revisions\/760"}],"wp:featuredmedia":[{"embeddable":true,"href":"https:\/\/wp.unil.ch\/archas\/wp-json\/wp\/v2\/media\/210"}],"wp:attachment":[{"href":"https:\/\/wp.unil.ch\/archas\/wp-json\/wp\/v2\/media?parent=478"}],"curies":[{"name":"wp","href":"https:\/\/api.w.org\/{rel}","templated":true}]}}