{"id":378,"date":"2023-02-06T11:05:11","date_gmt":"2023-02-06T10:05:11","guid":{"rendered":"https:\/\/wp.unil.ch\/archas\/?page_id=378"},"modified":"2024-03-30T15:02:04","modified_gmt":"2024-03-30T14:02:04","slug":"2022-2023","status":"publish","type":"page","link":"https:\/\/wp.unil.ch\/archas\/projets\/2022-2023\/","title":{"rendered":"2022-2023"},"content":{"rendered":"\n<h2 class=\"wp-block-heading has-text-align-center\"><strong>La persuasion par personnages. <\/strong><\/h2>\n\n\n\n<h2 class=\"wp-block-heading has-text-align-center\"><strong>R\u00e9actualiser les anciens th\u00e9\u00e2tres d\u2019intervention, enjeux et pratiques&nbsp;<\/strong><\/h2>\n\n\n\n<h4 class=\"wp-block-heading alignfull has-subtle-background-background-color has-background\">Choix de corpus: le th\u00e9\u00e2tre militant en fran\u00e7ais au seuil des Guerres de religion<\/h4>\n\n\n\n<div class=\"wp-block-media-text alignwide has-media-on-the-right is-stacked-on-mobile\"><div class=\"wp-block-media-text__content\">\n<p>La troisi\u00e8me saison d\u2019ARCHAS 2022-2023 a \u00e9t\u00e9 d\u00e9di\u00e9e aux&nbsp;pi\u00e8ces pol\u00e9miques du temps de la R\u00e9forme : <a href=\"https:\/\/gallica.bnf.fr\/ark:\/12148\/btv1b90631556\/f327.item.zoom%20:\"><em>Les Clefs de l\u2019\u00c9glise<\/em><\/a>, texte catholique anonyme provenant probablement des ann\u00e9es 1530, conserv\u00e9 sous la forme manuscrite dans le \u00ab&nbsp;recueil de Rouen&nbsp;\u00bb (<a href=\"https:\/\/archivesetmanuscrits.bnf.fr\/ark:\/12148\/cc531814\">BnF, ms. fran\u00e7ais&nbsp;24341<\/a>), et <em>La Maladie de Chr\u00e9tient\u00e9<\/em>, compos\u00e9e par Mathieu Malingre, pr\u00e9dicateur, pasteur et po\u00e8te fran\u00e7ais exil\u00e9 dans l\u2019espace romand, et imprim\u00e9e \u00e0 Neuch\u00e2tel en 1533 par un imprimeur r\u00e9form\u00e9, Pierre de Vingle (<a href=\"https:\/\/www.e-rara.ch\/zuz\/content\/titleinfo\/165297\"><em>editio princeps<\/em><\/a>).<\/p>\n\n\n\n<p><\/p>\n<\/div><figure class=\"wp-block-media-text__media\"><img loading=\"lazy\" decoding=\"async\" width=\"1024\" height=\"576\" src=\"https:\/\/wp.unil.ch\/archas\/files\/2023\/02\/images-notice-Medialiterature-1024x576.gif\" alt=\"Pamphilus Gengenbach,\u00a0Di\u00df ist ein iemerliche Clag uber die Todten Fresser, [Basel], [Gengenbach], [ca. 1520] \u00a9 Bayerische Staatsbibliothek; participants de l\u2019ARCHAS 2022 lors de la mise en sc\u00e8ne de la pi\u00e8ce inspir\u00e9e de la Maladie de Chr\u00e9tient\u00e9 (16\/12\/2022)\" class=\"wp-image-398 size-full\" srcset=\"https:\/\/wp.unil.ch\/archas\/files\/2023\/02\/images-notice-Medialiterature-1024x576.gif 1024w, https:\/\/wp.unil.ch\/archas\/files\/2023\/02\/images-notice-Medialiterature-300x169.gif 300w, https:\/\/wp.unil.ch\/archas\/files\/2023\/02\/images-notice-Medialiterature-768x432.gif 768w, https:\/\/wp.unil.ch\/archas\/files\/2023\/02\/images-notice-Medialiterature-1200x675.gif 1200w\" sizes=\"auto, (max-width: 1024px) 100vw, 1024px\" \/><\/figure><\/div>\n\n\n\n<h4 class=\"wp-block-heading alignfull has-text-align-left has-subtle-background-background-color has-background\"><strong>Question d&rsquo;interpr\u00e9tation&nbsp;: persuader par la mise en sc\u00e8ne all\u00e9gorique <\/strong><\/h4>\n\n\n\n<div class=\"wp-block-group alignwide is-nowrap is-layout-flex wp-container-core-group-is-layout-ad2f72ca wp-block-group-is-layout-flex\">\n<p>Les pi\u00e8ces all\u00e9goriques militantes du temps de la pol\u00e9mique religieuse qui marque le XVI<sup>e<\/sup> si\u00e8cle s\u2019engagent dans l\u2019actualit\u00e9 du conflit id\u00e9ologique en nouant une relation de persuasion entre des groupes militants et des publics plus ou moins convaincus.&nbsp;Afin de reconstituer la capacit\u00e9 de ces textes dramatiques \u00e0 agir sur des publics et \u00e0 les faire agir, les participant.e.s ont&nbsp;analys\u00e9 leurs contextes de repr\u00e9sentation, connus gr\u00e2ce aux archives urbaines et aux chroniqueurs de l\u2019\u00e9poque, et ont tent\u00e9 de saisir leur impact en travaillant leur&nbsp;mise en corps et leur mise en voix dans les dispositifs th\u00e9\u00e2traux virtuels&nbsp;devenus des espaces publics \u00e0 conqu\u00e9rir&nbsp;par la parole.<\/p>\n\n\n\n<p>Les pratiques de restitution ont \u00e9t\u00e9 compl\u00e9t\u00e9es par des tentatives d\u2019actualisation et par une r\u00e9flexion sur les enjeux p\u00e9dagogiques, \u00e9pist\u00e9mologiques et cr\u00e9atives de ce geste. Nous avons propos\u00e9 d\u2019actualiser les pi\u00e8ces d\u00e9sactualis\u00e9es au travers d\u2019exercices de mise en sc\u00e8ne, de r\u00e9\u00e9criture et d\u2019immersion virtuelle, co-anim\u00e9s par Estelle Doudet et Natalia Wawrzyniak, avec le soutien de l&rsquo;assistante-\u00e9tudiante Manon Leli\u00e8vre, de l&rsquo;ing\u00e9nieure p\u00e9dagogique Nadia Spang Bovey et son \u00e9quipe. Notre artiste invit\u00e9e a \u00e9t\u00e9 <strong><a href=\"https:\/\/lea-meier.ch\/\"><u>L\u00e9a Katharina Meier<\/u><\/a><\/strong>, qui a fait d\u00e9couvrir la pratique du jeu clownesque.<\/p>\n<\/div>\n\n\n\n<h4 class=\"wp-block-heading alignfull has-text-align-left has-subtle-background-background-color has-background\">Propositions cr\u00e9atives<\/h4>\n\n\n\n<p>Les dix participants, organis\u00e9s en trois groupes de travail, ont tent\u00e9 de comprendre les ressorts persuasifs et dramatiques des pi\u00e8ces anciennes, la force transhistorique des all\u00e9gories et les formes du militantisme d\u2019aujourd\u2019hui en cr\u00e9ant des propositions de mise en sc\u00e8ne multim\u00e9dia, m\u00ealant la r\u00e9\u00e9criture, la performance, la cr\u00e9ation audiovisuelle et la r\u00e9alit\u00e9 virtuelle, per\u00e7ue non seulement comme l\u2019espace d\u2019\u00e9vocation des performances historiquement situ\u00e9es, mais aussi comme une ressource cr\u00e9ative, qui devient tant\u00f4t une sc\u00e9nographie imaginaire, tant\u00f4t une all\u00e9gorie, voire un personnage dramatique.<\/p>\n\n\n\n<div class=\"wp-block-columns alignwide is-layout-flex wp-container-core-columns-is-layout-9d6595d7 wp-block-columns-is-layout-flex\">\n<div class=\"wp-block-column is-layout-flow wp-block-column-is-layout-flow\">\n<figure class=\"wp-block-image size-large is-resized\"><img alt=\"\" loading=\"lazy\" decoding=\"async\" width=\"1024\" height=\"628\" src=\"https:\/\/wp.unil.ch\/archas\/files\/2023\/02\/Groupe-electrice-1-1024x628.png\" alt=\"\" class=\"wp-image-426\" style=\"width:372px;height:228px\" srcset=\"https:\/\/wp.unil.ch\/archas\/files\/2023\/02\/Groupe-electrice-1-1024x628.png 1024w, https:\/\/wp.unil.ch\/archas\/files\/2023\/02\/Groupe-electrice-1-300x184.png 300w, https:\/\/wp.unil.ch\/archas\/files\/2023\/02\/Groupe-electrice-1-768x471.png 768w, https:\/\/wp.unil.ch\/archas\/files\/2023\/02\/Groupe-electrice-1-1536x942.png 1536w, https:\/\/wp.unil.ch\/archas\/files\/2023\/02\/Groupe-electrice-1-1200x736.png 1200w, https:\/\/wp.unil.ch\/archas\/files\/2023\/02\/Groupe-electrice-1.png 1892w\" sizes=\"auto, (max-width: 1024px) 100vw, 1024px\" \/><\/figure>\n\n\n\n<div class=\"wp-block-buttons is-layout-flex wp-block-buttons-is-layout-flex\">\n<div class=\"wp-block-button\"><a class=\"wp-block-button__link wp-element-button\" href=\"https:\/\/wp.unil.ch\/archas\/files\/2023\/02\/Groupe-1-3.pdf\">La maladie de l\u2019\u00e9lecteur<\/a><\/div>\n<\/div>\n<\/div>\n\n\n\n<div class=\"wp-block-column is-layout-flow wp-block-column-is-layout-flow\">\n<figure class=\"wp-block-image size-large is-resized\"><img alt=\"\" loading=\"lazy\" decoding=\"async\" width=\"1024\" height=\"781\" src=\"https:\/\/wp.unil.ch\/archas\/files\/2023\/02\/Groupe-structure-3-1024x781.png\" alt=\"\" class=\"wp-image-428\" style=\"width:348px;height:265px\" srcset=\"https:\/\/wp.unil.ch\/archas\/files\/2023\/02\/Groupe-structure-3-1024x781.png 1024w, https:\/\/wp.unil.ch\/archas\/files\/2023\/02\/Groupe-structure-3-300x229.png 300w, https:\/\/wp.unil.ch\/archas\/files\/2023\/02\/Groupe-structure-3-768x586.png 768w, https:\/\/wp.unil.ch\/archas\/files\/2023\/02\/Groupe-structure-3-1536x1171.png 1536w, https:\/\/wp.unil.ch\/archas\/files\/2023\/02\/Groupe-structure-3-1200x915.png 1200w, https:\/\/wp.unil.ch\/archas\/files\/2023\/02\/Groupe-structure-3.png 1574w\" sizes=\"auto, (max-width: 1024px) 100vw, 1024px\" \/><\/figure>\n\n\n\n<div class=\"wp-block-buttons is-layout-flex wp-block-buttons-is-layout-flex\">\n<div class=\"wp-block-button\"><a class=\"wp-block-button__link wp-element-button\" href=\"https:\/\/wp.unil.ch\/archas\/files\/2023\/02\/Groupe-structure.pdf\">Les Clefs de l\u2019\u00c9glise revisit\u00e9es<\/a><\/div>\n<\/div>\n<\/div>\n\n\n\n<div class=\"wp-block-column is-layout-flow wp-block-column-is-layout-flow\">\n<figure class=\"wp-block-image size-large is-resized\"><img alt=\"\" loading=\"lazy\" decoding=\"async\" width=\"1024\" height=\"689\" src=\"https:\/\/wp.unil.ch\/archas\/files\/2023\/02\/Groupe-RV-4-1024x689.png\" alt=\"\" class=\"wp-image-429\" style=\"width:355px;height:239px\" srcset=\"https:\/\/wp.unil.ch\/archas\/files\/2023\/02\/Groupe-RV-4-1024x689.png 1024w, https:\/\/wp.unil.ch\/archas\/files\/2023\/02\/Groupe-RV-4-300x202.png 300w, https:\/\/wp.unil.ch\/archas\/files\/2023\/02\/Groupe-RV-4-768x517.png 768w, https:\/\/wp.unil.ch\/archas\/files\/2023\/02\/Groupe-RV-4-1536x1033.png 1536w, https:\/\/wp.unil.ch\/archas\/files\/2023\/02\/Groupe-RV-4-1200x807.png 1200w, https:\/\/wp.unil.ch\/archas\/files\/2023\/02\/Groupe-RV-4.png 1784w\" sizes=\"auto, (max-width: 1024px) 100vw, 1024px\" \/><\/figure>\n\n\n\n<div class=\"wp-block-buttons is-layout-flex wp-block-buttons-is-layout-flex\">\n<div class=\"wp-block-button aligncenter\"><a class=\"wp-block-button__link wp-element-button\" href=\"https:\/\/wp.unil.ch\/archas\/files\/2023\/02\/Groupe-1-1.pdf\">r\u00e9sistance, <br>Scandale,<br>Corruption,<br>Violence<\/a><\/div>\n<\/div>\n<\/div>\n<\/div>\n\n\n\n<hr class=\"wp-block-separator has-alpha-channel-opacity is-style-wide\" \/>\n","protected":false},"excerpt":{"rendered":"<p>La persuasion par personnages. R\u00e9actualiser les anciens th\u00e9\u00e2tres d\u2019intervention, enjeux et pratiques&nbsp; Choix de corpus: le th\u00e9\u00e2tre militant en fran\u00e7ais au seuil des Guerres de religion La troisi\u00e8me saison d\u2019ARCHAS 2022-2023 a \u00e9t\u00e9 d\u00e9di\u00e9e aux&nbsp;pi\u00e8ces pol\u00e9miques du temps de la R\u00e9forme : Les Clefs de l\u2019\u00c9glise, texte catholique anonyme provenant probablement des ann\u00e9es 1530, conserv\u00e9 [&hellip;]<\/p>\n","protected":false},"author":1002550,"featured_media":210,"parent":249,"menu_order":3,"comment_status":"closed","ping_status":"closed","template":"templates\/template-cover.php","meta":{"_seopress_robots_primary_cat":"","_seopress_titles_title":"","_seopress_titles_desc":"","_seopress_robots_index":"","footnotes":""},"class_list":["post-378","page","type-page","status-publish","has-post-thumbnail"],"_links":{"self":[{"href":"https:\/\/wp.unil.ch\/archas\/wp-json\/wp\/v2\/pages\/378","targetHints":{"allow":["GET"]}}],"collection":[{"href":"https:\/\/wp.unil.ch\/archas\/wp-json\/wp\/v2\/pages"}],"about":[{"href":"https:\/\/wp.unil.ch\/archas\/wp-json\/wp\/v2\/types\/page"}],"author":[{"embeddable":true,"href":"https:\/\/wp.unil.ch\/archas\/wp-json\/wp\/v2\/users\/1002550"}],"replies":[{"embeddable":true,"href":"https:\/\/wp.unil.ch\/archas\/wp-json\/wp\/v2\/comments?post=378"}],"version-history":[{"count":5,"href":"https:\/\/wp.unil.ch\/archas\/wp-json\/wp\/v2\/pages\/378\/revisions"}],"predecessor-version":[{"id":750,"href":"https:\/\/wp.unil.ch\/archas\/wp-json\/wp\/v2\/pages\/378\/revisions\/750"}],"up":[{"embeddable":true,"href":"https:\/\/wp.unil.ch\/archas\/wp-json\/wp\/v2\/pages\/249"}],"wp:featuredmedia":[{"embeddable":true,"href":"https:\/\/wp.unil.ch\/archas\/wp-json\/wp\/v2\/media\/210"}],"wp:attachment":[{"href":"https:\/\/wp.unil.ch\/archas\/wp-json\/wp\/v2\/media?parent=378"}],"curies":[{"name":"wp","href":"https:\/\/api.w.org\/{rel}","templated":true}]}}