{"id":376,"date":"2023-02-06T11:01:10","date_gmt":"2023-02-06T10:01:10","guid":{"rendered":"https:\/\/wp.unil.ch\/archas\/?page_id=376"},"modified":"2024-03-30T15:00:03","modified_gmt":"2024-03-30T14:00:03","slug":"2021-2022","status":"publish","type":"page","link":"https:\/\/wp.unil.ch\/archas\/projets\/2021-2022\/","title":{"rendered":"2021-2022"},"content":{"rendered":"\n<h2 class=\"wp-block-heading has-text-align-center\"><strong>Les possibles de la farce romande<\/strong><\/h2>\n\n\n\n<h4 class=\"wp-block-heading alignfull has-subtle-background-background-color has-background\">Choix de corpus: les premi\u00e8res \u00ab\u00a0com\u00e9dies\u00a0\u00bb romandes<\/h4>\n\n\n\n<div class=\"wp-block-media-text alignwide has-media-on-the-right is-stacked-on-mobile\"><div class=\"wp-block-media-text__content\">\n<p class=\"has-text-align-left\">La deuxi\u00e8me \u00e9dition du s\u00e9minaire au semestre d\u2019automne 2021-2022 a \u00e9t\u00e9 d\u00e9di\u00e9e au <strong>genre farcesque<\/strong> et, plus pr\u00e9cis\u00e9ment, au r\u00e9pertoire comique vaudois. Le <strong>comique conjugal<\/strong> a jou\u00e9 un r\u00f4le important dans l\u2019\u00e9mergence du th\u00e9\u00e2tre en Romandie puisqu\u2019il est le fil rouge de plusieurs farces jou\u00e9es en pays de Vaud autour de 1500-1520 : de <a href=\"https:\/\/www.arlima.net\/mp\/presentation_des_joyaux.html\"><u><em>La Pr\u00e9sentation des joyaux<\/em><\/u><\/a>, o\u00f9 un fou trouble de ses sous-entendus salaces la traditionnelle distribution des cadeaux de noces, aux fac\u00e9ties de la <a href=\"https:\/\/www.arlima.net\/uz\/vieillard_et_peintre_farce.html\"><u><em>Fontaine de Jouvence<\/em><\/u><\/a>, qui montre un vieux mari tenter de retrouver sa jeunesse de s\u00e9ducteur en se faisant grimer par un peintre filou, au grand m\u00e9contentement de son \u00e9pouse.<\/p>\n\n\n\n<p>La <strong>pr\u00e9servation de ces premi\u00e8res \u201ccom\u00e9dies\u201d donn\u00e9es en pays romand<\/strong> est exceptionnelle puisqu\u2019elles ont \u00e9t\u00e9 conserv\u00e9es majoritairement sous la forme des r\u00f4lets (textes de r\u00e9p\u00e9tition) utilis\u00e9s par des acteurs vaudois du XVI<sup>e<\/sup> si\u00e8cle et retrouv\u00e9s dans les ann\u00e9es 1920 dans les <a href=\"https:\/\/www.fr.ch\/cha\/aef\"><u>Archives de l\u2019\u00c9tat de Fribourg<\/u><\/a> (AEF).<\/p>\n\n\n\n<p><em>The second edition of the seminar in the autumn semester of 2021-2022 was dedicated to the genre of farce, specifically focusing on the comedic repertoire of the Vaud region. Conjugal comedy played a significant role in the emergence of theater in Romandy, as it is the common theme of several farces performed in the Vaud region around 1500-1520: from \u00ab\u00a0La Pr\u00e9sentation des joyaux,\u00a0\u00bb where a fool disrupts the traditional distribution of wedding gifts with his suggestive remarks, to the antics of \u00ab\u00a0La Fontaine de Jouvence,\u00a0\u00bb which depicts an old husband attempting to regain his youthful seductive prowess by disguising himself with the help of a cunning painter, much to the dismay of his wife.<\/em><\/p>\n\n\n\n<p><em>The preservation of these early \u00ab\u00a0comedies\u00a0\u00bb performed in the Romandy region is exceptional, as they were mostly preserved in the form of \u00ab\u00a0r\u00f4lets\u00a0\u00bb (rehearsal texts) used by Vaudois actors in the 16th century and rediscovered in the 1920s in the State Archives of Fribourg (AEF).<\/em><\/p>\n<\/div><figure class=\"wp-block-media-text__media\"><img alt=\"\" loading=\"lazy\" decoding=\"async\" width=\"1024\" height=\"768\" src=\"https:\/\/wp.unil.ch\/archas\/files\/2023\/02\/collage--1024x768.jpg\" alt=\"\" class=\"wp-image-384 size-full\" srcset=\"https:\/\/wp.unil.ch\/archas\/files\/2023\/02\/collage--1024x768.jpg 1024w, https:\/\/wp.unil.ch\/archas\/files\/2023\/02\/collage--300x225.jpg 300w, https:\/\/wp.unil.ch\/archas\/files\/2023\/02\/collage--768x576.jpg 768w, https:\/\/wp.unil.ch\/archas\/files\/2023\/02\/collage--1200x900.jpg 1200w, https:\/\/wp.unil.ch\/archas\/files\/2023\/02\/collage-.jpg 1500w\" sizes=\"auto, (max-width: 1024px) 100vw, 1024px\" \/><\/figure><\/div>\n\n\n\n<h4 class=\"wp-block-heading alignfull has-subtle-background-background-color has-background\"><strong>Question d&rsquo;interpr\u00e9tation: peut-on rejouer (et rire) aujourd&rsquo;hui des farces conjugales d\u2019hier ?<\/strong><\/h4>\n\n\n\n<p class=\"has-large-font-size\">Comment ces pi\u00e8ces \u00e9taient-elles interpr\u00e9t\u00e9es sur les sc\u00e8nes, comment et de quoi faisaient-elles rire, quels publics touchaient-elles ? <\/p>\n\n\n\n<p class=\"has-large-font-size\">Comment rejouer aujourd\u2019hui ces pi\u00e8ces au comique apparemment surann\u00e9, et s\u2019en divertir, alors que notre sensibilit\u00e9 aux relations entre sexes a radicalement chang\u00e9 ?<\/p>\n\n\n\n<p><em>How were these plays interpreted on stage, how and with what did they provoke laughter, and which audiences were they reachi<\/em>ng?<\/p>\n\n\n\n<p><em>How do we recreate today these oseemingly outdated comedies, and find amusement in them, when our sensitivity to gender relations has radically changed?<\/em><\/p>\n\n\n\n<hr class=\"wp-block-separator has-alpha-channel-opacity\" \/>\n\n\n\n<p>Ces questions \u00e9taient au c\u0153ur du s\u00e9minaire ARCHAS 2021, co-anim\u00e9 par Estelle Doudet et Natalia Wawrzyniak, avec le soutien de l&rsquo;assistant-\u00e9tudiant Alexis Rime et de l&rsquo;ing\u00e9nieure p\u00e9dagogique Nadia Spang Bovey et son \u00e9quipe. Cette ann\u00e9e-l\u00e0, ARCHAS a accueilli une <a href=\"https:\/\/wp.unil.ch\/archas\/masterclasse-de-jeu-farcesque-avec-charles-di-meglio\/\">Masterclasse de jeu farcesque<\/a> par l\u2019artiste invit\u00e9 <strong>Charles Di Meglio <\/strong>(<a href=\"https:\/\/www.compagnieoghma.com\/\"><u>Compagnie Oghma<\/u><\/a>). <\/p>\n\n\n\n<p><\/p>\n\n\n\n<h4 class=\"wp-block-heading alignwide has-subtle-background-background-color has-background\">Propositions cr\u00e9atives <\/h4>\n\n\n\n<p>Environ 12 \u00e9tudiant\u00b7es, r\u00e9parti\u00b7es en quatre groupes de travail, ont r\u00e9alis\u00e9 des propositions de mise en sc\u00e8ne des deux pi\u00e8ces, en choisissant un positionnement r\u00e9fl\u00e9chi entre quatre types d&rsquo;interpr\u00e9tations pour explorer les possibles des farces vaudoises: le reenactment des originaux; l&rsquo;adaptation; la transposition contemporaine et l\u2019improvisation.<\/p>\n\n\n\n<h4 class=\"wp-block-heading alignwide has-text-align-right has-subtle-background-background-color has-background\"><strong>Reenactment de la <\/strong><em><strong>Pr\u00e9sentation des Joyau<\/strong><\/em>x<\/h4>\n\n\n\n<div class=\"wp-block-media-text alignwide is-stacked-on-mobile\"><figure class=\"wp-block-media-text__media\"><img alt=\"\" loading=\"lazy\" decoding=\"async\" width=\"1024\" height=\"480\" src=\"https:\/\/wp.unil.ch\/archas\/files\/2023\/02\/Groupe-1-1-1024x480.png\" alt=\"\" class=\"wp-image-395 size-full\" srcset=\"https:\/\/wp.unil.ch\/archas\/files\/2023\/02\/Groupe-1-1-1024x480.png 1024w, https:\/\/wp.unil.ch\/archas\/files\/2023\/02\/Groupe-1-1-300x141.png 300w, https:\/\/wp.unil.ch\/archas\/files\/2023\/02\/Groupe-1-1-768x360.png 768w, https:\/\/wp.unil.ch\/archas\/files\/2023\/02\/Groupe-1-1-1536x720.png 1536w, https:\/\/wp.unil.ch\/archas\/files\/2023\/02\/Groupe-1-1-1200x562.png 1200w, https:\/\/wp.unil.ch\/archas\/files\/2023\/02\/Groupe-1-1.png 1801w\" sizes=\"auto, (max-width: 1024px) 100vw, 1024px\" \/><\/figure><div class=\"wp-block-media-text__content\">\n<p><\/p>\n\n\n\n<div class=\"wp-block-buttons is-layout-flex wp-block-buttons-is-layout-flex\">\n<div class=\"wp-block-button\"><a class=\"wp-block-button__link wp-element-button\" href=\"https:\/\/wp.unil.ch\/archas\/files\/2023\/02\/Groupe-1.pdf\">travail comment\u00e9<\/a><\/div>\n<\/div>\n<\/div><\/div>\n\n\n\n<hr class=\"wp-block-separator has-alpha-channel-opacity is-style-dots\" \/>\n\n\n\n<h4 class=\"wp-block-heading alignwide has-text-align-right has-subtle-background-background-color has-background\"><strong>Adaptation de la <\/strong><em><strong>Pr\u00e9sentation des Joyaux<\/strong><\/em><\/h4>\n\n\n\n<div class=\"wp-block-media-text alignwide has-media-on-the-right is-stacked-on-mobile\" style=\"grid-template-columns:auto 58%\"><div class=\"wp-block-media-text__content\">\n<p class=\"has-text-align-right\"><\/p>\n\n\n\n<div class=\"wp-block-buttons is-content-justification-right is-layout-flex wp-container-core-buttons-is-layout-765c4724 wp-block-buttons-is-layout-flex\">\n<div class=\"wp-block-button\"><a class=\"wp-block-button__link wp-element-button\" href=\"https:\/\/wp.unil.ch\/archas\/files\/2023\/02\/Groupe-2.pdf\">travail comment\u00e9<\/a><\/div>\n<\/div>\n<\/div><figure class=\"wp-block-media-text__media\"><img alt=\"\" loading=\"lazy\" decoding=\"async\" width=\"1024\" height=\"425\" src=\"https:\/\/wp.unil.ch\/archas\/files\/2023\/02\/Groupe-2-1024x425.png\" alt=\"\" class=\"wp-image-387 size-full\" srcset=\"https:\/\/wp.unil.ch\/archas\/files\/2023\/02\/Groupe-2-1024x425.png 1024w, https:\/\/wp.unil.ch\/archas\/files\/2023\/02\/Groupe-2-300x124.png 300w, https:\/\/wp.unil.ch\/archas\/files\/2023\/02\/Groupe-2-768x318.png 768w, https:\/\/wp.unil.ch\/archas\/files\/2023\/02\/Groupe-2-1536x637.png 1536w, https:\/\/wp.unil.ch\/archas\/files\/2023\/02\/Groupe-2-1200x498.png 1200w, https:\/\/wp.unil.ch\/archas\/files\/2023\/02\/Groupe-2.png 1920w\" sizes=\"auto, (max-width: 1024px) 100vw, 1024px\" \/><\/figure><\/div>\n\n\n\n<hr class=\"wp-block-separator has-alpha-channel-opacity is-style-dots\" \/>\n\n\n\n<h4 class=\"wp-block-heading alignwide has-subtle-background-background-color has-background\"><strong>Actualisation des ressorts comiques de la <\/strong><em><strong>Fontaine de Jouvence<\/strong><\/em><\/h4>\n\n\n\n<div class=\"wp-block-media-text alignwide is-stacked-on-mobile\"><figure class=\"wp-block-media-text__media\"><img alt=\"\" loading=\"lazy\" decoding=\"async\" width=\"1024\" height=\"460\" src=\"https:\/\/wp.unil.ch\/archas\/files\/2023\/02\/Groupe-4-1024x460.jpg\" alt=\"\" class=\"wp-image-389 size-full\" srcset=\"https:\/\/wp.unil.ch\/archas\/files\/2023\/02\/Groupe-4-1024x460.jpg 1024w, https:\/\/wp.unil.ch\/archas\/files\/2023\/02\/Groupe-4-300x135.jpg 300w, https:\/\/wp.unil.ch\/archas\/files\/2023\/02\/Groupe-4-768x345.jpg 768w, https:\/\/wp.unil.ch\/archas\/files\/2023\/02\/Groupe-4-1536x690.jpg 1536w, https:\/\/wp.unil.ch\/archas\/files\/2023\/02\/Groupe-4-1200x539.jpg 1200w, https:\/\/wp.unil.ch\/archas\/files\/2023\/02\/Groupe-4.jpg 1920w\" sizes=\"auto, (max-width: 1024px) 100vw, 1024px\" \/><\/figure><div class=\"wp-block-media-text__content\">\n<p> <\/p>\n\n\n\n<p>Pi\u00e8ce radiophonique avec introduction <\/p>\n\n\n\n<figure class=\"wp-block-audio\"><audio controls src=\"https:\/\/wp.unil.ch\/archas\/files\/2023\/02\/Groupe-41.mp3\"><\/audio><\/figure>\n<\/div><\/div>\n\n\n\n<hr class=\"wp-block-separator has-alpha-channel-opacity is-style-dots\" \/>\n\n\n\n<h4 class=\"wp-block-heading alignwide has-text-align-right has-subtle-background-background-color has-background\"><strong>Improvisation sur le canevas de la <\/strong><em><strong>Fontaine de Jouvence<\/strong><\/em><\/h4>\n\n\n\n<div class=\"wp-block-media-text alignwide has-media-on-the-right is-stacked-on-mobile\"><div class=\"wp-block-media-text__content\">\n<div class=\"wp-block-group\"><div class=\"wp-block-group__inner-container is-layout-constrained wp-block-group-is-layout-constrained\">\n<p class=\"has-text-align-right\"><\/p>\n\n\n\n<div class=\"wp-block-buttons is-content-justification-right is-layout-flex wp-container-core-buttons-is-layout-765c4724 wp-block-buttons-is-layout-flex\">\n<div class=\"wp-block-button\"><a class=\"wp-block-button__link wp-element-button\" href=\"https:\/\/wp.unil.ch\/archas\/files\/2023\/02\/Groupe-3.pdf\">travail comment\u00e9<\/a><\/div>\n<\/div>\n<\/div><\/div>\n<\/div><figure class=\"wp-block-media-text__media\"><img alt=\"\" loading=\"lazy\" decoding=\"async\" width=\"1024\" height=\"538\" src=\"https:\/\/wp.unil.ch\/archas\/files\/2023\/02\/Groupe-3-1024x538.jpg\" alt=\"\" class=\"wp-image-391 size-full\" srcset=\"https:\/\/wp.unil.ch\/archas\/files\/2023\/02\/Groupe-3-1024x538.jpg 1024w, https:\/\/wp.unil.ch\/archas\/files\/2023\/02\/Groupe-3-300x158.jpg 300w, https:\/\/wp.unil.ch\/archas\/files\/2023\/02\/Groupe-3-768x403.jpg 768w, https:\/\/wp.unil.ch\/archas\/files\/2023\/02\/Groupe-3-1536x806.jpg 1536w, https:\/\/wp.unil.ch\/archas\/files\/2023\/02\/Groupe-3-1200x630.jpg 1200w, https:\/\/wp.unil.ch\/archas\/files\/2023\/02\/Groupe-3.jpg 1920w\" sizes=\"auto, (max-width: 1024px) 100vw, 1024px\" \/><\/figure><\/div>\n\n\n\n<hr class=\"wp-block-separator has-alpha-channel-opacity is-style-wide\" \/>\n","protected":false},"excerpt":{"rendered":"<p>Les possibles de la farce romande Choix de corpus: les premi\u00e8res \u00ab\u00a0com\u00e9dies\u00a0\u00bb romandes La deuxi\u00e8me \u00e9dition du s\u00e9minaire au semestre d\u2019automne 2021-2022 a \u00e9t\u00e9 d\u00e9di\u00e9e au genre farcesque et, plus pr\u00e9cis\u00e9ment, au r\u00e9pertoire comique vaudois. Le comique conjugal a jou\u00e9 un r\u00f4le important dans l\u2019\u00e9mergence du th\u00e9\u00e2tre en Romandie puisqu\u2019il est le fil rouge de [&hellip;]<\/p>\n","protected":false},"author":1002550,"featured_media":210,"parent":249,"menu_order":2,"comment_status":"closed","ping_status":"closed","template":"templates\/template-cover.php","meta":{"_seopress_robots_primary_cat":"","_seopress_titles_title":"","_seopress_titles_desc":"","_seopress_robots_index":"","footnotes":""},"class_list":["post-376","page","type-page","status-publish","has-post-thumbnail"],"_links":{"self":[{"href":"https:\/\/wp.unil.ch\/archas\/wp-json\/wp\/v2\/pages\/376","targetHints":{"allow":["GET"]}}],"collection":[{"href":"https:\/\/wp.unil.ch\/archas\/wp-json\/wp\/v2\/pages"}],"about":[{"href":"https:\/\/wp.unil.ch\/archas\/wp-json\/wp\/v2\/types\/page"}],"author":[{"embeddable":true,"href":"https:\/\/wp.unil.ch\/archas\/wp-json\/wp\/v2\/users\/1002550"}],"replies":[{"embeddable":true,"href":"https:\/\/wp.unil.ch\/archas\/wp-json\/wp\/v2\/comments?post=376"}],"version-history":[{"count":5,"href":"https:\/\/wp.unil.ch\/archas\/wp-json\/wp\/v2\/pages\/376\/revisions"}],"predecessor-version":[{"id":747,"href":"https:\/\/wp.unil.ch\/archas\/wp-json\/wp\/v2\/pages\/376\/revisions\/747"}],"up":[{"embeddable":true,"href":"https:\/\/wp.unil.ch\/archas\/wp-json\/wp\/v2\/pages\/249"}],"wp:featuredmedia":[{"embeddable":true,"href":"https:\/\/wp.unil.ch\/archas\/wp-json\/wp\/v2\/media\/210"}],"wp:attachment":[{"href":"https:\/\/wp.unil.ch\/archas\/wp-json\/wp\/v2\/media?parent=376"}],"curies":[{"name":"wp","href":"https:\/\/api.w.org\/{rel}","templated":true}]}}