{"id":196,"date":"2020-07-13T11:35:23","date_gmt":"2020-07-13T09:35:23","guid":{"rendered":"http:\/\/wp.unil.ch\/archas\/?page_id=196"},"modified":"2021-05-19T19:32:41","modified_gmt":"2021-05-19T17:32:41","slug":"realite-virtuelle","status":"publish","type":"page","link":"https:\/\/wp.unil.ch\/archas\/realite-virtuelle\/","title":{"rendered":"R\u00e9alit\u00e9 virtuelle \/ Virtual Reality"},"content":{"rendered":"\n<div class=\"wp-block-columns alignwide is-layout-flex wp-container-core-columns-is-layout-9d6595d7 wp-block-columns-is-layout-flex\">\n<div class=\"wp-block-column is-layout-flow wp-block-column-is-layout-flow\">\n<figure class=\"wp-block-image size-large is-resized\"><img alt=\"\" loading=\"lazy\" decoding=\"async\" src=\"https:\/\/wp.unil.ch\/archas\/files\/2021\/03\/Image13-963x1024.png\" alt=\"\" class=\"wp-image-310\" width=\"482\" height=\"512\" srcset=\"https:\/\/wp.unil.ch\/archas\/files\/2021\/03\/Image13-963x1024.png 963w, https:\/\/wp.unil.ch\/archas\/files\/2021\/03\/Image13-282x300.png 282w, https:\/\/wp.unil.ch\/archas\/files\/2021\/03\/Image13-768x816.png 768w, https:\/\/wp.unil.ch\/archas\/files\/2021\/03\/Image13.png 1129w\" sizes=\"auto, (max-width: 482px) 100vw, 482px\" \/><\/figure>\n\n\n\n<h3 class=\"wp-block-heading\"><strong>Recherche cr\u00e9ative et r\u00e9alit\u00e9 virtuelle en sciences humaines<\/strong><\/h3>\n\n\n\n<p class=\"has-normal-font-size\">Un processus d\u2019interpr\u00e9tation &amp; l\u2019apport de la r\u00e9alit\u00e9 virtuelle<br><em>An interpretation process &amp; the contribution of virtual reality<\/em><\/p>\n\n\n\n<div class=\"wp-block-button alignleft is-style-outline is-style-outline--1\"><a class=\"wp-block-button__link\" href=\"https:\/\/wp.unil.ch\/archas\/recherche-creative-et-realite-virtuelle-en-sciences-humaines\/\">Lire la suite<\/a><\/div>\n<\/div>\n\n\n\n<div class=\"wp-block-column is-layout-flow wp-block-column-is-layout-flow\">\n<figure class=\"wp-block-image size-large is-resized size-full\"><img alt=\"\" loading=\"lazy\" decoding=\"async\" src=\"https:\/\/wp.unil.ch\/archas\/files\/2021\/03\/Image14-929x1024.png\" alt=\"\" class=\"wp-image-317\" width=\"465\" height=\"512\" srcset=\"https:\/\/wp.unil.ch\/archas\/files\/2021\/03\/Image14-929x1024.png 929w, https:\/\/wp.unil.ch\/archas\/files\/2021\/03\/Image14-272x300.png 272w, https:\/\/wp.unil.ch\/archas\/files\/2021\/03\/Image14-768x846.png 768w, https:\/\/wp.unil.ch\/archas\/files\/2021\/03\/Image14.png 1089w\" sizes=\"auto, (max-width: 465px) 100vw, 465px\" \/><\/figure>\n\n\n\n<h3 class=\"wp-block-heading\"><strong>\u00c9tudes th\u00e9\u00e2trales virtuelles&nbsp;? Une nouvelle approche<\/strong><\/h3>\n\n\n\n<p class=\"has-normal-font-size\"><em>Virtual Performance Studies? A new approach<\/em><\/p>\n\n\n\n<div class=\"wp-block-button alignleft is-style-outline is-style-outline--2\"><a class=\"wp-block-button__link\" href=\"https:\/\/wp.unil.ch\/archas\/etudes-theatrales-virtuelles-une-nouvelle-approche\/\">Lire la suite<\/a><\/div>\n\n\n\n<p><\/p>\n<\/div>\n<\/div>\n\n\n\n<div class=\"wp-block-columns alignwide is-layout-flex wp-container-core-columns-is-layout-9d6595d7 wp-block-columns-is-layout-flex\">\n<div class=\"wp-block-column is-layout-flow wp-block-column-is-layout-flow\">\n<figure class=\"wp-block-image size-large is-resized\"><img alt=\"\" loading=\"lazy\" decoding=\"async\" src=\"https:\/\/wp.unil.ch\/archas\/files\/2021\/03\/Image4-1024x497.png\" alt=\"\" class=\"wp-image-332\" width=\"512\" height=\"249\" srcset=\"https:\/\/wp.unil.ch\/archas\/files\/2021\/03\/Image4-1024x497.png 1024w, https:\/\/wp.unil.ch\/archas\/files\/2021\/03\/Image4-300x146.png 300w, https:\/\/wp.unil.ch\/archas\/files\/2021\/03\/Image4-768x373.png 768w, https:\/\/wp.unil.ch\/archas\/files\/2021\/03\/Image4-1536x746.png 1536w, https:\/\/wp.unil.ch\/archas\/files\/2021\/03\/Image4-1200x583.png 1200w, https:\/\/wp.unil.ch\/archas\/files\/2021\/03\/Image4.png 1920w\" sizes=\"auto, (max-width: 512px) 100vw, 512px\" \/><\/figure>\n\n\n\n<h3 class=\"wp-block-heading\"><strong>La conception d\u2019un nouvel outil<\/strong><\/h3>\n\n\n\n<p class=\"has-larger-font-size\"><em>The design of a new tool<\/em><\/p>\n\n\n\n<div class=\"wp-block-button alignleft is-style-outline is-style-outline--3\"><a class=\"wp-block-button__link\" href=\"https:\/\/wp.unil.ch\/archas\/la-conception-dun-nouvel-outil\/\">Lire la suite<\/a><\/div>\n<\/div>\n\n\n\n<div class=\"wp-block-column is-layout-flow wp-block-column-is-layout-flow\">\n<figure class=\"wp-block-image size-large is-resized size-full\"><img alt=\"\" loading=\"lazy\" decoding=\"async\" src=\"https:\/\/wp.unil.ch\/archas\/files\/2021\/03\/image9-1024x531.png\" alt=\"\" class=\"wp-image-337\" width=\"512\" height=\"266\" srcset=\"https:\/\/wp.unil.ch\/archas\/files\/2021\/03\/image9-1024x531.png 1024w, https:\/\/wp.unil.ch\/archas\/files\/2021\/03\/image9-300x156.png 300w, https:\/\/wp.unil.ch\/archas\/files\/2021\/03\/image9-768x398.png 768w, https:\/\/wp.unil.ch\/archas\/files\/2021\/03\/image9-1536x797.png 1536w, https:\/\/wp.unil.ch\/archas\/files\/2021\/03\/image9-1200x623.png 1200w, https:\/\/wp.unil.ch\/archas\/files\/2021\/03\/image9.png 1920w\" sizes=\"auto, (max-width: 512px) 100vw, 512px\" \/><\/figure>\n\n\n\n<h3 class=\"wp-block-heading\"><strong>Le <em>making-of<\/em><\/strong><\/h3>\n\n\n\n<p class=\"has-larger-font-size\"><em>The making-of<\/em><\/p>\n\n\n\n<div class=\"wp-block-button alignleft is-style-outline is-style-outline--4\"><a class=\"wp-block-button__link\" href=\"https:\/\/wp.unil.ch\/archas\/le-making-of\/\">Lire la suite<\/a><\/div>\n<\/div>\n<\/div>\n","protected":false},"excerpt":{"rendered":"<p>Recherche cr\u00e9ative et r\u00e9alit\u00e9 virtuelle en sciences humaines Un processus d\u2019interpr\u00e9tation &amp; l\u2019apport de la r\u00e9alit\u00e9 virtuelleAn interpretation process &amp; the contribution of virtual reality \u00c9tudes th\u00e9\u00e2trales virtuelles&nbsp;? Une nouvelle approche Virtual Performance Studies? A new approach La conception d\u2019un nouvel outil The design of a new tool Le making-of The making-of<\/p>\n","protected":false},"author":1002108,"featured_media":210,"parent":0,"menu_order":0,"comment_status":"closed","ping_status":"closed","template":"templates\/template-cover.php","meta":{"_seopress_robots_primary_cat":"","_seopress_titles_title":"","_seopress_titles_desc":"","_seopress_robots_index":"","footnotes":""},"class_list":["post-196","page","type-page","status-publish","has-post-thumbnail"],"_links":{"self":[{"href":"https:\/\/wp.unil.ch\/archas\/wp-json\/wp\/v2\/pages\/196","targetHints":{"allow":["GET"]}}],"collection":[{"href":"https:\/\/wp.unil.ch\/archas\/wp-json\/wp\/v2\/pages"}],"about":[{"href":"https:\/\/wp.unil.ch\/archas\/wp-json\/wp\/v2\/types\/page"}],"author":[{"embeddable":true,"href":"https:\/\/wp.unil.ch\/archas\/wp-json\/wp\/v2\/users\/1002108"}],"replies":[{"embeddable":true,"href":"https:\/\/wp.unil.ch\/archas\/wp-json\/wp\/v2\/comments?post=196"}],"version-history":[{"count":0,"href":"https:\/\/wp.unil.ch\/archas\/wp-json\/wp\/v2\/pages\/196\/revisions"}],"wp:featuredmedia":[{"embeddable":true,"href":"https:\/\/wp.unil.ch\/archas\/wp-json\/wp\/v2\/media\/210"}],"wp:attachment":[{"href":"https:\/\/wp.unil.ch\/archas\/wp-json\/wp\/v2\/media?parent=196"}],"curies":[{"name":"wp","href":"https:\/\/api.w.org\/{rel}","templated":true}]}}