{"id":478,"date":"2018-03-05T09:44:16","date_gmt":"2018-03-05T08:44:16","guid":{"rendered":"http:\/\/wp.unil.ch\/analyse-spatiale\/?page_id=478"},"modified":"2018-03-05T10:42:32","modified_gmt":"2018-03-05T09:42:32","slug":"478-2","status":"publish","type":"page","link":"https:\/\/wp.unil.ch\/analyse-spatiale\/travaux-danciens-etudiants\/478-2\/?lang=fr","title":{"rendered":"European Patents Citations Network Explorer"},"content":{"rendered":"<p>European Patents Citations Network Explorer est une application web permettant de situer les villes d&#8217;Europe dans le paysage de l&#8217;innovation europ\u00e9en.<\/p>\n<p>En analysant la classification et les citations des brevets \u00e9mis dans chaque ville, elle permet de visualiser leur sp\u00e9cialisation et leur importance en tant que foyer innovatif.<\/p>\n<p>Elle a \u00e9t\u00e9 d\u00e9velopp\u00e9e par Romain Lacroix pour le cours donn\u00e9 par C. Kaiser \u00e0 l&#8217;UNIL.<\/p>\n\n<!-- iframe plugin v.6.0 wordpress.org\/plugins\/iframe\/ -->\n<iframe loading=\"lazy\" src=\"https:\/\/rxlacroix.github.io\/PEXP_1.1\/\" width=\"100%\" height=\"750px\" scrolling=\"yes\" class=\"iframe-class\" frameborder=\"0\"><\/iframe>\n\n<p>&nbsp;<\/p>\n<h3>De quoi parle-t-on ?<\/h3>\n<p>Pour comprendre les analyses de l&#8217;application, il faut savoir que :<\/p>\n<ul>\n<li>Lorsque une invention brevet\u00e9e s&#8217;appuie sur une autre, le brevet de la premi\u00e8re doit faire r\u00e9f\u00e9rence au brevet de la seconde. On dit alors qu&#8217;un brevet en cite un autre.<\/li>\n<li>Les brevets peuvent \u00eatre li\u00e9s \u00e0 des localisations g\u00e9ographiques, en utilisant le lieu de travail de l&#8217;inventeur qui en \u00e0 l&#8217;origine.<\/li>\n<li>Chaque brevet est class\u00e9 dans une cat\u00e9gorie technologique qui renseigne sur la nature de l&#8217;invention. Examples de cat\u00e9gories: produits pharmaceutiques, produits audiovisuels, etc.<\/li>\n<\/ul>\n<p>D\u00e8s lors, pour chaque ville, il est possible de construire :<\/p>\n<ul>\n<li>Les liens qu&#8217;elle a avec les autres villes en termes de citations entre brevets ayant \u00e9t\u00e9 invent\u00e9s dans chacune des villes : plus des brevets invent\u00e9s dans une ville citent des brevets qui ont \u00e9t\u00e9 invent\u00e9s dans une autre ville, plus le lien sera fort.<\/li>\n<li>Le profil technologique de chaque ville en regardant la repr\u00e9sentation de chaque cat\u00e9gorie technologique dans l&#8217;ensemble des brevets qui y ont \u00e9t\u00e9 invent\u00e9s.<\/li>\n<\/ul>\n<h3>Comment utiliser l&#8217;application ?<\/h3>\n<p>L&#8217;interface se divise en deux parties:<\/p>\n<ul>\n<li>La carte \u00e0 gauche, o\u00f9 chaque cercle repr\u00e9sente une ville. La taille et la couleur du cercle repr\u00e9sentent le nombre de brevets qui ont \u00e9t\u00e9 \u00e9mis dans la ville.<br \/>\nEn pointant une ville, on peut voir toutes villes qui y sont li\u00e9es par les liens de citations.<\/li>\n<li>\u00c0 droite, en cliquant sur une ville :\n<ul>\n<li>On peut visualiser des liens plus ou moins forts entre la ville s\u00e9lectionn\u00e9e ou les autres. Ces liens repr\u00e9sentent la part de chaque ville parmi touts les liens de citation de brevets.<\/li>\n<li>Un histogramme des fr\u00e9quences en fonction de la cat\u00e9gorie technologique des brevets \u00e9mis dans la ville s\u00e9lectionn\u00e9e.<\/li>\n<\/ul>\n<\/li>\n<\/ul>\n<h3>Public cible<\/h3>\n<p>L&#8217;approche par r\u00e9seaux de cette application fait qu&#8217;elle convient particuli\u00e8rement \u00e0 ceux qui s&#8217;int\u00e9ressent \u00e0 la position relationnelle des acteurs impliqu\u00e9s dans la g\u00e9n\u00e9ration des flux de connaissance. Elle peut s&#8217;adresser tout particuli\u00e8rement aux :<\/p>\n<p>Branches institutionnelles du d\u00e9veloppement territorial et \u00e9conomique (agences de d\u00e9veloppement, chambres de commerce),<br \/>\nCabinets de conseil \u00e0 l&#8217;implantation industrielle,<br \/>\nEt en g\u00e9n\u00e9ral tous les acteurs \u00e9conomiques dont les activit\u00e9s industrielles de propri\u00e9t\u00e9 intellectuelle sont importantes.<\/p>\n<p>Plus d&#8217;informations \u00e0 propos de European Patents Citations Network Explorer<\/p>\n<p>Vous pouvez utiliser l&#8217;application sur <a href=\"https:\/\/rxlacroix.github.io\/PEXP_1.1\/\">https:\/\/rxlacroix.github.io\/PEXP_1.1\/<\/a>.<\/p>\n<p>Pour avoir plus d&#8217;information sur l&#8217;application, vous pouvez visiter <a href=\"https:\/\/github.com\/rxlacroix\/PEXP_1.1\">la page github du travail<\/a>.<\/p>\n","protected":false},"excerpt":{"rendered":"<p>European Patents Citations Network Explorer est une application web permettant de situer les villes d&#8217;Europe dans le paysage de l&#8217;innovation europ\u00e9en. En analysant la classification et les citations des brevets \u00e9mis dans chaque ville,&#46;&#46;&#46;<\/p>\n","protected":false},"author":1001667,"featured_media":0,"parent":173,"menu_order":0,"comment_status":"closed","ping_status":"closed","template":"","meta":{"_seopress_robots_primary_cat":"","_seopress_titles_title":"","_seopress_titles_desc":"","_seopress_robots_index":"","footnotes":""},"class_list":["post-478","page","type-page","status-publish"],"_links":{"self":[{"href":"https:\/\/wp.unil.ch\/analyse-spatiale\/wp-json\/wp\/v2\/pages\/478","targetHints":{"allow":["GET"]}}],"collection":[{"href":"https:\/\/wp.unil.ch\/analyse-spatiale\/wp-json\/wp\/v2\/pages"}],"about":[{"href":"https:\/\/wp.unil.ch\/analyse-spatiale\/wp-json\/wp\/v2\/types\/page"}],"author":[{"embeddable":true,"href":"https:\/\/wp.unil.ch\/analyse-spatiale\/wp-json\/wp\/v2\/users\/1001667"}],"replies":[{"embeddable":true,"href":"https:\/\/wp.unil.ch\/analyse-spatiale\/wp-json\/wp\/v2\/comments?post=478"}],"version-history":[{"count":0,"href":"https:\/\/wp.unil.ch\/analyse-spatiale\/wp-json\/wp\/v2\/pages\/478\/revisions"}],"up":[{"embeddable":true,"href":"https:\/\/wp.unil.ch\/analyse-spatiale\/wp-json\/wp\/v2\/pages\/173"}],"wp:attachment":[{"href":"https:\/\/wp.unil.ch\/analyse-spatiale\/wp-json\/wp\/v2\/media?parent=478"}],"curies":[{"name":"wp","href":"https:\/\/api.w.org\/{rel}","templated":true}]}}