{"id":396,"date":"2018-01-30T17:15:23","date_gmt":"2018-01-30T16:15:23","guid":{"rendered":"http:\/\/wp.unil.ch\/analyse-spatiale\/former-students-profiles\/vincent-klaus\/"},"modified":"2018-02-28T21:33:40","modified_gmt":"2018-02-28T20:33:40","slug":"vincent-klaus","status":"publish","type":"page","link":"https:\/\/wp.unil.ch\/analyse-spatiale\/former-students-profiles\/vincent-klaus\/","title":{"rendered":"Vincent Klaus"},"content":{"rendered":"<div class=\"PlainText\">\n<div>\n<div class=\"PlainText\">\n<div class=\"PlainText\"><span style=\"color: #000000\"><img alt=\"\" loading=\"lazy\" decoding=\"async\" class=\"size-full wp-image-390 alignright\" src=\"https:\/\/wp.unil.ch\/analyse-spatiale\/files\/2018\/01\/Vincent-Klaus.jpeg\" alt=\"\" width=\"306\" height=\"306\" srcset=\"https:\/\/wp.unil.ch\/analyse-spatiale\/files\/2018\/01\/Vincent-Klaus.jpeg 306w, https:\/\/wp.unil.ch\/analyse-spatiale\/files\/2018\/01\/Vincent-Klaus-150x150.jpeg 150w, https:\/\/wp.unil.ch\/analyse-spatiale\/files\/2018\/01\/Vincent-Klaus-160x160.jpeg 160w, https:\/\/wp.unil.ch\/analyse-spatiale\/files\/2018\/01\/Vincent-Klaus-320x320.jpeg 320w\" sizes=\"auto, (max-width: 306px) 100vw, 306px\" \/><\/span><\/div>\n<\/div>\n<\/div>\n<\/div>\n<div><strong><span style=\"color: #000000\"><span id=\"result_box\" class=\"\" lang=\"en\"><span title=\"Quel a \u00e9t\u00e9 votre parcours acad\u00e9mique? \u00a0\u00a0\u00a0\u00a0\">What is your academic background?<\/span><\/span><\/span><\/strong><\/div>\n<div>\n<div class=\"PlainText\">\n<ul>\n<li><span style=\"color: #000000\"><span id=\"result_box\" class=\"\" lang=\"en\"><span title=\"Bachelor en g\u00e9ographie humaine \u00e0 l'UNIL (2008-2011) \u00a0\u00a0\u00a0\u00a0\">Bachelor in Human Geography at UNIL (2008-2011)<\/span><\/span><\/span><\/li>\n<li><span style=\"color: #000000\"><span id=\"result_box\" class=\"\" lang=\"en\"><span title=\"Master en \u00e9tudes urbaines \u00e0 l'UNIL (2011-2013) \u00a0\u00a0\u00a0\u00a0\">Master in Urban Studies at UNIL (2011-2013)<\/span><\/span><\/span><\/li>\n<li><span style=\"color: #000000\"><span id=\"result_box\" class=\"\" lang=\"en\"><span title=\"Formation compl\u00e9mentaire : CAS en expertise \u00e9conomique de l'immobilier \u00e0 l'EPFL organis\u00e9 par le professeur Thalmann (2016-2017) \">Additional training: CAS in real estate economic expertise at EPFL organized by Professor Thalmann (2016-2017)<\/span><\/span><\/span><\/li>\n<\/ul>\n<p><span style=\"color: #000000\"><span id=\"result_box\" class=\"\" lang=\"en\"><strong><span title=\"Quel a \u00e9t\u00e9 votre parcours professionnel jusqu\u2019\u00e0 maintenant, et avez-vous des projets pour l\u2019avenir?\">What has been your career path so far, and what are your plans for the future? <\/span><\/strong><span title=\"Pourquoi avez-vous choisi ce parcours-l\u00e0? \u00a0\u00a0\u00a0\u00a0\"><strong>Why did you choose this path?<\/strong><br \/>\n<\/span><\/span><\/span><\/p>\n<ul>\n<li><span style=\"color: #000000\"><span id=\"result_box\" class=\"\" lang=\"en\"><span title=\"etc.) et pour aborder une recherche d'emploi par la suite. \u00a0\u00a0\u00a0\u00a0\"><span title=\"Apr\u00e8s le Master : service civil au sein du service de l'am\u00e9nagement du territoire du canton de Vaud, exp\u00e9rience id\u00e9ale pour aborder des sujets concrets et faciliter la recherche d\u2019emploi apr\u00e8s les \u00e9tudes. \u00a0\u00a0\u00a0\u00a0\">After the Master&#8217;s degree: civil service within at the spatial planning department of the canton of Vaud, ideal experience to tackle concrete subjects and facilitate the job search after studies.<\/span><\/span><\/span><\/span><\/li>\n<li><span style=\"color: #000000\"><span id=\"result_box\" class=\"\" lang=\"en\"><span title=\"Au fil du temps : sp\u00e9cialisation dans l'immobilier, cela est tr\u00e8s int\u00e9ressant pour diversifier ses savoirs et les \u00e9chelles d'analyse : territoire-quartier-immeuble. \"><span title=\"D\u00e8s 2014 : consultant chez \u00ab W\u00fcest Partner \u00bb, bureau de conseil en immobilier et en d\u00e9veloppement territorial actif dans toute la Suisse et qui dispose de bases de donn\u00e9es tr\u00e8s compl\u00e8tes sur l\u2019immobilier et le territoire. \u00a0\u00a0\u00a0\u00a0\">Since 2014: consultant at &#8220;W\u00fcest Partner&#8221;, a real estate and territorial development consultancy office active throughout Switzerland, which has comprehensive databases on real estate an land use in Switzerland.<\/span><\/span><\/span><\/span><\/li>\n<li><span style=\"color: #000000\"><span id=\"result_box\" class=\"\" lang=\"en\"><span title=\"Au fil du temps : sp\u00e9cialisation dans l'immobilier, cela est tr\u00e8s int\u00e9ressant pour diversifier ses savoirs et les \u00e9chelles d'analyse : territoire-quartier-immeuble. \"><span title=\"Puis formation continue en immobilier dans le but d'\u00e9largir mes activit\u00e9s de conseil au sein de l'entreprise. \">Then continuing education in real estate in order to extend the range of my consulting activities within the company.<\/span><\/span><\/span><\/span><\/li>\n<\/ul>\n<p><strong><span style=\"color: #000000\"><span id=\"result_box\" class=\"\" lang=\"en\"><span title=\"Quels sont les d\u00e9fis auxquels vous avez \u00e9t\u00e9 confront\u00e9s pendant votre master \u00e0 l\u2019Unil, et quelles sont, selon vous, ses qualit\u00e9s et ses d\u00e9fauts? \u00a0\u00a0\u00a0\u00a0\">What challenges did you face during your master&#8217;s degree at Unil, and what are are its qualities and flaws in your opinion?<\/span><\/span><\/span><\/strong><\/p>\n<ul>\n<li><span style=\"color: #000000\"><span id=\"result_box\" class=\"\" lang=\"en\"><span title=\"Ce travail a constitu\u00e9 une tr\u00e8s bonne carte de visite pour les premiers entretiens d'embauche. \u00a0\u00a0\u00a0\u00a0\"><span title=\"Quels sont les d\u00e9fis auxquels vous avez \u00e9t\u00e9 confront\u00e9s pendant votre master \u00e0 l\u2019Unil, et quelles sont, selon vous, ses qualit\u00e9s et ses d\u00e9fauts \u00a0\u00a0\u00a0\u00a0\">\u00a0<\/span><span title=\"Le d\u00e9fi a \u00e9t\u00e9 de cibler un sujet de m\u00e9moire int\u00e9ressant et novateur avec ma professeure, chose rendue possible par l'acc\u00e8s \u00e0 des donn\u00e9es fournies par Swisscom et qui m'ont permis de travailler sur les d\u00e9limitations des aires urbaines par les flux t\u00e9l\u00e9phoniques.\">The challenge was to find an interesting and innovative master thesis topic with my professor. This was made possible by the data Swisscom provided us with. It enabled me to work on the delimitations of urban areas using telephone flows. <\/span><span title=\"Ce travail a constitu\u00e9 d'ailleurs une tr\u00e8s bonne carte de visite lors de ma recherche d'emploi. \u00a0\u00a0\u00a0\u00a0\">This work was also a very good business card when I was looking for a job.<\/span><\/span><\/span><\/span><\/li>\n<li><span style=\"color: #000000\"><span id=\"result_box\" class=\"\" lang=\"en\"><span title=\"Defaut\/Qualit\u00e9 : les th\u00e8mes abord\u00e9s parfois assez \u00e9loign\u00e9s des probl\u00e9matiques que l'on trouve dans le monde professionnel, mais le cadre acad\u00e9mique est tr\u00e8s stimulant avec des cours \u00e0 choix dans d'autres facult\u00e9s et \u00e0 l'EPFL pour aborder d'autres th\u00e9matiques\"><span title=\"Les enseignements du Master peuvent parfois sembler un peu \u00e9loign\u00e9s des probl\u00e9matiques du monde professionnel, mais le cursus est tr\u00e8s stimulant avec des cours \u00e0 choix aussi dans d\u2019autres facult\u00e9s (HEC, EPFL), ce qui offre la possibilit\u00e9 de construire son propre parcours. \">The courses of the Master can sometimes seem a little disconnected from the problems encountered in the industry, but the curriculum is very stimulating with electives courses from other faculties (HEC, EPFL), which offers the opportunity to build a customized curriculum.<\/span><\/span><\/span><\/span><\/li>\n<\/ul>\n<p><span style=\"color: #000000\"><span id=\"result_box\" class=\"\" lang=\"en\"><strong><span title=\"En quoi votre formation de master \u00e0 l'Unil, et plus particuli\u00e8rement l\u2019orientation \u00ab analyse spatiale \u00bb, a \u00e9t\u00e9 utile lors de votre exp\u00e9rience dans le monde professionnel? \">In what way does your master training at the Unil, and more specifically the &#8220;spatial analysis&#8221; orientation, have been useful during your experience in the professional world?<\/span><\/strong><\/span><\/span><\/p>\n<ul>\n<li><span id=\"result_box\" class=\"\" lang=\"en\"><span title=\"L'atout de la formation en g\u00e9ographie, c'est sa multidisciplinarit\u00e9.\">The advantage of a training in geography is its multidisciplinarity. <\/span><span title=\"Certains verront cela comme un point faible car le g\u00e9ographe n'est pas destin\u00e9 \u00e0 un emploi pr\u00e9cis \u00e0 la fin du Master, mais l'avantage c'est que cela permet de laisser les portes grandes ouvertes \u00e0 la fin des \u00e9tudes. \u00a0\u00a0\u00a0\u00a0\">Some will see this as a weakness because the freshly graduated geographer is not intended for a specific job, but the advantage is that this training also leaves many doors wide open.<\/span><\/span><\/li>\n<li><span id=\"result_box\" class=\"\" lang=\"en\"><span title=\"La formation en analyse spatiale permet avant tout de se sp\u00e9cialiser dans le traitement des donn\u00e9es, les statistiques et la repr\u00e9sentation des donn\u00e9es g\u00e9ographiques.\">The training in spatial analysis primarily allows to specialize in data processing, statistics and representation of geographic data, s<\/span><span title=\"Des comp\u00e9tences qui int\u00e9ressent les employeurs et qui sont aujourd'hui tr\u00e8s recherch\u00e9es dans un contexte o\u00f9 le digital prend de l'importance dans tous les domaines.\">kills that are of interest to employers and are now highly sought after in a more and more digitized world.<br \/>\n<\/span><\/span><\/li>\n<\/ul>\n<\/div>\n<\/div>\n","protected":false},"excerpt":{"rendered":"<p>What is your academic background? Bachelor in Human Geography at UNIL (2008-2011) Master in Urban Studies at UNIL (2011-2013) Additional training: CAS in real estate economic expertise at EPFL organized by Professor Thalmann (2016-2017)&#46;&#46;&#46;<\/p>\n","protected":false},"author":1001667,"featured_media":0,"parent":153,"menu_order":0,"comment_status":"closed","ping_status":"closed","template":"","meta":{"_seopress_robots_primary_cat":"","_seopress_titles_title":"","_seopress_titles_desc":"","_seopress_robots_index":"","footnotes":""},"class_list":["post-396","page","type-page","status-publish"],"_links":{"self":[{"href":"https:\/\/wp.unil.ch\/analyse-spatiale\/wp-json\/wp\/v2\/pages\/396","targetHints":{"allow":["GET"]}}],"collection":[{"href":"https:\/\/wp.unil.ch\/analyse-spatiale\/wp-json\/wp\/v2\/pages"}],"about":[{"href":"https:\/\/wp.unil.ch\/analyse-spatiale\/wp-json\/wp\/v2\/types\/page"}],"author":[{"embeddable":true,"href":"https:\/\/wp.unil.ch\/analyse-spatiale\/wp-json\/wp\/v2\/users\/1001667"}],"replies":[{"embeddable":true,"href":"https:\/\/wp.unil.ch\/analyse-spatiale\/wp-json\/wp\/v2\/comments?post=396"}],"version-history":[{"count":0,"href":"https:\/\/wp.unil.ch\/analyse-spatiale\/wp-json\/wp\/v2\/pages\/396\/revisions"}],"up":[{"embeddable":true,"href":"https:\/\/wp.unil.ch\/analyse-spatiale\/wp-json\/wp\/v2\/pages\/153"}],"wp:attachment":[{"href":"https:\/\/wp.unil.ch\/analyse-spatiale\/wp-json\/wp\/v2\/media?parent=396"}],"curies":[{"name":"wp","href":"https:\/\/api.w.org\/{rel}","templated":true}]}}