{"id":243,"date":"2017-11-07T11:53:16","date_gmt":"2017-11-07T10:53:16","guid":{"rendered":"http:\/\/wp.unil.ch\/analyse-spatiale\/?page_id=243"},"modified":"2020-03-05T14:32:54","modified_gmt":"2020-03-05T13:32:54","slug":"tpvd-public-transportation-in-vaud","status":"publish","type":"page","link":"https:\/\/wp.unil.ch\/analyse-spatiale\/travaux-danciens-etudiants\/tpvd-public-transportation-in-vaud\/?lang=fr","title":{"rendered":"TPVD: Application de Cartographie pour les transports publics dans le canton de Vaud en Suisse"},"content":{"rendered":"<p><a href=\"https:\/\/nvlm.github.io\/\">TPVD<\/a> (Transports Publics Vaud) est un application de cartographie interactive visualisant dynamiquement le nombre d&#8217;utilisateurs potentiels de chaque arr\u00eat de bus, train et m\u00e9tro dans le canton de Vaud en Suisse.<\/p>\n<p>Elle a \u00e9t\u00e9 d\u00e9velopp\u00e9e par\u00a0Lucas Martinez et Nicolas Vallotton pour le cours\u00a0<em>Visualisation de donn\u00e9es<\/em>\u00a0donn\u00e9 par Pante \u00e0 l&#8217;UNIL.<\/p>\n<h3><strong>\n<!-- iframe plugin v.6.0 wordpress.org\/plugins\/iframe\/ -->\n<iframe loading=\"lazy\" src=\"https:\/\/roubaka.github.io\/\" width=\"100%\" height=\"500\" scrolling=\"yes\" class=\"iframe-class\" frameborder=\"0\"><\/iframe>\n<\/strong><\/h3>\n<h3>Comment utiliser l&#8217;application ?<\/h3>\n<p><a href=\"https:\/\/nvlm.github.io\/\">TPVD<\/a> est compos\u00e9e de deux parties :<\/p>\n<ul>\n<li>Une carte navigable du canton de Vaud \u00e0 gauche.<\/li>\n<li>Des curseurs et un graphique \u00e0 droite.<\/li>\n<\/ul>\n<h4>Carte<\/h4>\n<p>La carte est compos\u00e9e de trois \u00e9l\u00e9ments.<\/p>\n<ul>\n<li>Une carte open street map qui\u00a0 permet de se rep\u00e9rer g\u00e9ographiquement.<\/li>\n<li>Une <em>heat map<\/em> de la densit\u00e9 de la population, indiquant la densit\u00e9 de la population, afin de distinguer les zones dens\u00e9ment peupl\u00e9es.<\/li>\n<li>Des points repr\u00e9sentant les diff\u00e9rents arr\u00eats. Ils sont divis\u00e9s en trois cat\u00e9gories qui permettent d&#8217;appr\u00e9cier leur r\u00e9partition selon diff\u00e9rentes zones tampons circulaires.<\/li>\n<\/ul>\n<h4>Curseurs et graphique<\/h4>\n<p>Les curseurs contr\u00f4lent le rayon des zones tampons autour des arr\u00eats pour chacune des trois cat\u00e9gories.<\/p>\n<p>Lorsque l&#8217;on place le curseur sur un arr\u00eat de transport, un cercle indiquant la taille de la zone tampon, ainsi que le nom de l&#8217;arr\u00eat, et la population habitant \u00e0 l&#8217;int\u00e9rieur de la zone pr\u00e9d\u00e9finie apparaissent.<\/p>\n<p>En cliquant sur l&#8217;arr\u00eat, on g\u00e9n\u00e8re un graphique affichant le nombre d&#8217;utilisateurs potentiels en fonction du rayon de la zone tampon.<\/p>\n<h3>Public cible<\/h3>\n<p><a href=\"https:\/\/nvlm.github.io\/\">TPVD<\/a>\u00a0s&#8217;adresse principalement \u00e0 des professionnels dans le domaine des transports, de l&#8217;am\u00e9nagement du territoire ou \u00e0 des d\u00e9cideurs politiques. Ces derniers peuvent avoir besoin de croiser des donn\u00e9es sur les transports publics et de la population desservie relative \u00e0 diff\u00e9rentes distances rapidement et de mani\u00e8re simple afin d&#8217;appr\u00e9cier la desserte globale des arr\u00eats de transport dans diff\u00e9rents contextes tels que :<\/p>\n<ul>\n<li>L&#8217;analyse primaire de l&#8217;efficacit\u00e9 d&#8217;un arr\u00eat\/d&#8217;une ligne de transport public.<\/li>\n<li>La planification de nouvelles lignes pour des zones peu desservies.<\/li>\n<li>L&#8217;\u00e9valuation de l&#8217;attractivit\u00e9 de nouveaux logements par rapport \u00e0 leur desserte.<\/li>\n<\/ul>\n<h3>Plus d&#8217;informations \u00e0 propos de TPVD<\/h3>\n<p>Vous pouvez utiliser l&#8217;application sur\u00a0<a href=\"https:\/\/nvlm.github.io\/\">https:\/\/nvlm.github.io\/<\/a>.<\/p>\n<p>Pour avoir plus d&#8217;information sur l&#8217;application, vous pouvez visiter\u00a0<a href=\"https:\/\/nvlm.com\/roubaka\/TPVD\">la page github du travail<\/a>.<\/p>\n","protected":false},"excerpt":{"rendered":"<p>TPVD (Transports Publics Vaud) est un application de cartographie interactive visualisant dynamiquement le nombre d&#8217;utilisateurs potentiels de chaque arr\u00eat de bus, train et m\u00e9tro dans le canton de Vaud en Suisse. Elle a \u00e9t\u00e9&#46;&#46;&#46;<\/p>\n","protected":false},"author":1001667,"featured_media":0,"parent":173,"menu_order":0,"comment_status":"closed","ping_status":"closed","template":"","meta":{"_seopress_robots_primary_cat":"","_seopress_titles_title":"","_seopress_titles_desc":"","_seopress_robots_index":"","footnotes":""},"class_list":["post-243","page","type-page","status-publish"],"_links":{"self":[{"href":"https:\/\/wp.unil.ch\/analyse-spatiale\/wp-json\/wp\/v2\/pages\/243","targetHints":{"allow":["GET"]}}],"collection":[{"href":"https:\/\/wp.unil.ch\/analyse-spatiale\/wp-json\/wp\/v2\/pages"}],"about":[{"href":"https:\/\/wp.unil.ch\/analyse-spatiale\/wp-json\/wp\/v2\/types\/page"}],"author":[{"embeddable":true,"href":"https:\/\/wp.unil.ch\/analyse-spatiale\/wp-json\/wp\/v2\/users\/1001667"}],"replies":[{"embeddable":true,"href":"https:\/\/wp.unil.ch\/analyse-spatiale\/wp-json\/wp\/v2\/comments?post=243"}],"version-history":[{"count":0,"href":"https:\/\/wp.unil.ch\/analyse-spatiale\/wp-json\/wp\/v2\/pages\/243\/revisions"}],"up":[{"embeddable":true,"href":"https:\/\/wp.unil.ch\/analyse-spatiale\/wp-json\/wp\/v2\/pages\/173"}],"wp:attachment":[{"href":"https:\/\/wp.unil.ch\/analyse-spatiale\/wp-json\/wp\/v2\/media?parent=243"}],"curies":[{"name":"wp","href":"https:\/\/api.w.org\/{rel}","templated":true}]}}