{"id":179,"date":"2017-11-06T17:11:22","date_gmt":"2017-11-06T16:11:22","guid":{"rendered":"http:\/\/wp.unil.ch\/analyse-spatiale\/?page_id=179"},"modified":"2020-03-05T14:31:36","modified_gmt":"2020-03-05T13:31:36","slug":"contact","status":"publish","type":"page","link":"https:\/\/wp.unil.ch\/analyse-spatiale\/contact\/?lang=fr","title":{"rendered":"Contact"},"content":{"rendered":"<p>Pour tout renseignement suppl\u00e9mentaire, nous vous invitons \u00e0 contacter la responsable de la sp\u00e9cialisation du master :<\/p>\n<p>&nbsp;<\/p>\n<p>Prof. C\u00e9line Rozenblat<\/p>\n<p>Quartier UNIL-Mouline<br \/>\nB\u00e2timent G\u00e9opolis<br \/>\nBureau : 3614<br \/>\nCH-1015 Lausanne<\/p>\n<p>celine.rozenblat@unil.ch<\/p>\n<p>&nbsp;<\/p>\n<p>Nous souhaitons \u00e9galement attirer votre attention sur le fait que certaines informations compl\u00e9mentaires et les documents officiels concernant la sp\u00e9cialisation du master se trouvent sur le site de l&#8217;Universit\u00e9 de Lausanne :<\/p>\n<p><a href=\"https:\/\/www.unil.ch\/mastergeographie\/home.html\">https:\/\/www.unil.ch\/mastergeographie\/home.html<\/a><\/p>\n<p>Vous trouverez aussi ici les informations sur les conditions et proc\u00e9dures d&#8217;inscription :<\/p>\n<p><a href=\"https:\/\/www.unil.ch\/mastergeographie\/home\/menuinst\/futures-etudiantes.html\">https:\/\/www.unil.ch\/mastergeographie\/home\/menuinst\/futures-etudiantes.html<\/a><\/p>\n","protected":false},"excerpt":{"rendered":"<p>Pour tout renseignement suppl\u00e9mentaire, nous vous invitons \u00e0 contacter la responsable de la sp\u00e9cialisation du master : &nbsp; Prof. C\u00e9line Rozenblat Quartier UNIL-Mouline B\u00e2timent G\u00e9opolis Bureau : 3614 CH-1015 Lausanne celine.rozenblat@unil.ch &nbsp; Nous souhaitons&#46;&#46;&#46;<\/p>\n","protected":false},"author":1001667,"featured_media":0,"parent":0,"menu_order":6,"comment_status":"closed","ping_status":"closed","template":"","meta":{"_seopress_robots_primary_cat":"","_seopress_titles_title":"","_seopress_titles_desc":"","_seopress_robots_index":"","footnotes":""},"class_list":["post-179","page","type-page","status-publish"],"_links":{"self":[{"href":"https:\/\/wp.unil.ch\/analyse-spatiale\/wp-json\/wp\/v2\/pages\/179","targetHints":{"allow":["GET"]}}],"collection":[{"href":"https:\/\/wp.unil.ch\/analyse-spatiale\/wp-json\/wp\/v2\/pages"}],"about":[{"href":"https:\/\/wp.unil.ch\/analyse-spatiale\/wp-json\/wp\/v2\/types\/page"}],"author":[{"embeddable":true,"href":"https:\/\/wp.unil.ch\/analyse-spatiale\/wp-json\/wp\/v2\/users\/1001667"}],"replies":[{"embeddable":true,"href":"https:\/\/wp.unil.ch\/analyse-spatiale\/wp-json\/wp\/v2\/comments?post=179"}],"version-history":[{"count":0,"href":"https:\/\/wp.unil.ch\/analyse-spatiale\/wp-json\/wp\/v2\/pages\/179\/revisions"}],"wp:attachment":[{"href":"https:\/\/wp.unil.ch\/analyse-spatiale\/wp-json\/wp\/v2\/media?parent=179"}],"curies":[{"name":"wp","href":"https:\/\/api.w.org\/{rel}","templated":true}]}}