{"id":173,"date":"2017-11-06T17:09:08","date_gmt":"2017-11-06T16:09:08","guid":{"rendered":"http:\/\/wp.unil.ch\/analyse-spatiale\/?page_id=173"},"modified":"2020-03-05T14:35:38","modified_gmt":"2020-03-05T13:35:38","slug":"travaux-danciens-etudiants","status":"publish","type":"page","link":"https:\/\/wp.unil.ch\/analyse-spatiale\/travaux-danciens-etudiants\/?lang=fr","title":{"rendered":"Travaux d&#8217;anciens \u00e9tudiants"},"content":{"rendered":"<ul>\n<li>\n<h3><a href=\"https:\/\/wp.unil.ch\/analyse-spatiale\/students-work-samples\/tpvd-public-transportation-in-vaud\/\">TPVD (Transport Public Vaud) par Lucas Martinez and Nicolas Vallotton :<\/a><\/h3>\n<p>TPVD (Transport Public Vaud) est une application de cartographie interactive qui permet de visualiser de fa\u00e7on dynamique le nombre d&#8217;utilisateurs potentiels d&#8217;arr\u00eats de bus, train et m\u00e9tro dans le canton de Vaud en Suisse.<\/p>\n<p><img loading=\"lazy\" decoding=\"async\" class=\"alignnone\" src=\"https:\/\/raw.githubusercontent.com\/roubaka\/TPVD\/master\/img\/Screen_whole.png\" width=\"654\" height=\"314\" \/><\/li>\n<li>\n<h3><a href=\"https:\/\/wp.unil.ch\/analyse-spatiale\/students-work-samples\/geoview-spatial-statistics-about-education-in-ecuador\/\">Geoview\u00a0par Daniela Marino Castro et Fatima Ezzahra Barik :<\/a><\/h3>\n<p>L&#8217;objectif de ce projet est d&#8217;impl\u00e9menter des m\u00e9thodes de visualisation de donn\u00e9es g\u00e9ographiques, afin d&#8217;illustrer un enjeu socio-spacial donn\u00e9. Dans ce projet il s&#8217;agit du cas de l&#8217;\u00e9ducation en \u00e9quateur, qui est trait\u00e9 \u00e0 l&#8217;aide de cartes interactives.<\/p>\n<p><img alt=\"\" loading=\"lazy\" decoding=\"async\" class=\"wp-image-252 alignnone\" src=\"https:\/\/wp.unil.ch\/analyse-spatiale\/files\/2017\/11\/Interface.jpg\" alt=\"\" width=\"653\" height=\"333\" \/><\/li>\n<li>\n<h3><a href=\"https:\/\/wp.unil.ch\/analyse-spatiale\/travaux-danciens-etudiants\/478-2\/?lang=fr\">European Patents Citations Network Explorer par Romain Lacroix :<\/a><\/h3>\n<p>European Patents Citations Network Explorer est une application web permettant de situer les villes d&#8217;Europe dans le paysage de l&#8217;innovation europ\u00e9en.<\/p>\n<p><img alt=\"\" loading=\"lazy\" decoding=\"async\" class=\"alignnone size-medium wp-image-480\" src=\"https:\/\/wp.unil.ch\/analyse-spatiale\/files\/2018\/03\/Screen-Shot-2018-03-05-at-09.46.12-600x418.png\" alt=\"\" width=\"600\" height=\"418\" srcset=\"https:\/\/wp.unil.ch\/analyse-spatiale\/files\/2018\/03\/Screen-Shot-2018-03-05-at-09.46.12-600x418.png 600w, https:\/\/wp.unil.ch\/analyse-spatiale\/files\/2018\/03\/Screen-Shot-2018-03-05-at-09.46.12-768x535.png 768w, https:\/\/wp.unil.ch\/analyse-spatiale\/files\/2018\/03\/Screen-Shot-2018-03-05-at-09.46.12-1024x713.png 1024w, https:\/\/wp.unil.ch\/analyse-spatiale\/files\/2018\/03\/Screen-Shot-2018-03-05-at-09.46.12.png 1214w\" sizes=\"auto, (max-width: 600px) 100vw, 600px\" \/><\/li>\n<\/ul>\n","protected":false},"excerpt":{"rendered":"<p>TPVD (Transport Public Vaud) par Lucas Martinez and Nicolas Vallotton : TPVD (Transport Public Vaud) est une application de cartographie interactive qui permet de visualiser de fa\u00e7on dynamique le nombre d&#8217;utilisateurs potentiels d&#8217;arr\u00eats de&#46;&#46;&#46;<\/p>\n","protected":false},"author":1001667,"featured_media":0,"parent":0,"menu_order":3,"comment_status":"closed","ping_status":"closed","template":"","meta":{"_seopress_robots_primary_cat":"","_seopress_titles_title":"","_seopress_titles_desc":"","_seopress_robots_index":"","footnotes":""},"class_list":["post-173","page","type-page","status-publish"],"_links":{"self":[{"href":"https:\/\/wp.unil.ch\/analyse-spatiale\/wp-json\/wp\/v2\/pages\/173","targetHints":{"allow":["GET"]}}],"collection":[{"href":"https:\/\/wp.unil.ch\/analyse-spatiale\/wp-json\/wp\/v2\/pages"}],"about":[{"href":"https:\/\/wp.unil.ch\/analyse-spatiale\/wp-json\/wp\/v2\/types\/page"}],"author":[{"embeddable":true,"href":"https:\/\/wp.unil.ch\/analyse-spatiale\/wp-json\/wp\/v2\/users\/1001667"}],"replies":[{"embeddable":true,"href":"https:\/\/wp.unil.ch\/analyse-spatiale\/wp-json\/wp\/v2\/comments?post=173"}],"version-history":[{"count":0,"href":"https:\/\/wp.unil.ch\/analyse-spatiale\/wp-json\/wp\/v2\/pages\/173\/revisions"}],"wp:attachment":[{"href":"https:\/\/wp.unil.ch\/analyse-spatiale\/wp-json\/wp\/v2\/media?parent=173"}],"curies":[{"name":"wp","href":"https:\/\/api.w.org\/{rel}","templated":true}]}}