{"id":171,"date":"2017-11-06T17:08:35","date_gmt":"2017-11-06T16:08:35","guid":{"rendered":"http:\/\/wp.unil.ch\/analyse-spatiale\/?page_id=171"},"modified":"2018-01-10T18:01:27","modified_gmt":"2018-01-10T17:01:27","slug":"enseignants","status":"publish","type":"page","link":"https:\/\/wp.unil.ch\/analyse-spatiale\/enseignants\/?lang=fr","title":{"rendered":"Enseignants"},"content":{"rendered":"<p>Les enseignants rattach\u00e9s \u00e0 la sp\u00e9cialisation Analyse Spatiale du master sont membres du groupe de recherche <a href=\"https:\/\/www.unil.ch\/igd\/home\/menuinst\/la-recherche\/information-geographique.html\"><em>Sciences de l&#8217;Information G\u00e9ographique<\/em><\/a>\u00a0qui fait partie de l&#8217;<a href=\"https:\/\/www.unil.ch\/igd\/fr\/home.html\">Institut de G\u00e9ographie et Durabilit\u00e9 de l&#8217;UNIL<\/a>.<\/p>\n<p><img loading=\"lazy\" decoding=\"async\" class=\"size-full alignleft\" src=\"https:\/\/www.unil.ch\/igd\/files\/live\/sites\/igd\/files\/shared\/photos\/FBavaud.jpg\" width=\"100\" height=\"115\" \/><a href=\"https:\/\/igd.unil.ch\/fbavaud\/fr\/recherche\/\">Dr Fran\u00e7ois Bavaud<\/a><br \/>\nProfesseur associ\u00e9<br \/>\n<strong><span class=\"textecouleur\"><br \/>\nSp\u00e9cialisations et domaines de recherche<\/span><\/strong><br \/>\nMod\u00e9lisation des flux et autocorr\u00e9lation spatiale. Visualisation, clustering et navigation dans des r\u00e9seaux pond\u00e9r\u00e9s. Th\u00e9orie de l\u2019information<\/p>\n<p><img loading=\"lazy\" decoding=\"async\" class=\"alignleft size-full\" src=\"https:\/\/www.unil.ch\/igd\/files\/live\/sites\/igd\/files\/shared\/photos\/CKaiser.jpg\" width=\"100\" height=\"115\" \/><\/p>\n<p><a href=\"https:\/\/igd.unil.ch\/ckaiser\/\">Dr Christian Kaiser<br \/>\n<\/a>Ma\u00eetre d&#8217;enseignement et de recherche<br \/>\n<span class=\"textecouleur\"><strong><br \/>\nSp\u00e9cialisations et domaines de recherche<\/strong><\/span><br \/>\nG\u00e9ovisualisation, analyse spatiale, g\u00e9o-informatique, bases de donn\u00e9es spatiales, mod\u00e9lisation et simulation socio-\u00e9conomique<\/p>\n<p><img loading=\"lazy\" decoding=\"async\" class=\"size-full alignleft\" src=\"https:\/\/www.unil.ch\/igd\/files\/live\/sites\/igd\/files\/shared\/photos\/CRozenblat_14.jpg\" width=\"100\" height=\"115\" \/><a href=\"https:\/\/www.unil.ch\/unisciences\/celinerozenblat\">Dr C\u00e9line Rozenblat<\/a><br \/>\nProfesseure associ\u00e9e<br \/>\n<strong><span class=\"textecouleur\"><br \/>\nSp\u00e9cialisations et domaines de recherche<\/span><\/strong><br \/>\nAnalyse des syst\u00e8mes de villes et des r\u00e9seaux dans la mondialisation<\/p>\n","protected":false},"excerpt":{"rendered":"<p>Les enseignants rattach\u00e9s \u00e0 la sp\u00e9cialisation Analyse Spatiale du master sont membres du groupe de recherche Sciences de l&#8217;Information G\u00e9ographique\u00a0qui fait partie de l&#8217;Institut de G\u00e9ographie et Durabilit\u00e9 de l&#8217;UNIL. Dr Fran\u00e7ois Bavaud Professeur&#46;&#46;&#46;<\/p>\n","protected":false},"author":1001667,"featured_media":0,"parent":0,"menu_order":2,"comment_status":"closed","ping_status":"closed","template":"","meta":{"_seopress_robots_primary_cat":"","_seopress_titles_title":"","_seopress_titles_desc":"","_seopress_robots_index":"","footnotes":""},"class_list":["post-171","page","type-page","status-publish"],"_links":{"self":[{"href":"https:\/\/wp.unil.ch\/analyse-spatiale\/wp-json\/wp\/v2\/pages\/171","targetHints":{"allow":["GET"]}}],"collection":[{"href":"https:\/\/wp.unil.ch\/analyse-spatiale\/wp-json\/wp\/v2\/pages"}],"about":[{"href":"https:\/\/wp.unil.ch\/analyse-spatiale\/wp-json\/wp\/v2\/types\/page"}],"author":[{"embeddable":true,"href":"https:\/\/wp.unil.ch\/analyse-spatiale\/wp-json\/wp\/v2\/users\/1001667"}],"replies":[{"embeddable":true,"href":"https:\/\/wp.unil.ch\/analyse-spatiale\/wp-json\/wp\/v2\/comments?post=171"}],"version-history":[{"count":0,"href":"https:\/\/wp.unil.ch\/analyse-spatiale\/wp-json\/wp\/v2\/pages\/171\/revisions"}],"wp:attachment":[{"href":"https:\/\/wp.unil.ch\/analyse-spatiale\/wp-json\/wp\/v2\/media?parent=171"}],"curies":[{"name":"wp","href":"https:\/\/api.w.org\/{rel}","templated":true}]}}