{"id":169,"date":"2017-11-06T17:07:57","date_gmt":"2017-11-06T16:07:57","guid":{"rendered":"http:\/\/wp.unil.ch\/analyse-spatiale\/?page_id=169"},"modified":"2018-02-28T21:09:27","modified_gmt":"2018-02-28T20:09:27","slug":"accueil","status":"publish","type":"page","link":"https:\/\/wp.unil.ch\/analyse-spatiale\/accueil\/?lang=fr","title":{"rendered":"Accueil"},"content":{"rendered":"<p>Ce site a pour objectif de vous pr\u00e9senter les activit\u00e9s d&#8217;enseignement li\u00e9es \u00e0 l&#8217;analyse spatiale \u00e0 l&#8217;Universit\u00e9 de Lausanne.<br \/>\nIl a pour principal sujet la sp\u00e9cialisation <em>Analyse Spatiale\u00a0<\/em>du master en g\u00e9ographie de l&#8217;Universit\u00e9 de lausanne.<\/p>\n<p>Vous pourrez donc trouver ici plus d&#8217;information concernant la sp\u00e9cialisation tel que des exemples de travaux faits en son cadre, le cursus d\u00e9taill\u00e9, les enseignants qui y sont rattach\u00e9s, etc.<\/p>\n<h2>\u00c0 propos de la sp\u00e9cialisation<\/h2>\n<div>\n<div class=\"content\">\n<div>\n<p class=\"\"><span class=\"\">La sp\u00e9cialisation \u00ab <strong class=\"\">Analyse spatiale et syst\u00e8mes complexes<\/strong> \u00bb\u00a0 du master de g\u00e9ographie de l\u2019Universit\u00e9 de Lausanne est une formation unique en Suisse romande.\u00a0<\/span><\/p>\n<p class=\"\"><span class=\"\">Elle offre des outils conceptuels et m\u00e9thodologiques pour \u00e9laborer des strat\u00e9gies de gouvernance territoriale mettant l\u2019accent sur les interactions entre plusieurs groupes d\u2019acteurs intervenant \u00e0 diff\u00e9rentes \u00e9chelles g\u00e9ographiques. La ma\u00eetrise des concepts et des outils est coupl\u00e9e avec l\u2019\u00e9laboration d\u2019approches strat\u00e9giques et innovantes. Les \u00e9tudiants pourront y acqu\u00e9rir une solide formation de construction, de traitement, d\u2019analyse et de repr\u00e9sentation de l\u2019information g\u00e9ographique quantitative et qualitative, notamment \u00e0 travers les SIG, les analyses de r\u00e9seaux sociaux, les simulations, la construction et l\u2019analyse des Big Data.<\/span><\/p>\n<div class=\"\">\n<p class=\"\"><span class=\"\">Elle vise \u00e0 former des cadres des secteurs publics ou priv\u00e9s, capables de concevoir et d\u00e9velopper des \u00e9tudes et des visualisations communicantes s\u2019appuyant sur la mod\u00e9lisation spatiale :<\/span><\/p>\n<ul>\n<li class=\"\"><span class=\"\">Des responsables d\u2019\u00e9tudes statistiques et de mod\u00e9lisation pour les collectivit\u00e9s territoriales ou les entreprises.<\/span><\/li>\n<li class=\"\"><span class=\"\">Des sp\u00e9cialistes de l\u2019analyse spatiale et des syst\u00e8mes complexes capables d\u2019imaginer \u00e0 l\u2019avenir de nouvelles sources de donn\u00e9es, de traitements et de repr\u00e9sentation.<\/span><\/li>\n<\/ul>\n<\/div>\n<\/div>\n<\/div>\n<\/div>\n<p><span class=\"\">Cette orientation de master est destin\u00e9e \u00e0 tout \u00e9tudiant d\u00e9tenteur d\u2019un bachelor en g\u00e9osciences, de g\u00e9ographie, de sciences sociales, sciences naturelles, environnement, physique, math\u00e9matiques ou \u00e9quivalent.<br \/>\n<\/span><\/p>\n","protected":false},"excerpt":{"rendered":"<p>Ce site a pour objectif de vous pr\u00e9senter les activit\u00e9s d&#8217;enseignement li\u00e9es \u00e0 l&#8217;analyse spatiale \u00e0 l&#8217;Universit\u00e9 de Lausanne. Il a pour principal sujet la sp\u00e9cialisation Analyse Spatiale\u00a0du master en g\u00e9ographie de l&#8217;Universit\u00e9 de&#46;&#46;&#46;<\/p>\n","protected":false},"author":1001667,"featured_media":0,"parent":0,"menu_order":1,"comment_status":"closed","ping_status":"closed","template":"","meta":{"_seopress_robots_primary_cat":"","_seopress_titles_title":"","_seopress_titles_desc":"","_seopress_robots_index":"","footnotes":""},"class_list":["post-169","page","type-page","status-publish"],"_links":{"self":[{"href":"https:\/\/wp.unil.ch\/analyse-spatiale\/wp-json\/wp\/v2\/pages\/169","targetHints":{"allow":["GET"]}}],"collection":[{"href":"https:\/\/wp.unil.ch\/analyse-spatiale\/wp-json\/wp\/v2\/pages"}],"about":[{"href":"https:\/\/wp.unil.ch\/analyse-spatiale\/wp-json\/wp\/v2\/types\/page"}],"author":[{"embeddable":true,"href":"https:\/\/wp.unil.ch\/analyse-spatiale\/wp-json\/wp\/v2\/users\/1001667"}],"replies":[{"embeddable":true,"href":"https:\/\/wp.unil.ch\/analyse-spatiale\/wp-json\/wp\/v2\/comments?post=169"}],"version-history":[{"count":0,"href":"https:\/\/wp.unil.ch\/analyse-spatiale\/wp-json\/wp\/v2\/pages\/169\/revisions"}],"wp:attachment":[{"href":"https:\/\/wp.unil.ch\/analyse-spatiale\/wp-json\/wp\/v2\/media?parent=169"}],"curies":[{"name":"wp","href":"https:\/\/api.w.org\/{rel}","templated":true}]}}