{"id":159,"date":"2017-11-06T16:24:41","date_gmt":"2017-11-06T15:24:41","guid":{"rendered":"http:\/\/wp.unil.ch\/analyse-spatiale\/?page_id=159"},"modified":"2020-03-05T14:31:06","modified_gmt":"2020-03-05T13:31:06","slug":"contact","status":"publish","type":"page","link":"https:\/\/wp.unil.ch\/analyse-spatiale\/contact\/","title":{"rendered":"Contact"},"content":{"rendered":"<p>For any further information, you can contact the professor in charge of the masters specialization :<\/p>\n<p>&nbsp;<\/p>\n<p>Prof. C\u00e9line Rozenblat<\/p>\n<p>Quartier UNIL-Mouline<br \/>\nB\u00e2timent G\u00e9opolis<br \/>\nBureau : 3614<br \/>\nCH-1015 Lausanne<\/p>\n<p>celine.rozenblat@unil.ch<\/p>\n<p>&nbsp;<\/p>\n<p>We also would like to inform you that some complementary information as well as the official documents about the masters specialization can be found on the website of the University of Lausanne:<\/p>\n<p><a href=\"https:\/\/www.unil.ch\/mastergeographie\/home\/menuinst\/futures-etudiantes\/future-students.html\">https:\/\/www.unil.ch\/mastergeographie\/home\/menuinst\/futures-etudiantes\/future-students.html<\/a><\/p>\n","protected":false},"excerpt":{"rendered":"<p>For any further information, you can contact the professor in charge of the masters specialization : &nbsp; Prof. C\u00e9line Rozenblat Quartier UNIL-Mouline B\u00e2timent G\u00e9opolis Bureau : 3614 CH-1015 Lausanne celine.rozenblat@unil.ch &nbsp; We also would&#46;&#46;&#46;<\/p>\n","protected":false},"author":1001667,"featured_media":0,"parent":0,"menu_order":6,"comment_status":"closed","ping_status":"closed","template":"","meta":{"_seopress_robots_primary_cat":"","_seopress_titles_title":"","_seopress_titles_desc":"","_seopress_robots_index":"","footnotes":""},"class_list":["post-159","page","type-page","status-publish"],"_links":{"self":[{"href":"https:\/\/wp.unil.ch\/analyse-spatiale\/wp-json\/wp\/v2\/pages\/159","targetHints":{"allow":["GET"]}}],"collection":[{"href":"https:\/\/wp.unil.ch\/analyse-spatiale\/wp-json\/wp\/v2\/pages"}],"about":[{"href":"https:\/\/wp.unil.ch\/analyse-spatiale\/wp-json\/wp\/v2\/types\/page"}],"author":[{"embeddable":true,"href":"https:\/\/wp.unil.ch\/analyse-spatiale\/wp-json\/wp\/v2\/users\/1001667"}],"replies":[{"embeddable":true,"href":"https:\/\/wp.unil.ch\/analyse-spatiale\/wp-json\/wp\/v2\/comments?post=159"}],"version-history":[{"count":0,"href":"https:\/\/wp.unil.ch\/analyse-spatiale\/wp-json\/wp\/v2\/pages\/159\/revisions"}],"wp:attachment":[{"href":"https:\/\/wp.unil.ch\/analyse-spatiale\/wp-json\/wp\/v2\/media?parent=159"}],"curies":[{"name":"wp","href":"https:\/\/api.w.org\/{rel}","templated":true}]}}