{"id":153,"date":"2017-11-06T16:20:35","date_gmt":"2017-11-06T15:20:35","guid":{"rendered":"http:\/\/wp.unil.ch\/analyse-spatiale\/?page_id=153"},"modified":"2018-02-28T21:36:35","modified_gmt":"2018-02-28T20:36:35","slug":"former-students-profiles","status":"publish","type":"page","link":"https:\/\/wp.unil.ch\/analyse-spatiale\/former-students-profiles\/","title":{"rendered":"Former students profiles"},"content":{"rendered":"<p>We asked the graduates of the masters in geography of UNIL &#8211; spatial analysis orientation, to give us their feedback on their training taking into account<br \/>\ntheir professional experience.<\/p>\n<h4><a href=\"https:\/\/wp.unil.ch\/analyse-spatiale\/romain-lacroix\/\"><img alt=\"\" loading=\"lazy\" decoding=\"async\" class=\"size-thumbnail wp-image-403 alignleft\" src=\"https:\/\/wp.unil.ch\/analyse-spatiale\/files\/2018\/01\/Romain-Lacroix-150x150.png\" alt=\"\" width=\"150\" height=\"150\" srcset=\"https:\/\/wp.unil.ch\/analyse-spatiale\/files\/2018\/01\/Romain-Lacroix-150x150.png 150w, https:\/\/wp.unil.ch\/analyse-spatiale\/files\/2018\/01\/Romain-Lacroix-160x160.png 160w, https:\/\/wp.unil.ch\/analyse-spatiale\/files\/2018\/01\/Romain-Lacroix-320x320.png 320w\" sizes=\"auto, (max-width: 150px) 100vw, 150px\" \/><\/a><a href=\"https:\/\/wp.unil.ch\/analyse-spatiale\/romain-lacroix\/\">Romain Lacroix<\/a><\/h4>\n<p><strong>&#8220;<span title=\"Le master permet d\u2019ouvrir un tr\u00e8s grand nombre de portes et de pouvoir travailler sur les sujets les plus vari\u00e9s.\">The masters allows to open a very large number of doors and to be able to work on the most varied fields. <\/span><span title=\"Il \u00e9veille la curiosit\u00e9 et par sa grande sp\u00e9cificit\u00e9 nous pousse \u00e0 \u00eatre tr\u00e8s sensibles aux derni\u00e8res avanc\u00e9es techniques dans le domaine. \">It arouses curiosity and its great specificity pushes us to be very aware of the latest technical advances in the field.<\/span>&#8221;<br \/>\n<\/strong><\/p>\n<p>&nbsp;<\/p>\n<p>&nbsp;<\/p>\n<p><img alt=\"\" loading=\"lazy\" decoding=\"async\" class=\"size-thumbnail wp-image-390 alignleft\" src=\"https:\/\/wp.unil.ch\/analyse-spatiale\/files\/2018\/01\/Vincent-Klaus-150x150.jpeg\" alt=\"\" width=\"150\" height=\"150\" srcset=\"https:\/\/wp.unil.ch\/analyse-spatiale\/files\/2018\/01\/Vincent-Klaus-150x150.jpeg 150w, https:\/\/wp.unil.ch\/analyse-spatiale\/files\/2018\/01\/Vincent-Klaus-160x160.jpeg 160w, https:\/\/wp.unil.ch\/analyse-spatiale\/files\/2018\/01\/Vincent-Klaus-320x320.jpeg 320w, https:\/\/wp.unil.ch\/analyse-spatiale\/files\/2018\/01\/Vincent-Klaus.jpeg 306w\" sizes=\"auto, (max-width: 150px) 100vw, 150px\" \/><\/p>\n<h4><a href=\"https:\/\/wp.unil.ch\/analyse-spatiale\/former-students-profiles\/vincent-klaus\/\">Vincent Klaus<\/a><\/h4>\n<p><strong>&#8220;<span id=\"result_box\" class=\"\" lang=\"en\"><span title=\"La formation en analyse spatiale permet avant tout de se sp\u00e9cialiser dans le traitement des donn\u00e9es, les statistiques et la repr\u00e9sentation des donn\u00e9es g\u00e9ographiques.\">The training in spatial analysis primarily allows to specialize in data processing, statistics and representation of geographic data, s<\/span><span title=\"Des comp\u00e9tences qui int\u00e9ressent les employeurs et qui sont aujourd'hui tr\u00e8s recherch\u00e9es dans un contexte o\u00f9 le digital prend de l'importance dans tous les domaines.\">kills that are of interest to employers and are now highly sought after in a more and more digitized world.<\/span><\/span>&#8220;<\/strong><\/p>\n","protected":false},"excerpt":{"rendered":"<p>We asked the graduates of the masters in geography of UNIL &#8211; spatial analysis orientation, to give us their feedback on their training taking into account their professional experience. Romain Lacroix &#8220;The masters allows&#46;&#46;&#46;<\/p>\n","protected":false},"author":1001667,"featured_media":0,"parent":0,"menu_order":4,"comment_status":"closed","ping_status":"closed","template":"","meta":{"_seopress_robots_primary_cat":"","_seopress_titles_title":"","_seopress_titles_desc":"","_seopress_robots_index":"","footnotes":""},"class_list":["post-153","page","type-page","status-publish"],"_links":{"self":[{"href":"https:\/\/wp.unil.ch\/analyse-spatiale\/wp-json\/wp\/v2\/pages\/153","targetHints":{"allow":["GET"]}}],"collection":[{"href":"https:\/\/wp.unil.ch\/analyse-spatiale\/wp-json\/wp\/v2\/pages"}],"about":[{"href":"https:\/\/wp.unil.ch\/analyse-spatiale\/wp-json\/wp\/v2\/types\/page"}],"author":[{"embeddable":true,"href":"https:\/\/wp.unil.ch\/analyse-spatiale\/wp-json\/wp\/v2\/users\/1001667"}],"replies":[{"embeddable":true,"href":"https:\/\/wp.unil.ch\/analyse-spatiale\/wp-json\/wp\/v2\/comments?post=153"}],"version-history":[{"count":0,"href":"https:\/\/wp.unil.ch\/analyse-spatiale\/wp-json\/wp\/v2\/pages\/153\/revisions"}],"wp:attachment":[{"href":"https:\/\/wp.unil.ch\/analyse-spatiale\/wp-json\/wp\/v2\/media?parent=153"}],"curies":[{"name":"wp","href":"https:\/\/api.w.org\/{rel}","templated":true}]}}