{"id":9534,"date":"2023-05-30T12:04:19","date_gmt":"2023-05-30T10:04:19","guid":{"rendered":"https:\/\/wp.unil.ch\/alumnil\/?page_id=9534"},"modified":"2025-11-13T14:50:32","modified_gmt":"2025-11-13T13:50:32","slug":"associations-facultaires","status":"publish","type":"page","link":"https:\/\/wp.unil.ch\/alumnil\/reseau\/associations-facultaires\/","title":{"rendered":"Associations facultaires"},"content":{"rendered":"\n<div class=\"wp-block-columns is-layout-flex wp-container-core-columns-is-layout-9d6595d7 wp-block-columns-is-layout-flex\">\n<div class=\"wp-block-column is-layout-flow wp-block-column-is-layout-flow\" style=\"flex-basis:66.66%\">\n<p>Le r\u00e9seau Alumnil regroupe l\u2019ensemble des dipl\u00f4m\u00e9es et dipl\u00f4m\u00e9s de l\u2019Unil, toutes facult\u00e9s confondues. Toutefois, il existe aussi des associations d\u2019alumni sp\u00e9cifiques \u00e0 des facult\u00e9s, des instituts ou encore des disciplines. Cette liste n\u2019est pas exhaustive.<\/p>\n<\/div>\n\n\n\n<div class=\"wp-block-column is-layout-flow wp-block-column-is-layout-flow\" style=\"flex-basis:33.33%\"><\/div>\n<\/div>\n\n\n\n<div id=\"fdca\" class=\"wp-block-group\"><div class=\"wp-block-group__inner-container is-layout-constrained wp-block-group-is-layout-constrained\">\n<h5 class=\"wp-block-heading\">Alumni FDCA \u2013<br>Facult\u00e9 de droit, des sciences criminelles et d\u2019administration publique<\/h5>\n\n\n\n<div class=\"wp-block-columns is-layout-flex wp-container-core-columns-is-layout-9d6595d7 wp-block-columns-is-layout-flex\">\n<div class=\"wp-block-column is-layout-flow wp-block-column-is-layout-flow\">\n<figure class=\"wp-block-image size-full is-resized\"><a href=\"https:\/\/www.adidheap.ch\"><img alt=\"\" loading=\"lazy\" decoding=\"async\" width=\"600\" height=\"166\" src=\"https:\/\/wp.unil.ch\/alumnil\/files\/2023\/05\/AD-IDHEAP_page_associations.jpg\" alt=\"\" class=\"wp-image-9600\" style=\"width:270px;height:75px\" srcset=\"https:\/\/wp.unil.ch\/alumnil\/files\/2023\/05\/AD-IDHEAP_page_associations.jpg 600w, https:\/\/wp.unil.ch\/alumnil\/files\/2023\/05\/AD-IDHEAP_page_associations-250x69.jpg 250w, https:\/\/wp.unil.ch\/alumnil\/files\/2023\/05\/AD-IDHEAP_page_associations-300x83.jpg 300w\" sizes=\"auto, (max-width: 600px) 100vw, 600px\" \/><\/a><\/figure>\n\n\n\n<p><strong>AD-IDHEAP &#8211; Association des dipl\u00f4m\u00e9\u00b7e\u00b7s de l&rsquo;IDHEAP <\/strong><br><a href=\"https:\/\/www.adidheap.ch\" target=\"_blank\" rel=\"noreferrer noopener\">www.adidheap.ch<\/a><br>@ <a href=\"mailto:info@adidheap.ch\">info@adidheap.ch<\/a><\/p>\n\n\n\n<figure class=\"wp-block-image size-full is-resized\"><a href=\"https:\/\/www.thinkforensic.ch\"><img alt=\"\" loading=\"lazy\" decoding=\"async\" width=\"600\" height=\"160\" src=\"https:\/\/wp.unil.ch\/alumnil\/files\/2023\/05\/Think_Forensic_page_associations.jpg\" alt=\"\" class=\"wp-image-9603\" style=\"width:270px;height:undefinedpx\" srcset=\"https:\/\/wp.unil.ch\/alumnil\/files\/2023\/05\/Think_Forensic_page_associations.jpg 600w, https:\/\/wp.unil.ch\/alumnil\/files\/2023\/05\/Think_Forensic_page_associations-250x67.jpg 250w, https:\/\/wp.unil.ch\/alumnil\/files\/2023\/05\/Think_Forensic_page_associations-300x80.jpg 300w\" sizes=\"auto, (max-width: 600px) 100vw, 600px\" \/><\/a><\/figure>\n\n\n\n<p><strong>Association Think Forensic Lausanne<br><\/strong><a href=\"https:\/\/www.thinkforensic.ch\" target=\"_blank\" rel=\"noreferrer noopener\">www.thinkforensic.ch<\/a><br>@ <a href=\"mailto:info@thinkforensic.ch\">info@thinkforensic.ch<\/a><\/p>\n<\/div>\n\n\n\n<div class=\"wp-block-column is-layout-flow wp-block-column-is-layout-flow\"><\/div>\n<\/div>\n\n\n\n<div class=\"wp-block-columns is-layout-flex wp-container-core-columns-is-layout-9d6595d7 wp-block-columns-is-layout-flex\">\n<div class=\"wp-block-column is-layout-flow wp-block-column-is-layout-flow\">\n<details class=\"wp-block-details is-layout-flow wp-block-details-is-layout-flow\" open><summary>Autres associations alumni FDCA<\/summary>\n<div style=\"height:20px\" aria-hidden=\"true\" class=\"wp-block-spacer\"><\/div>\n\n\n\n<p><strong>ACRAPUL &#8211; Association des criminologues aguerris et potentiels de l\u2019Unil<\/strong><br>Retrouvez la communaut\u00e9 de l\u2019ACRAPUL sur <a href=\"https:\/\/www.linkedin.com\/in\/acrapul-association-a87b7b1b8\/?originalSubdomain=ch\" target=\"_blank\" rel=\"noreferrer noopener\">LinkedIn<\/a><br>@ <a href=\"mailto:info@acrapul.ch\" target=\"_blank\" rel=\"noreferrer noopener\">info@acrapul.ch<\/a><\/p>\n\n\n\n<hr class=\"wp-block-separator has-alpha-channel-opacity\" \/>\n\n\n\n<p><strong>ADSC &#8211; Association des dipl\u00f4m\u00e9s en sciences criminelles<\/strong><br><a href=\"https:\/\/www.adsc.ch\" target=\"_blank\" rel=\"noreferrer noopener\">www.adsc.ch<\/a><br>@ <a href=\"mailto:emmanuel.fivaz@alumnil.unil.ch\" target=\"_blank\" rel=\"noreferrer noopener\">emmanuel.fivaz@alumnil.unil.ch<\/a><\/p>\n\n\n\n<hr class=\"wp-block-separator has-alpha-channel-opacity\" \/>\n\n\n\n<p><strong>ALL &#8211; Alumni of the LL.M. Lausanne<\/strong><br><a href=\"https:\/\/www.unil.ch\/llm\" target=\"_blank\" rel=\"noreferrer noopener\">www.unil.ch\/llm<\/a><br>@ <a href=\"mailto:llm@unil.ch\">llm@unil.ch<\/a><\/p>\n<\/details>\n<\/div>\n\n\n\n<div class=\"wp-block-column is-layout-flow wp-block-column-is-layout-flow\"><\/div>\n<\/div>\n\n\n\n<div style=\"height:40px\" aria-hidden=\"true\" class=\"wp-block-spacer\"><\/div>\n<\/div><\/div>\n\n\n\n<div id=\"ssp\" class=\"wp-block-group\"><div class=\"wp-block-group__inner-container is-layout-constrained wp-block-group-is-layout-constrained\">\n<h5 class=\"wp-block-heading\">Alumni SSP \u2013 Facult\u00e9 des sciences sociales et politiques<\/h5>\n\n\n\n<figure class=\"wp-block-image size-full is-resized\"><a href=\"https:\/\/www.unil.ch\/ssp\/fr\/home\/menuguid\/alumni-ssp.html\"><img alt=\"\" loading=\"lazy\" decoding=\"async\" width=\"600\" height=\"170\" src=\"https:\/\/wp.unil.ch\/alumnil\/files\/2023\/05\/Alumni_SSP_page_associations_2.jpg\" alt=\"\" class=\"wp-image-9617\" style=\"width:270px;height:undefinedpx\" srcset=\"https:\/\/wp.unil.ch\/alumnil\/files\/2023\/05\/Alumni_SSP_page_associations_2.jpg 600w, https:\/\/wp.unil.ch\/alumnil\/files\/2023\/05\/Alumni_SSP_page_associations_2-250x71.jpg 250w, https:\/\/wp.unil.ch\/alumnil\/files\/2023\/05\/Alumni_SSP_page_associations_2-300x85.jpg 300w\" sizes=\"auto, (max-width: 600px) 100vw, 600px\" \/><\/a><\/figure>\n\n\n\n<p><strong>R\u00e9seau alumni SSP\u00a0<\/strong><br><a href=\"https:\/\/www.unil.ch\/ssp\/fr\/home\/menuinst\/faculte\/alumni-ssp.html\">www.unil.ch\/ssp\/fr\/home\/menuinst\/faculte\/alumni-ssp.html<\/a><br>@<a href=\"mailto:gianluca.sorrentino@unil.ch\"> alumni.ssp@unil.ch<\/a><br><\/p>\n\n\n\n<div style=\"height:19px\" aria-hidden=\"true\" class=\"wp-block-spacer\"><\/div>\n\n\n\n<div class=\"wp-block-columns is-layout-flex wp-container-core-columns-is-layout-9d6595d7 wp-block-columns-is-layout-flex\">\n<div class=\"wp-block-column is-layout-flow wp-block-column-is-layout-flow\">\n<details class=\"wp-block-details is-layout-flow wp-block-details-is-layout-flow\" open><summary>Autres associations alumni SSP<\/summary>\n<div style=\"height:20px\" aria-hidden=\"true\" class=\"wp-block-spacer\"><\/div>\n\n\n\n<p><strong>AASUL \u2013 Association des ancien\u00b7ne\u00b7s \u00e9tudiant\u00b7e\u00b7s en sciences du sport de l\u2019Unil<\/strong><br><a href=\"https:\/\/ancienssportunil.wordpress.com\/\" target=\"_blank\" rel=\"noreferrer noopener\">ancienssportunil.wordpress.com\/<\/a><br>@&nbsp;<a href=\"mailto:aasul@unil.ch\">aasul@unil.ch<\/a><\/p>\n\n\n\n<hr class=\"wp-block-separator has-alpha-channel-opacity\" \/>\n\n\n\n<p><strong>APSYL \u2013 Associations des ancien\u00b7ne\u00b7s \u00e9tudiant\u00b7e\u00b7s en psychologie de Lausanne<\/strong><br>@&nbsp;<a href=\"mailto:info@apsyl.ch\" target=\"_blank\" rel=\"noreferrer noopener\"><\/a><a href=\"mailto:info.apsyl@gmail.com\" target=\"_blank\" rel=\"noreferrer noopener\">info.apsyl@gmail.com<\/a><\/p>\n\n\n\n<hr class=\"wp-block-separator has-alpha-channel-opacity\" \/>\n\n\n\n<p><strong>ASSOPOL \u2013 Association des alumni en sciences sociales et politiques<\/strong><br><a href=\"https:\/\/www.assopol.ch\/\" target=\"_blank\" rel=\"noreferrer noopener\">www.assopol.ch<\/a><br>@&nbsp;<a href=\"mailto:info@assopol.ch\">info@assopol.ch<\/a><\/p>\n<\/details>\n<\/div>\n\n\n\n<div class=\"wp-block-column is-layout-flow wp-block-column-is-layout-flow\"><\/div>\n<\/div>\n\n\n\n<div style=\"height:40px\" aria-hidden=\"true\" class=\"wp-block-spacer\"><\/div>\n<\/div><\/div>\n\n\n\n<div id=\"hec\" class=\"wp-block-group\"><div class=\"wp-block-group__inner-container is-layout-constrained wp-block-group-is-layout-constrained\">\n<h5 class=\"wp-block-heading\">Alumni HEC \u2013 Facult\u00e9 des hautes \u00e9tudes commerciales<\/h5>\n\n\n\n<figure class=\"wp-block-image size-full is-resized\"><a href=\"https:\/\/www.alumnihec.ch\"><img alt=\"\" loading=\"lazy\" decoding=\"async\" width=\"600\" height=\"203\" src=\"https:\/\/wp.unil.ch\/alumnil\/files\/2023\/05\/Alumni_HEC_Lausanne_page_associations_2.jpg\" alt=\"\" class=\"wp-image-9619\" style=\"width:270px;height:undefinedpx\" srcset=\"https:\/\/wp.unil.ch\/alumnil\/files\/2023\/05\/Alumni_HEC_Lausanne_page_associations_2.jpg 600w, https:\/\/wp.unil.ch\/alumnil\/files\/2023\/05\/Alumni_HEC_Lausanne_page_associations_2-250x85.jpg 250w, https:\/\/wp.unil.ch\/alumnil\/files\/2023\/05\/Alumni_HEC_Lausanne_page_associations_2-300x102.jpg 300w\" sizes=\"auto, (max-width: 600px) 100vw, 600px\" \/><\/a><\/figure>\n\n\n\n<p><strong>Association des alumni HEC Lausanne<\/strong><br><a href=\"https:\/\/www.alumnihec.ch\" target=\"_blank\" rel=\"noreferrer noopener\">www.alumnihec.ch<\/a><br>@&nbsp;<a href=\"mailto:info@alumnihec.ch\">info@alumnihec.ch<\/a><\/p>\n\n\n\n<div style=\"height:23px\" aria-hidden=\"true\" class=\"wp-block-spacer\"><\/div>\n\n\n\n<div class=\"wp-block-columns is-layout-flex wp-container-core-columns-is-layout-9d6595d7 wp-block-columns-is-layout-flex\">\n<div class=\"wp-block-column is-layout-flow wp-block-column-is-layout-flow\">\n<details class=\"wp-block-details is-layout-flow wp-block-details-is-layout-flow\" open><summary>Autres associations alumni HEC<\/summary>\n<div style=\"height:20px\" aria-hidden=\"true\" class=\"wp-block-spacer\"><\/div>\n\n\n\n<p><strong>AGLA \u2013 Association des gradu\u00e9es et des gradu\u00e9s de l\u2019Universit\u00e9 de Lausanne en sciences actuarielles<\/strong><br><a href=\"https:\/\/www.association-agla.ch\" target=\"_blank\" rel=\"noreferrer noopener\">www.association-agla.ch<\/a><br>@<a href=\"mailto:nathaniel.smith@mobi.ch\"> info@association-agla.ch<\/a><\/p>\n\n\n\n<hr class=\"wp-block-separator has-alpha-channel-opacity\" \/>\n\n\n\n<p><strong>Cercle des ancien\u00b7ne\u00b7s de la JEHEC<\/strong><br><a href=\"https:\/\/www.jehec.ch\" target=\"_blank\" rel=\"noreferrer noopener\">www.jehec.ch<\/a><br>@\u00a0<a href=\"mailto:loris.caron@jehec.ch\">info@jehec.ch<\/a><\/p>\n\n\n\n<hr class=\"wp-block-separator has-alpha-channel-opacity\" \/>\n\n\n\n<p><strong>Executive MBA Alumni HEC Lausanne<\/strong><br><a href=\"https:\/\/executivemba.ch\/\" data-type=\"URL\" data-id=\"https:\/\/www.mba-hec.ch\" target=\"_blank\" rel=\"noreferrer noopener\">executivemba.ch<\/a><br>@\u00a0<a href=\"mailto:info@mbaheclausanne.ch\">executivemba@unil.ch<\/a><\/p>\n<\/details>\n<\/div>\n\n\n\n<div class=\"wp-block-column is-layout-flow wp-block-column-is-layout-flow\"><\/div>\n<\/div>\n\n\n\n<div style=\"height:40px\" aria-hidden=\"true\" class=\"wp-block-spacer\"><\/div>\n<\/div><\/div>\n\n\n\n<div id=\"fbm\" class=\"wp-block-group\"><div class=\"wp-block-group__inner-container is-layout-constrained wp-block-group-is-layout-constrained\">\n<h5 class=\"wp-block-heading\">Alumni FBM \u2013 Facult\u00e9 de biologie et de m\u00e9decine<\/h5>\n\n\n\n<p><strong>Drs Alumni Network<\/strong><br><a href=\"https:\/\/drsalumni.unil.ch\" target=\"_blank\" rel=\"noreferrer noopener\">drsalumni.unil.ch<\/a><br>@&nbsp;<a rel=\"noreferrer noopener\" href=\"mailto:drs.alumni@unil.ch\" target=\"_blank\">drs.alumni@unil.ch<\/a><\/p>\n\n\n\n<div class=\"wp-block-columns is-layout-flex wp-container-core-columns-is-layout-9d6595d7 wp-block-columns-is-layout-flex\">\n<div class=\"wp-block-column is-layout-flow wp-block-column-is-layout-flow\">\n<details class=\"wp-block-details is-layout-flow wp-block-details-is-layout-flow\" open><summary>Autres associations alumni FBM<\/summary>\n<div style=\"height:20px\" aria-hidden=\"true\" class=\"wp-block-spacer\"><\/div>\n\n\n\n<p><strong>Association des alumni de l\u2019H\u00f4pital ophtalmique Jules-Gonin<\/strong><br><a href=\"https:\/\/www.asile-aveugles.ch\/\" target=\"_blank\" rel=\"noreferrer noopener\">www.asile-aveugles.ch<\/a><br>@&nbsp;<a href=\"mailto:alumni.gonin@gmail.com\">alumni.gonin@gmail.com<\/a><\/p>\n\n\n\n<hr class=\"wp-block-separator has-alpha-channel-opacity\" \/>\n\n\n\n<p><strong>Lausanne Medical School Alumni Association (North America)<\/strong><br>@&nbsp;<a href=\"mailto:Docfixler@fuse.net\">docfixler@fuse.net<\/a><\/p>\n\n\n\n<hr class=\"wp-block-separator has-alpha-channel-opacity\" \/>\n\n\n\n<p><strong>LN Doctoral School<\/strong><br><a href=\"https:\/\/wp.unil.ch\/lemanicneuroscience\/\" target=\"_blank\" rel=\"noreferrer noopener\">www.unil.ch\/lemanicneuroscience\/<\/a><br>@&nbsp;<a href=\"mailto:ulrike.toepel@unil.ch\">ulrike.toepel@unil.ch<\/a><\/p>\n<\/details>\n<\/div>\n\n\n\n<div class=\"wp-block-column is-layout-flow wp-block-column-is-layout-flow\"><\/div>\n<\/div>\n\n\n\n<div style=\"height:40px\" aria-hidden=\"true\" class=\"wp-block-spacer\"><\/div>\n<\/div><\/div>\n\n\n\n<div id=\"lettres\" class=\"wp-block-group\"><div class=\"wp-block-group__inner-container is-layout-constrained wp-block-group-is-layout-constrained\">\n<h5 class=\"wp-block-heading\">Alumni Lettres \u2013 Facult\u00e9 des lettres&nbsp;<\/h5>\n\n\n\n<p><strong>Alumni de l\u2019ASA \u2013 Arch\u00e9ologie et sciences de l\u2019Antiquit\u00e9<\/strong><br><a href=\"https:\/\/www.unil.ch\/iasa\/fr\/home\/menuinst\/espace-etudiantes\/asalumnil-diplomes-de-lasa.html\">www.unil.ch\/iasa\/fr\/home\/menuinst\/espace-etudiantes\/asalumnil-diplomes-de-lasa.html<\/a><br>@\u00a0<a href=\"mailto:adrian.spillmann@unil.ch\">adrian.spillmann@unil.ch<\/a><\/p>\n\n\n\n<div style=\"height:40px\" aria-hidden=\"true\" class=\"wp-block-spacer\"><\/div>\n<\/div><\/div>\n\n\n\n<div id=\"gse\" class=\"wp-block-group\"><div class=\"wp-block-group__inner-container is-layout-constrained wp-block-group-is-layout-constrained\">\n<h5 class=\"wp-block-heading\">Alumni FGSE \u2013 Facult\u00e9 des g\u00e9osciences et de l\u2019environnement<\/h5>\n\n\n\n<p><strong>ArGiLe \u2013 Association des g\u00e9ographes de l\u2019Universit\u00e9 de Lausanne<\/strong><br><a href=\"https:\/\/argile.ch\/\" target=\"_blank\" rel=\"noreferrer noopener\">www.argile.ch<\/a>&nbsp;|&nbsp;<a href=\"https:\/\/www.linkedin.com\/groups\/13591456\/\" target=\"_blank\" rel=\"noreferrer noopener\">LinkedIn<\/a><br>@&nbsp;<a href=\"mailto:info@argile.ch\" target=\"_blank\" rel=\"noreferrer noopener\">info@argile.ch<\/a><\/p>\n\n\n\n<div style=\"height:40px\" aria-hidden=\"true\" class=\"wp-block-spacer\"><\/div>\n<\/div><\/div>\n\n\n\n<div id=\"sciences\" class=\"wp-block-group\"><div class=\"wp-block-group__inner-container is-layout-constrained wp-block-group-is-layout-constrained\">\n<h5 class=\"wp-block-heading\">Alumni Sciences \u2013 Ancienne Facult\u00e9 des sciences&nbsp;<\/h5>\n\n\n\n<p><strong>AAEERP \u2013 Association des ancien\u00b7ne\u00b7s \u00e9tudiant\u00b7e\u00b7s de l\u2019\u00c9cole romande de pharmacie<\/strong><br><a rel=\"noreferrer noopener\" href=\"https:\/\/www.aaeerp.ch\" target=\"_blank\">www.aaeerp.ch<\/a><br>@&nbsp;<a href=\"mailto:info@aaeerp.ch\">info@aaeerp.ch<\/a><\/p>\n<\/div><\/div>\n","protected":false},"excerpt":{"rendered":"<p>Le r\u00e9seau Alumnil regroupe l\u2019ensemble des dipl\u00f4m\u00e9es et dipl\u00f4m\u00e9s de l\u2019Unil, toutes facult\u00e9s confondues. Toutefois, il existe aussi des associations d\u2019alumni sp\u00e9cifiques \u00e0 des facult\u00e9s, des instituts ou encore des disciplines. Cette liste n\u2019est pas exhaustive. Alumni FDCA \u2013Facult\u00e9 de &hellip; <\/p>\n","protected":false},"author":1001058,"featured_media":0,"parent":7592,"menu_order":23,"comment_status":"closed","ping_status":"closed","template":"","meta":{"_seopress_robots_primary_cat":"","_seopress_titles_title":"","_seopress_titles_desc":"","_seopress_robots_index":"","footnotes":""},"class_list":["post-9534","page","type-page","status-publish"],"_links":{"self":[{"href":"https:\/\/wp.unil.ch\/alumnil\/wp-json\/wp\/v2\/pages\/9534","targetHints":{"allow":["GET"]}}],"collection":[{"href":"https:\/\/wp.unil.ch\/alumnil\/wp-json\/wp\/v2\/pages"}],"about":[{"href":"https:\/\/wp.unil.ch\/alumnil\/wp-json\/wp\/v2\/types\/page"}],"author":[{"embeddable":true,"href":"https:\/\/wp.unil.ch\/alumnil\/wp-json\/wp\/v2\/users\/1001058"}],"replies":[{"embeddable":true,"href":"https:\/\/wp.unil.ch\/alumnil\/wp-json\/wp\/v2\/comments?post=9534"}],"version-history":[{"count":4,"href":"https:\/\/wp.unil.ch\/alumnil\/wp-json\/wp\/v2\/pages\/9534\/revisions"}],"predecessor-version":[{"id":16807,"href":"https:\/\/wp.unil.ch\/alumnil\/wp-json\/wp\/v2\/pages\/9534\/revisions\/16807"}],"up":[{"embeddable":true,"href":"https:\/\/wp.unil.ch\/alumnil\/wp-json\/wp\/v2\/pages\/7592"}],"wp:attachment":[{"href":"https:\/\/wp.unil.ch\/alumnil\/wp-json\/wp\/v2\/media?parent=9534"}],"curies":[{"name":"wp","href":"https:\/\/api.w.org\/{rel}","templated":true}]}}