{"id":8757,"date":"2023-04-04T13:35:28","date_gmt":"2023-04-04T11:35:28","guid":{"rendered":"https:\/\/wp.unil.ch\/alumnil\/?page_id=8757"},"modified":"2026-04-08T11:02:09","modified_gmt":"2026-04-08T09:02:09","slug":"procedure-inscription","status":"publish","type":"page","link":"https:\/\/wp.unil.ch\/alumnil\/procedure-inscription\/","title":{"rendered":"Proc\u00e9dure d\u2019inscription \u00e0 votre c\u00e9r\u00e9monie des grades 2026"},"content":{"rendered":"\n<p class=\"has-medium-font-size\">Vous rencontrez des probl\u00e8mes pour vous inscrire \u00e0 votre c\u00e9r\u00e9monie des grades de votre facult\u00e9? Veuillez suivre les instructions ci-dessous et tout devrait bien se passer. Sachez que vous seul\u00b7e devez vous inscrire, nous ne pouvons pas le faire \u00e0 votre place.<\/p>\n\n\n\n<p class=\"has-text-align-center\">* * * * * *<\/p>\n\n\n\n<div class=\"wp-block-columns is-layout-flex wp-container-core-columns-is-layout-9d6595d7 wp-block-columns-is-layout-flex\">\n<div class=\"wp-block-column is-layout-flow wp-block-column-is-layout-flow\">\n<p class=\"has-drop-cap\" style=\"font-size:16px\">1. Les inscriptions aux c\u00e9r\u00e9monies se passent <strong>via la plateforme Alumnil<\/strong>&nbsp;(<a rel=\"noreferrer noopener\" href=\"https:\/\/www.alumnil.unil.ch\" target=\"_blank\">https:\/\/www.alumnil.unil.ch<\/a>) en utilisant votre adresse \u00e9lectronique renseign\u00e9e dans votre profil Alumnil et votre mot de passe.<\/p>\n\n\n\n<p class=\"has-drop-cap\" style=\"font-size:16px\">2. <strong>Pour vous inscrire \u00e0 votre c\u00e9r\u00e9monie<\/strong>, cliquez sur le lien correspondant ci-dessous et connectez-vous au portail, puis cliquez sur \u00abaccepter l\u2019invitation\u00bb \u00e0 droite de l\u2019\u00e9cran. Vous pourrez inscrire vos invit\u00e9\u00b7es. Vous recevrez une confirmation d\u2019inscription par email (veuillez aussi v\u00e9rifier dans vos spams). <strong>Si vous ne recevez rien, c\u2019est que l\u2019inscription n\u2019a pas abouti.&nbsp;Veuillez alors recommencer la proc\u00e9dure.<\/strong><\/p>\n<\/div>\n\n\n\n<div class=\"wp-block-column is-layout-flow wp-block-column-is-layout-flow\">\n<p class=\"has-drop-cap\" style=\"font-size:16px\">3. <strong>Si vous avez oubli\u00e9 votre mot de passe<\/strong>, indiquez votre adresse \u00e9lectronique dans le champ \u00abnom d\u2019utilisateur\u00bb puis cliquez sur \u00abmot de passe oubli\u00e9\u00bb dans la bo\u00eete de connexion au portail pour pouvoir le r\u00e9initialiser (un lien vous sera envoy\u00e9 \u00e0 cette adresse \u00e0 cet effet,&nbsp;merci de <span style=\"text-decoration: underline\">v\u00e9rifier dans vos spams<\/span>). <strong>ATTENTION:<\/strong> apr\u00e8s avoir indiqu\u00e9 un nouveau mot de passe, veillez \u00e0 bien entrer <span style=\"text-decoration: underline\">le r\u00e9sultat du calcul<\/span> dans le captcha et non pas ce que vous voyez!<\/p>\n\n\n\n<p class=\"has-drop-cap\" style=\"font-size:16px\">4. <strong>Si cette adresse mail n\u2019est pas valide<\/strong>, veuillez nous en transmettre une valable au plus vite \u00e0 l\u2019adresse <a rel=\"noreferrer noopener\" href=\"mailto:contact.alumnil@unil.ch\" target=\"_blank\">contact.alumnil@unil.ch<\/a> pour que nous puissions mettre \u00e0 jour votre profil. Vous pourrez recommencer la proc\u00e9dure en utilisant cette nouvelle adresse comme identifiant de connexion.<\/p>\n<\/div>\n<\/div>\n\n\n\n<p class=\"has-text-align-center\">* * * * * *<\/p>\n\n\n\n<p class=\"has-text-align-center has-medium-font-size\"><strong>Liens directs vers les c\u00e9r\u00e9monies<\/strong><\/p>\n\n\n\n<p class=\"has-black-color has-text-color has-background\" style=\"background-color:#ebebeb\"><strong>FACULT\u00c9 DE BIOLOGIE ET M\u00c9DECINE (FBM)<\/strong><\/p>\n\n\n\n<p class=\"has-black-color has-text-color\"><strong>\u00c9cole de m\u00e9decine<\/strong><\/p>\n\n\n\n<ul class=\"wp-block-list\">\n<li><strong>24 avril 2026<\/strong><br><a href=\"https:\/\/www.alumnil.unil.ch\/event\/event\/detail\/event-id\/1916\" target=\"_blank\" rel=\"noreferrer noopener\">C\u00e9r\u00e9monie 2026 de remise des Dipl\u00f4mes f\u00e9d\u00e9raux de m\u00e9decin<\/a><br><span style=\"text-decoration: underline\">Inscription:<\/span> jusqu&rsquo;au 12 avril.<\/li>\n\n\n\n<li><strong>17 d\u00e9cembre 2026<\/strong><br>C\u00e9r\u00e9monie de remise des baccalaur\u00e9ats universitaires 2026 en m\u00e9decine<br><span style=\"text-decoration: underline\">Inscription:<\/span> du 5 novembre au 1er d\u00e9cembre.<\/li>\n<\/ul>\n\n\n\n<p class=\"has-black-color has-text-color\"><strong>\u00c9cole de biologie<\/strong><\/p>\n\n\n\n<ul class=\"wp-block-list\">\n<li><strong>10 d\u00e9cembre 2026<\/strong><br>C\u00e9r\u00e9monie de remise des Bachelors 2026 de l\u2019\u00c9cole de biologie<br><span style=\"text-decoration: underline\">Inscription via e-ticketing:<\/span> du 13 au 23 novembre.<\/li>\n\n\n\n<li><strong>11 d\u00e9cembre 2026<\/strong><br>C\u00e9r\u00e9monie de remise des Masters 2026 de l\u2019\u00c9cole de biologie <br><span style=\"text-decoration: underline\">Inscription via e-ticketing:<\/span> du 13 au 23 novembre.<\/li>\n<\/ul>\n\n\n\n<p class=\"has-black-color has-text-color\"><strong>Institut universitaire de formation et recherche en soins (IUFRS)<\/strong><\/p>\n\n\n\n<ul class=\"wp-block-list\">\n<li><strong>19 novembre 2026<\/strong><br>C\u00e9r\u00e9monie 2026 de remise des Masters \u00e8s sciences en sciences infirmi\u00e8res, sciences de la sant\u00e9 et en pratique infirmi\u00e8re sp\u00e9cialis\u00e9e<br><span style=\"text-decoration: underline\">Inscription:<\/span> du 12 au 26 octobre.<\/li>\n<\/ul>\n\n\n\n<p class=\"has-black-color has-text-color has-background\" style=\"background-color:#ebebeb\"><strong>FACULT\u00c9 DE DROIT, SCIENCES CRIMINELLES ET ADMINISTRATION PUBLIQUE (FDCA)<\/strong><\/p>\n\n\n\n<p class=\"has-black-color has-text-color\"><strong>\u00c9cole des sciences criminelles<\/strong><\/p>\n\n\n\n<ul class=\"wp-block-list\">\n<li><strong>6 novembre 2026<\/strong><br>C\u00e9r\u00e9monie de remise des dipl\u00f4mes 2026 de l\u2019\u00c9cole des sciences criminelles <br><span style=\"text-decoration: underline\">Inscription:<\/span> du 9 avril au 25 octobre.<\/li>\n<\/ul>\n\n\n\n<p class=\"has-black-color has-text-color has-background\" style=\"background-color:#ebebeb\"><strong>FACULT\u00c9 DES LETTRES<\/strong><\/p>\n\n\n\n<ul class=\"wp-block-list\">\n<li><strong>25 novembre 2026<\/strong><br><a href=\"https:\/\/www.alumnil.unil.ch\/event\/event\/detail\/event-id\/1932\" target=\"_blank\" rel=\"noreferrer noopener\">C\u00e9r\u00e9monie de fin d\u2019\u00e9tudes Bachelor 2026 de la Facult\u00e9 des lettres<\/a><br><span style=\"text-decoration: underline\">Inscription:<\/span> du 26 mars au 16 novembre.<br><\/li>\n\n\n\n<li><strong>26 novembre 2026<\/strong><br><a href=\"https:\/\/www.alumnil.unil.ch\/event\/event\/detail\/event-id\/1931\" target=\"_blank\" rel=\"noreferrer noopener\">C\u00e9r\u00e9monie de fin d\u2019\u00e9tudes Master 2026 de la Facult\u00e9 des lettres<\/a> <br><span style=\"text-decoration: underline\">Inscription:<\/span> du 26 mars au 16 novembre.<\/li>\n<\/ul>\n\n\n\n<p class=\"has-black-color has-text-color has-background\" style=\"background-color:#ebebeb\"><strong>FACULT\u00c9 DES SCIENCES SOCIALES ET POLITIQUES (SSP)<\/strong><\/p>\n\n\n\n<ul class=\"wp-block-list\">\n<li><strong>19 novembre 2026<\/strong><br>C\u00e9r\u00e9monie en l&rsquo;honneur des gradu\u00e9\u00b7es de Bachelor 2026 de la Facult\u00e9 des sciences sociales et politiques <br><span style=\"text-decoration: underline\">Inscription via e-ticketing:<\/span> du 1er au 19 octobre.<br><\/li>\n\n\n\n<li><strong>19 novembre 2026<\/strong><br>C\u00e9r\u00e9monie en l&rsquo;honneur des Dipl\u00f4m\u00e9\u00b7es 2026 de la Facult\u00e9 des sciences sociales et politiques <span style=\"text-decoration: underline\">Inscription via e-ticketing:<\/span> du 1er au 19 octobre<\/li>\n<\/ul>\n\n\n\n<p class=\"has-black-color has-text-color has-background\" style=\"background-color:#ebebeb\"><strong>FACULT\u00c9 DES G\u00c9OSCIENCES ET DE L\u2019ENVIRONNEMENT (FGSE)<\/strong><\/p>\n\n\n\n<ul class=\"wp-block-list\">\n<li><strong>4 d\u00e9cembre 2026<\/strong><br>F\u00eates des dipl\u00f4m\u00e9\u00b7e\u00b7s 2026 de la Facult\u00e9 des g\u00e9osciences et de l\u2019environnement<br><span style=\"text-decoration: underline\">Inscription:<\/span> du 15 avril au 16 novembre.<\/li>\n<\/ul>\n","protected":false},"excerpt":{"rendered":"<p>Vous rencontrez des probl\u00e8mes pour vous inscrire \u00e0 votre c\u00e9r\u00e9monie des grades de votre facult\u00e9? Veuillez suivre les instructions ci-dessous et tout devrait bien se passer. Sachez que vous seul\u00b7e devez vous inscrire, nous ne pouvons pas le faire \u00e0 &hellip; <\/p>\n","protected":false},"author":1001058,"featured_media":0,"parent":0,"menu_order":100,"comment_status":"closed","ping_status":"closed","template":"","meta":{"_seopress_robots_primary_cat":"","_seopress_titles_title":"","_seopress_titles_desc":"","_seopress_robots_index":"","footnotes":""},"class_list":["post-8757","page","type-page","status-publish"],"_links":{"self":[{"href":"https:\/\/wp.unil.ch\/alumnil\/wp-json\/wp\/v2\/pages\/8757","targetHints":{"allow":["GET"]}}],"collection":[{"href":"https:\/\/wp.unil.ch\/alumnil\/wp-json\/wp\/v2\/pages"}],"about":[{"href":"https:\/\/wp.unil.ch\/alumnil\/wp-json\/wp\/v2\/types\/page"}],"author":[{"embeddable":true,"href":"https:\/\/wp.unil.ch\/alumnil\/wp-json\/wp\/v2\/users\/1001058"}],"replies":[{"embeddable":true,"href":"https:\/\/wp.unil.ch\/alumnil\/wp-json\/wp\/v2\/comments?post=8757"}],"version-history":[{"count":5,"href":"https:\/\/wp.unil.ch\/alumnil\/wp-json\/wp\/v2\/pages\/8757\/revisions"}],"predecessor-version":[{"id":17352,"href":"https:\/\/wp.unil.ch\/alumnil\/wp-json\/wp\/v2\/pages\/8757\/revisions\/17352"}],"wp:attachment":[{"href":"https:\/\/wp.unil.ch\/alumnil\/wp-json\/wp\/v2\/media?parent=8757"}],"curies":[{"name":"wp","href":"https:\/\/api.w.org\/{rel}","templated":true}]}}