{"id":8581,"date":"2023-01-26T15:21:30","date_gmt":"2023-01-26T14:21:30","guid":{"rendered":"https:\/\/wp.unil.ch\/alumnil\/?page_id=8581"},"modified":"2025-11-03T11:21:39","modified_gmt":"2025-11-03T10:21:39","slug":"trouver-son-coach-tandempro","status":"publish","type":"page","link":"https:\/\/wp.unil.ch\/alumnil\/trouver-son-coach-tandempro\/","title":{"rendered":"Trouver son coach TandemPRO"},"content":{"rendered":"\n<figure class=\"wp-block-image size-full\"><img alt=\"\" loading=\"lazy\" decoding=\"async\" width=\"1920\" height=\"1080\" src=\"https:\/\/wp.unil.ch\/alumnil\/files\/2024\/09\/Trouver_son_coach.jpg\" alt=\"\" class=\"wp-image-12722\" srcset=\"https:\/\/wp.unil.ch\/alumnil\/files\/2024\/09\/Trouver_son_coach.jpg 1920w, https:\/\/wp.unil.ch\/alumnil\/files\/2024\/09\/Trouver_son_coach-250x141.jpg 250w, https:\/\/wp.unil.ch\/alumnil\/files\/2024\/09\/Trouver_son_coach-300x169.jpg 300w, https:\/\/wp.unil.ch\/alumnil\/files\/2024\/09\/Trouver_son_coach-768x432.jpg 768w, https:\/\/wp.unil.ch\/alumnil\/files\/2024\/09\/Trouver_son_coach-1024x576.jpg 1024w, https:\/\/wp.unil.ch\/alumnil\/files\/2024\/09\/Trouver_son_coach-1536x864.jpg 1536w\" sizes=\"auto, (max-width: 1920px) 100vw, 1920px\" \/><\/figure>\n\n\n<script type=\"text\/javascript\">\n\/* <![CDATA[ *\/\nvar gform;gform||(document.addEventListener(\"gform_main_scripts_loaded\",function(){gform.scriptsLoaded=!0}),document.addEventListener(\"gform\/theme\/scripts_loaded\",function(){gform.themeScriptsLoaded=!0}),window.addEventListener(\"DOMContentLoaded\",function(){gform.domLoaded=!0}),gform={domLoaded:!1,scriptsLoaded:!1,themeScriptsLoaded:!1,isFormEditor:()=>\"function\"==typeof InitializeEditor,callIfLoaded:function(o){return!(!gform.domLoaded||!gform.scriptsLoaded||!gform.themeScriptsLoaded&&!gform.isFormEditor()||(gform.isFormEditor()&&console.warn(\"The use of gform.initializeOnLoaded() is deprecated in the form editor context and will be removed in Gravity Forms 3.1.\"),o(),0))},initializeOnLoaded:function(o){gform.callIfLoaded(o)||(document.addEventListener(\"gform_main_scripts_loaded\",()=>{gform.scriptsLoaded=!0,gform.callIfLoaded(o)}),document.addEventListener(\"gform\/theme\/scripts_loaded\",()=>{gform.themeScriptsLoaded=!0,gform.callIfLoaded(o)}),window.addEventListener(\"DOMContentLoaded\",()=>{gform.domLoaded=!0,gform.callIfLoaded(o)}))},hooks:{action:{},filter:{}},addAction:function(o,r,e,t){gform.addHook(\"action\",o,r,e,t)},addFilter:function(o,r,e,t){gform.addHook(\"filter\",o,r,e,t)},doAction:function(o){gform.doHook(\"action\",o,arguments)},applyFilters:function(o){return gform.doHook(\"filter\",o,arguments)},removeAction:function(o,r){gform.removeHook(\"action\",o,r)},removeFilter:function(o,r,e){gform.removeHook(\"filter\",o,r,e)},addHook:function(o,r,e,t,n){null==gform.hooks[o][r]&&(gform.hooks[o][r]=[]);var d=gform.hooks[o][r];null==n&&(n=r+\"_\"+d.length),gform.hooks[o][r].push({tag:n,callable:e,priority:t=null==t?10:t})},doHook:function(r,o,e){var t;if(e=Array.prototype.slice.call(e,1),null!=gform.hooks[r][o]&&((o=gform.hooks[r][o]).sort(function(o,r){return o.priority-r.priority}),o.forEach(function(o){\"function\"!=typeof(t=o.callable)&&(t=window[t]),\"action\"==r?t.apply(null,e):e[0]=t.apply(null,e)})),\"filter\"==r)return e[0]},removeHook:function(o,r,t,n){var e;null!=gform.hooks[o][r]&&(e=(e=gform.hooks[o][r]).filter(function(o,r,e){return!!(null!=n&&n!=o.tag||null!=t&&t!=o.priority)}),gform.hooks[o][r]=e)}});\n\/* ]]> *\/\n<\/script>\n\n                <div class='gf_browser_gecko gform_wrapper gravity-theme gform-theme--no-framework' data-form-theme='gravity-theme' data-form-index='0' id='gform_wrapper_7' >\n                        <div class='gform_heading'>\n                            <p class='gform_description'>Vous venez d&rsquo;obtenir un dipl\u00f4me de l&rsquo;UNIL et cherchez \u00e0 mieux cibler vos aspirations? Vous \u00eates d\u00e9j\u00e0 dans le monde du travail, mais \u00eates en qu\u00eate de nouveaux d\u00e9fis professionnels? Demandez \u00e0 \u00e9changer avec un de nos coachs sur votre projet professionnel en remplissant notre formulaire!<\/p>\n\t\t\t\t\t\t\t<p class='gform_required_legend'>\u00ab\u00a0<span class=\"gfield_required gfield_required_asterisk\">*<\/span>\u00a0\u00bb indique les champs n\u00e9cessaires<\/p>\n                        <\/div><form method='post' enctype='multipart\/form-data'  id='gform_7'  action='\/alumnil\/wp-json\/wp\/v2\/pages\/8581' data-formid='7' novalidate><div class='gf_invisible ginput_recaptchav3' data-sitekey='6LdujuwpAAAAAPhxRpxIHMzMYtcnJGeT7dAg7O30' data-tabindex='0'><input id=\"input_cd9dd5320020fefeee61b975273695e9\" class=\"gfield_recaptcha_response\" type=\"hidden\" name=\"input_cd9dd5320020fefeee61b975273695e9\" value=\"\"\/><\/div>\n                        <div class='gform-body gform_body'><div id='gform_fields_7' class='gform_fields top_label form_sublabel_above description_above validation_below'><div id=\"field_7_8\" class=\"gfield gfield--type-section gfield--input-type-section gsection field_sublabel_above gfield--no-description field_description_above field_validation_below gfield_visibility_visible\"  ><h3 class=\"gsection_title\">Informations personnelles<\/h3><\/div><fieldset id=\"field_7_1\" class=\"gfield gfield--type-name gfield--input-type-name gfield_contains_required field_sublabel_above gfield--no-description field_description_above field_validation_below gfield_visibility_visible\"  ><legend class='gfield_label gform-field-label gfield_label_before_complex' >Pr\u00e9nom &amp; Nom<span class=\"gfield_required\"><span class=\"gfield_required gfield_required_asterisk\">*<\/span><\/span><\/legend><div class='ginput_complex ginput_container ginput_container--name no_prefix has_first_name no_middle_name has_last_name no_suffix gf_name_has_2 ginput_container_name gform-grid-row' id='input_7_1'>\n                            \n                            <span id='input_7_1_3_container' class='name_first gform-grid-col gform-grid-col--size-auto' >\n                                                    <label for='input_7_1_3' class='gform-field-label gform-field-label--type-sub '>Pr\u00e9nom<\/label>\n                                                    <input type='text' name='input_1.3' id='input_7_1_3' value=''   aria-required='true'     \/>\n                                                <\/span>\n                            \n                            <span id='input_7_1_6_container' class='name_last gform-grid-col gform-grid-col--size-auto' >\n                                                            <label for='input_7_1_6' class='gform-field-label gform-field-label--type-sub '>Nom<\/label>\n                                                            <input type='text' name='input_1.6' id='input_7_1_6' value=''   aria-required='true'     \/>\n                                                        <\/span>\n                            \n                        <\/div><\/fieldset><div id=\"field_7_2\" class=\"gfield gfield--type-email gfield--input-type-email gfield--width-full gfield_contains_required field_sublabel_above gfield--no-description field_description_above field_validation_below gfield_visibility_visible\"  ><label class='gfield_label gform-field-label' for='input_7_2'>E-mail<span class=\"gfield_required\"><span class=\"gfield_required gfield_required_asterisk\">*<\/span><\/span><\/label><div class='ginput_container ginput_container_email'>\n                            <input name='input_2' id='input_7_2' type='email' value='' class='medium'    aria-required=\"true\" aria-invalid=\"false\"  \/>\n                        <\/div><\/div><div id=\"field_7_9\" class=\"gfield gfield--type-section gfield--input-type-section gsection field_sublabel_above gfield--no-description field_description_above field_validation_below gfield_visibility_visible\"  ><h3 class=\"gsection_title\">Etudes \u00e0 l&#039;UNIL<\/h3><\/div><div id=\"field_7_5\" class=\"gfield gfield--type-select gfield--input-type-select gfield--width-full gfield_contains_required field_sublabel_above gfield--no-description field_description_above field_validation_below gfield_visibility_visible\"  ><label class='gfield_label gform-field-label' for='input_7_5'>Je suis immatricul\u00e9\u00b7e ou j&#039;ai \u00e9tudi\u00e9 \u00e0 la Facult\u00e9 de<span class=\"gfield_required\"><span class=\"gfield_required gfield_required_asterisk\">*<\/span><\/span><\/label><div class='ginput_container ginput_container_select'><select name='input_5' id='input_7_5' class='medium gfield_select'    aria-required=\"true\" aria-invalid=\"false\" ><option value='Facult\u00e9 de biologie et m\u00e9decine' >Facult\u00e9 de biologie et m\u00e9decine<\/option><option value='Facult\u00e9 de droit, des sciences criminelles et d&#039;administration publique' >Facult\u00e9 de droit, des sciences criminelles et d&#039;administration publique<\/option><option value='Facult\u00e9 des g\u00e9osciences et de l&#039;environnement' >Facult\u00e9 des g\u00e9osciences et de l&#039;environnement<\/option><option value='Facult\u00e9 des hautes \u00e9tudes commerciales' >Facult\u00e9 des hautes \u00e9tudes commerciales<\/option><option value='Facult\u00e9 des lettres' >Facult\u00e9 des lettres<\/option><option value='Facult\u00e9 des sciences sociales et politiques' >Facult\u00e9 des sciences sociales et politiques<\/option><option value='Facult\u00e9 de th\u00e9ologie et de sciences des religions' >Facult\u00e9 de th\u00e9ologie et de sciences des religions<\/option><option value='Autre facult\u00e9' >Autre facult\u00e9<\/option><\/select><\/div><\/div><div id=\"field_7_15\" class=\"gfield gfield--type-text gfield--input-type-text gfield--width-full field_sublabel_above gfield--has-description field_description_above field_validation_below gfield_visibility_visible\"  ><label class='gfield_label gform-field-label' for='input_7_15'>Autre facult\u00e9 non list\u00e9e ci-dessus<\/label><div class='gfield_description' id='gfield_description_7_15'>Veuillez pr\u00e9ciser si vous avez s\u00e9lectionn\u00e9 \u00ab\u00a0Autre facult\u00e9\u00a0\u00bb dans le menu d\u00e9roulant ci-dessus.<\/div><div class='ginput_container ginput_container_text'><input name='input_15' id='input_7_15' type='text' value='' class='medium'  aria-describedby=\"gfield_description_7_15\"    aria-invalid=\"false\"   \/><\/div><\/div><fieldset id=\"field_7_6\" class=\"gfield gfield--type-radio gfield--type-choice gfield--input-type-radio gfield--width-full gfield_contains_required field_sublabel_above gfield--has-description field_description_above field_validation_below gfield_visibility_visible\"  ><legend class='gfield_label gform-field-label' >Niveau d&#039;\u00e9tudes<span class=\"gfield_required\"><span class=\"gfield_required gfield_required_asterisk\">*<\/span><\/span><\/legend><div class='gfield_description' id='gfield_description_7_6'>Veuillez indiquer le dipl\u00f4me que vous \u00eates sur le point d&rsquo;obtenir ou que vous avez d\u00e9j\u00e0 re\u00e7u.<\/div><div class='ginput_container ginput_container_radio'><div class='gfield_radio' id='input_7_6'>\n\t\t\t<div class='gchoice gchoice_7_6_0'>\n\t\t\t\t\t<input class='gfield-choice-input' name='input_6' type='radio' value='Bachelor'  id='choice_7_6_0' onchange='gformToggleRadioOther( this )' aria-describedby=\"gfield_description_7_6\"   \/>\n\t\t\t\t\t<label for='choice_7_6_0' id='label_7_6_0' class='gform-field-label gform-field-label--type-inline'>Bachelor<\/label>\n\t\t\t<\/div>\n\t\t\t<div class='gchoice gchoice_7_6_1'>\n\t\t\t\t\t<input class='gfield-choice-input' name='input_6' type='radio' value='Master'  id='choice_7_6_1' onchange='gformToggleRadioOther( this )'    \/>\n\t\t\t\t\t<label for='choice_7_6_1' id='label_7_6_1' class='gform-field-label gform-field-label--type-inline'>Master<\/label>\n\t\t\t<\/div>\n\t\t\t<div class='gchoice gchoice_7_6_2'>\n\t\t\t\t\t<input class='gfield-choice-input' name='input_6' type='radio' value='Doctorat'  id='choice_7_6_2' onchange='gformToggleRadioOther( this )'    \/>\n\t\t\t\t\t<label for='choice_7_6_2' id='label_7_6_2' class='gform-field-label gform-field-label--type-inline'>Doctorat<\/label>\n\t\t\t<\/div><\/div><\/div><\/fieldset><fieldset id=\"field_7_7\" class=\"gfield gfield--type-radio gfield--type-choice gfield--input-type-radio gfield--width-full gfield_contains_required field_sublabel_above gfield--no-description field_description_above field_validation_below gfield_visibility_visible\"  ><legend class='gfield_label gform-field-label' >J&#039;ai d\u00e9j\u00e0 obtenu un dipl\u00f4me de l&#039;UNIL<span class=\"gfield_required\"><span class=\"gfield_required gfield_required_asterisk\">*<\/span><\/span><\/legend><div class='ginput_container ginput_container_radio'><div class='gfield_radio' id='input_7_7'>\n\t\t\t<div class='gchoice gchoice_7_7_0'>\n\t\t\t\t\t<input class='gfield-choice-input' name='input_7' type='radio' value='Oui'  id='choice_7_7_0' onchange='gformToggleRadioOther( this )'    \/>\n\t\t\t\t\t<label for='choice_7_7_0' id='label_7_7_0' class='gform-field-label gform-field-label--type-inline'>Oui<\/label>\n\t\t\t<\/div>\n\t\t\t<div class='gchoice gchoice_7_7_1'>\n\t\t\t\t\t<input class='gfield-choice-input' name='input_7' type='radio' value='Non, pas encore'  id='choice_7_7_1' onchange='gformToggleRadioOther( this )'    \/>\n\t\t\t\t\t<label for='choice_7_7_1' id='label_7_7_1' class='gform-field-label gform-field-label--type-inline'>Non, pas encore<\/label>\n\t\t\t<\/div><\/div><\/div><\/fieldset><div id=\"field_7_10\" class=\"gfield gfield--type-section gfield--input-type-section gsection field_sublabel_above gfield--no-description field_description_above field_validation_below gfield_visibility_visible\"  ><h3 class=\"gsection_title\">Demande de coach<\/h3><\/div><div id=\"field_7_17\" class=\"gfield gfield--type-multiselect gfield--input-type-multiselect gfield--width-full gfield_contains_required field_sublabel_above gfield--has-description field_description_above field_validation_below gfield_visibility_visible\"  ><label class='gfield_label gform-field-label' for='input_7_17'>Domaine(s) d&#039;activit\u00e9 qui vous int\u00e9resse<span class=\"gfield_required\"><span class=\"gfield_required gfield_required_asterisk\">*<\/span><\/span><\/label><div class='gfield_description' id='gfield_description_7_17'>Merci de choisir maximum 3 domaines. Pour s\u00e9lectionner plusieurs domaines garder la touche \u00ab\u00a0commande\u00a0\u00bb appuy\u00e9e.<\/div><div class='ginput_container ginput_container_multiselect'><select multiple='multiple'  size='7' name='input_17[]' id='input_7_17' class='large gfield_select'   aria-invalid=\"false\" aria-required=\"true\" aria-describedby=\"gfield_description_7_17\"><option value='Administration cantonale' >Administration cantonale<\/option><option value='Administration communale' >Administration communale<\/option><option value='Administration f\u00e9d\u00e9rale' >Administration f\u00e9d\u00e9rale<\/option><option value='Agronomie' >Agronomie<\/option><option value='Art - Culture' >Art &#8211; Culture<\/option><option value='Assurances' >Assurances<\/option><option value='Audit' >Audit<\/option><option value='Banques - Finances' >Banques &#8211; Finances<\/option><option value='Biblioth\u00e8que - Documentation - \u00c9dition' >Biblioth\u00e8que &#8211; Documentation &#8211; \u00c9dition<\/option><option value='Biens de grande consommation (FMCG)' >Biens de grande consommation (FMCG)<\/option><option value='Biologie - Sciences de la vie' >Biologie &#8211; Sciences de la vie<\/option><option value='Commerce' >Commerce<\/option><option value='Communication - Relations publiques' >Communication &#8211; Relations publiques<\/option><option value='Comptabilit\u00e9' >Comptabilit\u00e9<\/option><option value='Construction - Immobilier' >Construction &#8211; Immobilier<\/option><option value='Consulting' >Consulting<\/option><option value='Coop\u00e9ration internationale - Humanitaire - ONG' >Coop\u00e9ration internationale &#8211; Humanitaire &#8211; ONG<\/option><option value='Data Science' >Data Science<\/option><option value='D\u00e9veloppement durable - Environnement' >D\u00e9veloppement durable &#8211; Environnement<\/option><option value='Enseignement - Formation' >Enseignement &#8211; Formation<\/option><option value='Entrepreneuriat' >Entrepreneuriat<\/option><option value='\u00c9v\u00e9nementiel' >\u00c9v\u00e9nementiel<\/option><option value='G\u00e9ologie' >G\u00e9ologie<\/option><option value='Horlogerie - Luxe' >Horlogerie &#8211; Luxe<\/option><option value='Journalisme - M\u00e9dias' >Journalisme &#8211; M\u00e9dias<\/option><option value='Juridique - Fiscalit\u00e9 - Notariat' >Juridique &#8211; Fiscalit\u00e9 &#8211; Notariat<\/option><option value='Marketing' >Marketing<\/option><option value='Mobilit\u00e9' >Mobilit\u00e9<\/option><option value='Pharma' >Pharma<\/option><option value='Politique' >Politique<\/option><option value='Recherche &amp; d\u00e9veloppement' >Recherche &amp; d\u00e9veloppement<\/option><option value='Religion - Spiritualit\u00e9' >Religion &#8211; Spiritualit\u00e9<\/option><option value='Ressources humaines' >Ressources humaines<\/option><option value='Sant\u00e9 - M\u00e9dical - Psychologie' >Sant\u00e9 &#8211; M\u00e9dical &#8211; Psychologie<\/option><option value='Sciences criminelles' >Sciences criminelles<\/option><option value='S\u00e9curit\u00e9 - Cybers\u00e9curit\u00e9' >S\u00e9curit\u00e9 &#8211; Cybers\u00e9curit\u00e9<\/option><option value='Sport - Loisirs' >Sport &#8211; Loisirs<\/option><option value='Statistiques' >Statistiques<\/option><option value='Syst\u00e8me d&#039;information - TIC' >Syst\u00e8me d&#039;information &#8211; TIC<\/option><option value='Tourisme - H\u00f4tellerie' >Tourisme &#8211; H\u00f4tellerie<\/option><option value='Traduction - Interpr\u00e9tariat' >Traduction &#8211; Interpr\u00e9tariat<\/option><option value='Transport' >Transport<\/option><option value='Travail social' >Travail social<\/option><option value='Urbanisme - Am\u00e9nagement du territoire' >Urbanisme &#8211; Am\u00e9nagement du territoire<\/option><option value='- Autre domaine d&#039;activit\u00e9 -' >&#8211; Autre domaine d&#039;activit\u00e9 &#8211;<\/option><\/select><\/div><\/div><div id=\"field_7_14\" class=\"gfield gfield--type-text gfield--input-type-text gfield--width-full field_sublabel_above gfield--has-description field_description_above field_validation_below gfield_visibility_visible\"  ><label class='gfield_label gform-field-label' for='input_7_14'>Autre domaine d&#039;activit\u00e9 si non list\u00e9 ci-dessus<\/label><div class='gfield_description' id='gfield_description_7_14'>Veuillez pr\u00e9ciser si vous avez s\u00e9lectionn\u00e9 \u00ab\u00a0Autre domaine d&rsquo;activit\u00e9\u00a0\u00bb dans le menu d\u00e9roulant ci-dessus.<\/div><div class='ginput_container ginput_container_text'><input name='input_14' id='input_7_14' type='text' value='' class='medium'  aria-describedby=\"gfield_description_7_14\"    aria-invalid=\"false\"   \/><\/div><\/div><div id=\"field_7_11\" class=\"gfield gfield--type-textarea gfield--input-type-textarea gfield--width-full gfield_contains_required field_sublabel_above gfield--no-description field_description_above field_validation_below gfield_visibility_visible\"  ><label class='gfield_label gform-field-label' for='input_7_11'>Pr\u00e9cisions sur la demande<span class=\"gfield_required\"><span class=\"gfield_required gfield_required_asterisk\">*<\/span><\/span><\/label><div class='ginput_container ginput_container_textarea'><textarea name='input_11' id='input_7_11' class='textarea medium'     aria-required=\"true\" aria-invalid=\"false\"   rows='10' cols='50'><\/textarea><\/div><\/div><\/div><\/div>\n        <div class='gform-footer gform_footer top_label'> <input type='submit' id='gform_submit_button_7' class='gform_button button' onclick='gform.submission.handleButtonClick(this);' data-submission-type='submit' value='Envoyer'  \/> \n            <input type='hidden' class='gform_hidden' name='gform_submission_method' data-js='gform_submission_method_7' value='postback' \/>\n            <input type='hidden' class='gform_hidden' name='gform_theme' data-js='gform_theme_7' id='gform_theme_7' value='gravity-theme' \/>\n            <input type='hidden' class='gform_hidden' name='gform_style_settings' data-js='gform_style_settings_7' id='gform_style_settings_7' value='{&quot;inputPrimaryColor&quot;:&quot;#204ce5&quot;}' \/>\n            <input type='hidden' class='gform_hidden' name='is_submit_7' value='1' \/>\n            <input type='hidden' class='gform_hidden' name='gform_submit' value='7' \/>\n            \n            <input type='hidden' class='gform_hidden' name='gform_currency' data-currency='USD' value='1d5VIZ3gID6\/XCLS99OYDa2wmtM0XwDL6tTYjCIT9OxFf3y1o6fP02bcAvuaPudNcELDXYxfJNXuVPNDUBn5lsQO5uFWt6+bg7HKpGWeIjaz28o=' \/>\n            <input type='hidden' class='gform_hidden' name='gform_unique_id' value='' \/>\n            <input type='hidden' class='gform_hidden' name='state_7' value='WyJ7XCI2XCI6W1wiNDdlOTRiZTUxMTYyNzhjMDI3YTg4NDM5ODJmOTY1MTBcIixcImUyNmQxYzI0YTFhMDU0YTk1N2YzOGI1YjAyY2FkMDVkXCIsXCIzNzA2OTcyNDViZjgwODcxMTQ3ZjhiMmZlMTc5MDQxY1wiXSxcIjdcIjpbXCJkMDAxOTEyZWZhZTg3ZmI5YjJkN2E1NDMyYjcwZmJiYVwiLFwiNWVlMjE2MTE0YjFhZTFhM2JmYWExZWJmMDVmMTZkNDRcIl19IiwiMTIzMGZjMzY2YWQzNWRhOWRiOWIwNjMwN2UxZjg0MjQiXQ==' \/>\n            <input type='hidden' autocomplete='off' class='gform_hidden' name='gform_target_page_number_7' id='gform_target_page_number_7' value='0' \/>\n            <input type='hidden' autocomplete='off' class='gform_hidden' name='gform_source_page_number_7' id='gform_source_page_number_7' value='1' \/>\n            <input type='hidden' name='gform_field_values' value='' \/>\n            \n        <\/div>\n                        <\/form>\n                        <\/div><script type=\"text\/javascript\">\n\/* <![CDATA[ *\/\n gform.initializeOnLoaded( function() {gformInitSpinner( 7, 'https:\/\/wp.unil.ch\/alumnil\/wp-content\/plugins\/gravityforms\/images\/spinner.svg', true );jQuery('#gform_ajax_frame_7').on('load',function(){var contents = jQuery(this).contents().find('*').html();var is_postback = contents.indexOf('GF_AJAX_POSTBACK') >= 0;if(!is_postback){return;}var form_content = jQuery(this).contents().find('#gform_wrapper_7');var is_confirmation = jQuery(this).contents().find('#gform_confirmation_wrapper_7').length > 0;var is_redirect = contents.indexOf('gformRedirect(){') >= 0;var is_form = form_content.length > 0 && ! is_redirect && ! is_confirmation;var mt = parseInt(jQuery('html').css('margin-top'), 10) + parseInt(jQuery('body').css('margin-top'), 10) + 100;if(is_form){jQuery('#gform_wrapper_7').html(form_content.html());if(form_content.hasClass('gform_validation_error')){jQuery('#gform_wrapper_7').addClass('gform_validation_error');} else {jQuery('#gform_wrapper_7').removeClass('gform_validation_error');}setTimeout( function() { \/* delay the scroll by 50 milliseconds to fix a bug in chrome *\/  }, 50 );if(window['gformInitDatepicker']) {gformInitDatepicker();}if(window['gformInitPriceFields']) {gformInitPriceFields();}var current_page = jQuery('#gform_source_page_number_7').val();gformInitSpinner( 7, 'https:\/\/wp.unil.ch\/alumnil\/wp-content\/plugins\/gravityforms\/images\/spinner.svg', true );jQuery(document).trigger('gform_page_loaded', [7, current_page]);window['gf_submitting_7'] = false;}else if(!is_redirect){var confirmation_content = jQuery(this).contents().find('.GF_AJAX_POSTBACK').html();if(!confirmation_content){confirmation_content = contents;}jQuery('#gform_wrapper_7').replaceWith(confirmation_content);jQuery(document).trigger('gform_confirmation_loaded', [7]);window['gf_submitting_7'] = false;wp.a11y.speak(jQuery('#gform_confirmation_message_7').text());}else{jQuery('#gform_7').append(contents);if(window['gformRedirect']) {gformRedirect();}}jQuery(document).trigger(\"gform_pre_post_render\", [{ formId: \"7\", currentPage: \"current_page\", abort: function() { this.preventDefault(); } }]);        if (event && event.defaultPrevented) {                return;        }        const gformWrapperDiv = document.getElementById( \"gform_wrapper_7\" );        if ( gformWrapperDiv ) {            const visibilitySpan = document.createElement( \"span\" );            visibilitySpan.id = \"gform_visibility_test_7\";            gformWrapperDiv.insertAdjacentElement( \"afterend\", visibilitySpan );        }        const visibilityTestDiv = document.getElementById( \"gform_visibility_test_7\" );        let postRenderFired = false;        function triggerPostRender() {            if ( postRenderFired ) {                return;            }            postRenderFired = true;            gform.core.triggerPostRenderEvents( 7, current_page );            if ( visibilityTestDiv ) {                visibilityTestDiv.parentNode.removeChild( visibilityTestDiv );            }        }        function debounce( func, wait, immediate ) {            var timeout;            return function() {                var context = this, args = arguments;                var later = function() {                    timeout = null;                    if ( !immediate ) func.apply( context, args );                };                var callNow = immediate && !timeout;                clearTimeout( timeout );                timeout = setTimeout( later, wait );                if ( callNow ) func.apply( context, args );            };        }        const debouncedTriggerPostRender = debounce( function() {            triggerPostRender();        }, 200 );        if ( visibilityTestDiv && visibilityTestDiv.offsetParent === null ) {            const observer = new MutationObserver( ( mutations ) => {                mutations.forEach( ( mutation ) => {                    if ( mutation.type === 'attributes' && visibilityTestDiv.offsetParent !== null ) {                        debouncedTriggerPostRender();                        observer.disconnect();                    }                });            });            observer.observe( document.body, {                attributes: true,                childList: false,                subtree: true,                attributeFilter: [ 'style', 'class' ],            });        } else {            triggerPostRender();        }    } );} ); \n\/* ]]> *\/\n<\/script>\n\n\n","protected":false},"excerpt":{"rendered":"","protected":false},"author":1001058,"featured_media":0,"parent":0,"menu_order":61,"comment_status":"closed","ping_status":"closed","template":"","meta":{"_seopress_robots_primary_cat":"","_seopress_titles_title":"","_seopress_titles_desc":"","_seopress_robots_index":"","footnotes":""},"class_list":["post-8581","page","type-page","status-publish"],"_links":{"self":[{"href":"https:\/\/wp.unil.ch\/alumnil\/wp-json\/wp\/v2\/pages\/8581","targetHints":{"allow":["GET"]}}],"collection":[{"href":"https:\/\/wp.unil.ch\/alumnil\/wp-json\/wp\/v2\/pages"}],"about":[{"href":"https:\/\/wp.unil.ch\/alumnil\/wp-json\/wp\/v2\/types\/page"}],"author":[{"embeddable":true,"href":"https:\/\/wp.unil.ch\/alumnil\/wp-json\/wp\/v2\/users\/1001058"}],"replies":[{"embeddable":true,"href":"https:\/\/wp.unil.ch\/alumnil\/wp-json\/wp\/v2\/comments?post=8581"}],"version-history":[{"count":2,"href":"https:\/\/wp.unil.ch\/alumnil\/wp-json\/wp\/v2\/pages\/8581\/revisions"}],"predecessor-version":[{"id":12723,"href":"https:\/\/wp.unil.ch\/alumnil\/wp-json\/wp\/v2\/pages\/8581\/revisions\/12723"}],"wp:attachment":[{"href":"https:\/\/wp.unil.ch\/alumnil\/wp-json\/wp\/v2\/media?parent=8581"}],"curies":[{"name":"wp","href":"https:\/\/api.w.org\/{rel}","templated":true}]}}