{"id":7892,"date":"2022-01-27T17:39:05","date_gmt":"2022-01-27T16:39:05","guid":{"rendered":"https:\/\/wp.unil.ch\/alumnil\/?page_id=7892"},"modified":"2025-11-03T11:18:34","modified_gmt":"2025-11-03T10:18:34","slug":"contacter-une-personne-relais","status":"publish","type":"page","link":"https:\/\/wp.unil.ch\/alumnil\/contacter-une-personne-relais\/","title":{"rendered":"Contacter une personne-relais"},"content":{"rendered":"\n<p>Vous allez \u00e9tudier \u00e0 l&rsquo;\u00e9tranger ou vous vous expatriez et auriez besoin d&rsquo;informations pratiques sur votre lieu de destination ? Le Bureau des alumni vous donnera volontiers l&rsquo;adresse \u00e9lectronique d&rsquo;un membre du r\u00e9seau Alumnil ayant \u00e9tudi\u00e9 ou m\u00eame vivant sur place : les personnes-relais. Pour b\u00e9n\u00e9ficier de ce service, il suffit de remplir le formulaire ci-dessous et nous vous mettrons en lien.<\/p>\n\n\n<div class=\"wp-block-image\">\n<figure class=\"aligncenter size-full\"><img alt=\"\" loading=\"lazy\" decoding=\"async\" width=\"500\" height=\"333\" src=\"https:\/\/wp.unil.ch\/alumnil\/files\/2022\/01\/Personnes_relais_monde_500.jpg\" alt=\"\" class=\"wp-image-7895\" srcset=\"https:\/\/wp.unil.ch\/alumnil\/files\/2022\/01\/Personnes_relais_monde_500.jpg 500w, https:\/\/wp.unil.ch\/alumnil\/files\/2022\/01\/Personnes_relais_monde_500-250x167.jpg 250w, https:\/\/wp.unil.ch\/alumnil\/files\/2022\/01\/Personnes_relais_monde_500-300x200.jpg 300w\" sizes=\"auto, (max-width: 500px) 100vw, 500px\" \/><\/figure>\n<\/div>\n\n<script type=\"text\/javascript\">\n\/* <![CDATA[ *\/\nvar gform;gform||(document.addEventListener(\"gform_main_scripts_loaded\",function(){gform.scriptsLoaded=!0}),document.addEventListener(\"gform\/theme\/scripts_loaded\",function(){gform.themeScriptsLoaded=!0}),window.addEventListener(\"DOMContentLoaded\",function(){gform.domLoaded=!0}),gform={domLoaded:!1,scriptsLoaded:!1,themeScriptsLoaded:!1,isFormEditor:()=>\"function\"==typeof InitializeEditor,callIfLoaded:function(o){return!(!gform.domLoaded||!gform.scriptsLoaded||!gform.themeScriptsLoaded&&!gform.isFormEditor()||(gform.isFormEditor()&&console.warn(\"The use of gform.initializeOnLoaded() is deprecated in the form editor context and will be removed in Gravity Forms 3.1.\"),o(),0))},initializeOnLoaded:function(o){gform.callIfLoaded(o)||(document.addEventListener(\"gform_main_scripts_loaded\",()=>{gform.scriptsLoaded=!0,gform.callIfLoaded(o)}),document.addEventListener(\"gform\/theme\/scripts_loaded\",()=>{gform.themeScriptsLoaded=!0,gform.callIfLoaded(o)}),window.addEventListener(\"DOMContentLoaded\",()=>{gform.domLoaded=!0,gform.callIfLoaded(o)}))},hooks:{action:{},filter:{}},addAction:function(o,r,e,t){gform.addHook(\"action\",o,r,e,t)},addFilter:function(o,r,e,t){gform.addHook(\"filter\",o,r,e,t)},doAction:function(o){gform.doHook(\"action\",o,arguments)},applyFilters:function(o){return gform.doHook(\"filter\",o,arguments)},removeAction:function(o,r){gform.removeHook(\"action\",o,r)},removeFilter:function(o,r,e){gform.removeHook(\"filter\",o,r,e)},addHook:function(o,r,e,t,n){null==gform.hooks[o][r]&&(gform.hooks[o][r]=[]);var d=gform.hooks[o][r];null==n&&(n=r+\"_\"+d.length),gform.hooks[o][r].push({tag:n,callable:e,priority:t=null==t?10:t})},doHook:function(r,o,e){var t;if(e=Array.prototype.slice.call(e,1),null!=gform.hooks[r][o]&&((o=gform.hooks[r][o]).sort(function(o,r){return o.priority-r.priority}),o.forEach(function(o){\"function\"!=typeof(t=o.callable)&&(t=window[t]),\"action\"==r?t.apply(null,e):e[0]=t.apply(null,e)})),\"filter\"==r)return e[0]},removeHook:function(o,r,t,n){var e;null!=gform.hooks[o][r]&&(e=(e=gform.hooks[o][r]).filter(function(o,r,e){return!!(null!=n&&n!=o.tag||null!=t&&t!=o.priority)}),gform.hooks[o][r]=e)}});\n\/* ]]> *\/\n<\/script>\n\n                <div class='gf_browser_gecko gform_wrapper gform_legacy_markup_wrapper gform-theme--no-framework' data-form-theme='legacy' data-form-index='0' id='gform_wrapper_3' ><form method='post' enctype='multipart\/form-data'  id='gform_3'  action='\/alumnil\/wp-json\/wp\/v2\/pages\/7892' data-formid='3' novalidate><div class='gf_invisible ginput_recaptchav3' data-sitekey='6LdujuwpAAAAAPhxRpxIHMzMYtcnJGeT7dAg7O30' data-tabindex='0'><input id=\"input_bfdac43ce5b88fb280a46e2b292cbf67\" class=\"gfield_recaptcha_response\" type=\"hidden\" name=\"input_bfdac43ce5b88fb280a46e2b292cbf67\" value=\"\"\/><\/div>\n                        <div class='gform-body gform_body'><ul id='gform_fields_3' class='gform_fields left_label form_sublabel_above description_below validation_below'><li id=\"field_3_16\" class=\"gfield gfield--type-section gsection field_sublabel_above gfield--no-description field_description_below field_validation_below gfield_visibility_visible\"  ><h2 class=\"gsection_title\">Informations personnelles<\/h2><\/li><li id=\"field_3_15\" class=\"gfield gfield--type-name gfield--width-full gfield_contains_required field_sublabel_above gfield--no-description field_description_below field_validation_below gfield_visibility_visible\"  ><label class='gfield_label gform-field-label gfield_label_before_complex' >Pr\u00e9nom &amp; Nom<span class=\"gfield_required\"><span class=\"gfield_required gfield_required_asterisk\">*<\/span><\/span><\/label><div class='ginput_complex ginput_container ginput_container--name no_prefix has_first_name no_middle_name has_last_name no_suffix gf_name_has_2 ginput_container_name gform-grid-row' id='input_3_15'>\n                            \n                            <span id='input_3_15_3_container' class='name_first gform-grid-col gform-grid-col--size-auto' >\n                                                    <label for='input_3_15_3' class='gform-field-label gform-field-label--type-sub '>Pr\u00e9nom<\/label>\n                                                    <input type='text' name='input_15.3' id='input_3_15_3' value=''   aria-required='true'     \/>\n                                                <\/span>\n                            \n                            <span id='input_3_15_6_container' class='name_last gform-grid-col gform-grid-col--size-auto' >\n                                                            <label for='input_3_15_6' class='gform-field-label gform-field-label--type-sub '>Nom<\/label>\n                                                            <input type='text' name='input_15.6' id='input_3_15_6' value=''   aria-required='true'     \/>\n                                                        <\/span>\n                            \n                        <\/div><\/li><li id=\"field_3_3\" class=\"gfield gfield--type-email gfield--width-full gfield_contains_required field_sublabel_above gfield--no-description field_description_below field_validation_below gfield_visibility_visible\"  ><label class='gfield_label gform-field-label' for='input_3_3'>E-mail<span class=\"gfield_required\"><span class=\"gfield_required gfield_required_asterisk\">*<\/span><\/span><\/label><div class='ginput_container ginput_container_email'>\n                            <input name='input_3' id='input_3_3' type='email' value='' class='large'    aria-required=\"true\" aria-invalid=\"false\"  \/>\n                        <\/div><\/li><li id=\"field_3_17\" class=\"gfield gfield--type-section gsection field_sublabel_above gfield--no-description field_description_below field_validation_below gfield_visibility_visible\"  ><h2 class=\"gsection_title\">Etudes \u00e0 l&#039;UNIL<\/h2><\/li><li id=\"field_3_4\" class=\"gfield gfield--type-select gfield--width-full gfield_contains_required field_sublabel_above gfield--no-description field_description_below field_validation_below gfield_visibility_visible\"  ><label class='gfield_label gform-field-label' for='input_3_4'>Je suis immatricul\u00e9\u00b7e ou j&#039;ai \u00e9tudi\u00e9 \u00e0 la Facult\u00e9 de<span class=\"gfield_required\"><span class=\"gfield_required gfield_required_asterisk\">*<\/span><\/span><\/label><div class='ginput_container ginput_container_select'><select name='input_4' id='input_3_4' class='medium gfield_select'    aria-required=\"true\" aria-invalid=\"false\" ><option value='FBM' >FBM<\/option><option value='FDCA' >FDCA<\/option><option value='FGSE' >FGSE<\/option><option value='HEC' >HEC<\/option><option value='Lettres' >Lettres<\/option><option value='SSP' >SSP<\/option><option value='FTSR' >FTSR<\/option><option value='Autre' >Autre<\/option><\/select><\/div><\/li><li id=\"field_3_9\" class=\"gfield gfield--type-radio gfield--type-choice gfield--width-half gfield_contains_required field_sublabel_above gfield--no-description field_description_below field_validation_below gfield_visibility_visible\"  ><label class='gfield_label gform-field-label' >Niveau d&#039;\u00e9tudes actuel<span class=\"gfield_required\"><span class=\"gfield_required gfield_required_asterisk\">*<\/span><\/span><\/label><div class='ginput_container ginput_container_radio'><ul class='gfield_radio' id='input_3_9'>\n\t\t\t<li class='gchoice gchoice_3_9_0'>\n\t\t\t\t<input name='input_9' type='radio' value='Bachelor'  id='choice_3_9_0'    \/>\n\t\t\t\t<label for='choice_3_9_0' id='label_3_9_0' class='gform-field-label gform-field-label--type-inline'>Bachelor<\/label>\n\t\t\t<\/li>\n\t\t\t<li class='gchoice gchoice_3_9_1'>\n\t\t\t\t<input name='input_9' type='radio' value='Master'  id='choice_3_9_1'    \/>\n\t\t\t\t<label for='choice_3_9_1' id='label_3_9_1' class='gform-field-label gform-field-label--type-inline'>Master<\/label>\n\t\t\t<\/li>\n\t\t\t<li class='gchoice gchoice_3_9_2'>\n\t\t\t\t<input name='input_9' type='radio' value='Doctorat'  id='choice_3_9_2'    \/>\n\t\t\t\t<label for='choice_3_9_2' id='label_3_9_2' class='gform-field-label gform-field-label--type-inline'>Doctorat<\/label>\n\t\t\t<\/li>\n\t\t\t<li class='gchoice gchoice_3_9_3'>\n\t\t\t\t<input name='input_9' type='radio' value='Post-doc'  id='choice_3_9_3'    \/>\n\t\t\t\t<label for='choice_3_9_3' id='label_3_9_3' class='gform-field-label gform-field-label--type-inline'>Post-doc<\/label>\n\t\t\t<\/li><\/ul><\/div><\/li><li id=\"field_3_8\" class=\"gfield gfield--type-radio gfield--type-choice gfield--width-half gfield_contains_required field_sublabel_above gfield--no-description field_description_below field_validation_below gfield_visibility_visible\"  ><label class='gfield_label gform-field-label' >J&#039;ai d\u00e9j\u00e0 obtenu un dipl\u00f4me de l&#039;UNIL<span class=\"gfield_required\"><span class=\"gfield_required gfield_required_asterisk\">*<\/span><\/span><\/label><div class='ginput_container ginput_container_radio'><ul class='gfield_radio' id='input_3_8'>\n\t\t\t<li class='gchoice gchoice_3_8_0'>\n\t\t\t\t<input name='input_8' type='radio' value='Oui'  id='choice_3_8_0'    \/>\n\t\t\t\t<label for='choice_3_8_0' id='label_3_8_0' class='gform-field-label gform-field-label--type-inline'>Oui<\/label>\n\t\t\t<\/li>\n\t\t\t<li class='gchoice gchoice_3_8_1'>\n\t\t\t\t<input name='input_8' type='radio' value='Non, pas encore'  id='choice_3_8_1'    \/>\n\t\t\t\t<label for='choice_3_8_1' id='label_3_8_1' class='gform-field-label gform-field-label--type-inline'>Non, pas encore<\/label>\n\t\t\t<\/li><\/ul><\/div><\/li><li id=\"field_3_18\" class=\"gfield gfield--type-section gsection field_sublabel_above gfield--no-description field_description_below field_validation_below gfield_visibility_visible\"  ><h2 class=\"gsection_title\">S\u00e9jour \u00e0 l&#039;\u00e9tranger<\/h2><\/li><li id=\"field_3_11\" class=\"gfield gfield--type-text gfield--width-half gfield_contains_required field_sublabel_above gfield--no-description field_description_below field_validation_below gfield_visibility_visible\"  ><label class='gfield_label gform-field-label' for='input_3_11'>Pays de destination<span class=\"gfield_required\"><span class=\"gfield_required gfield_required_asterisk\">*<\/span><\/span><\/label><div class='ginput_container ginput_container_text'><input name='input_11' id='input_3_11' type='text' value='' class='medium'     aria-required=\"true\" aria-invalid=\"false\"   \/><\/div><\/li><li id=\"field_3_12\" class=\"gfield gfield--type-text gfield--width-full gfield_contains_required field_sublabel_above gfield--no-description field_description_below field_validation_below gfield_visibility_visible\"  ><label class='gfield_label gform-field-label' for='input_3_12'>Ville de destination<span class=\"gfield_required\"><span class=\"gfield_required gfield_required_asterisk\">*<\/span><\/span><\/label><div class='ginput_container ginput_container_text'><input name='input_12' id='input_3_12' type='text' value='' class='medium'     aria-required=\"true\" aria-invalid=\"false\"   \/><\/div><\/li><li id=\"field_3_13\" class=\"gfield gfield--type-radio gfield--type-choice gfield--width-half gfield_contains_required field_sublabel_above gfield--no-description field_description_below field_validation_below gfield_visibility_visible\"  ><label class='gfield_label gform-field-label' >Raison du d\u00e9part \u00e0 l&#039;\u00e9tranger<span class=\"gfield_required\"><span class=\"gfield_required gfield_required_asterisk\">*<\/span><\/span><\/label><div class='ginput_container ginput_container_radio'><ul class='gfield_radio' id='input_3_13'>\n\t\t\t<li class='gchoice gchoice_3_13_0'>\n\t\t\t\t<input name='input_13' type='radio' value='Etudes'  id='choice_3_13_0'    \/>\n\t\t\t\t<label for='choice_3_13_0' id='label_3_13_0' class='gform-field-label gform-field-label--type-inline'>Etudes<\/label>\n\t\t\t<\/li>\n\t\t\t<li class='gchoice gchoice_3_13_1'>\n\t\t\t\t<input name='input_13' type='radio' value='Stage'  id='choice_3_13_1'    \/>\n\t\t\t\t<label for='choice_3_13_1' id='label_3_13_1' class='gform-field-label gform-field-label--type-inline'>Stage<\/label>\n\t\t\t<\/li>\n\t\t\t<li class='gchoice gchoice_3_13_2'>\n\t\t\t\t<input name='input_13' type='radio' value='Emploi'  id='choice_3_13_2'    \/>\n\t\t\t\t<label for='choice_3_13_2' id='label_3_13_2' class='gform-field-label gform-field-label--type-inline'>Emploi<\/label>\n\t\t\t<\/li>\n\t\t\t<li class='gchoice gchoice_3_13_3'>\n\t\t\t\t<input name='input_13' type='radio' value='gf_other_choice'  id='choice_3_13_3'   onfocus=\"jQuery(this).next('input').focus();\" \/>\n\t\t\t\t<input class='small' id='input_3_13_other' name='input_13_other' type='text' value='Autre' aria-label='Autre' onfocus='jQuery(this).prev(\"input\")[0].click(); if(jQuery(this).val() == \"Autre\") { jQuery(this).val(\"\"); }' onblur='if(jQuery(this).val().replace(\" \", \"\") == \"\") { jQuery(this).val(\"Autre\"); }'   \/>\n\t\t\t<\/li><\/ul><\/div><\/li><li id=\"field_3_14\" class=\"gfield gfield--type-date gfield--input-type-datefield gfield--width-full gfield_contains_required field_sublabel_above gfield--no-description field_description_below field_validation_below gfield_visibility_visible\"  ><label class='gfield_label gform-field-label gfield_label_before_complex' >Date de mon d\u00e9part<span class=\"gfield_required\"><span class=\"gfield_required gfield_required_asterisk\">*<\/span><\/span><\/label><div id='input_3_14' class='ginput_container ginput_complex gform-grid-row'><div class=\"clear-multi\">\n                                        <div class='gfield_date_day ginput_container ginput_container_date gform-grid-col' id='input_3_14_2_container'>\n                                            <label for='input_3_14_2' class='gform-field-label gform-field-label--type-sub screen-reader-text'>Jour<\/label>\n                                            <input type='number' maxlength='2' name='input_14[]' id='input_3_14_2' value=''   aria-required='true'   placeholder='JJ' min='1' max='31' step='1'\/>\n                                        <\/div><div class='gfield_date_month ginput_container ginput_container_date gform-grid-col' id='input_3_14_1_container'>\n                                        <label for='input_3_14_1' class='gform-field-label gform-field-label--type-sub screen-reader-text'>Mois<\/label>\n                                        <input type='number' maxlength='2' name='input_14[]' id='input_3_14_1' value=''   aria-required='true'   placeholder='MM' min='1' max='12' step='1'\/>\n                                   <\/div><div class='gfield_date_year ginput_container ginput_container_date gform-grid-col' id='input_3_14_3_container'>\n                                            <label for='input_3_14_3' class='gform-field-label gform-field-label--type-sub screen-reader-text'>Ann\u00e9e<\/label>\n                                            <input type='number' maxlength='4' name='input_14[]' id='input_3_14_3' value=''   aria-required='true'   placeholder='AAAA' min='1920' max='2027' step='1'\/>\n                                       <\/div>\n                                    <\/div><\/div><\/li><\/ul><\/div>\n        <div class='gform-footer gform_footer left_label'> <input type='submit' id='gform_submit_button_3' class='gform_button button' onclick='gform.submission.handleButtonClick(this);' data-submission-type='submit' value='Envoyer'  \/> \n            <input type='hidden' class='gform_hidden' name='gform_submission_method' data-js='gform_submission_method_3' value='postback' \/>\n            <input type='hidden' class='gform_hidden' name='gform_theme' data-js='gform_theme_3' id='gform_theme_3' value='legacy' \/>\n            <input type='hidden' class='gform_hidden' name='gform_style_settings' data-js='gform_style_settings_3' id='gform_style_settings_3' value='{&quot;inputPrimaryColor&quot;:&quot;#204ce5&quot;}' \/>\n            <input type='hidden' class='gform_hidden' name='is_submit_3' value='1' \/>\n            <input type='hidden' class='gform_hidden' name='gform_submit' value='3' \/>\n            \n            <input type='hidden' class='gform_hidden' name='gform_currency' data-currency='USD' value='0InGZZM0LkmreH6r4xjpChKmjMuTpKruxo6j7DW4UkYBRYJR76R1bhXx4thW5HrnZYMLnQhmqebdEYbwqRvoKd6UyPi7TP798mH7mvrw++D2fRE=' \/>\n            <input type='hidden' class='gform_hidden' name='gform_unique_id' value='' \/>\n            <input type='hidden' class='gform_hidden' name='state_3' value='WyJ7XCI5XCI6W1wiNDdlOTRiZTUxMTYyNzhjMDI3YTg4NDM5ODJmOTY1MTBcIixcImUyNmQxYzI0YTFhMDU0YTk1N2YzOGI1YjAyY2FkMDVkXCIsXCIzNzA2OTcyNDViZjgwODcxMTQ3ZjhiMmZlMTc5MDQxY1wiLFwiOTNhMzc2MGQ3YmViYTFkMTcyMjlhMDEzOWUzMzcwZWZcIl0sXCI4XCI6W1wiZDAwMTkxMmVmYWU4N2ZiOWIyZDdhNTQzMmI3MGZiYmFcIixcIjVlZTIxNjExNGIxYWUxYTNiZmFhMWViZjA1ZjE2ZDQ0XCJdLFwiMTNcIjpbXCIyNTExNTI4NTg1ZTA1OTAyN2IzNzRjZmQzYWY5OWNjNFwiLFwiNDMyYzMwYjgwNzllMDBiMzM5YzgzZTg2ZDEwOWI4YmJcIixcIjY3MTlmMDc5ZWIxMjIyZjUxNDVkOTk1MzMxODgzMTU2XCJdfSIsImQwZmFmZDMwZmI5YzZmMTJjZWEzMDQyYWQ2YWU5OTExIl0=' \/>\n            <input type='hidden' autocomplete='off' class='gform_hidden' name='gform_target_page_number_3' id='gform_target_page_number_3' value='0' \/>\n            <input type='hidden' autocomplete='off' class='gform_hidden' name='gform_source_page_number_3' id='gform_source_page_number_3' value='1' \/>\n            <input type='hidden' name='gform_field_values' value='' \/>\n            \n        <\/div>\n                        <\/form>\n                        <\/div><script type=\"text\/javascript\">\n\/* <![CDATA[ *\/\n gform.initializeOnLoaded( function() {gformInitSpinner( 3, 'https:\/\/wp.unil.ch\/alumnil\/wp-content\/plugins\/gravityforms\/images\/spinner.svg', true );jQuery('#gform_ajax_frame_3').on('load',function(){var contents = jQuery(this).contents().find('*').html();var is_postback = contents.indexOf('GF_AJAX_POSTBACK') >= 0;if(!is_postback){return;}var form_content = jQuery(this).contents().find('#gform_wrapper_3');var is_confirmation = jQuery(this).contents().find('#gform_confirmation_wrapper_3').length > 0;var is_redirect = contents.indexOf('gformRedirect(){') >= 0;var is_form = form_content.length > 0 && ! is_redirect && ! is_confirmation;var mt = parseInt(jQuery('html').css('margin-top'), 10) + parseInt(jQuery('body').css('margin-top'), 10) + 100;if(is_form){jQuery('#gform_wrapper_3').html(form_content.html());if(form_content.hasClass('gform_validation_error')){jQuery('#gform_wrapper_3').addClass('gform_validation_error');} else {jQuery('#gform_wrapper_3').removeClass('gform_validation_error');}setTimeout( function() { \/* delay the scroll by 50 milliseconds to fix a bug in chrome *\/  }, 50 );if(window['gformInitDatepicker']) {gformInitDatepicker();}if(window['gformInitPriceFields']) {gformInitPriceFields();}var current_page = jQuery('#gform_source_page_number_3').val();gformInitSpinner( 3, 'https:\/\/wp.unil.ch\/alumnil\/wp-content\/plugins\/gravityforms\/images\/spinner.svg', true );jQuery(document).trigger('gform_page_loaded', [3, current_page]);window['gf_submitting_3'] = false;}else if(!is_redirect){var confirmation_content = jQuery(this).contents().find('.GF_AJAX_POSTBACK').html();if(!confirmation_content){confirmation_content = contents;}jQuery('#gform_wrapper_3').replaceWith(confirmation_content);jQuery(document).trigger('gform_confirmation_loaded', [3]);window['gf_submitting_3'] = false;wp.a11y.speak(jQuery('#gform_confirmation_message_3').text());}else{jQuery('#gform_3').append(contents);if(window['gformRedirect']) {gformRedirect();}}jQuery(document).trigger(\"gform_pre_post_render\", [{ formId: \"3\", currentPage: \"current_page\", abort: function() { this.preventDefault(); } }]);        if (event && event.defaultPrevented) {                return;        }        const gformWrapperDiv = document.getElementById( \"gform_wrapper_3\" );        if ( gformWrapperDiv ) {            const visibilitySpan = document.createElement( \"span\" );            visibilitySpan.id = \"gform_visibility_test_3\";            gformWrapperDiv.insertAdjacentElement( \"afterend\", visibilitySpan );        }        const visibilityTestDiv = document.getElementById( \"gform_visibility_test_3\" );        let postRenderFired = false;        function triggerPostRender() {            if ( postRenderFired ) {                return;            }            postRenderFired = true;            gform.core.triggerPostRenderEvents( 3, current_page );            if ( visibilityTestDiv ) {                visibilityTestDiv.parentNode.removeChild( visibilityTestDiv );            }        }        function debounce( func, wait, immediate ) {            var timeout;            return function() {                var context = this, args = arguments;                var later = function() {                    timeout = null;                    if ( !immediate ) func.apply( context, args );                };                var callNow = immediate && !timeout;                clearTimeout( timeout );                timeout = setTimeout( later, wait );                if ( callNow ) func.apply( context, args );            };        }        const debouncedTriggerPostRender = debounce( function() {            triggerPostRender();        }, 200 );        if ( visibilityTestDiv && visibilityTestDiv.offsetParent === null ) {            const observer = new MutationObserver( ( mutations ) => {                mutations.forEach( ( mutation ) => {                    if ( mutation.type === 'attributes' && visibilityTestDiv.offsetParent !== null ) {                        debouncedTriggerPostRender();                        observer.disconnect();                    }                });            });            observer.observe( document.body, {                attributes: true,                childList: false,                subtree: true,                attributeFilter: [ 'style', 'class' ],            });        } else {            triggerPostRender();        }    } );} ); \n\/* ]]> *\/\n<\/script>\n","protected":false},"excerpt":{"rendered":"<p>Vous allez \u00e9tudier \u00e0 l&rsquo;\u00e9tranger ou vous vous expatriez et auriez besoin d&rsquo;informations pratiques sur votre lieu de destination ? Le Bureau des alumni vous donnera volontiers l&rsquo;adresse \u00e9lectronique d&rsquo;un membre du r\u00e9seau Alumnil ayant \u00e9tudi\u00e9 ou m\u00eame vivant sur &hellip; <\/p>\n","protected":false},"author":1001058,"featured_media":0,"parent":0,"menu_order":70,"comment_status":"closed","ping_status":"closed","template":"","meta":{"_seopress_robots_primary_cat":"","_seopress_titles_title":"","_seopress_titles_desc":"","_seopress_robots_index":"","footnotes":""},"class_list":["post-7892","page","type-page","status-publish"],"_links":{"self":[{"href":"https:\/\/wp.unil.ch\/alumnil\/wp-json\/wp\/v2\/pages\/7892","targetHints":{"allow":["GET"]}}],"collection":[{"href":"https:\/\/wp.unil.ch\/alumnil\/wp-json\/wp\/v2\/pages"}],"about":[{"href":"https:\/\/wp.unil.ch\/alumnil\/wp-json\/wp\/v2\/types\/page"}],"author":[{"embeddable":true,"href":"https:\/\/wp.unil.ch\/alumnil\/wp-json\/wp\/v2\/users\/1001058"}],"replies":[{"embeddable":true,"href":"https:\/\/wp.unil.ch\/alumnil\/wp-json\/wp\/v2\/comments?post=7892"}],"version-history":[{"count":2,"href":"https:\/\/wp.unil.ch\/alumnil\/wp-json\/wp\/v2\/pages\/7892\/revisions"}],"predecessor-version":[{"id":12713,"href":"https:\/\/wp.unil.ch\/alumnil\/wp-json\/wp\/v2\/pages\/7892\/revisions\/12713"}],"wp:attachment":[{"href":"https:\/\/wp.unil.ch\/alumnil\/wp-json\/wp\/v2\/media?parent=7892"}],"curies":[{"name":"wp","href":"https:\/\/api.w.org\/{rel}","templated":true}]}}