{"id":7592,"date":"2021-08-23T12:19:02","date_gmt":"2021-08-23T10:19:02","guid":{"rendered":"https:\/\/wp.unil.ch\/alumnil\/?page_id=7592"},"modified":"2025-11-03T11:06:24","modified_gmt":"2025-11-03T10:06:24","slug":"reseau","status":"publish","type":"page","link":"https:\/\/wp.unil.ch\/alumnil\/reseau\/","title":{"rendered":"Communaut\u00e9 Alumnil"},"content":{"rendered":"\n<div class=\"wp-block-columns is-layout-flex wp-container-core-columns-is-layout-9d6595d7 wp-block-columns-is-layout-flex\">\n<div class=\"wp-block-column is-layout-flow wp-block-column-is-layout-flow\" style=\"flex-basis:66.66%\">\n<p>La communaut\u00e9 Alumnil r\u00e9unit plus de 30&rsquo;000 dipl\u00f4m\u00e9es et dipl\u00f4m\u00e9s, issus des 7 facult\u00e9s de l\u2019Universit\u00e9 de Lausanne. Ses membres sont \u00e9tablis tout autour du globe et constituent un r\u00e9seau riche et dynamique. Ils contribuent au rayonnement de l\u2019Universit\u00e9 de Lausanne et jouent le r\u00f4le de mod\u00e8les pour la jeune g\u00e9n\u00e9ration et pour leurs pairs.<br>\u00a0<br>Les alumni de l\u2019Unil sont actifs dans le monde professionnel en Suisse et \u00e0 l\u2019international. Ils permettent \u00e0 l\u2019institution de tisser des liens avec les entreprises, les institutions publiques ou encore le monde politique. Gr\u00e2ce \u00e0 cette communaut\u00e9, l\u2019institution est en lien constant avec la collectivit\u00e9 et peut r\u00e9pondre aux changements de soci\u00e9t\u00e9.<br>\u00a0<br>Afin que ses membres puissent b\u00e9n\u00e9ficier de cet immense r\u00e9seau, \u00e0 des \u00e9tapes diverses de leur parcours professionnel, un annuaire est \u00e0 disposition sur la <a href=\"https:\/\/www.alumnil.unil.ch\/member\/search\" data-type=\"link\" data-id=\"https:\/\/www.alumnil.unil.ch\/member\/search\" target=\"_blank\" rel=\"noreferrer noopener\">plateforme Alumnil<\/a>, accessible uniquement aux membres.<\/p>\n\n\n\n<p><strong>Comment adh\u00e9rer ?<\/strong> En remplissant le formulaire d\u2019adh\u00e9sion sur la page <a href=\"https:\/\/wp.unil.ch\/alumnil\/adherer\/\">Adh\u00e9rer<\/a> du site.<\/p>\n<\/div>\n\n\n\n<div class=\"wp-block-column is-layout-flow wp-block-column-is-layout-flow\" style=\"flex-basis:33.33%\">\n<figure class=\"wp-block-embed is-type-video is-provider-youtube wp-block-embed-youtube wp-embed-aspect-16-9 wp-has-aspect-ratio\"><div class=\"wp-block-embed__wrapper\">\n<iframe loading=\"lazy\" title=\"Alumnil : le Le r\u00e9seau des dipl\u00f4m\u00e9\u2022e\u2022s de l&#039;Uni\" width=\"735\" height=\"413\" src=\"https:\/\/www.youtube.com\/embed\/8YjmKDKjE7g?feature=oembed\" frameborder=\"0\" allow=\"accelerometer; autoplay; clipboard-write; encrypted-media; gyroscope; picture-in-picture; web-share\" referrerpolicy=\"strict-origin-when-cross-origin\" allowfullscreen><\/iframe>\n<\/div><\/figure>\n<\/div>\n<\/div>\n\n\n\n<p><strong>Membres du r\u00e9seau Alumnil en Suisse<\/strong><\/p>\n\n\n\n<!-- iframe plugin v.6.0 wordpress.org\/plugins\/iframe\/ -->\n<iframe loading=\"lazy\" src=\"https:\/\/tableau.unil.ch\/views\/AlumnienSuissegraphique4\/CartedelaSuisse?%3Aembed=y&#038;%3AisGuestRedirectFromVizportal=y&#038;:toolbar=no\" width=\"100%\" height=\"900\" scrolling=\"yes\" class=\"iframe-class\" frameborder=\"0\"><\/iframe>\n\n\n\n\n<p><strong>Membres du r\u00e9seau Alumnil dans le monde<\/strong><\/p>\n\n\n\n<!-- iframe plugin v.6.0 wordpress.org\/plugins\/iframe\/ -->\n<iframe loading=\"lazy\" src=\"https:\/\/tableau.unil.ch\/views\/Alumndanslemondegraphique5\/Alumnidanslemondegraphique5?%3Aembed=y&#038;%3AisGuestRedirectFromVizportal=y&#038;:toolbar=no\" width=\"100%\" height=\"900\" scrolling=\"yes\" class=\"iframe-class\" frameborder=\"0\"><\/iframe>\n\n","protected":false},"excerpt":{"rendered":"<p>Depuis 2011, le R\u00e9seau ALUMNIL r\u00e9unit les dipl\u00f4m\u00e9-e-s de l\u2019Universit\u00e9 de Lausanne au sein d\u2019un r\u00e9seau exclusif. <\/p>\n","protected":false},"author":1001058,"featured_media":0,"parent":0,"menu_order":2,"comment_status":"closed","ping_status":"closed","template":"","meta":{"_seopress_robots_primary_cat":"","_seopress_titles_title":"","_seopress_titles_desc":"","_seopress_robots_index":"","_seopress_analysis_target_kw":"","footnotes":""},"class_list":["post-7592","page","type-page","status-publish"],"_links":{"self":[{"href":"https:\/\/wp.unil.ch\/alumnil\/wp-json\/wp\/v2\/pages\/7592","targetHints":{"allow":["GET"]}}],"collection":[{"href":"https:\/\/wp.unil.ch\/alumnil\/wp-json\/wp\/v2\/pages"}],"about":[{"href":"https:\/\/wp.unil.ch\/alumnil\/wp-json\/wp\/v2\/types\/page"}],"author":[{"embeddable":true,"href":"https:\/\/wp.unil.ch\/alumnil\/wp-json\/wp\/v2\/users\/1001058"}],"replies":[{"embeddable":true,"href":"https:\/\/wp.unil.ch\/alumnil\/wp-json\/wp\/v2\/comments?post=7592"}],"version-history":[{"count":5,"href":"https:\/\/wp.unil.ch\/alumnil\/wp-json\/wp\/v2\/pages\/7592\/revisions"}],"predecessor-version":[{"id":15932,"href":"https:\/\/wp.unil.ch\/alumnil\/wp-json\/wp\/v2\/pages\/7592\/revisions\/15932"}],"wp:attachment":[{"href":"https:\/\/wp.unil.ch\/alumnil\/wp-json\/wp\/v2\/media?parent=7592"}],"curies":[{"name":"wp","href":"https:\/\/api.w.org\/{rel}","templated":true}]}}