{"id":6278,"date":"2019-09-05T00:00:08","date_gmt":"2019-09-04T22:00:08","guid":{"rendered":"http:\/\/wp.unil.ch\/alumnil\/?page_id=6278"},"modified":"2025-12-09T11:37:48","modified_gmt":"2025-12-09T10:37:48","slug":"tandempro","status":"publish","type":"page","link":"https:\/\/wp.unil.ch\/alumnil\/carriere\/tandempro\/","title":{"rendered":"TandemPRO"},"content":{"rendered":"\n<p>Le parcours de chacune et chacun peut \u00eatre une source d\u2019inspiration pour les autres. Destin\u00e9e \u00e0 faciliter le partage d\u2019exp\u00e9rience et la transition vers le monde professionnel, la prestation TandemPRO donne la possibilit\u00e9 aux \u00e9tudiantes et \u00e9tudiants, \u00e0 tous les stades de leurs \u00e9tudes, de s\u2019entretenir avec un coach TandemPRO. Ce service est \u00e9galement ouvert aux alumni en transition de carri\u00e8re et qui souhaitent b\u00e9n\u00e9ficier de conseils sp\u00e9cifiques.<\/p>\n\n\n\n<p>Le r\u00e9seau Alumnil b\u00e9n\u00e9ficie d\u2019un large \u00e9ventail de membres pr\u00eats \u00e0 transmettre leurs connaissances et exp\u00e9riences, utiles \u00e0 la carri\u00e8re de celles et ceux qui souhaitent confronter leurs aspirations aux r\u00e9alit\u00e9s du monde professionnel. Les coachs TandemPRO exercent dans de nombreux domaines d\u2019activit\u00e9s, au sein d\u2019institutions priv\u00e9es et publics, ainsi que d\u2019ONG.<\/p>\n\n\n\n<div style=\"height:5px\" aria-hidden=\"true\" class=\"wp-block-spacer\"><\/div>\n\n\n\n<h4 class=\"wp-block-heading\">Les b\u00e9n\u00e9fices du partage d\u2019exp\u00e9rience<\/h4>\n\n\n\n<p>\u00c0 l\u2019image d\u2019un tandem linguistique, TandemPRO est gratuit et n\u2019exige aucun engagement contractuel. Une heure d\u2019\u00e9change, ou plus selon les disponibilit\u00e9s. L&rsquo;occasion id\u00e9ale pour nouer des contacts, de d\u00e9velopper son r\u00e9seau et d\u2019identifier des opportunit\u00e9s.<\/p>\n\n\n\n<div class=\"wp-block-columns is-layout-flex wp-container-core-columns-is-layout-9d6595d7 wp-block-columns-is-layout-flex\">\n<div class=\"wp-block-column is-layout-flow wp-block-column-is-layout-flow\"><div class=\"wp-block-image\">\n<figure class=\"alignleft\"><img alt=\"\" loading=\"lazy\" decoding=\"async\" width=\"600\" height=\"200\" src=\"https:\/\/wp.unil.ch\/alumnil\/files\/2019\/08\/Pro600.jpg\" alt=\"\" class=\"wp-image-6283\" srcset=\"https:\/\/wp.unil.ch\/alumnil\/files\/2019\/08\/Pro600.jpg 600w, https:\/\/wp.unil.ch\/alumnil\/files\/2019\/08\/Pro600-250x83.jpg 250w, https:\/\/wp.unil.ch\/alumnil\/files\/2019\/08\/Pro600-300x100.jpg 300w\" sizes=\"auto, (max-width: 600px) 100vw, 600px\" \/><\/figure>\n<\/div><\/div>\n\n\n\n<div class=\"wp-block-column is-layout-flow wp-block-column-is-layout-flow\"><div class=\"wp-block-image\">\n<figure class=\"alignleft\"><img alt=\"\" loading=\"lazy\" decoding=\"async\" width=\"600\" height=\"200\" src=\"https:\/\/wp.unil.ch\/alumnil\/files\/2019\/08\/Jeunes600.jpg\" alt=\"\" class=\"wp-image-6284\" srcset=\"https:\/\/wp.unil.ch\/alumnil\/files\/2019\/08\/Jeunes600.jpg 600w, https:\/\/wp.unil.ch\/alumnil\/files\/2019\/08\/Jeunes600-250x83.jpg 250w, https:\/\/wp.unil.ch\/alumnil\/files\/2019\/08\/Jeunes600-300x100.jpg 300w\" sizes=\"auto, (max-width: 600px) 100vw, 600px\" \/><\/figure>\n<\/div><\/div>\n<\/div>\n\n\n\n<div class=\"wp-block-columns is-layout-flex wp-container-core-columns-is-layout-9d6595d7 wp-block-columns-is-layout-flex\">\n<div class=\"wp-block-column is-layout-flow wp-block-column-is-layout-flow\">\n<p>Vous \u00eates membre du r\u00e9seau Alumnil et exercez un m\u00e9tier depuis plus de 5 ans?<strong> <\/strong><\/p>\n<p>Afin d\u2019\u00e9largir les domaines d&rsquo;expertise, le Bureau des alumni recrute des coachs TandemPRO.<\/p>\n<p>Vous \u00eates dispos\u00e9\u00b7e \u00e0 \u00e9changer sur votre parcours et votre exp\u00e9rience? Alors rejoignez notre \u00e9quipe de coachs!<\/p>\n\n\n\n<div class=\"wp-block-buttons is-layout-flex wp-block-buttons-is-layout-flex\">\n<div class=\"wp-block-button is-style-outline is-style-outline--1\"><a class=\"wp-block-button__link has-black-color has-white-background-color has-text-color has-background has-link-color wp-element-button\" href=\"https:\/\/wp.unil.ch\/alumnil\/devenir-coach-tandempro\/\">Devenir coach<\/a><\/div>\n<\/div>\n<\/div>\n\n\n\n<div class=\"wp-block-column is-layout-flow wp-block-column-is-layout-flow\">\n<p>Vous \u00eates en cours d&rsquo;\u00e9tudes ou r\u00e9cemment dipl\u00f4m\u00e9\u00b7e et cherchez \u00e0 mieux cibler vos aspirations professionnelles?<\/p>\n<p>Le Bureau des alumni vous mettra en relation avec un membre du r\u00e9seau en fonction du domaine d&rsquo;activit\u00e9 ou du m\u00e9tier recherch\u00e9s. <\/p>\n<p>Vous souhaitez rentrer en contact avec un  coach? Alors \u00e9crivez-nous!<\/p>\n\n\n\n<div class=\"wp-block-buttons is-layout-flex wp-block-buttons-is-layout-flex\">\n<div class=\"wp-block-button is-style-outline is-style-outline--2\"><a class=\"wp-block-button__link has-black-color has-white-background-color has-text-color has-background has-link-color wp-element-button\" href=\"https:\/\/wp.unil.ch\/alumnil\/trouver-son-coach-tandempro\/\">Trouver un coach<\/a><\/div>\n<\/div>\n<\/div>\n<\/div>\n","protected":false},"excerpt":{"rendered":"<p>Le parcours de chacune et chacun peut \u00eatre une source d\u2019inspiration pour les autres. Destin\u00e9e \u00e0 faciliter le partage d\u2019exp\u00e9rience et la transition vers le monde professionnel, la prestation TandemPRO donne la possibilit\u00e9 aux \u00e9tudiantes et \u00e9tudiants, \u00e0 tous les &hellip; <\/p>\n","protected":false},"author":1001058,"featured_media":0,"parent":14337,"menu_order":44,"comment_status":"closed","ping_status":"closed","template":"","meta":{"_seopress_robots_primary_cat":"","_seopress_titles_title":"","_seopress_titles_desc":"","_seopress_robots_index":"","footnotes":""},"class_list":["post-6278","page","type-page","status-publish"],"_links":{"self":[{"href":"https:\/\/wp.unil.ch\/alumnil\/wp-json\/wp\/v2\/pages\/6278","targetHints":{"allow":["GET"]}}],"collection":[{"href":"https:\/\/wp.unil.ch\/alumnil\/wp-json\/wp\/v2\/pages"}],"about":[{"href":"https:\/\/wp.unil.ch\/alumnil\/wp-json\/wp\/v2\/types\/page"}],"author":[{"embeddable":true,"href":"https:\/\/wp.unil.ch\/alumnil\/wp-json\/wp\/v2\/users\/1001058"}],"replies":[{"embeddable":true,"href":"https:\/\/wp.unil.ch\/alumnil\/wp-json\/wp\/v2\/comments?post=6278"}],"version-history":[{"count":5,"href":"https:\/\/wp.unil.ch\/alumnil\/wp-json\/wp\/v2\/pages\/6278\/revisions"}],"predecessor-version":[{"id":16917,"href":"https:\/\/wp.unil.ch\/alumnil\/wp-json\/wp\/v2\/pages\/6278\/revisions\/16917"}],"up":[{"embeddable":true,"href":"https:\/\/wp.unil.ch\/alumnil\/wp-json\/wp\/v2\/pages\/14337"}],"wp:attachment":[{"href":"https:\/\/wp.unil.ch\/alumnil\/wp-json\/wp\/v2\/media?parent=6278"}],"curies":[{"name":"wp","href":"https:\/\/api.w.org\/{rel}","templated":true}]}}