{"id":5722,"date":"2018-08-30T00:00:26","date_gmt":"2018-08-29T22:00:26","guid":{"rendered":"http:\/\/wp.unil.ch\/alumnil\/?page_id=5722"},"modified":"2025-11-05T14:04:07","modified_gmt":"2025-11-05T13:04:07","slug":"protection-des-donnees","status":"publish","type":"page","link":"https:\/\/wp.unil.ch\/alumnil\/protection-des-donnees\/","title":{"rendered":"Protection des donn\u00e9es"},"content":{"rendered":"\n<div class=\"wp-block-columns is-layout-flex wp-container-core-columns-is-layout-9d6595d7 wp-block-columns-is-layout-flex\">\n<div class=\"wp-block-column is-layout-flow wp-block-column-is-layout-flow\" style=\"flex-basis:66.66%\">\n<p>La Loi du canton de Vaud sur la Protection des Donn\u00e9es (LPrD) exigent que les entit\u00e9s informent les personnes concern\u00e9es lors de la collecte de donn\u00e9es personnelles. Principe fondateur de la protection des donn\u00e9es, l\u2019exigence de transparence s\u2019applique en Suisse (LPD) comme dans l\u2019UE (RGPD).<\/p>\n\n\n\n<p>Elle a deux objectifs principaux, obliger les entit\u00e9s qui traite des donn\u00e9es personnelles \u00e0 s\u2019exposer lors de la collecte de ces donn\u00e9es et permettre aux personnes de reconnaitre le traitement de donn\u00e9es personnelles qui les concerne pour qu\u2019elles puissent faire valoir leurs droits aupr\u00e8s de l\u2019entit\u00e9 qui les collectes.<\/p>\n\n\n\n<h5 class=\"wp-block-heading\"><strong>Le r\u00e9seau Alumnil est en conformit\u00e9<\/strong> pour le traitement des donn\u00e9es personnelles<\/h5>\n\n\n\n<p>Vous trouverez ci-dessous tout le texte de la politique de confidentialit\u00e9 des donn\u00e9es personnelles du r\u00e9seau Alumnil, ainsi que la possibilit\u00e9 de t\u00e9l\u00e9charger le pdf.<\/p>\n\n\n\n<details class=\"wp-block-details is-layout-flow wp-block-details-is-layout-flow\"><summary>Politique de confidentialit\u00e9 des donn\u00e9es personnelles du r\u00e9seau Alumnil<\/summary>\n<p><strong><a href=\"https:\/\/wp.unil.ch\/alumnil\/files\/2018\/09\/Politique_confidentialite_ReseauALUMNIL_vf_20180831.pdf\">(t\u00e9l\u00e9charger le pdf de la politique de confidentialit\u00e9 des donn\u00e9es personnelles)<\/a> <\/strong><\/p>\n\n\n\n<p>Le r\u00e9seau Alumnil est un service de l\u2019Universit\u00e9 de Lausanne (UNIL). Il a pour mission de regrouper les dipl\u00f4m\u00e9\u00b7e\u00b7s des 7 facult\u00e9s de l\u2019UNIL au sein d\u2019un r\u00e9seau exclusif pour leur permettre de d\u00e9velopper leurs contacts personnels et professionnels, de maintenir leur savoir vivant et de conserver un lien avec l\u2019UNIL.<\/p>\n\n\n\n<p>Par le maintien d\u2019un contact permanent avec les alumni, le r\u00e9seau Alumnil contribue au rayonnement institutionnel et \u00e0 la promotion de ses activit\u00e9s de recherche et d\u2019enseignement.<\/p>\n\n\n\n<p>L\u2019\u00e9tudiant\u00b7e qui s\u2019inscrit \u00e0 l\u2019Universit\u00e9 de Lausanne, est invit\u00e9\u00b7e, dans sa demande d\u2019immatriculation, \u00e0 consentir \u00e0 la communication de ses donn\u00e9es \u00e0 caract\u00e8re personnel au r\u00e9seau Alumnil, d\u00e8s l\u2019obtention de son premier dipl\u00f4me universitaire.<\/p>\n\n\n\n<p>Apr\u00e8s l\u2019obtention de son premier dipl\u00f4me, l\u2019\u00e9tudiant\u00b7e sera invit\u00e9\u00b7e \u00e0 renouveler son consentement au moment de la commande de son grade.<\/p>\n\n\n\n<p>Le Bureau des alumni traite ces donn\u00e9es en vue de satisfaire exclusivement les finalit\u00e9s \u00e9num\u00e9r\u00e9es dans le pr\u00e9sent document. Notre service accorde une tr\u00e8s grande importance \u00e0 la protection des donn\u00e9es et \u00e0 la vie priv\u00e9e des membres du r\u00e9seau.<\/p>\n\n\n\n<h3 class=\"wp-block-heading\">Types de donn\u00e9es personnelles collect\u00e9es et trait\u00e9es<\/h3>\n\n\n\n<p>Nom, pr\u00e9nom, sexe, date de naissance, email priv\u00e9, adresse postale et num\u00e9ros de t\u00e9l\u00e9phone priv\u00e9 durant les \u00e9tudes, adresses postales au moment de l\u2019immatriculation et au moment de l\u2019exmatriculation, pernum (identifiant UNIL personnel) et num\u00e9ro d\u2019immatriculation UNIL.<\/p>\n\n\n\n<p><strong>1. LES DONN\u00c9ES D\u2019IDENTIFICATION<\/strong><\/p>\n\n\n\n<div class=\"wp-block-group is-nowrap is-layout-flex wp-container-core-group-is-layout-ad2f72ca wp-block-group-is-layout-flex\">\n<p class=\"has-text-align-center\"><strong>Finalit\u00e9s du traitement<\/strong><br>Ces donn\u00e9es sont collect\u00e9es et enregistr\u00e9es :<\/p>\n\n\n\n<ul class=\"wp-block-list\">\n<li>Pour l\u2019ouverture d\u2019un compte personnel sur la plateforme Alumnil (outil de gestion et de communication du r\u00e9seau Alumnil) apr\u00e8s l\u2019obtention d\u2019un premier titre universitaire d\u00e9livr\u00e9 par l\u2019UNIL<\/li>\n\n\n\n<li>Pour l\u2019envoi d\u2019informations utiles relatives :\n<ul class=\"wp-block-list\">\n<li>aux activit\u00e9s et manifestations acad\u00e9miques et scientifiques de l\u2019UNIL<\/li>\n\n\n\n<li>aux \u00e9v\u00e9nements organis\u00e9s sp\u00e9cifiquement \u00e0 l\u2019intention des alumni de l\u2019UNIL<\/li>\n\n\n\n<li>aux offres d\u2019emploi ou d\u00e9bouch\u00e9s professionnels en rapport avec les cursus acad\u00e9miques poursuivis \u00e0 l\u2019UNIL<\/li>\n<\/ul>\n<\/li>\n\n\n\n<li>Pour l\u2019envoi de la newsletter mensuelle du r\u00e9seau Alumnil<\/li>\n\n\n\n<li>Pour permettre la mise en relation des membres du r\u00e9seau avec des \u00e9tudiant\u00b7e\u00b7s partant en s\u00e9jour d\u2019\u00e9tudes \u00e0 l\u2019\u00e9tranger et souhaitant obtenir des informations sur leur futur lieu d\u2019\u00e9tudes (personnes-relais)<\/li>\n\n\n\n<li>Pour favoriser le r\u00e9seautage entre les membres du r\u00e9seau.<\/li>\n<\/ul>\n<\/div>\n\n\n\n<div style=\"height:20px\" aria-hidden=\"true\" class=\"wp-block-spacer\"><\/div>\n\n\n\n<p><strong>2. LES DONN\u00c9ES RELATIVES AU PARCOURS ACAD\u00c9MIQUE DU DIPL\u00d4M\u00c9 AU SEIN DE L\u2019UNIVERSIT\u00c9 DE LAUSANNE<\/strong><\/p>\n\n\n\n<p>Grade obtenu, ann\u00e9e et semestre d\u2019obtention, branches principales d\u2019\u00e9tudes, option\/mention du grade, institution, facult\u00e9, lieu, pays, code du grade (identification interne UNIL).<\/p>\n\n\n\n<div class=\"wp-block-group is-nowrap is-layout-flex wp-container-core-group-is-layout-ad2f72ca wp-block-group-is-layout-flex\">\n<p class=\"has-text-align-center\"><strong>Finalit\u00e9s du traitement<\/strong><br>Ces donn\u00e9es sont collect\u00e9es et enregistr\u00e9es :<\/p>\n\n\n\n<ul class=\"wp-block-list\">\n<li>Pour la cr\u00e9ation d\u2019un compte personnel sur la plateforme Alumnil apr\u00e8s l\u2019obtention d\u2019un premier titre universitaire d\u00e9livr\u00e9 par l\u2019UNIL<\/li>\n\n\n\n<li>Pour la mise \u00e0 jour automatique du compte personnel sur la plateforme Alumnil d\u00e8s l\u2019obtention d\u2019un nouveau titre universitaire d\u00e9livr\u00e9 par l\u2019UNIL<\/li>\n\n\n\n<li>Pour la gestion des invitations et des inscriptions aux c\u00e9r\u00e9monies de remise des grades organis\u00e9es par l\u2019UNIL<\/li>\n\n\n\n<li>Pour l\u2019envoi d\u2019informations cibl\u00e9es en fonction du grade obtenu ou de la facult\u00e9 d\u2019\u00e9tudes<\/li>\n\n\n\n<li>Pour consulter les titulaires d\u2019un grade en vue de l\u2019\u00e9valuation d\u2019un cursus universitaire<\/li>\n\n\n\n<li>Pour permettre la mise en relation des membres du r\u00e9seau au b\u00e9n\u00e9fice de quelques ann\u00e9es d\u2019exp\u00e9rience professionnelle avec des jeunes dipl\u00f4m\u00e9\u00b7e\u00b7s souhaitant recevoir des conseils pour leur carri\u00e8re professionnelle (professionnels-relais).<\/li>\n<\/ul>\n<\/div>\n\n\n\n<div style=\"height:20px\" aria-hidden=\"true\" class=\"wp-block-spacer\"><\/div>\n\n\n\n<p><strong>3. LES DONN\u00c9ES RELATIVES A LA MOBILIT\u00c9 \u00c9TUDIANTE<\/strong><\/p>\n\n\n\n<p>Ann\u00e9e du s\u00e9jour d\u2019\u00e9tudes \u00e0 l\u2019\u00e9tranger, pays, ville, nom de l\u2019universit\u00e9.<\/p>\n\n\n\n<div class=\"wp-block-group is-nowrap is-layout-flex wp-container-core-group-is-layout-ad2f72ca wp-block-group-is-layout-flex\">\n<p class=\"has-text-align-center\"><strong>Finalit\u00e9s du traitement<\/strong><br>Ces donn\u00e9es sont collect\u00e9es et enregistr\u00e9es :<\/p>\n\n\n\n<ul class=\"wp-block-list\">\n<li>Pour permettre la mise en relation des membres du r\u00e9seau avec des \u00e9tudiant\u00b7e\u00b7s partant en s\u00e9jour d\u2019\u00e9tudes \u00e0 l\u2019\u00e9tranger et souhaitant obtenir des informations sur leur futur lieu d\u2019\u00e9tudes.<\/li>\n<\/ul>\n<\/div>\n\n\n\n<div style=\"height:20px\" aria-hidden=\"true\" class=\"wp-block-spacer\"><\/div>\n\n\n\n<p><strong>4. LES DONN\u00c9ES RELATIVES AU PARCOURS PROFESSIONNEL<\/strong><\/p>\n\n\n\n<p>Nom et adresse de l\u2019employeur, secteur d\u2019activit\u00e9, type d\u2019organisation, taille de l\u2019entreprise, d\u00e9partement, statut professionnel, niveau de carri\u00e8re, adresse mail professionnelle, site web, num\u00e9ro de t\u00e9l\u00e9phone, skype.<\/p>\n\n\n\n<div class=\"wp-block-group is-nowrap is-layout-flex wp-container-core-group-is-layout-ad2f72ca wp-block-group-is-layout-flex\">\n<p class=\"has-text-align-center\"><strong>Finalit\u00e9s du traitement<\/strong><br>Ces donn\u00e9es sont collect\u00e9es et enregistr\u00e9es :<\/p>\n\n\n\n<ul class=\"wp-block-list\">\n<li>Pour favoriser le r\u00e9seautage entre les membres du r\u00e9seau \u00e0 la recherche d\u2019informations sur de potentiels employeurs<\/li>\n\n\n\n<li>Pour permettre au Bureau des alumni d\u2019identifier de potentiel\u00b7le\u00b7s intervenant\u00b7e\u00b7s pour des \u00e9v\u00e9nements Alumnil li\u00e9s \u00e0 la carri\u00e8re professionnelle<\/li>\n\n\n\n<li>Pour permettre la mise en relation des membres du r\u00e9seau au b\u00e9n\u00e9fice de quelques ann\u00e9es d\u2019exp\u00e9rience professionnelle avec des jeunes dipl\u00f4m\u00e9\u00b7e\u00b7s souhaitant recevoir des conseils pour leur carri\u00e8re professionnelle (professionnels-relais).<\/li>\n<\/ul>\n<\/div>\n\n\n\n<div style=\"height:20px\" aria-hidden=\"true\" class=\"wp-block-spacer\"><\/div>\n\n\n\n<p><strong>5. VISIBILIT\u00c9 DES DONN\u00c9ES SUR LA PLATEFORME ALUMNIL<\/strong><\/p>\n\n\n\n<p>Par d\u00e9faut, pour chaque profil, l\u2019annuaire du r\u00e9seau n\u2019affiche que les donn\u00e9es suivantes :<\/p>\n\n\n\n<p>Nom, pr\u00e9nom, donn\u00e9es acad\u00e9miques.<\/p>\n\n\n\n<p>Chaque membre du r\u00e9seau a toutefois la possibilit\u00e9 de s\u00e9lectionner les donn\u00e9es qu\u2019il souhaite rendre visibles par les autres utilisateurs. Il peut \u00e9galement rendre l\u2019int\u00e9gralit\u00e9 de son profil invisible.<\/p>\n\n\n\n<p><strong>6. DUR\u00c9E DE CONSERVATION DES DONN\u00c9ES<\/strong><\/p>\n\n\n\n<p>Les donn\u00e9es sont conserv\u00e9es sur la plateforme Alumnil lorsque le titulaire d\u2019un compte est immatricul\u00e9 \u00e0 l\u2019UNIL afin de suivre un cursus universitaire additionnel.<\/p>\n\n\n\n<p>Apr\u00e8s l\u2019exmatriculation pour grade, si le titulaire d\u2019un compte n\u2019a pas valid\u00e9 son appartenance au r\u00e9seau et, par cons\u00e9quent la pr\u00e9sente politique de confidentialit\u00e9 et les conditions d\u2019utilisation du portail, les donn\u00e9es \u00e9num\u00e9r\u00e9es ci-dessus seront conserv\u00e9es durant 5 semestres afin de lui permettre de conserver son profil sur la plateforme Alumnil et de b\u00e9n\u00e9ficier d\u2019une adh\u00e9sion gratuite \u00e0 une association d\u2019alumni de l\u2019UNIL.<\/p>\n\n\n\n<p>Pour les titulaires d\u2019un compte ayant valid\u00e9 leur appartenance au r\u00e9seau et donc \u00e0 la pr\u00e9sente politique de confidentialit\u00e9 des donn\u00e9es, les donn\u00e9es seront conserv\u00e9es aussi longtemps qu\u2019ils n\u2019exprimeront pas la volont\u00e9 de les voir supprim\u00e9es.<\/p>\n\n\n\n<p><strong>7. MODIFICATION OU FERMETURE DU COMPTE<\/strong><\/p>\n\n\n\n<p>Le titulaire d\u2019un compte peut \u2013 \u00e0 tout moment \u2013 d\u00e9sactiver son compte sur la plateforme Alumnil. Il perdra alors ses acc\u00e8s \u00e0 la plateforme et son profil sera invisible pour les autres utilisateurs. La proc\u00e9dure de d\u00e9sactivation est disponible en ligne sur la plateforme Alumnil (<a href=\"https:\/\/alumnil.unil.ch\/?ShowLink=33768&amp;id=2\" target=\"_blank\" rel=\"noreferrer noopener\">article sur la visibilit\u00e9 de votre profil<\/a>).<\/p>\n\n\n\n<p><strong>8. COMMUNICATION DE DONN\u00c9ES A DES TIERS<\/strong><\/p>\n\n\n\n<p>Le r\u00e9seau Alumnil est susceptible de communiquer les donn\u00e9es personnelles des membres :<\/p>\n\n\n\n<ul class=\"wp-block-list\">\n<li>aux responsables de cursus au sein des facult\u00e9s de l\u2019UNIL dans le but d\u2019\u00e9valuer un cursus sp\u00e9cifique<\/li>\n\n\n\n<li>aux associations d\u2019alumni de l\u2019UNIL (avec lesquelles l\u2019UNIL a un contrat de prestations) auxquelles les membres ont l\u2019intention ou ont d\u00e9j\u00e0 adh\u00e9r\u00e9.<\/li>\n<\/ul>\n\n\n\n<p>A l\u2019exception de ce qui pr\u00e9c\u00e8de aucune donn\u00e9e \u00e0 caract\u00e8re personnel n\u2019est transmise \u00e0 des tiers, sans le consentement pr\u00e9alable du membre.<\/p>\n\n\n\n<p><strong>9. LES DROITS D\u2019ACC\u00c8S ET DE RECTIFICATION RECONNUS AUX MEMBRE DU R\u00c9SEAU ALUMNIL<\/strong><\/p>\n\n\n\n<p>Toute personne justifiant de son identit\u00e9 a le droit, en s\u2019adressant par lettre ou courriel sign\u00e9 et dat\u00e9 au responsable du traitement ci-apr\u00e8s d\u00e9sign\u00e9,<\/p>\n\n\n\n<ul class=\"wp-block-list\">\n<li>de se faire communiquer sans frais sous une forme intelligible, les donn\u00e9es personnelles le concernant effectivement trait\u00e9es au Bureau des alumni ainsi que toute information disponible sur leur origine et leur destination effective<\/li>\n\n\n\n<li>d\u2019obtenir sans frais la rectification de toute donn\u00e9e \u00e0 caract\u00e8re personnel incorrecte le concernant<\/li>\n\n\n\n<li>d\u2019obtenir sans frais la suppression de toute donn\u00e9e \u00e0 caract\u00e8re personnel qui, compte tenu du traitement est incompatible ou non pertinente ou dont l\u2019enregistrement ou la conservation sont illicites ou encore qui a \u00e9t\u00e9 conserv\u00e9e au-del\u00e0 de la p\u00e9riode pr\u00e9vue dans l\u2019article 6.<\/li>\n<\/ul>\n\n\n\n<p>Toute personne peut requ\u00e9rir la confirmation qu\u2019aucune donn\u00e9e la concernant n\u2019a \u00e9t\u00e9 collect\u00e9e.<\/p>\n\n\n\n<p><strong>10. COOKIES \/ R\u00c9SEAU SOCIAUX<\/strong><\/p>\n\n\n\n<p>L\u2019utilisation de cookies se limite aux fonctions techniques de la plateforme Alumnil, telles que les connexions des utilisateurs ainsi que le bon fonctionnement des serveurs. Aucun tra\u00e7age n\u2019est effectu\u00e9.<\/p>\n\n\n\n<p><strong>Single-sign on (SSO)<\/strong><\/p>\n\n\n\n<p>Le membre du r\u00e9seau Alumnil a la possibilit\u00e9 d\u2019autoriser la connexion \u00e0 la plateforme Alumnil par le biais de ses identifiants \u00e0 des r\u00e9seaux sociaux tels que Facebook \u2013 LinkedIn ou Google.<\/p>\n\n\n\n<p>En utilisant la connexion avec les identifiants de son r\u00e9seau social, le membre du r\u00e9seau Alumnil autorise le r\u00e9seau social \u00e0 communiquer ses donn\u00e9es d\u2019identification (nom, pr\u00e9nom, adresse email, photo de profil, genre, identifiant unique, URL de l\u2019utilisateur et localisation).<\/p>\n\n\n\n<p>Dans tous les cas, les mots de passe ne sont jamais transmis et aucune donn\u00e9e personnelle n\u2019est import\u00e9e. Ce processus permet uniquement de s\u2019assurer que l\u2019utilisateur s\u2019est identifi\u00e9 aupr\u00e8s du r\u00e9seau social de son choix et que son identit\u00e9 a \u00e9t\u00e9 v\u00e9rifi\u00e9e.<\/p>\n\n\n\n<p><strong>Int\u00e9gration du profil LinkedIn sur la plateforme Alumnil<\/strong><\/p>\n\n\n\n<p>Le titulaire d\u2019un compte sur la plateforme Alumnil peut autoriser l\u2019import de quelques donn\u00e9es professionnelles figurant dans son profil LinkedIn.<\/p>\n\n\n\n<p><strong>11. ASSOCIATIONS D\u2019ALUMNI<\/strong><\/p>\n\n\n\n<p>Les associations d\u2019alumni de l\u2019UNIL ayant conclu un contrat de prestations avec l\u2019UNIL b\u00e9n\u00e9ficient d\u2019un espace sur la plateforme Alumnil. Elles ont acc\u00e8s aux donn\u00e9es personnelles des titulaires de comptes, membres de leur association, exclusivement pour leur permettre de communiquer avec leurs membres et de proc\u00e9der \u00e0 des modifications des donn\u00e9es personnelles.<\/p>\n\n\n\n<p><strong>12. SOUS-TRAITANT<\/strong><\/p>\n\n\n\n<p>L\u2019UNIL a mandat\u00e9 la soci\u00e9t\u00e9 PeoplePath GmbH, Friedenheimer Bru\u0308cke 20, 80639 M\u00fcnchen, Allemagne en qualit\u00e9 de sous-traitant pour le traitement des donn\u00e9es des dipl\u00f4m\u00e9\u00b7e\u00b7s de l\u2019UNIL.<\/p>\n\n\n\n<p>Ce sous-traitant est soumis au R\u00e8glement g\u00e9n\u00e9ral sur la protection des donn\u00e9es \u2013 RGPD (r\u00e8glement 2016\/679). Les garanties n\u00e9cessaires ont \u00e9t\u00e9 mises en place par l\u2019UNIL pour que le traitement des donn\u00e9es personnelles par le sous-traitant se fasse dans le respect des lois applicables de protection des donn\u00e9es, notamment la Loi sur la protection des donn\u00e9es personnelles (LPrD).<\/p>\n\n\n\n<p>Les donn\u00e9es sont stock\u00e9es en Allemagne. Elles ne sont pas communiqu\u00e9es \u00e0 des tiers par le sous-traitant.<\/p>\n\n\n\n<p><strong>13. RESPONSABLE DU TRAITEMENT<\/strong><\/p>\n\n\n\n<p>Le responsable du traitement est l\u2019Universit\u00e9 de Lausanne, Unicentre, CH\u20131015 Lausanne.<\/p>\n\n\n\n<p>L\u2019adresse de contact pour l\u2019exercice des droits des alumni \u00e9voqu\u00e9s ci-dessus est : UNIL, Bureau des alumni, B\u00e2timent Unicentre, 1015 Lausanne.<\/p>\n\n\n\n<p><strong>Courriel \u00e0&nbsp;<a href=\"mailto:mes-donnees.alumnil@unil.ch\">mes-donnees.alumnil@unil.ch<\/a><\/strong><\/p>\n\n\n\n<p>Lausanne, le 30 ao\u00fbt 2018<\/p>\n<\/details>\n<\/div>\n\n\n\n<div class=\"wp-block-column is-layout-flow wp-block-column-is-layout-flow\" style=\"flex-basis:33.33%\"><\/div>\n<\/div>\n","protected":false},"excerpt":{"rendered":"<p>La Loi du canton de Vaud sur la Protection des Donn\u00e9es (LPrD) exigent que les entit\u00e9s informent les personnes concern\u00e9es lors de la collecte de donn\u00e9es personnelles. Principe fondateur de la protection des donn\u00e9es, l\u2019exigence de transparence s\u2019applique en Suisse &hellip; <\/p>\n","protected":false},"author":1001058,"featured_media":0,"parent":0,"menu_order":7,"comment_status":"closed","ping_status":"closed","template":"","meta":{"_seopress_robots_primary_cat":"","_seopress_titles_title":"","_seopress_titles_desc":"","_seopress_robots_index":"","footnotes":""},"class_list":["post-5722","page","type-page","status-publish"],"_links":{"self":[{"href":"https:\/\/wp.unil.ch\/alumnil\/wp-json\/wp\/v2\/pages\/5722","targetHints":{"allow":["GET"]}}],"collection":[{"href":"https:\/\/wp.unil.ch\/alumnil\/wp-json\/wp\/v2\/pages"}],"about":[{"href":"https:\/\/wp.unil.ch\/alumnil\/wp-json\/wp\/v2\/types\/page"}],"author":[{"embeddable":true,"href":"https:\/\/wp.unil.ch\/alumnil\/wp-json\/wp\/v2\/users\/1001058"}],"replies":[{"embeddable":true,"href":"https:\/\/wp.unil.ch\/alumnil\/wp-json\/wp\/v2\/comments?post=5722"}],"version-history":[{"count":4,"href":"https:\/\/wp.unil.ch\/alumnil\/wp-json\/wp\/v2\/pages\/5722\/revisions"}],"predecessor-version":[{"id":15802,"href":"https:\/\/wp.unil.ch\/alumnil\/wp-json\/wp\/v2\/pages\/5722\/revisions\/15802"}],"wp:attachment":[{"href":"https:\/\/wp.unil.ch\/alumnil\/wp-json\/wp\/v2\/media?parent=5722"}],"curies":[{"name":"wp","href":"https:\/\/api.w.org\/{rel}","templated":true}]}}