{"id":15960,"date":"2025-08-05T09:27:51","date_gmt":"2025-08-05T07:27:51","guid":{"rendered":"https:\/\/wp.unil.ch\/alumnil\/career\/liens-utiles\/"},"modified":"2025-11-17T11:25:00","modified_gmt":"2025-11-17T10:25:00","slug":"useful-links","status":"publish","type":"page","link":"https:\/\/wp.unil.ch\/alumnil\/career\/useful-links\/?lang=en","title":{"rendered":"Useful links"},"content":{"rendered":"\n<details class=\"wp-block-details is-layout-flow wp-block-details-is-layout-flow\"><summary>Would you like advice and information related to employment?<\/summary>\n<p><strong><strong>Career prospects after Unil<\/strong><\/strong><br>The Moodle platform provides information on career prospects, tips for entering the job market, as well as useful links related to various professional sectors. Write to <a href=\"mailto:centredecarrieres@unil.ch\" target=\"_blank\" rel=\"noreferrer noopener\">centredecarrieres@unil.ch<\/a> to receive the access key.<\/p>\n\n\n\n<p><a href=\"https:\/\/www.unil.ch\/unil\/en\/home\/menuinst\/universite\/organisation-universite\/unites-et-services\/service-orientation-et-carrieres.html\" target=\"_blank\" rel=\"noreferrer noopener\"><strong>Vocational Guidance and Careers Service (SOC)<\/strong><\/a><br>The SOC welcomes you during and after your studies for <a href=\"https:\/\/www.unil.ch\/unil\/en\/home\/menuinst\/etudier\/choisir-ses-etudes\/rendez-vous-dinformation.html\" target=\"_blank\" rel=\"noreferrer noopener\">information meetings<\/a> (walk-in individual consultations) to answer your questions regarding internship and job searches.<\/p>\n\n\n\n<p><a href=\"https:\/\/www.unil.ch\/unil\/fr\/home\/menuinst\/etudier\/passage-a-l-emploi\/centre-carrieres-soutien.html\" target=\"_blank\" rel=\"noreferrer noopener\"><\/a><strong><a href=\"https:\/\/www.unil.ch\/unil\/en\/home\/menuinst\/etudier\/passage-a-l-emploi\/centre-carrieres-soutien.html\" target=\"_blank\" rel=\"noreferrer noopener\"><strong>Career coaching<\/strong><\/a><\/strong><br>To support your transition into the workforce, Career coaching helps you develop a professional plan tailored to your skills and personality.<\/p>\n\n\n\n<p><a href=\"https:\/\/www.unil.ch\/unil\/en\/home\/menuinst\/etudier\/passage-a-l-emploi\/centre-carrieres-soutien\/bilan-competences.html\" target=\"_blank\" rel=\"noreferrer noopener\"><strong>Skills assessment<\/strong><\/a><br>The skills assessment is available to Unil alumni who have completed the majority of their studies at the university and who have at least three years of professional experience.<\/p>\n\n\n\n<p><a href=\"https:\/\/www.guidesocial.ch\/recherche\/fiche\/travail-le-contrat-de-travail-135\" target=\"_blank\" rel=\"noreferrer noopener\"><\/a><strong><a href=\"https:\/\/www.guidesocial.ch\/recherche\/fiche\/travail-le-contrat-de-travail-135\" target=\"_blank\" rel=\"noreferrer noopener\"><strong>Social guide to employment contracts in French-speaking Switzerland<\/strong><\/a><\/strong><\/p>\n<\/details>\n\n\n\n<details class=\"wp-block-details is-layout-flow wp-block-details-is-layout-flow\"><summary>You\u2019re looking for a job<\/summary>\n<p>The <a href=\"https:\/\/www.unil.ch\/unil\/en\/home\/menuinst\/universite\/organisation-universite\/unites-et-services\/service-orientation-et-carrieres.html\" target=\"_blank\" rel=\"noreferrer noopener\">Vocational Guidance and Careers Service (SOC)<\/a> is available to review your application documents and provide advice for your job search during <a href=\"https:\/\/www.unil.ch\/unil\/en\/home\/menuinst\/etudier\/choisir-ses-etudes\/rendez-vous-dinformation.html\" target=\"_blank\" rel=\"noreferrer noopener\">information meetings<\/a>. You can find a list of tips on <a href=\"https:\/\/www.unil.ch\/unil\/en\/home\/menuinst\/etudier\/passage-a-l-emploi.html\" target=\"_blank\" rel=\"noreferrer noopener\">this page<\/a>.<\/p>\n\n\n\n<p>The SOC also offers a range of useful resources for students and alumni on its Moodle page. Simply write to <a href=\"mailto:centredecarrieres@unil.ch\" target=\"_blank\" rel=\"noreferrer noopener\">centredecarrieres@unil.ch<\/a> to receive the access key.<\/p>\n\n\n\n<p><a href=\"https:\/\/www.alumnil.unil.ch\/modeman\/instance\/main\/name\/jobs\/list\" target=\"_blank\" rel=\"noreferrer noopener\"><strong>Job offers from the Alumnil network<\/strong><\/a><br>Alumnil platform<\/p>\n\n\n\n<p><a href=\"https:\/\/www.unil.ch\/unil\/en\/home\/menuinst\/travailler.html\" target=\"_blank\" rel=\"noreferrer noopener\"><strong>Job offers at Unil<\/strong><\/a><\/p>\n<\/details>\n\n\n\n<details class=\"wp-block-details is-layout-flow wp-block-details-is-layout-flow\"><summary>You\u2019re looking for an internship<\/summary>\n<p>The <a href=\"https:\/\/www.unil.ch\/unil\/en\/home\/menuinst\/etudier\/passage-a-l-emploi\/centre-carrieres-soutien.html\" target=\"_blank\" rel=\"noreferrer noopener\">Career centre<\/a> gathers internship opportunities for you throughout the year, across various sectors, in Switzerland and abroad. These listings can also serve as leads for finding credit-bearing internships. They are published on the Career centre\u2019s <strong>Moodle<\/strong> platform.<\/p>\n\n\n\n<p>Write to <a href=\"mailto:centredecarrieres@unil.ch\" target=\"_blank\" rel=\"noreferrer noopener\">centredecarrieres@unil.ch<\/a> to receive the access key. This service is intended for Unil students and graduates. The Career centre is also available to review your application documents and provide guidance for your internship search during <a href=\"https:\/\/www.unil.ch\/unil\/en\/home\/menuinst\/etudier\/choisir-ses-etudes\/rendez-vous-dinformation.html\" target=\"_blank\" rel=\"noreferrer noopener\">information meetings<\/a>.<\/p>\n<\/details>\n\n\n\n<details class=\"wp-block-details is-layout-flow wp-block-details-is-layout-flow\"><summary>You want to take part in employment-related events<\/summary>\n<p>Sign up for the <a href=\"https:\/\/www.unil.ch\/unil\/en\/home\/menuinst\/etudier\/passage-a-l-emploi\/centre-carrieres-soutien\/evenements.html\" target=\"_blank\" rel=\"noreferrer noopener\">SOC newsletter<\/a> to stay informed about all career-related events happening at Unil.<\/p>\n<\/details>\n\n\n\n<details class=\"wp-block-details is-layout-flow wp-block-details-is-layout-flow\"><summary>You want to pursue further training or education<\/summary>\n<p><a href=\"https:\/\/www.formation-continue-unil-epfl.ch\/en\/\" target=\"_blank\" rel=\"noreferrer noopener\"><strong>Unil\u2013EPFL continuing education<\/strong><\/a><br>A foundation centralising the continuing education programmes offered by both the University of Lausanne (Unil) and the \u00c9cole Polytechnique F\u00e9d\u00e9rale de Lausanne (EPFL). Drawing on cutting-edge research and extensive experience in university-level continuing education, these two institutions collaborate to offer top-tier programmes for professionals.<\/p>\n\n\n\n<p><a href=\"https:\/\/www.swissuni.ch\/\" target=\"_blank\" rel=\"noreferrer noopener\"><strong>Swissuni<\/strong><\/a><br>An association dedicated to promoting and supporting university-level continuing education. It brings together the continuing education services of Swiss universities and polytechnic schools.<\/p>\n\n\n\n<p><a href=\"https:\/\/www.alice.ch\/en\/\" target=\"_blank\" rel=\"noreferrer noopener\"><strong>Alice<\/strong><\/a><br>Swiss Federation website for continuing education (FSEA).<\/p>\n\n\n\n<p><a href=\"https:\/\/www.unil.ch\/connaissance3\" target=\"_blank\" rel=\"noreferrer noopener\"><strong>Connaissance 3<\/strong><\/a><br>The university for seniors, for lifelong learning.<\/p>\n<\/details>\n","protected":false},"excerpt":{"rendered":"","protected":false},"author":1001058,"featured_media":0,"parent":15863,"menu_order":45,"comment_status":"closed","ping_status":"closed","template":"","meta":{"_seopress_robots_primary_cat":"","_seopress_titles_title":"","_seopress_titles_desc":"","_seopress_robots_index":"","footnotes":""},"class_list":["post-15960","page","type-page","status-publish"],"_links":{"self":[{"href":"https:\/\/wp.unil.ch\/alumnil\/wp-json\/wp\/v2\/pages\/15960","targetHints":{"allow":["GET"]}}],"collection":[{"href":"https:\/\/wp.unil.ch\/alumnil\/wp-json\/wp\/v2\/pages"}],"about":[{"href":"https:\/\/wp.unil.ch\/alumnil\/wp-json\/wp\/v2\/types\/page"}],"author":[{"embeddable":true,"href":"https:\/\/wp.unil.ch\/alumnil\/wp-json\/wp\/v2\/users\/1001058"}],"replies":[{"embeddable":true,"href":"https:\/\/wp.unil.ch\/alumnil\/wp-json\/wp\/v2\/comments?post=15960"}],"version-history":[{"count":5,"href":"https:\/\/wp.unil.ch\/alumnil\/wp-json\/wp\/v2\/pages\/15960\/revisions"}],"predecessor-version":[{"id":16568,"href":"https:\/\/wp.unil.ch\/alumnil\/wp-json\/wp\/v2\/pages\/15960\/revisions\/16568"}],"up":[{"embeddable":true,"href":"https:\/\/wp.unil.ch\/alumnil\/wp-json\/wp\/v2\/pages\/15863"}],"wp:attachment":[{"href":"https:\/\/wp.unil.ch\/alumnil\/wp-json\/wp\/v2\/media?parent=15960"}],"curies":[{"name":"wp","href":"https:\/\/api.w.org\/{rel}","templated":true}]}}