{"id":15959,"date":"2025-08-04T12:07:53","date_gmt":"2025-08-04T10:07:53","guid":{"rendered":"https:\/\/wp.unil.ch\/alumnil\/career\/formation-continue\/"},"modified":"2025-11-05T16:55:17","modified_gmt":"2025-11-05T15:55:17","slug":"continuing-education","status":"publish","type":"page","link":"https:\/\/wp.unil.ch\/alumnil\/career\/continuing-education\/?lang=en","title":{"rendered":"Continuing education"},"content":{"rendered":"\n<div class=\"wp-block-columns is-layout-flex wp-container-core-columns-is-layout-9d6595d7 wp-block-columns-is-layout-flex\">\n<div class=\"wp-block-column is-layout-flow wp-block-column-is-layout-flow\" style=\"flex-basis:66.66%\">\n<figure class=\"wp-block-image\"><img alt=\"\" loading=\"lazy\" decoding=\"async\" width=\"640\" height=\"194\" src=\"https:\/\/wp.unil.ch\/alumnil\/files\/2019\/06\/Logo-FCUE-2019.jpg\" alt=\"\" class=\"wp-image-6224\" srcset=\"https:\/\/wp.unil.ch\/alumnil\/files\/2019\/06\/Logo-FCUE-2019.jpg 640w, https:\/\/wp.unil.ch\/alumnil\/files\/2019\/06\/Logo-FCUE-2019-250x76.jpg 250w, https:\/\/wp.unil.ch\/alumnil\/files\/2019\/06\/Logo-FCUE-2019-300x91.jpg 300w\" sizes=\"auto, (max-width: 640px) 100vw, 640px\" \/><\/figure>\n\n\n\n<p>The <a href=\"https:\/\/www.formation-continue-unil-epfl.ch\/en\/\" target=\"_blank\" rel=\"noreferrer noopener\">UNIL-EPFL Continuing Education<\/a> (FCUE) is a foundation that, since 2009, centralises the continuing education programmes offered by both the University of Lausanne (Unil) and the \u00c9cole Polytechnique F\u00e9d\u00e9rale de Lausanne (EPFL).<\/p>\n\n\n\n<p>All courses offered are at university level and in direct link with the latest research developments in their respective fields.<\/p>\n\n\n\n<p><strong><strong>Members of the Alumnil network benefit from preferential rates on a <\/strong><a href=\"https:\/\/www.formation-continue-unil-epfl.ch\/en\/rechercher-formation\/?offres=alumnil-alumni-hec-non-cotisants\" target=\"_blank\" rel=\"noreferrer noopener\"><strong>selection of courses<\/strong><\/a><strong>. You are interested in one of these programmes but not yet a member of the Alumnil network? <\/strong><a href=\"https:\/\/wp.unil.ch\/alumnil\/alumnil-community\/joining-the-alumnil-network\/?lang=en\" target=\"_blank\" rel=\"noreferrer noopener\"><strong>Request your membership<\/strong><\/a><strong>, it&rsquo;s free.<\/strong><\/strong><\/p>\n\n\n\n<p>The course catalogue is constantly growing. If you\u2019d like to stay informed about programmes relevant to your areas of interest, <a href=\"https:\/\/www.formation-continue-unil-epfl.ch\/en\/stay-informed\/\" target=\"_blank\" rel=\"noreferrer noopener\">sign up<\/a>. You\u2019ll automatically receive email updates.<\/p>\n<\/div>\n\n\n\n<div class=\"wp-block-column is-layout-flow wp-block-column-is-layout-flow\" style=\"flex-basis:33.33%\">\n<figure class=\"wp-block-embed is-type-video is-provider-youtube wp-block-embed-youtube wp-embed-aspect-16-9 wp-has-aspect-ratio\"><div class=\"wp-block-embed__wrapper\">\n<iframe loading=\"lazy\" title=\"Dynamisez votre carri\u00e8re !\" width=\"735\" height=\"413\" src=\"https:\/\/www.youtube.com\/embed\/E2AGZEjXOsU?feature=oembed\" frameborder=\"0\" allow=\"accelerometer; autoplay; clipboard-write; encrypted-media; gyroscope; picture-in-picture; web-share\" referrerpolicy=\"strict-origin-when-cross-origin\" allowfullscreen><\/iframe>\n<\/div><\/figure>\n<\/div>\n<\/div>\n","protected":false},"excerpt":{"rendered":"<p>The UNIL-EPFL Continuing Education (FCUE) is a foundation that, since 2009, centralises the continuing education programmes offered by both the University of Lausanne (Unil) and the \u00c9cole Polytechnique F\u00e9d\u00e9rale de Lausanne (EPFL). All courses offered are at university level and &hellip; <\/p>\n","protected":false},"author":1001058,"featured_media":0,"parent":15863,"menu_order":43,"comment_status":"closed","ping_status":"closed","template":"","meta":{"_seopress_robots_primary_cat":"","_seopress_titles_title":"","_seopress_titles_desc":"","_seopress_robots_index":"","footnotes":""},"class_list":["post-15959","page","type-page","status-publish"],"_links":{"self":[{"href":"https:\/\/wp.unil.ch\/alumnil\/wp-json\/wp\/v2\/pages\/15959","targetHints":{"allow":["GET"]}}],"collection":[{"href":"https:\/\/wp.unil.ch\/alumnil\/wp-json\/wp\/v2\/pages"}],"about":[{"href":"https:\/\/wp.unil.ch\/alumnil\/wp-json\/wp\/v2\/types\/page"}],"author":[{"embeddable":true,"href":"https:\/\/wp.unil.ch\/alumnil\/wp-json\/wp\/v2\/users\/1001058"}],"replies":[{"embeddable":true,"href":"https:\/\/wp.unil.ch\/alumnil\/wp-json\/wp\/v2\/comments?post=15959"}],"version-history":[{"count":4,"href":"https:\/\/wp.unil.ch\/alumnil\/wp-json\/wp\/v2\/pages\/15959\/revisions"}],"predecessor-version":[{"id":16731,"href":"https:\/\/wp.unil.ch\/alumnil\/wp-json\/wp\/v2\/pages\/15959\/revisions\/16731"}],"up":[{"embeddable":true,"href":"https:\/\/wp.unil.ch\/alumnil\/wp-json\/wp\/v2\/pages\/15863"}],"wp:attachment":[{"href":"https:\/\/wp.unil.ch\/alumnil\/wp-json\/wp\/v2\/media?parent=15959"}],"curies":[{"name":"wp","href":"https:\/\/api.w.org\/{rel}","templated":true}]}}