{"id":15859,"date":"2025-08-04T11:52:58","date_gmt":"2025-08-04T09:52:58","guid":{"rendered":"https:\/\/wp.unil.ch\/alumnil\/evenements\/"},"modified":"2026-01-19T17:40:45","modified_gmt":"2026-01-19T16:40:45","slug":"page-events","status":"publish","type":"page","link":"https:\/\/wp.unil.ch\/alumnil\/page-events\/?lang=en","title":{"rendered":"Events"},"content":{"rendered":"\n<div class=\"wp-block-columns is-layout-flex wp-container-core-columns-is-layout-9d6595d7 wp-block-columns-is-layout-flex\">\n<div class=\"wp-block-column is-layout-flow wp-block-column-is-layout-flow\" style=\"flex-basis:66.66%\">\n<p>Throughout the year, the Alumnil network members are invited to take part in a wide range of events. These gatherings offer the opportunity to meet new people and keep knowledge alive through interaction with experts in their respective fields.<br>\u00a0<br>Some of these events are organised by the Alumni office, while others are held in collaboration with Unil faculties, services, or external partners in Switzerland and abroad.<\/p>\n\n\n\n<p>In order to receive invitations to our events, please make sure your email and mailing addresses are up to date in <a href=\"https:\/\/www.alumnil.unil.ch\/user\/profile\" target=\"_blank\" rel=\"noreferrer noopener\">your profile<\/a>. Registrations are usually made via <a href=\"https:\/\/www.alumnil.unil.ch\/login-form.php\" target=\"_blank\" rel=\"noreferrer noopener\">the platform<\/a>.&nbsp;<\/p>\n<\/div>\n\n\n\n<div class=\"wp-block-column is-layout-flow wp-block-column-is-layout-flow\" style=\"flex-basis:33.33%\"><\/div>\n<\/div>\n\n\n\n<h4 class=\"wp-block-heading\">In Switzerland<\/h4>\n\n\n<!=========Events list Template 2.6.2=========><div id=\"ect-events-list-content\"><div id=\"list-wrp\" class=\"ect-list-wrapper Switzerland\"><div id=\"event-17195\" class=\"ect-list-post style-1 ect-simple-event future\"><div class=\"ect-list-post-left \">\n\t\t\t\t<div class=\"ect-list-img\" style=\"background-image:url(&#039;https:\/\/wp.unil.ch\/alumnil\/files\/2026\/02\/forum-innovation.png&#039;);background-size:cover;\"><a href=\"https:\/\/wp.unil.ch\/alumnil\/event\/forum-innovation-societale-se-transformer-pour-transformer-du-changement-personnel-au-mouvement-collectif\/\" alt=\"Forum Innovation Soci\u00e9tale | Se transformer pour transformer, du changement personnel au mouvement collectif\" rel=\"bookmark\"><div class=\"ect-list-date\"><div class=\"ect-date-area default-schedule\"><span class=\"ev-day\">29<\/span>\n\t\t\t\t\t<span class=\"ev-mo\">avril<\/span>\n\t\t\t\t\t<span class=\"ev-yr\">2026<\/span><\/div><\/div><\/a><\/div><\/div><!-- left-post close --><div class=\"ect-list-post-right\">\n\t\t\t\t<div class=\"ect-list-post-right-table\"><div class=\"ect-list-description\" style=\"width:100%;\"><h2 class=\"ect-list-title\"><a class=\"ect-event-url\" href=\"https:\/\/wp.unil.ch\/alumnil\/event\/forum-innovation-societale-se-transformer-pour-transformer-du-changement-personnel-au-mouvement-collectif\/\" rel=\"bookmark\">Forum Innovation Soci\u00e9tale | Se transformer pour transformer, du changement personnel au mouvement collectif<\/a><\/h2><!-- Event Content --><div class=\"ect-event-content\"><p>Nous sommes nombreuses et nombreux \u00e0 vouloir transformer la soci\u00e9t\u00e9, r\u00e9parer ce qui se fragilise, inventer des r\u00e9ponses nouvelles aux urgences sociales et environnementales. Mais une question essentielle est souvent \u00e9lud\u00e9e, sommes-nous pr\u00eat\u00b7es \u00e0 incarner le changement que nous souhaitons?\u00a0\u00a0<\/p>\n<\/div><a href=\"https:\/\/wp.unil.ch\/alumnil\/event\/forum-innovation-societale-se-transformer-pour-transformer-du-changement-personnel-au-mouvement-collectif\/\" class=\"ect-events-read-more\" rel=\"bookmark\">En savoir plus<\/a><\/div><\/div><\/div><!-- right-wrapper close --><\/div><!-- event-loop-end --><div id=\"event-17288\" class=\"ect-list-post style-1 ect-simple-event future\"><div class=\"ect-list-post-left \">\n\t\t\t\t<div class=\"ect-list-img\" style=\"background-image:url(&#039;https:\/\/wp.unil.ch\/alumnil\/files\/2026\/03\/olivier-de-schutter_web.jpeg&#039;);background-size:cover;\"><a href=\"https:\/\/wp.unil.ch\/alumnil\/event\/olivier-de-schutter-eradiquer-la-pauvrete-au-dela-de-la-croissance\/\" alt=\"Olivier De Schutter, \u00e9radiquer la pauvret\u00e9 au-del\u00e0 de la croissance\" rel=\"bookmark\"><div class=\"ect-list-date\"><div class=\"ect-date-area default-schedule\"><span class=\"ev-day\">30<\/span>\n\t\t\t\t\t<span class=\"ev-mo\">avril<\/span>\n\t\t\t\t\t<span class=\"ev-yr\">2026<\/span><\/div><\/div><\/a><\/div><\/div><!-- left-post close --><div class=\"ect-list-post-right\">\n\t\t\t\t<div class=\"ect-list-post-right-table\"><div class=\"ect-list-description\" style=\"width:100%;\"><h2 class=\"ect-list-title\"><a class=\"ect-event-url\" href=\"https:\/\/wp.unil.ch\/alumnil\/event\/olivier-de-schutter-eradiquer-la-pauvrete-au-dela-de-la-croissance\/\" rel=\"bookmark\">Olivier De Schutter, \u00e9radiquer la pauvret\u00e9 au-del\u00e0 de la croissance<\/a><\/h2><!-- Event Content --><div class=\"ect-event-content\"><p>Placer les droits humains, le bien-\u00eatre et les limites plan\u00e9taires au c\u0153ur de l\u2019\u00e9conomie:\u00a0la\u00a0feuille de route pour l\u2019\u00e9radication de la pauvret\u00e9 au-del\u00e0 de la croissance\u00a0vise \u00e0 proposer un catalogue de politiques publiques et mesures concr\u00e8tes\u00a0pour lutter contre la pauvret\u00e9, remettant en question le mod\u00e8le \u00e9conomique qui les a produites. Conf\u00e9rence d'Olivier De Schutter, rapporteur sp\u00e9cial des Nations Unies sur les droits de l\u2019homme et l\u2019extr\u00eame pauvret\u00e9.<\/p>\n<\/div><a href=\"https:\/\/wp.unil.ch\/alumnil\/event\/olivier-de-schutter-eradiquer-la-pauvrete-au-dela-de-la-croissance\/\" class=\"ect-events-read-more\" rel=\"bookmark\">En savoir plus<\/a><\/div><\/div><\/div><!-- right-wrapper close --><\/div><!-- event-loop-end --><div id=\"event-17344\" class=\"ect-list-post style-1 ect-simple-event future\"><div class=\"ect-list-post-left \">\n\t\t\t\t<div class=\"ect-list-img\" style=\"background-image:url(&#039;https:\/\/wp.unil.ch\/alumnil\/files\/2026\/04\/mont-aiguille-vue-den-haut.jpg&#039;);background-size:cover;\"><a href=\"https:\/\/wp.unil.ch\/alumnil\/event\/au-coeur-de-lhistoire-de-lalpinisme-la-singuliere-ascension-du-mont-aiguille-en-1492\/\" alt=\"Au c\u0153ur de l&rsquo;histoire de l&rsquo;alpinisme, la singuli\u00e8re ascension du Mont-Aiguille en 1492\" rel=\"bookmark\"><div class=\"ect-list-date\"><div class=\"ect-date-area default-schedule\"><span class=\"ev-day\">06<\/span>\n\t\t\t\t\t<span class=\"ev-mo\">mai<\/span>\n\t\t\t\t\t<span class=\"ev-yr\">2026<\/span><\/div><\/div><\/a><\/div><\/div><!-- left-post close --><div class=\"ect-list-post-right\">\n\t\t\t\t<div class=\"ect-list-post-right-table\"><div class=\"ect-list-description\" style=\"width:100%;\"><h2 class=\"ect-list-title\"><a class=\"ect-event-url\" href=\"https:\/\/wp.unil.ch\/alumnil\/event\/au-coeur-de-lhistoire-de-lalpinisme-la-singuliere-ascension-du-mont-aiguille-en-1492\/\" rel=\"bookmark\">Au c\u0153ur de l&rsquo;histoire de l&rsquo;alpinisme, la singuli\u00e8re ascension du Mont-Aiguille en 1492<\/a><\/h2><!-- Event Content --><div class=\"ect-event-content\"><p>Le R\u00e9seau des Alumni SSP vous convie \u00e0 une immersion au c\u0153ur de l'histoire de l\u2019alpinisme, pour d\u00e9couvrir l\u2019ascension du Mont-Aiguille \u00e0 travers la projection d'un documentaire, suivie d\u2019un \u00e9change avec des sp\u00e9cialistes pour d\u00e9crypter les enjeux historiques et symboliques de cet exploit.<\/p>\n<\/div><a href=\"https:\/\/wp.unil.ch\/alumnil\/event\/au-coeur-de-lhistoire-de-lalpinisme-la-singuliere-ascension-du-mont-aiguille-en-1492\/\" class=\"ect-events-read-more\" rel=\"bookmark\">En savoir plus<\/a><\/div><\/div><\/div><!-- right-wrapper close --><\/div><!-- event-loop-end --><div id=\"event-16946\" class=\"ect-list-post style-1 ect-simple-event future\"><div class=\"ect-list-post-left \">\n\t\t\t\t<div class=\"ect-list-img\" style=\"background-image:url(&#039;https:\/\/wp.unil.ch\/alumnil\/files\/2025\/12\/olivier-hamant.jpg&#039;);background-size:cover;\"><a href=\"https:\/\/wp.unil.ch\/alumnil\/event\/olivier-hamant-et-si-la-diversite-etait-notre-plus-grande-force\/\" alt=\"Olivier Hamant, et si la diversit\u00e9 \u00e9tait notre plus grande force?\" rel=\"bookmark\"><div class=\"ect-list-date\"><div class=\"ect-date-area default-schedule\"><span class=\"ev-day\">13<\/span>\n\t\t\t\t\t<span class=\"ev-mo\">mai<\/span>\n\t\t\t\t\t<span class=\"ev-yr\">2026<\/span><\/div><\/div><\/a><\/div><\/div><!-- left-post close --><div class=\"ect-list-post-right\">\n\t\t\t\t<div class=\"ect-list-post-right-table\"><div class=\"ect-list-description\" style=\"width:100%;\"><h2 class=\"ect-list-title\"><a class=\"ect-event-url\" href=\"https:\/\/wp.unil.ch\/alumnil\/event\/olivier-hamant-et-si-la-diversite-etait-notre-plus-grande-force\/\" rel=\"bookmark\">Olivier Hamant, et si la diversit\u00e9 \u00e9tait notre plus grande force?<\/a><\/h2><!-- Event Content --><div class=\"ect-event-content\"><p>Rencontre avec l\u2019auteur Olivier Hamant inspir\u00e9e par ses ouvrages \"La troisi\u00e8me voie du vivant\", \"Philosophie politique de la robustesse\" et \"L\u2019entreprise robuste\", dans le cadre du cycle de conf\u00e9rences \"2040 j\u2019y vais!\" organis\u00e9 par l'association Hub des possibles, en partenariat avec les libraires Payot, le Th\u00e9\u00e2tre Vidy-Lausanne et le r\u00e9seau Alumnil.<\/p>\n<\/div><a href=\"https:\/\/wp.unil.ch\/alumnil\/event\/olivier-hamant-et-si-la-diversite-etait-notre-plus-grande-force\/\" class=\"ect-events-read-more\" rel=\"bookmark\">En savoir plus<\/a><\/div><\/div><\/div><!-- right-wrapper close --><\/div><!-- event-loop-end --><\/div><\/div>\n\n\n\n<div class=\"wp-block-columns is-layout-flex wp-container-core-columns-is-layout-9d6595d7 wp-block-columns-is-layout-flex\">\n<div class=\"wp-block-column is-layout-flow wp-block-column-is-layout-flow\" style=\"flex-basis:66.66%\">\n<h4 class=\"wp-block-heading\">In the world<\/h4>\n\n\n\n<p>For alumni living abroad, personalised invitations will be sent to you based on your place of residence. On the platform, the \u2018International\u2019 community shares all the activities offered around the world.<\/p>\n\n\n\n<p><a href=\"https:\/\/www.alumnil.unil.ch\/group\/search\" target=\"_blank\" rel=\"noreferrer noopener\">Register with the \u2018International\u2019 community<\/a> if you live outside Switzerland (<a href=\"https:\/\/alumnil.unil.ch\/login-form.php\" target=\"_blank\" rel=\"noreferrer noopener\">login<\/a> required) and enter your postal address in your <a href=\"https:\/\/www.alumnil.unil.ch\/user\/profile\" target=\"_blank\" rel=\"noreferrer noopener\">profile<\/a>.<\/p>\n<\/div>\n\n\n\n<div class=\"wp-block-column is-layout-flow wp-block-column-is-layout-flow\" style=\"flex-basis:33.33%\"><\/div>\n<\/div>\n\n\n<!=========Events list Template 2.6.2=========><div id=\"ect-events-list-content\"><div id=\"list-wrp\" class=\"ect-list-wrapper Abroad\"><div id=\"event-17316\" class=\"ect-list-post style-1 ect-simple-event future\"><div class=\"ect-list-post-left \">\n\t\t\t\t<div class=\"ect-list-img\" style=\"background-image:url(&#039;https:\/\/wp.unil.ch\/alumnil\/files\/2026\/03\/sao-paulo-wp.jpg&#039;);background-size:cover;\"><a href=\"https:\/\/wp.unil.ch\/alumnil\/event\/sao-paulo-swiss-alumni-night\/\" alt=\"[S\u00e3o Paulo] Swiss Alumni Night\" rel=\"bookmark\"><div class=\"ect-list-date\"><div class=\"ect-date-area default-schedule\"><span class=\"ev-day\">16<\/span>\n\t\t\t\t\t<span class=\"ev-mo\">avril<\/span>\n\t\t\t\t\t<span class=\"ev-yr\">2026<\/span><\/div><\/div><\/a><\/div><\/div><!-- left-post close --><div class=\"ect-list-post-right\">\n\t\t\t\t<div class=\"ect-list-post-right-table\"><div class=\"ect-list-description\" style=\"width:100%;\"><h2 class=\"ect-list-title\"><a class=\"ect-event-url\" href=\"https:\/\/wp.unil.ch\/alumnil\/event\/sao-paulo-swiss-alumni-night\/\" rel=\"bookmark\">[S\u00e3o Paulo] Swiss Alumni Night<\/a><\/h2><!-- Event Content --><div class=\"ect-event-content\"><p>To strengthen the Swiss alumni community in Brazil and spark new connections, Swissnex in Brazil organises a networking event for alumni and former affiliates of Swiss universities, co-organized with the Consulate General of Switzerland in S\u00e3o Paulo.<\/p>\n<\/div><a href=\"https:\/\/wp.unil.ch\/alumnil\/event\/sao-paulo-swiss-alumni-night\/\" class=\"ect-events-read-more\" rel=\"bookmark\">En savoir plus<\/a><\/div><\/div><\/div><!-- right-wrapper close --><\/div><!-- event-loop-end --><div id=\"event-17297\" class=\"ect-list-post style-1 ect-simple-event future\"><div class=\"ect-list-post-left \">\n\t\t\t\t<div class=\"ect-list-img\" style=\"background-image:url(&#039;https:\/\/wp.unil.ch\/alumnil\/files\/2026\/03\/bay-area-wp.jpg&#039;);background-size:cover;\"><a href=\"https:\/\/wp.unil.ch\/alumnil\/event\/san-francisco-swissnex-alumni-night-2026-from-entanglement-to-connection\/\" alt=\"[San Francisco] Swissnex Alumni Night 2026\" rel=\"bookmark\"><div class=\"ect-list-date\"><div class=\"ect-date-area default-schedule\"><span class=\"ev-day\">19<\/span>\n\t\t\t\t\t<span class=\"ev-mo\">avril<\/span>\n\t\t\t\t\t<span class=\"ev-yr\">2026<\/span><\/div><\/div><\/a><\/div><\/div><!-- left-post close --><div class=\"ect-list-post-right\">\n\t\t\t\t<div class=\"ect-list-post-right-table\"><div class=\"ect-list-description\" style=\"width:100%;\"><h2 class=\"ect-list-title\"><a class=\"ect-event-url\" href=\"https:\/\/wp.unil.ch\/alumnil\/event\/san-francisco-swissnex-alumni-night-2026-from-entanglement-to-connection\/\" rel=\"bookmark\">[San Francisco] Swissnex Alumni Night 2026<\/a><\/h2><!-- Event Content --><div class=\"ect-event-content\"><p>\u200bSwissnex in San Francisco invites the Swiss Alumni Community in the Bay Area for an Alumni Night to explore the interconnectedness between Swiss and US innovation ecosystems.<\/p>\n<\/div><a href=\"https:\/\/wp.unil.ch\/alumnil\/event\/san-francisco-swissnex-alumni-night-2026-from-entanglement-to-connection\/\" class=\"ect-events-read-more\" rel=\"bookmark\">En savoir plus<\/a><\/div><\/div><\/div><!-- right-wrapper close --><\/div><!-- event-loop-end --><div id=\"event-17221\" class=\"ect-list-post style-1 ect-simple-event future\"><div class=\"ect-list-post-left \">\n\t\t\t\t<div class=\"ect-list-img\" style=\"background-image:url(&#039;https:\/\/wp.unil.ch\/alumnil\/files\/2026\/03\/madrid-wp.jpg&#039;);background-size:cover;\"><a href=\"https:\/\/wp.unil.ch\/alumnil\/event\/madrid-cocktail-des-alumni-2026\/\" alt=\"[Madrid] Cocktail des Alumni 2026\" rel=\"bookmark\"><div class=\"ect-list-date\"><div class=\"ect-date-area default-schedule\"><span class=\"ev-day\">12<\/span>\n\t\t\t\t\t<span class=\"ev-mo\">mai<\/span>\n\t\t\t\t\t<span class=\"ev-yr\">2026<\/span><\/div><\/div><\/a><\/div><\/div><!-- left-post close --><div class=\"ect-list-post-right\">\n\t\t\t\t<div class=\"ect-list-post-right-table\"><div class=\"ect-list-description\" style=\"width:100%;\"><h2 class=\"ect-list-title\"><a class=\"ect-event-url\" href=\"https:\/\/wp.unil.ch\/alumnil\/event\/madrid-cocktail-des-alumni-2026\/\" rel=\"bookmark\">[Madrid] Cocktail des Alumni 2026<\/a><\/h2><!-- Event Content --><div class=\"ect-event-content\"><p>L\u2019Ambassadeur de Suisse pour l\u2019Espagne et Andorre, S.E. Hanspeter Mock, invite les\u00a0Alumni\u00a0des Hautes \u00e9coles suisses r\u00e9sidant en Espagne \u00e0 un cocktail \u00e0 sa r\u00e9sidence.\u00a0<\/p>\n<\/div><a href=\"https:\/\/wp.unil.ch\/alumnil\/event\/madrid-cocktail-des-alumni-2026\/\" class=\"ect-events-read-more\" rel=\"bookmark\">En savoir plus<\/a><\/div><\/div><\/div><!-- right-wrapper close --><\/div><!-- event-loop-end --><\/div><\/div>\n\n\n\n<div style=\"height:12px\" aria-hidden=\"true\" class=\"wp-block-spacer\"><\/div>\n\n\n\n<h4 class=\"wp-block-heading is-style-default\" style=\"font-size:27px\"><strong>Past events<\/strong><\/h4>\n\n\n\n<p><span class=\"bleu\"><a href=\"https:\/\/wp.unil.ch\/alumnil\/events\/evenements-passes\/?lang=en\" data-type=\"page\" data-id=\"14373\"><\/a><a href=\"https:\/\/wp.unil.ch\/alumnil\/events\/evenements-passes\/?lang=en\" target=\"_blank\" rel=\"noreferrer noopener\">Looking back on past events<\/a><\/span><\/p>\n","protected":false},"excerpt":{"rendered":"<p>Throughout the year, the Alumnil network members are invited to take part in a wide range of events. These gatherings offer the opportunity to meet new people and keep knowledge alive through interaction with experts in their respective fields.\u00a0Some of &hellip; <\/p>\n","protected":false},"author":1001058,"featured_media":0,"parent":0,"menu_order":3,"comment_status":"closed","ping_status":"closed","template":"","meta":{"_seopress_robots_primary_cat":"","_seopress_titles_title":"","_seopress_titles_desc":"","_seopress_robots_index":"","footnotes":""},"class_list":["post-15859","page","type-page","status-publish","cat_etranger"],"_links":{"self":[{"href":"https:\/\/wp.unil.ch\/alumnil\/wp-json\/wp\/v2\/pages\/15859","targetHints":{"allow":["GET"]}}],"collection":[{"href":"https:\/\/wp.unil.ch\/alumnil\/wp-json\/wp\/v2\/pages"}],"about":[{"href":"https:\/\/wp.unil.ch\/alumnil\/wp-json\/wp\/v2\/types\/page"}],"author":[{"embeddable":true,"href":"https:\/\/wp.unil.ch\/alumnil\/wp-json\/wp\/v2\/users\/1001058"}],"replies":[{"embeddable":true,"href":"https:\/\/wp.unil.ch\/alumnil\/wp-json\/wp\/v2\/comments?post=15859"}],"version-history":[{"count":5,"href":"https:\/\/wp.unil.ch\/alumnil\/wp-json\/wp\/v2\/pages\/15859\/revisions"}],"predecessor-version":[{"id":17036,"href":"https:\/\/wp.unil.ch\/alumnil\/wp-json\/wp\/v2\/pages\/15859\/revisions\/17036"}],"wp:attachment":[{"href":"https:\/\/wp.unil.ch\/alumnil\/wp-json\/wp\/v2\/media?parent=15859"}],"curies":[{"name":"wp","href":"https:\/\/api.w.org\/{rel}","templated":true}]}}