{"id":15856,"date":"2021-08-23T12:19:02","date_gmt":"2021-08-23T10:19:02","guid":{"rendered":"https:\/\/wp.unil.ch\/alumnil\/reseau\/"},"modified":"2025-11-05T11:31:06","modified_gmt":"2025-11-05T10:31:06","slug":"alumnil-community","status":"publish","type":"page","link":"https:\/\/wp.unil.ch\/alumnil\/alumnil-community\/?lang=en","title":{"rendered":"Alumnil community"},"content":{"rendered":"\n<div class=\"wp-block-columns is-layout-flex wp-container-core-columns-is-layout-9d6595d7 wp-block-columns-is-layout-flex\">\n<div class=\"wp-block-column is-layout-flow wp-block-column-is-layout-flow\" style=\"flex-basis:66.66%\">\n<p>The Alumnil community brings together more than 30,000 graduates from the seven faculties of the University of Lausanne. Its members are spread across the globe, forming a diverse and dynamic network. They contribute to the university\u2019s influence and serve as role models for the younger generation and their peers.<br>&nbsp;<br>Unil alumni are active in the professional world in Switzerland and internationally. They help the institution forge links with businesses, public institutions, and even the political sphere. Thanks to this community, the university remains in constant contact with society and can respond to its evolving needs.<br>&nbsp;<br>To help its members benefit from this vast network at various stages of their professional journey, a directory is available on the <a href=\"https:\/\/www.alumnil.unil.ch\/member\/search\" target=\"_blank\" rel=\"noreferrer noopener\">Alumnil platform<\/a>, accessible only to members.<\/p>\n\n\n\n<p><strong>How to join?<\/strong> By filling out the application form on the <a href=\"https:\/\/wp.unil.ch\/alumnil\/alumnil-community\/joining-the-alumnil-network\/?lang=en\" target=\"_blank\" rel=\"noreferrer noopener\">Join<\/a> page of the website.<\/p>\n<\/div>\n\n\n\n<div class=\"wp-block-column is-layout-flow wp-block-column-is-layout-flow\" style=\"flex-basis:33.33%\">\n<figure class=\"wp-block-embed is-type-video is-provider-youtube wp-block-embed-youtube wp-embed-aspect-16-9 wp-has-aspect-ratio\"><div class=\"wp-block-embed__wrapper\">\n<iframe loading=\"lazy\" title=\"Alumnil, Unil Alumni Network 2024\" width=\"735\" height=\"413\" src=\"https:\/\/www.youtube.com\/embed\/R6gFtMFvA3o?feature=oembed\" frameborder=\"0\" allow=\"accelerometer; autoplay; clipboard-write; encrypted-media; gyroscope; picture-in-picture; web-share\" referrerpolicy=\"strict-origin-when-cross-origin\" allowfullscreen><\/iframe>\n<\/div><\/figure>\n<\/div>\n<\/div>\n\n\n\n<p><strong><strong>Alumnil network members in Switzerland<\/strong><\/strong><\/p>\n\n\n\n<!-- iframe plugin v.6.0 wordpress.org\/plugins\/iframe\/ -->\n<iframe loading=\"lazy\" src=\"https:\/\/tableau.unil.ch\/views\/AlumnienSuissegraphique4\/CartedelaSuisse?%3Aembed=y&#038;%3AisGuestRedirectFromVizportal=y&#038;:toolbar=no\" width=\"100%\" height=\"900\" scrolling=\"yes\" class=\"iframe-class\" frameborder=\"0\"><\/iframe>\n\n\n\n\n<p><strong><strong>Alumnil network members worldwide<\/strong><\/strong><\/p>\n\n\n\n<!-- iframe plugin v.6.0 wordpress.org\/plugins\/iframe\/ -->\n<iframe loading=\"lazy\" src=\"https:\/\/tableau.unil.ch\/views\/Alumndanslemondegraphique5\/Alumnidanslemondegraphique5?%3Aembed=y&#038;%3AisGuestRedirectFromVizportal=y&#038;:toolbar=no\" width=\"100%\" height=\"900\" scrolling=\"yes\" class=\"iframe-class\" frameborder=\"0\"><\/iframe>\n\n","protected":false},"excerpt":{"rendered":"<p>Depuis 2011, le R\u00e9seau ALUMNIL r\u00e9unit les dipl\u00f4m\u00e9-e-s de l\u2019Universit\u00e9 de Lausanne au sein d\u2019un r\u00e9seau exclusif. <\/p>\n","protected":false},"author":1001058,"featured_media":0,"parent":0,"menu_order":2,"comment_status":"closed","ping_status":"closed","template":"","meta":{"_seopress_robots_primary_cat":"","_seopress_titles_title":"","_seopress_titles_desc":"","_seopress_robots_index":"","footnotes":""},"class_list":["post-15856","page","type-page","status-publish"],"_links":{"self":[{"href":"https:\/\/wp.unil.ch\/alumnil\/wp-json\/wp\/v2\/pages\/15856","targetHints":{"allow":["GET"]}}],"collection":[{"href":"https:\/\/wp.unil.ch\/alumnil\/wp-json\/wp\/v2\/pages"}],"about":[{"href":"https:\/\/wp.unil.ch\/alumnil\/wp-json\/wp\/v2\/types\/page"}],"author":[{"embeddable":true,"href":"https:\/\/wp.unil.ch\/alumnil\/wp-json\/wp\/v2\/users\/1001058"}],"replies":[{"embeddable":true,"href":"https:\/\/wp.unil.ch\/alumnil\/wp-json\/wp\/v2\/comments?post=15856"}],"version-history":[{"count":4,"href":"https:\/\/wp.unil.ch\/alumnil\/wp-json\/wp\/v2\/pages\/15856\/revisions"}],"predecessor-version":[{"id":16564,"href":"https:\/\/wp.unil.ch\/alumnil\/wp-json\/wp\/v2\/pages\/15856\/revisions\/16564"}],"wp:attachment":[{"href":"https:\/\/wp.unil.ch\/alumnil\/wp-json\/wp\/v2\/media?parent=15856"}],"curies":[{"name":"wp","href":"https:\/\/api.w.org\/{rel}","templated":true}]}}