{"id":15854,"date":"2023-09-01T09:37:12","date_gmt":"2023-09-01T07:37:12","guid":{"rendered":"https:\/\/wp.unil.ch\/alumnil\/accueil\/"},"modified":"2025-12-09T11:31:42","modified_gmt":"2025-12-09T10:31:42","slug":"homepage","status":"publish","type":"page","link":"https:\/\/wp.unil.ch\/alumnil\/homepage\/?lang=en","title":{"rendered":"Homepage"},"content":{"rendered":"\n<h1 class=\"wp-block-heading\"><strong>The strength of the Alumnil network<\/strong><\/h1>\n\n\n\n<div class=\"wp-block-columns is-layout-flex wp-container-core-columns-is-layout-9d6595d7 wp-block-columns-is-layout-flex\">\n<div class=\"wp-block-column is-layout-flow wp-block-column-is-layout-flow\" style=\"flex-basis:66.66%\">\n<p class=\"has-medium-font-size\">Join an exclusive community where opportunities, benefits, and connections open new horizons for you. Engage with committed and inspiring graduates, advance your career, and expand your professional network.<\/p>\n\n\n\n<p class=\"has-medium-font-size\">Discover our <a href=\"https:\/\/wp.unil.ch\/alumnil\/who-are-we\/philosophy-and-mission\/?lang=en\" target=\"_blank\" rel=\"noreferrer noopener\">mission<\/a>, <a href=\"https:\/\/wp.unil.ch\/alumnil\/benefits\/?lang=en\" target=\"_blank\" rel=\"noreferrer noopener\">services<\/a>, and <a href=\"https:\/\/wp.unil.ch\/alumnil\/page-events\/?lang=en\" target=\"_blank\" rel=\"noreferrer noopener\">events<\/a>\u2026 and connect with a network that extends across the world!<\/p>\n<\/div>\n\n\n\n<div class=\"wp-block-column is-layout-flow wp-block-column-is-layout-flow\" style=\"flex-basis:33.33%\">\n<figure class=\"wp-block-image size-full\"><img loading=\"lazy\" decoding=\"async\" width=\"1200\" height=\"660\" src=\"https:\/\/wp.unil.ch\/alumnil\/files\/2025\/03\/soiree-annuelle-des-alumni-2024.gif\" alt=\"soire\u0301e annuelle des alumni 2024\" class=\"wp-image-13681\" \/><\/figure>\n<\/div>\n<\/div>\n\n\n\n<hr class=\"wp-block-separator aligncenter has-alpha-channel-opacity is-style-wide\" \/>\n\n\n\n<div class=\"wp-block-group\"><div class=\"wp-block-group__inner-container is-layout-constrained wp-block-group-is-layout-constrained\">\n<h2 class=\"wp-block-heading\">Coming up<\/h2>\n\n\n<!=========Events list Template 2.6.2=========><div id=\"ect-events-list-content\"><div id=\"list-wrp\" class=\"ect-list-wrapper all\"><div id=\"event-17297\" class=\"ect-list-post style-1 ect-simple-event future\"><div class=\"ect-list-post-left \">\n\t\t\t\t<div class=\"ect-list-img\" style=\"background-image:url(&#039;https:\/\/wp.unil.ch\/alumnil\/files\/2026\/03\/bay-area-wp.jpg&#039;);background-size:cover;\"><a href=\"https:\/\/wp.unil.ch\/alumnil\/event\/san-francisco-swissnex-alumni-night-2026-from-entanglement-to-connection\/\" alt=\"[San Francisco] Swissnex Alumni Night 2026\" rel=\"bookmark\"><div class=\"ect-list-date\"><div class=\"ect-date-area default-schedule\"><span class=\"ev-day\">19<\/span>\n\t\t\t\t\t<span class=\"ev-mo\">avril<\/span>\n\t\t\t\t\t<span class=\"ev-yr\">2026<\/span><\/div><\/div><\/a><\/div><\/div><!-- left-post close --><div class=\"ect-list-post-right\">\n\t\t\t\t<div class=\"ect-list-post-right-table\"><div class=\"ect-list-description\" style=\"width:100%;\"><h2 class=\"ect-list-title\"><a class=\"ect-event-url\" href=\"https:\/\/wp.unil.ch\/alumnil\/event\/san-francisco-swissnex-alumni-night-2026-from-entanglement-to-connection\/\" rel=\"bookmark\">[San Francisco] Swissnex Alumni Night 2026<\/a><\/h2><!-- Event Content --><div class=\"ect-event-content\"><p>\u200bSwissnex in San Francisco invites the Swiss Alumni Community in the Bay Area for an Alumni Night to explore the interconnectedness between Swiss and US innovation ecosystems.<\/p>\n<\/div><a href=\"https:\/\/wp.unil.ch\/alumnil\/event\/san-francisco-swissnex-alumni-night-2026-from-entanglement-to-connection\/\" class=\"ect-events-read-more\" rel=\"bookmark\">En savoir plus<\/a><\/div><\/div><\/div><!-- right-wrapper close --><\/div><!-- event-loop-end --><div id=\"event-17195\" class=\"ect-list-post style-1 ect-simple-event future\"><div class=\"ect-list-post-left \">\n\t\t\t\t<div class=\"ect-list-img\" style=\"background-image:url(&#039;https:\/\/wp.unil.ch\/alumnil\/files\/2026\/02\/forum-innovation.png&#039;);background-size:cover;\"><a href=\"https:\/\/wp.unil.ch\/alumnil\/event\/forum-innovation-societale-se-transformer-pour-transformer-du-changement-personnel-au-mouvement-collectif\/\" alt=\"Forum Innovation Soci\u00e9tale | Se transformer pour transformer, du changement personnel au mouvement collectif\" rel=\"bookmark\"><div class=\"ect-list-date\"><div class=\"ect-date-area default-schedule\"><span class=\"ev-day\">29<\/span>\n\t\t\t\t\t<span class=\"ev-mo\">avril<\/span>\n\t\t\t\t\t<span class=\"ev-yr\">2026<\/span><\/div><\/div><\/a><\/div><\/div><!-- left-post close --><div class=\"ect-list-post-right\">\n\t\t\t\t<div class=\"ect-list-post-right-table\"><div class=\"ect-list-description\" style=\"width:100%;\"><h2 class=\"ect-list-title\"><a class=\"ect-event-url\" href=\"https:\/\/wp.unil.ch\/alumnil\/event\/forum-innovation-societale-se-transformer-pour-transformer-du-changement-personnel-au-mouvement-collectif\/\" rel=\"bookmark\">Forum Innovation Soci\u00e9tale | Se transformer pour transformer, du changement personnel au mouvement collectif<\/a><\/h2><!-- Event Content --><div class=\"ect-event-content\"><p>Nous sommes nombreuses et nombreux \u00e0 vouloir transformer la soci\u00e9t\u00e9, r\u00e9parer ce qui se fragilise, inventer des r\u00e9ponses nouvelles aux urgences sociales et environnementales. Mais une question essentielle est souvent \u00e9lud\u00e9e, sommes-nous pr\u00eat\u00b7es \u00e0 incarner le changement que nous souhaitons?\u00a0\u00a0<\/p>\n<\/div><a href=\"https:\/\/wp.unil.ch\/alumnil\/event\/forum-innovation-societale-se-transformer-pour-transformer-du-changement-personnel-au-mouvement-collectif\/\" class=\"ect-events-read-more\" rel=\"bookmark\">En savoir plus<\/a><\/div><\/div><\/div><!-- right-wrapper close --><\/div><!-- event-loop-end --><\/div><\/div>\n\n\n<div class=\"wp-block-buttons is-layout-flex wp-block-buttons-is-layout-flex\">\n<div class=\"wp-block-button is-style-outline is-style-outline--1\"><a class=\"wp-block-button__link has-black-color has-white-background-color has-text-color has-background has-link-color wp-element-button\" href=\"https:\/\/wp.unil.ch\/alumnil\/page-events\/?lang=en\" target=\"_blank\" rel=\"noreferrer noopener\">All events in Switzerland and around the world<\/a><\/div>\n<\/div>\n<\/div><\/div>\n\n\n\n<div style=\"height:3em\" aria-hidden=\"true\" class=\"wp-block-spacer\"><\/div>\n\n\n\n<hr class=\"wp-block-separator aligncenter has-alpha-channel-opacity is-style-wide\" \/>\n\n\n\n<div style=\"height:3em\" aria-hidden=\"true\" class=\"wp-block-spacer\"><\/div>\n\n\n\n<div class=\"wp-block-group\"><div class=\"wp-block-group__inner-container is-layout-constrained wp-block-group-is-layout-constrained\">\n<div class=\"wp-block-group\"><div class=\"wp-block-group__inner-container is-layout-constrained wp-block-group-is-layout-constrained\">\n<div class=\"wp-block-columns is-layout-flex wp-container-core-columns-is-layout-9d6595d7 wp-block-columns-is-layout-flex\">\n<div class=\"wp-block-column is-layout-flow wp-block-column-is-layout-flow\">\n<div class=\"wp-block-group marges-avantages has-background\" style=\"background-color:#ebebeb\"><div class=\"wp-block-group__inner-container is-layout-constrained wp-block-group-is-layout-constrained\">\n<figure class=\"wp-block-image size-large is-style-default\"><img alt=\"\" loading=\"lazy\" decoding=\"async\" width=\"1024\" height=\"576\" src=\"https:\/\/wp.unil.ch\/alumnil\/files\/2026\/04\/andres_pinilla_marin_1920x1080-1024x576.jpg\" alt=\"\" class=\"wp-image-17400\" srcset=\"https:\/\/wp.unil.ch\/alumnil\/files\/2026\/04\/andres_pinilla_marin_1920x1080-1024x576.jpg 1024w, https:\/\/wp.unil.ch\/alumnil\/files\/2026\/04\/andres_pinilla_marin_1920x1080-300x169.jpg 300w, https:\/\/wp.unil.ch\/alumnil\/files\/2026\/04\/andres_pinilla_marin_1920x1080-250x141.jpg 250w, https:\/\/wp.unil.ch\/alumnil\/files\/2026\/04\/andres_pinilla_marin_1920x1080-768x432.jpg 768w, https:\/\/wp.unil.ch\/alumnil\/files\/2026\/04\/andres_pinilla_marin_1920x1080-1536x864.jpg 1536w, https:\/\/wp.unil.ch\/alumnil\/files\/2026\/04\/andres_pinilla_marin_1920x1080.jpg 1920w\" sizes=\"auto, (max-width: 1024px) 100vw, 1024px\" \/><\/figure>\n\n\n\n<h2 class=\"wp-block-heading\">Portrait d&rsquo;Andre\u0300s Pinilla Marin<\/h2>\n\n\n\n<p>D\u00e9couvrez chaque mois le parcours d&rsquo;une alumna ou d&rsquo;un alumnus, et comment elle ou il a r\u00e9alis\u00e9 ses projets.<\/p>\n\n\n\n<div class=\"wp-block-buttons is-layout-flex wp-block-buttons-is-layout-flex\">\n<div class=\"wp-block-button is-style-outline is-style-outline--2\"><a class=\"wp-block-button__link has-black-color has-text-color has-background has-link-color wp-element-button\" href=\"https:\/\/wp.unil.ch\/alumnil\/reseau\/portraits-dalumni\/\" style=\"background-color:#ebebeb\">Tous les portraits<\/a><\/div>\n<\/div>\n<\/div><\/div>\n<\/div>\n\n\n\n<div class=\"wp-block-column is-layout-flow wp-block-column-is-layout-flow\">\n<div class=\"wp-block-group marges-avantages has-background\" style=\"background-color:#ebebeb\"><div class=\"wp-block-group__inner-container is-layout-constrained wp-block-group-is-layout-constrained\"><div class=\"wp-block-image is-style-default\">\n<figure class=\"aligncenter size-full\"><img alt=\"\" loading=\"lazy\" decoding=\"async\" width=\"1920\" height=\"1078\" src=\"https:\/\/wp.unil.ch\/alumnil\/files\/2024\/02\/philipp-katzenberger-unsplash.jpg\" alt=\"\" class=\"wp-image-11640\" style=\"object-fit:cover\" srcset=\"https:\/\/wp.unil.ch\/alumnil\/files\/2024\/02\/philipp-katzenberger-unsplash.jpg 1920w, https:\/\/wp.unil.ch\/alumnil\/files\/2024\/02\/philipp-katzenberger-unsplash-250x140.jpg 250w, https:\/\/wp.unil.ch\/alumnil\/files\/2024\/02\/philipp-katzenberger-unsplash-300x168.jpg 300w, https:\/\/wp.unil.ch\/alumnil\/files\/2024\/02\/philipp-katzenberger-unsplash-768x431.jpg 768w, https:\/\/wp.unil.ch\/alumnil\/files\/2024\/02\/philipp-katzenberger-unsplash-1024x575.jpg 1024w, https:\/\/wp.unil.ch\/alumnil\/files\/2024\/02\/philipp-katzenberger-unsplash-1536x862.jpg 1536w\" sizes=\"auto, (max-width: 1920px) 100vw, 1920px\" \/><\/figure>\n<\/div>\n\n\n<h2 class=\"wp-block-heading\">Mat\u00e9riel informatique<\/h2>\n\n\n\n<p>Profitez du 9 f\u00e9vrier au 9 mars 2026 de tarifs r\u00e9duits sur le mat\u00e9riel informatique.<\/p>\n\n\n\n<div class=\"wp-block-buttons is-layout-flex wp-block-buttons-is-layout-flex\">\n<div class=\"wp-block-button is-style-outline is-style-outline--3\"><a class=\"wp-block-button__link has-black-color has-text-color has-background has-link-color wp-element-button\" href=\"https:\/\/wp.unil.ch\/alumnil\/neptun_wave\/\" style=\"background-color:#ebebeb\" target=\"_blank\" rel=\"noreferrer noopener\">Plus d&rsquo;infos<\/a><\/div>\n<\/div>\n<\/div><\/div>\n<\/div>\n<\/div>\n\n\n\n<div class=\"wp-block-columns is-layout-flex wp-container-core-columns-is-layout-9d6595d7 wp-block-columns-is-layout-flex\">\n<div class=\"wp-block-column is-layout-flow wp-block-column-is-layout-flow\">\n<div class=\"wp-block-group marges-avantages has-background\" style=\"background-color:#ebebeb\"><div class=\"wp-block-group__inner-container is-layout-constrained wp-block-group-is-layout-constrained\"><div class=\"wp-block-image is-style-default\">\n<figure class=\"aligncenter size-full\"><img alt=\"\" loading=\"lazy\" decoding=\"async\" width=\"1920\" height=\"1078\" src=\"https:\/\/wp.unil.ch\/alumnil\/files\/2024\/02\/damian-zaleski-unsplash.jpg\" alt=\"\" class=\"wp-image-11642\" style=\"object-fit:cover\" srcset=\"https:\/\/wp.unil.ch\/alumnil\/files\/2024\/02\/damian-zaleski-unsplash.jpg 1920w, https:\/\/wp.unil.ch\/alumnil\/files\/2024\/02\/damian-zaleski-unsplash-250x140.jpg 250w, https:\/\/wp.unil.ch\/alumnil\/files\/2024\/02\/damian-zaleski-unsplash-300x168.jpg 300w, https:\/\/wp.unil.ch\/alumnil\/files\/2024\/02\/damian-zaleski-unsplash-768x431.jpg 768w, https:\/\/wp.unil.ch\/alumnil\/files\/2024\/02\/damian-zaleski-unsplash-1024x575.jpg 1024w, https:\/\/wp.unil.ch\/alumnil\/files\/2024\/02\/damian-zaleski-unsplash-1536x862.jpg 1536w\" sizes=\"auto, (max-width: 1920px) 100vw, 1920px\" \/><\/figure>\n<\/div>\n\n\n<h2 class=\"wp-block-heading\">Offres d&#8217;emploi, alerte personnalis\u00e9e<\/h2>\n\n\n\n<p>Cr\u00e9er une alerte pour trier les 1\u2019800 offres publi\u00e9es chaque ann\u00e9e \u00e0 l\u2019intention des dipl\u00f4m\u00e9\u00b7e\u00b7s de l\u2019Unil. <\/p>\n\n\n\n<div class=\"wp-block-buttons is-layout-flex wp-block-buttons-is-layout-flex\">\n<div class=\"wp-block-button is-style-outline is-style-outline--4\"><a class=\"wp-block-button__link has-black-color has-text-color has-background has-link-color wp-element-button\" href=\"https:\/\/wp.unil.ch\/alumnil\/trouver-des-offres-demploi-a-sa-taille\/\" style=\"background-color:#ebebeb\" target=\"_blank\" rel=\"noreferrer noopener\">Plus d&rsquo;infos<\/a><\/div>\n<\/div>\n<\/div><\/div>\n<\/div>\n\n\n\n<div class=\"wp-block-column is-layout-flow wp-block-column-is-layout-flow\">\n<div class=\"wp-block-group marges-avantages has-background\" style=\"background-color:#ebebeb\"><div class=\"wp-block-group__inner-container is-layout-constrained wp-block-group-is-layout-constrained\"><div class=\"wp-block-image is-style-default\">\n<figure class=\"aligncenter size-full\"><img alt=\"\" loading=\"lazy\" decoding=\"async\" width=\"1416\" height=\"796\" src=\"https:\/\/wp.unil.ch\/alumnil\/files\/2024\/08\/CSS_batiment.2016.jpg\" alt=\"\" class=\"wp-image-12401\" style=\"object-fit:cover\" srcset=\"https:\/\/wp.unil.ch\/alumnil\/files\/2024\/08\/CSS_batiment.2016.jpg 1416w, https:\/\/wp.unil.ch\/alumnil\/files\/2024\/08\/CSS_batiment.2016-250x141.jpg 250w, https:\/\/wp.unil.ch\/alumnil\/files\/2024\/08\/CSS_batiment.2016-300x169.jpg 300w, https:\/\/wp.unil.ch\/alumnil\/files\/2024\/08\/CSS_batiment.2016-768x432.jpg 768w, https:\/\/wp.unil.ch\/alumnil\/files\/2024\/08\/CSS_batiment.2016-1024x576.jpg 1024w\" sizes=\"auto, (max-width: 1416px) 100vw, 1416px\" \/><\/figure>\n<\/div>\n\n\n<h2 class=\"wp-block-heading\">Offre sportive <\/h2>\n\n\n\n<p>Savez-vous qu&rsquo;en tant qu\u2019alumni, vous avez toujours acc\u00e8s aux offres du Service Sport Sant\u00e9 UNIL+EPFL \u00e0 des conditions avantageuses? Profitez-en!<\/p>\n\n\n\n<div class=\"wp-block-buttons is-layout-flex wp-block-buttons-is-layout-flex\">\n<div class=\"wp-block-button is-style-outline is-style-outline--5\"><a class=\"wp-block-button__link has-black-color has-text-color has-background has-link-color wp-element-button\" href=\"https:\/\/wp.unil.ch\/alumnil\/activites-sportives-et-sante-pour-les-alumni\/\" style=\"background-color:#ebebeb\">Plus d&rsquo;infos<\/a><\/div>\n<\/div>\n<\/div><\/div>\n<\/div>\n<\/div>\n\n\n\n<div class=\"wp-block-columns is-layout-flex wp-container-core-columns-is-layout-9d6595d7 wp-block-columns-is-layout-flex\">\n<div class=\"wp-block-column is-layout-flow wp-block-column-is-layout-flow\">\n<div class=\"wp-block-group marges-avantages has-background\" style=\"background-color:#ebebeb\"><div class=\"wp-block-group__inner-container is-layout-constrained wp-block-group-is-layout-constrained\"><div class=\"wp-block-image is-style-default\">\n<figure class=\"aligncenter size-full\"><img alt=\"\" loading=\"lazy\" decoding=\"async\" width=\"1920\" height=\"1080\" src=\"https:\/\/wp.unil.ch\/alumnil\/files\/2024\/09\/roman-kraft_unsplash_web.jpg\" alt=\"\" class=\"wp-image-12857\" style=\"object-fit:cover\" srcset=\"https:\/\/wp.unil.ch\/alumnil\/files\/2024\/09\/roman-kraft_unsplash_web.jpg 1920w, https:\/\/wp.unil.ch\/alumnil\/files\/2024\/09\/roman-kraft_unsplash_web-300x169.jpg 300w, https:\/\/wp.unil.ch\/alumnil\/files\/2024\/09\/roman-kraft_unsplash_web-1024x576.jpg 1024w, https:\/\/wp.unil.ch\/alumnil\/files\/2024\/09\/roman-kraft_unsplash_web-250x141.jpg 250w, https:\/\/wp.unil.ch\/alumnil\/files\/2024\/09\/roman-kraft_unsplash_web-768x432.jpg 768w, https:\/\/wp.unil.ch\/alumnil\/files\/2024\/09\/roman-kraft_unsplash_web-1536x864.jpg 1536w\" sizes=\"auto, (max-width: 1920px) 100vw, 1920px\" \/><\/figure>\n<\/div>\n\n\n<h2 class=\"wp-block-heading\">La presse pour les alumni<\/h2>\n\n\n\n<p>Plusieurs titres romands sont propos\u00e9s aux membres du r\u00e9seau Alumnil, qui b\u00e9n\u00e9ficient toute l\u2019ann\u00e9e d\u2019un rabais substantiel sur les abonnements, \u00e9ditions web et papier.<\/p>\n\n\n\n<div class=\"wp-block-buttons is-layout-flex wp-block-buttons-is-layout-flex\">\n<div class=\"wp-block-button is-style-outline is-style-outline--6\"><a class=\"wp-block-button__link has-black-color has-white-background-color has-text-color has-background has-link-color wp-element-button\" href=\"https:\/\/wp.unil.ch\/alumnil\/la-presse-pour-les-alumni\/\">Plus d&rsquo;infos<\/a><\/div>\n<\/div>\n<\/div><\/div>\n<\/div>\n\n\n\n<div class=\"wp-block-column is-layout-flow wp-block-column-is-layout-flow\">\n<div class=\"wp-block-group marges-avantages has-background\" style=\"background-color:#ebebeb\"><div class=\"wp-block-group__inner-container is-layout-constrained wp-block-group-is-layout-constrained\"><div class=\"wp-block-image is-style-default\">\n<figure class=\"aligncenter size-large\"><img alt=\"\" loading=\"lazy\" decoding=\"async\" width=\"1024\" height=\"576\" src=\"https:\/\/wp.unil.ch\/alumnil\/files\/2023\/10\/christina-wocintechchat-com-LQ1t-8Ms5PY-unsplashTandempro-1024x576.jpg\" alt=\"\" class=\"wp-image-10902\" style=\"object-fit:cover\" srcset=\"https:\/\/wp.unil.ch\/alumnil\/files\/2023\/10\/christina-wocintechchat-com-LQ1t-8Ms5PY-unsplashTandempro-1024x576.jpg 1024w, https:\/\/wp.unil.ch\/alumnil\/files\/2023\/10\/christina-wocintechchat-com-LQ1t-8Ms5PY-unsplashTandempro-250x141.jpg 250w, https:\/\/wp.unil.ch\/alumnil\/files\/2023\/10\/christina-wocintechchat-com-LQ1t-8Ms5PY-unsplashTandempro-300x169.jpg 300w, https:\/\/wp.unil.ch\/alumnil\/files\/2023\/10\/christina-wocintechchat-com-LQ1t-8Ms5PY-unsplashTandempro-768x432.jpg 768w, https:\/\/wp.unil.ch\/alumnil\/files\/2023\/10\/christina-wocintechchat-com-LQ1t-8Ms5PY-unsplashTandempro-1536x864.jpg 1536w, https:\/\/wp.unil.ch\/alumnil\/files\/2023\/10\/christina-wocintechchat-com-LQ1t-8Ms5PY-unsplashTandempro.jpg 1920w\" sizes=\"auto, (max-width: 1024px) 100vw, 1024px\" \/><\/figure>\n<\/div>\n\n\n<h2 class=\"wp-block-heading\">Conseils carri\u00e8re &#8211; TandemPRO<\/h2>\n\n\n\n<p>Une offre pour vous entretenir avec un alumi exer\u00e7ant une activit\u00e9 dans le domaine auquel vous aspirez.<\/p>\n\n\n\n<div class=\"wp-block-buttons is-layout-flex wp-block-buttons-is-layout-flex\">\n<div class=\"wp-block-button is-style-outline is-style-outline--7\"><a class=\"wp-block-button__link has-black-color has-text-color has-link-color wp-element-button\" href=\"https:\/\/wp.unil.ch\/alumnil\/carriere\/tandempro\/\">Plus d&rsquo;infos<\/a><\/div>\n<\/div>\n<\/div><\/div>\n<\/div>\n<\/div>\n<\/div><\/div>\n<\/div><\/div>\n","protected":false},"excerpt":{"rendered":"<p>The strength of the Alumnil network Join an exclusive community where opportunities, benefits, and connections open new horizons for you. Engage with committed and inspiring graduates, advance your career, and expand your professional network. Discover our mission, services, and events\u2026 &hellip; <\/p>\n","protected":false},"author":108,"featured_media":0,"parent":0,"menu_order":0,"comment_status":"closed","ping_status":"closed","template":"template-builder.php","meta":{"_seopress_robots_primary_cat":"","_seopress_titles_title":"","_seopress_titles_desc":"","_seopress_robots_index":"","footnotes":""},"class_list":["post-15854","page","type-page","status-publish","cat_suisse"],"_links":{"self":[{"href":"https:\/\/wp.unil.ch\/alumnil\/wp-json\/wp\/v2\/pages\/15854","targetHints":{"allow":["GET"]}}],"collection":[{"href":"https:\/\/wp.unil.ch\/alumnil\/wp-json\/wp\/v2\/pages"}],"about":[{"href":"https:\/\/wp.unil.ch\/alumnil\/wp-json\/wp\/v2\/types\/page"}],"author":[{"embeddable":true,"href":"https:\/\/wp.unil.ch\/alumnil\/wp-json\/wp\/v2\/users\/108"}],"replies":[{"embeddable":true,"href":"https:\/\/wp.unil.ch\/alumnil\/wp-json\/wp\/v2\/comments?post=15854"}],"version-history":[{"count":5,"href":"https:\/\/wp.unil.ch\/alumnil\/wp-json\/wp\/v2\/pages\/15854\/revisions"}],"predecessor-version":[{"id":16911,"href":"https:\/\/wp.unil.ch\/alumnil\/wp-json\/wp\/v2\/pages\/15854\/revisions\/16911"}],"wp:attachment":[{"href":"https:\/\/wp.unil.ch\/alumnil\/wp-json\/wp\/v2\/media?parent=15854"}],"curies":[{"name":"wp","href":"https:\/\/api.w.org\/{rel}","templated":true}]}}