{"id":14361,"date":"2025-08-05T11:30:07","date_gmt":"2025-08-05T09:30:07","guid":{"rendered":"https:\/\/wp.unil.ch\/alumnil\/?page_id=14361"},"modified":"2025-11-05T16:59:19","modified_gmt":"2025-11-05T15:59:19","slug":"proposer-une-offre-demploi","status":"publish","type":"page","link":"https:\/\/wp.unil.ch\/alumnil\/carriere\/proposer-une-offre-demploi\/","title":{"rendered":"Proposer une offre d\u2019emploi &amp; recruter un talent Unil"},"content":{"rendered":"\n<div class=\"wp-block-columns is-layout-flex wp-container-core-columns-is-layout-9d6595d7 wp-block-columns-is-layout-flex\">\n<div class=\"wp-block-column is-layout-flow wp-block-column-is-layout-flow\" style=\"flex-basis:66.66%\">\n<p>L&rsquo;objectif de ce service consiste \u00e0 soutenir les dipl\u00f4m\u00e9\u00b7e\u00b7s de l&rsquo;Unil dans le d\u00e9marrage ou le d\u00e9veloppement de leur carri\u00e8re professionnelle.<\/p>\n\n\n\n<p><strong>Vous souhaitez recruter un\u00b7e dipl\u00f4m\u00e9\u00b7e de l&rsquo;Universit\u00e9 de Lausanne<\/strong>:<\/p>\n\n\n\n<ul class=\"wp-block-list\">\n<li>La publication d\u2019offres d\u2019emploi est gratuite<\/li>\n\n\n\n<li><strong>Seules les offres destin\u00e9es aux titulaires d\u2019un bachelor universitaire, d\u2019un master ou d\u2019un doctorat seront accept\u00e9es<\/strong><\/li>\n\n\n\n<li><strong>Seules les offres d\u2019emplois sous contrat \u00e0 dur\u00e9e ind\u00e9termin\u00e9e (CDI) ou d\u00e9termin\u00e9e (CDD) seront publi\u00e9es<\/strong>, pas d&rsquo;offre de stage<\/li>\n\n\n\n<li>Vous pourrez r\u00e9diger tranquillement votre annonce sur la plateforme (portail) Alumnil qui regroupe plus de 29&rsquo;000 dipl\u00f4m\u00e9\u00b7e\u00b7s des 7 facult\u00e9s de l&rsquo;Unil<\/li>\n\n\n\n<li>Chaque offre est valid\u00e9e par une administratrice<\/li>\n\n\n\n<li>Vous serez inform\u00e9\u00b7es par courriel d\u00e8s la mise en ligne de l&rsquo;annonce<\/li>\n\n\n\n<li>Nous nous r\u00e9servons le droit de ne pas publier une annonce si elle ne correspond pas \u00e0 nos crit\u00e8res<\/li>\n<\/ul>\n\n\n\n<p><strong>Vous souhaitez demander l&rsquo;ouverture d&rsquo;un compte recruteur<\/strong>: <strong><a href=\"https:\/\/wp.unil.ch\/alumnil\/ouvrir-un-compte-recruteur\/\" data-type=\"page\" data-id=\"12461\">remplir le formulaire<\/a><\/strong><\/p>\n\n\n\n<p><strong>Vous souhaitez proposer<\/strong>: un <span class=\"bleu\"><a href=\"https:\/\/www.unil.ch\/unil\/fr\/home\/menuinst\/campus\/aides-et-soutiens\/travailler-pendant-les-etudes.html\" target=\"_blank\" rel=\"noreferrer noopener\">job d&rsquo;\u00e9tudiant<\/a><\/span> ou une <span class=\"bleu\"><a href=\"https:\/\/www.unil.ch\/unil\/fr\/home\/menuinst\/etudier\/passage-a-l-emploi\/offres-stage-emploi.html\">place de stage<\/a><\/span> r\u00e9mun\u00e9r\u00e9e, professionnelle et qualifiante.<\/p>\n<\/div>\n\n\n\n<div class=\"wp-block-column is-layout-flow wp-block-column-is-layout-flow\" style=\"flex-basis:33.33%\"><\/div>\n<\/div>\n\n\n\n<p><strong>Membres du r\u00e9seau Alumnil par sexe et tranche d&rsquo;\u00e2ge*<\/strong><\/p>\n\n\n\n<p>Pour conna\u00eetre la r\u00e9partition des alumni par facult\u00e9 et par niveau d&rsquo;\u00e9tudes, veuillez vous rendre sur notre page \u00ab\u00a0<a href=\"https:\/\/wp.unil.ch\/alumnil\/qui-sommes-nous\/\" data-type=\"page\" data-id=\"12132\">Qui sommes-nous?<\/a>\u00ab\u00a0.<\/p>\n\n\n\n<!-- iframe plugin v.6.0 wordpress.org\/plugins\/iframe\/ -->\n<iframe loading=\"lazy\" src=\"https:\/\/tableau.unil.ch\/views\/Rparitiondesalumnipartranchedgegraphique2\/Rpartitiondesalumnipartranchedge?%3Aembed=y&#038;%3AisGuestRedirectFromVizportal=y&#038;:toolbar=no\" width=\"100%\" height=\"600\" scrolling=\"yes\" class=\"iframe-class\" frameborder=\"0\"><\/iframe>\n\n\n\n\n<p class=\"has-small-font-size\"><em>*Le tableau est produit \u00e0 partir des donn\u00e9es d\u2019inscription \u00e0 l\u2019Universit\u00e9 o\u00f9 figurent uniquement deux cat\u00e9gories (femme ou homme), en lien avec les donn\u00e9es inscrites \u00e0 l\u2019\u00e9tat civil. Cela constitue une limite dans l\u2019information qui ne refl\u00e8te pas la complexit\u00e9 de la question de genre et le fait que certaines personnes ne se reconnaissent pas dans le mod\u00e8le binaire masculin-f\u00e9minin.<\/em><\/p>\n","protected":false},"excerpt":{"rendered":"<p>L&rsquo;objectif de ce service consiste \u00e0 soutenir les dipl\u00f4m\u00e9\u00b7e\u00b7s de l&rsquo;Unil dans le d\u00e9marrage ou le d\u00e9veloppement de leur carri\u00e8re professionnelle. Vous souhaitez recruter un\u00b7e dipl\u00f4m\u00e9\u00b7e de l&rsquo;Universit\u00e9 de Lausanne: Vous souhaitez demander l&rsquo;ouverture d&rsquo;un compte recruteur: remplir le formulaire &hellip; <\/p>\n","protected":false},"author":1001058,"featured_media":0,"parent":14337,"menu_order":42,"comment_status":"closed","ping_status":"closed","template":"","meta":{"_seopress_robots_primary_cat":"","_seopress_titles_title":"","_seopress_titles_desc":"","_seopress_robots_index":"","footnotes":""},"class_list":["post-14361","page","type-page","status-publish"],"_links":{"self":[{"href":"https:\/\/wp.unil.ch\/alumnil\/wp-json\/wp\/v2\/pages\/14361","targetHints":{"allow":["GET"]}}],"collection":[{"href":"https:\/\/wp.unil.ch\/alumnil\/wp-json\/wp\/v2\/pages"}],"about":[{"href":"https:\/\/wp.unil.ch\/alumnil\/wp-json\/wp\/v2\/types\/page"}],"author":[{"embeddable":true,"href":"https:\/\/wp.unil.ch\/alumnil\/wp-json\/wp\/v2\/users\/1001058"}],"replies":[{"embeddable":true,"href":"https:\/\/wp.unil.ch\/alumnil\/wp-json\/wp\/v2\/comments?post=14361"}],"version-history":[{"count":2,"href":"https:\/\/wp.unil.ch\/alumnil\/wp-json\/wp\/v2\/pages\/14361\/revisions"}],"predecessor-version":[{"id":15927,"href":"https:\/\/wp.unil.ch\/alumnil\/wp-json\/wp\/v2\/pages\/14361\/revisions\/15927"}],"up":[{"embeddable":true,"href":"https:\/\/wp.unil.ch\/alumnil\/wp-json\/wp\/v2\/pages\/14337"}],"wp:attachment":[{"href":"https:\/\/wp.unil.ch\/alumnil\/wp-json\/wp\/v2\/media?parent=14361"}],"curies":[{"name":"wp","href":"https:\/\/api.w.org\/{rel}","templated":true}]}}