{"id":14339,"date":"2025-08-05T09:27:51","date_gmt":"2025-08-05T07:27:51","guid":{"rendered":"https:\/\/wp.unil.ch\/alumnil\/?page_id=14339"},"modified":"2026-01-19T17:41:53","modified_gmt":"2026-01-19T16:41:53","slug":"liens-utiles","status":"publish","type":"page","link":"https:\/\/wp.unil.ch\/alumnil\/carriere\/liens-utiles\/","title":{"rendered":"Liens utiles"},"content":{"rendered":"\n<details class=\"wp-block-details is-layout-flow wp-block-details-is-layout-flow\"><summary>Vous aimeriez des conseils et des informations li\u00e9s \u00e0 l\u2019emploi<\/summary>\n<p><strong>Perspectives professionnelles apr\u00e8s l\u2019Unil<\/strong><br>L\u2019espace Moodle&nbsp;permet d\u2019obtenir des informations sur les perspectives professionnelles, des conseils pour votre passage \u00e0 l\u2019emploi, ainsi que des liens utiles sur divers secteurs professionnels. \u00c9crivez \u00e0&nbsp;<a class=\"\" href=\"https:\/\/web.archive.org\/web\/20250321104420\/mailto:centredecarrieres@unil.ch\">centredecarrieres@unil.ch<\/a>&nbsp;pour recevoir la cl\u00e9 d\u2019acc\u00e8s.<\/p>\n\n\n\n<p><a href=\"https:\/\/www.unil.ch\/unil\/fr\/home\/menuinst\/universite\/organisation-universite\/unites-et-services\/service-orientation-et-carrieres.html\" target=\"_blank\" rel=\"noreferrer noopener\"><strong>Service d\u2019orientation et carri\u00e8res (SOC)<\/strong><\/a><br>Le SOC vous re\u00e7oit pendant et apr\u00e8s vos \u00e9tudes lors des&nbsp;<a href=\"https:\/\/www.unil.ch\/unil\/fr\/home\/menuinst\/etudier\/choisir-ses-etudes\/rendez-vous-dinformation.html\" target=\"_blank\" rel=\"noreferrer noopener\">rendez-vous d\u2019information<\/a>&nbsp;(entretien individuel sans rendez-vous) pour r\u00e9pondre \u00e0 vos questions concernant votre recherche de stages ou d\u2019emplois.<\/p>\n\n\n\n<p><a href=\"https:\/\/www.unil.ch\/unil\/fr\/home\/menuinst\/etudier\/passage-a-l-emploi\/centre-carrieres-soutien.html\" target=\"_blank\" rel=\"noreferrer noopener\"><strong>Coaching emploi<\/strong><\/a><br>Afin de vous accompagner dans votre passage \u00e0 l\u2019emploi, le Coaching emploi vous permet d\u2019\u00e9laborer un projet professionnel en tenant compte de vos acquis et de votre personnalit\u00e9.<\/p>\n\n\n\n<p><strong><a href=\"https:\/\/www.unil.ch\/unil\/fr\/home\/menuinst\/etudier\/passage-a-l-emploi\/centre-carrieres-soutien\/bilan-competences.html\" target=\"_blank\" rel=\"noreferrer noopener\">Bilan de comp\u00e9tences<\/a><\/strong><br>Le bilan de comp\u00e9tences s\u2019adresse aux anciennes \u00e9tudiantes et anciens \u00e9tudiants de l\u2019Unil y ayant accompli la majeure partie de leurs \u00e9tudes, et ayant d\u00e9j\u00e0 une exp\u00e9rience professionnelle d\u2019une dur\u00e9e de 3 ans au moins.<\/p>\n\n\n\n<p><a href=\"https:\/\/www.guidesocial.ch\/recherche\/fiche\/travail-le-contrat-de-travail-135\" target=\"_blank\" rel=\"noreferrer noopener\"><strong>Guide social romand du contrat de travail<\/strong><\/a><\/p>\n<\/details>\n\n\n\n<details class=\"wp-block-details is-layout-flow wp-block-details-is-layout-flow\"><summary>Vous cherchez un emploi<\/summary>\n<p>Le&nbsp;<a href=\"https:\/\/www.unil.ch\/unil\/fr\/home\/menuinst\/universite\/organisation-universite\/unites-et-services\/service-orientation-et-carrieres.html\" target=\"_blank\" rel=\"noreferrer noopener\">Service d\u2019orientation et carri\u00e8res (SOC)<\/a>&nbsp;se tient \u00e0 votre disposition pour la relecture de votre dossier de candidature et vous donner des conseils pour votre recherche d\u2019un emploi lors des&nbsp;<a href=\"https:\/\/www.unil.ch\/unil\/fr\/home\/menuinst\/etudier\/choisir-ses-etudes\/rendez-vous-dinformation.html\" target=\"_blank\" rel=\"noreferrer noopener\">rendez-vous d\u2019information<\/a>. Retrouvez la liste des conseils donn\u00e9s sur&nbsp;<a href=\"https:\/\/www.unil.ch\/unil\/fr\/home\/menuinst\/etudier\/passage-a-l-emploi\/trouver-un-emploi.html\" target=\"_blank\" rel=\"noreferrer noopener\">cette page<\/a>.<\/p>\n\n\n\n<p>Le SOC met \u00e0 disposition des \u00e9tudiant\u00b7e\u00b7s et des alumni diverses ressources utiles sur sa page Moodle. Il suffit d\u2019\u00e9crire \u00e0&nbsp;<a href=\"https:\/\/web.archive.org\/web\/20250321104420\/mailto:centredecarrieres@unil.ch\" target=\"_blank\" rel=\"noreferrer noopener\">centredecarrieres@unil.ch<\/a>&nbsp;pour recevoir la cl\u00e9 d\u2019acc\u00e8s.<\/p>\n\n\n\n<p><a href=\"https:\/\/www.alumnil.unil.ch\/modeman\/instance\/main\/name\/jobs\/list\" target=\"_blank\" rel=\"noreferrer noopener\"><strong>Offres d\u2019emploi du r\u00e9seau Alumnil<\/strong><\/a><br>Plateforme Alumnil<\/p>\n\n\n\n<p><a href=\"https:\/\/www.unil.ch\/unil\/fr\/home\/menuinst\/travailler.html\" target=\"_blank\" rel=\"noreferrer noopener\">Offres d\u2019emploi \u00e0 l\u2019Unil<\/a><\/p>\n<\/details>\n\n\n\n<details class=\"wp-block-details is-layout-flow wp-block-details-is-layout-flow\"><summary>Vous cherchez un stage<\/summary>\n<p>Le&nbsp;<a href=\"https:\/\/www.unil.ch\/unil\/fr\/home\/menuinst\/etudier\/passage-a-l-emploi.html\" target=\"_blank\" rel=\"noreferrer noopener\">Centre de carri\u00e8res<\/a>&nbsp;rassemble pour vous des offres de stages tout au long de l\u2019ann\u00e9e, dans diff\u00e9rents secteurs d\u2019activit\u00e9, en Suisse ou \u00e0 l\u2019\u00e9tranger. Ces offres peuvent \u00e9galement constituer des pistes pour la recherche de stages cr\u00e9dit\u00e9s. Elles sont publi\u00e9es dans l\u2019espace&nbsp;<strong>Moodle<\/strong> du centre.<\/p>\n\n\n\n<p>\u00c9crivez \u00e0&nbsp;<a href=\"https:\/\/web.archive.org\/web\/20250321104420\/mailto:centredecarrieres@unil.ch\" target=\"_blank\" rel=\"noreferrer noopener\">centredecarrieres@unil.ch<\/a>&nbsp;pour recevoir la cl\u00e9 d\u2019acc\u00e8s. Ce service s\u2019adresse aux \u00e9tudiant\u00b7e\u00b7s et aux dipl\u00f4m\u00e9\u00b7e\u00b7s de l\u2019Unil.&nbsp;Le Centre de carri\u00e8res&nbsp;se tient \u00e0 votre disposition pour la relecture de dossiers de candidature et vous donner des conseils pour votre recherche d\u2019un stage lors des&nbsp;<a href=\"https:\/\/www.unil.ch\/unil\/fr\/home\/menuinst\/etudier\/choisir-ses-etudes\/rendez-vous-dinformation.html\" target=\"_blank\" rel=\"noreferrer noopener\">rendez-vous d\u2019information<\/a>.<\/p>\n<\/details>\n\n\n\n<details class=\"wp-block-details is-layout-flow wp-block-details-is-layout-flow\"><summary>Vous voulez participer \u00e0 des \u00e9v\u00e9nements en lien avec l\u2019emploi<\/summary>\n<p>Inscrivez-vous \u00e0 la <a href=\"https:\/\/www.unil.ch\/unil\/fr\/home\/menuinst\/etudier\/passage-a-l-emploi\/centre-carrieres-soutien\/evenements.html\">newsletter<\/a> du SOC pour \u00eatre inform\u00e9\u00b7e de tous les \u00e9v\u00e9nements carri\u00e8res qui ont lieu \u00e0 l\u2019Unil.<\/p>\n<\/details>\n\n\n\n<details class=\"wp-block-details is-layout-flow wp-block-details-is-layout-flow\"><summary>Vous voulez continuer \u00e0 vous former<\/summary>\n<p><a href=\"https:\/\/www.formation-continue-unil-epfl.ch\/\" target=\"_blank\" rel=\"noreferrer noopener\"><strong>Formation continue UNIL\u2013EPFL<\/strong><\/a><br>Fondation regroupant les activit\u00e9s de formation continue de l\u2019Universit\u00e9 de Lausanne (Unil) et de l\u2019Ecole Polytechnique F\u00e9d\u00e9rale de Lausanne (EPFL). S\u2019appuyant sur une recherche de pointe et une longue exp\u00e9rience dans le domaine de la formation continue universitaire, ces deux Hautes \u00e9coles universitaires collaborent pour offrir aux professionnel\u00b7les des programmes de tr\u00e8s haut niveau.<\/p>\n\n\n\n<p><a href=\"https:\/\/www.swissuni.ch\/\" target=\"_blank\" rel=\"noreferrer noopener\"><strong>Swissuni<\/strong><\/a><br>Association ayant pour but de promouvoir et de diffuser la formation continue universitaire. Elle regroupe les services de formation continue des universit\u00e9s et des \u00e9coles polytechniques suisses.<\/p>\n\n\n\n<p><strong><a href=\"https:\/\/www.alice.ch\/fr\/\" target=\"_blank\" rel=\"noreferrer noopener\">Alice<\/a><\/strong><br>Site de la F\u00e9d\u00e9ration suisse pour la formation continue (FSEA).<\/p>\n\n\n\n<p><a href=\"https:\/\/wp.unil.ch\/connaissance3\/\" target=\"_blank\" rel=\"noreferrer noopener\"><strong>Connaissance 3<\/strong><\/a><br>L\u2019Universit\u00e9 des seniors, pour apprendre tout au long de la vie.<\/p>\n<\/details>\n","protected":false},"excerpt":{"rendered":"","protected":false},"author":1001058,"featured_media":0,"parent":14337,"menu_order":45,"comment_status":"closed","ping_status":"closed","template":"","meta":{"_seopress_robots_primary_cat":"","_seopress_titles_title":"","_seopress_titles_desc":"","_seopress_robots_index":"","footnotes":""},"class_list":["post-14339","page","type-page","status-publish"],"_links":{"self":[{"href":"https:\/\/wp.unil.ch\/alumnil\/wp-json\/wp\/v2\/pages\/14339","targetHints":{"allow":["GET"]}}],"collection":[{"href":"https:\/\/wp.unil.ch\/alumnil\/wp-json\/wp\/v2\/pages"}],"about":[{"href":"https:\/\/wp.unil.ch\/alumnil\/wp-json\/wp\/v2\/types\/page"}],"author":[{"embeddable":true,"href":"https:\/\/wp.unil.ch\/alumnil\/wp-json\/wp\/v2\/users\/1001058"}],"replies":[{"embeddable":true,"href":"https:\/\/wp.unil.ch\/alumnil\/wp-json\/wp\/v2\/comments?post=14339"}],"version-history":[{"count":5,"href":"https:\/\/wp.unil.ch\/alumnil\/wp-json\/wp\/v2\/pages\/14339\/revisions"}],"predecessor-version":[{"id":17037,"href":"https:\/\/wp.unil.ch\/alumnil\/wp-json\/wp\/v2\/pages\/14339\/revisions\/17037"}],"up":[{"embeddable":true,"href":"https:\/\/wp.unil.ch\/alumnil\/wp-json\/wp\/v2\/pages\/14337"}],"wp:attachment":[{"href":"https:\/\/wp.unil.ch\/alumnil\/wp-json\/wp\/v2\/media?parent=14339"}],"curies":[{"name":"wp","href":"https:\/\/api.w.org\/{rel}","templated":true}]}}