{"id":14333,"date":"2025-08-04T18:12:03","date_gmt":"2025-08-04T16:12:03","guid":{"rendered":"https:\/\/wp.unil.ch\/alumnil\/?page_id=14333"},"modified":"2025-11-05T16:59:12","modified_gmt":"2025-11-05T15:59:12","slug":"questions-frequentes","status":"publish","type":"page","link":"https:\/\/wp.unil.ch\/alumnil\/qui-sommes-nous\/questions-frequentes\/","title":{"rendered":"Questions fr\u00e9quentes"},"content":{"rendered":"\n<h5 class=\"wp-block-heading\">Plateforme Alumnil<\/h5>\n\n\n\n<details class=\"wp-block-details is-layout-flow wp-block-details-is-layout-flow\"><summary>Plateforme Alumnil? De quoi s\u2019agit-il?<\/summary>\n<p>La plateforme est le terme par lequel nous d\u00e9signons le syst\u00e8me informatique de gestion et de communication du r\u00e9seau Alumnil. C\u2019est un \u00ab&nbsp;espace membres&nbsp;\u00bb priv\u00e9 et s\u00e9curis\u00e9 qui requiert des identifiants de connexion.<\/p>\n\n\n\n<p>C\u2019est sur cette plateforme que se trouvent toutes les informations sur les activit\u00e9s du r\u00e9seau, entre autres les \u00e9v\u00e9nements, les offres d\u2019emploi, l\u2019annuaire des dipl\u00f4m\u00e9\u00b7e\u00b7s et une messagerie interne.<\/p>\n\n\n\n<p><strong>Nouveau\u00b7elle sur le r\u00e9seau? Suivez le guide!<\/strong><\/p>\n\n\n\n<p>Vous avez re\u00e7u vos identifiants de connexion \u00e0 la plateforme? Vous y d\u00e9couvrirez des articles, des \u00e9v\u00e9nements, des galeries photos, l\u2019annuaire des membres, mais aussi la section des offres d\u2019emploi et pourrez optimiser votre profil personnel.<\/p>\n\n\n\n<p><strong><a href=\"https:\/\/www.alumnil.unil.ch\/?ShowLink=25869&amp;id=2\" target=\"_blank\" rel=\"noreferrer noopener\">Connectez-vous<\/a><\/strong> <strong>pour profiter un maximum des offres du r\u00e9seau.<\/strong><\/p>\n<\/details>\n\n\n\n<details class=\"wp-block-details is-layout-flow wp-block-details-is-layout-flow\"><summary>L\u2019alias Alumnil, de quoi s\u2019agit-il?<\/summary>\n<p>En tant que membre du r\u00e9seau Alumnil, vous b\u00e9n\u00e9ficiez automatiquement d\u2019une adresse \u00e9lectronique de redirection de courriel (alias) sous la forme prenom.nom@alumnil.unil.ch.<\/p>\n\n\n\n<p>Cette adresse est h\u00e9berg\u00e9e sur la plateforme Alumnil et permet un relai vers votre adresse \u00e9lectronique personnelle ou professionnelle renseign\u00e9e dans votre profil. Elle vous est d\u00e9di\u00e9e \u00e0 vie et permet de vous identifier comme membre du r\u00e9seau Alumnil.<\/p>\n\n\n\n<p>Cet alias permet \u00e0 toute personne qui ne conna\u00eet pas vos coordonn\u00e9es \u00e9lectroniques priv\u00e9es ou professionnelles de vous adresser un message. Pour conna\u00eetre toutes ses fonctionnalit\u00e9s, lisez l\u2019article illustr\u00e9 <a href=\"https:\/\/alumnil.unil.ch\/?ShowLink=24797&amp;id=2\" target=\"_blank\" rel=\"noreferrer noopener\">\u00ab&nbsp;L\u2019alias \u2013 ce masque fort pratique&nbsp;\u00bb<\/a>.<\/p>\n\n\n\n<p>ATTENTION Votre adresse @unil.ch est invalide 6 mois apr\u00e8s votre exmatriculation. Il est donc important de la remplacer par une adresse priv\u00e9e dans votre profil.<\/p>\n<\/details>\n\n\n\n<details class=\"wp-block-details is-layout-flow wp-block-details-is-layout-flow\"><summary>J\u2019ai oubli\u00e9 mes identifiants de connexion \u00e0 la plateforme Alumnil<\/summary>\n<p>Comment faire ?<\/p>\n\n\n\n<ul class=\"wp-block-list\">\n<li>cliquer sur \u00ab se connecter \u00bb en haut \u00e0 droite de la page du site (www.unil.ch\/alumnil) ;<\/li>\n\n\n\n<li>entrer votre nom d\u2019utilisateur (prenom.nom) ou adresse \u00e9lectronique (adresse renseign\u00e9e dans votre profil) ;<\/li>\n\n\n\n<li>cliquer sur \u00ab mot de passe oubli\u00e9 \u00bb dans la bo\u00eete de connexion, le syst\u00e8me vous enverra un courriel avec un lien vous permettant de d\u00e9finir un nouveau mot de passe.<\/li>\n<\/ul>\n\n\n\n<p class=\"has-background\" style=\"background-color:#ebebeb\">Le courriel de r\u00e9initialisation sera envoy\u00e9 \u00e0 votre adresse \u00e9lectronique priv\u00e9e renseign\u00e9e dans votre profil. Si celle-ci n\u2019est plus valable, adressez un courriel \u00e0 <a href=\"https:\/\/web.archive.org\/web\/20250615152256\/mailto:admin.alumnil@unil.ch\">admin.alumnil@unil.ch<\/a> pour demander son changement dans votre profil.<\/p>\n<\/details>\n\n\n\n<h5 class=\"wp-block-heading\">Donn\u00e9es personnelles<\/h5>\n\n\n\n<details class=\"wp-block-details is-layout-flow wp-block-details-is-layout-flow\"><summary>Comment modifier mes donn\u00e9es personnelles?<\/summary>\n<p>Connectez-vous \u00e0 la plateforme<\/p>\n\n\n\n<ul class=\"wp-block-list\">\n<li>Pour modifier vos informations personnelles (adresse \u00e9lectronique, adresse postale, exp\u00e9rience professionnelle, formation, mobilit\u00e9,\u2026) : S\u00e9lectionner<strong> Personnel &gt; Mon Profil<\/strong><\/li>\n\n\n\n<li>Enregistrer vos modifications pour chaque section !<\/li>\n<\/ul>\n<\/details>\n\n\n\n<details class=\"wp-block-details is-layout-flow wp-block-details-is-layout-flow\"><summary>Comment changer mon mot de passe?<\/summary>\n<p>Connectez-vous \u00e0 la plateforme :<\/p>\n\n\n\n<ul class=\"wp-block-list\">\n<li>S\u00e9lectionner<strong> Personnel &gt; Param\u00e8tres &gt; Param\u00e8tres<\/strong><\/li>\n\n\n\n<li>Param\u00e8tres principaux &gt; Vos donn\u00e9es d\u2019acc\u00e8s: <strong>changer<\/strong><\/li>\n\n\n\n<li>Penser \u00e0 enregistrer!<\/li>\n<\/ul>\n<\/details>\n\n\n\n<details class=\"wp-block-details is-layout-flow wp-block-details-is-layout-flow\"><summary>Comment changer mon adresse \u00e9lectronique?<\/summary>\n<p>Connectez-vous \u00e0 la plateforme<\/p>\n\n\n\n<ul class=\"wp-block-list\">\n<li>S\u00e9lectionner<strong> Personnel &gt; Mon Profil<\/strong><\/li>\n\n\n\n<li>Informations personnelles &gt; Coordonn\u00e9es internet &gt; e-mail priv\u00e9<\/li>\n\n\n\n<li>Penser \u00e0 enregistrer!<\/li>\n<\/ul>\n<\/details>\n\n\n\n<h5 class=\"wp-block-heading\">Emploi<\/h5>\n\n\n\n<details class=\"wp-block-details is-layout-flow wp-block-details-is-layout-flow\"><summary>Activer ou d\u00e9sactiver les alertes emploi?<\/summary>\n<p>Connectez-vous \u00e0 la plateforme<\/p>\n\n\n\n<ul class=\"wp-block-list\">\n<li>S\u00e9lectionner <strong>Contenus &gt; Offres d\u2019emploi &gt; <\/strong>cliquer sur <strong>la loupe<\/strong> en haut \u00e0 droite.<\/li>\n\n\n\n<li>S\u00e9lectionnez vos crit\u00e8res et d\u00e9marrez la recherche.<\/li>\n\n\n\n<li>Enregistrez votre agent de recherche apr\u00e8s lui avoir donn\u00e9 un nom et l\u2019avoir activ\u00e9.<\/li>\n<\/ul>\n\n\n\n<p>Une petite disquette appara\u00eetra en haut \u00e0 droite de la page, indiquant qu\u2019un agent de recherche a \u00e9t\u00e9 cr\u00e9\u00e9. Vous pouvez cr\u00e9er plusieurs agents de recherche, et les activer ou d\u00e9sactiver \u00e0 tout moment. Un courriel de notification vous sera envoy\u00e9 \u00e0 l\u2019adresse renseign\u00e9e dans votre profil Alumnil d\u00e8s la publication d\u2019une offre susceptible de r\u00e9pondre \u00e0 vos crit\u00e8res.<\/p>\n\n\n\n<p class=\"has-background\" style=\"background-color:#ebebeb\">Pour plus de d\u00e9tails concernant les alertes emploi, vous pouvez lire l\u2019article illustr\u00e9 <a href=\"https:\/\/alumnil.unil.ch\/?ShowLink=24763&amp;id=2\" target=\"_blank\" rel=\"noreferrer noopener\">\u00ab&nbsp;Trouver des offres d\u2019emploi \u00e0 sa taille&nbsp;\u00bb<\/a>.<\/p>\n<\/details>\n","protected":false},"excerpt":{"rendered":"<p>Plateforme Alumnil Donn\u00e9es personnelles Emploi<\/p>\n","protected":false},"author":1001058,"featured_media":0,"parent":12132,"menu_order":13,"comment_status":"closed","ping_status":"closed","template":"","meta":{"_seopress_robots_primary_cat":"","_seopress_titles_title":"","_seopress_titles_desc":"","_seopress_robots_index":"","footnotes":""},"class_list":["post-14333","page","type-page","status-publish"],"_links":{"self":[{"href":"https:\/\/wp.unil.ch\/alumnil\/wp-json\/wp\/v2\/pages\/14333","targetHints":{"allow":["GET"]}}],"collection":[{"href":"https:\/\/wp.unil.ch\/alumnil\/wp-json\/wp\/v2\/pages"}],"about":[{"href":"https:\/\/wp.unil.ch\/alumnil\/wp-json\/wp\/v2\/types\/page"}],"author":[{"embeddable":true,"href":"https:\/\/wp.unil.ch\/alumnil\/wp-json\/wp\/v2\/users\/1001058"}],"replies":[{"embeddable":true,"href":"https:\/\/wp.unil.ch\/alumnil\/wp-json\/wp\/v2\/comments?post=14333"}],"version-history":[{"count":4,"href":"https:\/\/wp.unil.ch\/alumnil\/wp-json\/wp\/v2\/pages\/14333\/revisions"}],"predecessor-version":[{"id":15928,"href":"https:\/\/wp.unil.ch\/alumnil\/wp-json\/wp\/v2\/pages\/14333\/revisions\/15928"}],"up":[{"embeddable":true,"href":"https:\/\/wp.unil.ch\/alumnil\/wp-json\/wp\/v2\/pages\/12132"}],"wp:attachment":[{"href":"https:\/\/wp.unil.ch\/alumnil\/wp-json\/wp\/v2\/media?parent=14333"}],"curies":[{"name":"wp","href":"https:\/\/api.w.org\/{rel}","templated":true}]}}