{"id":14325,"date":"2025-08-04T13:58:07","date_gmt":"2025-08-04T11:58:07","guid":{"rendered":"https:\/\/wp.unil.ch\/alumnil\/?page_id=14325"},"modified":"2025-12-09T11:33:15","modified_gmt":"2025-12-09T10:33:15","slug":"adherer-au-reseau-alumnil","status":"publish","type":"page","link":"https:\/\/wp.unil.ch\/alumnil\/reseau\/adherer-au-reseau-alumnil\/","title":{"rendered":"Adh\u00e9rer au r\u00e9seau Alumnil"},"content":{"rendered":"\n<div class=\"wp-block-columns is-layout-flex wp-container-core-columns-is-layout-9d6595d7 wp-block-columns-is-layout-flex\">\n<div class=\"wp-block-column is-layout-flow wp-block-column-is-layout-flow\">\n<p>Depuis 2011, les personnes dipl\u00f4m\u00e9es de l\u2019Unil \u2013 bachelor, master et doctorat \u2013 deviennent automatiquement membres du r\u00e9seau. Elles re\u00e7oivent un courriel avec leurs identifiants de connexion \u00e0 la plateforme Alumnil au moment de leur demande de grade et n\u2019ont donc pas besoin de remplir le formulaire d\u2019adh\u00e9sion.<\/p>\n\n\n\n<details class=\"wp-block-details is-layout-flow wp-block-details-is-layout-flow\"><summary>Qui peut adh\u00e9rer par candidature ?<\/summary>\n<p>Les personnes dont l\u2019adh\u00e9sion n\u2019est pas automatique peuvent \u00e9galement envoyer leur candidature, si elles sont:<\/p>\n\n\n\n<ul class=\"wp-block-list\">\n<li>titulaires d\u2019un dipl\u00f4me de l\u2019Unil avant 2011<\/li>\n\n\n\n<li>titulaires d\u2019un dipl\u00f4me conjoint entre l\u2019Unil et une Haute \u00e9cole partenaire (Universit\u00e9s, EPF, HES, Instituts, etc.)<\/li>\n\n\n\n<li>titulaires d\u2019un dipl\u00f4me ou d\u2019un certificat de formation continue (CAS, DAS, MAS, MBA ou EMBA, etc.) d\u00e9livr\u00e9 par l\u2019Unil ou la Formation continue UNIL-EPFL<\/li>\n\n\n\n<li>immatricul\u00e9es \u00e0 l\u2019Unil, ou l\u2019ont \u00e9t\u00e9, dans le cadre d\u2019un programme d\u2019\u00e9change acad\u00e9mique durant un semestre au minimum<\/li>\n\n\n\n<li>membres du corps enseignant de l\u2019Unil (ayant b\u00e9n\u00e9fici\u00e9 d\u2019un contrat d\u2019une dur\u00e9e minimale d\u2019une ann\u00e9e)<\/li>\n\n\n\n<li>membres du personnel PAT \u00e0 la retraite<\/li>\n<\/ul>\n\n\n\n<p>Les demandes d\u2019adh\u00e9sion de personnes non dipl\u00f4m\u00e9es, ayant un lien avec l\u2019Unil gr\u00e2ce \u00e0 leur formation, leur engagement ou leur activit\u00e9 \u00e0 l\u2019Unil et adh\u00e9rant aux objectifs de la communaut\u00e9 Alumnil, peuvent \u00eatre prises en compte sur d\u00e9cision du bureau. Une demande d\u2019adh\u00e9sion motiv\u00e9e doit \u00eatre envoy\u00e9e au Bureau des alumni \u00e0 <a href=\"https:\/\/web.archive.org\/web\/20250514135940\/mailto:contact.alumnil@unil.ch\">contact.alumnil@unil.ch<\/a>.<\/p>\n\n\n\n<p>Pour en savoir plus, consultez le <a href=\"https:\/\/wp.unil.ch\/alumnil\/files\/2018\/10\/R_individuel_PlateformeALUMNIL_VF_20180904.pdf\" data-type=\"attachment\" data-id=\"5854\">r\u00e8glement<\/a> pour les membres individuels et la <a href=\"https:\/\/wp.unil.ch\/alumnil\/files\/2018\/09\/Politique_confidentialite_ReseauALUMNIL_vf_20180831.pdf\" data-type=\"attachment\" data-id=\"5817\" target=\"_blank\" rel=\"noreferrer noopener\">politique de confidentialit\u00e9 des donn\u00e9es personnelles du r\u00e9seau Alumnil<\/a>.<\/p>\n<\/details>\n<\/div>\n\n\n\n<div class=\"wp-block-column is-layout-flow wp-block-column-is-layout-flow\">\n<figure class=\"wp-block-image\"><img alt=\"\" loading=\"lazy\" decoding=\"async\" width=\"600\" height=\"300\" src=\"https:\/\/wp.unil.ch\/alumnil\/files\/2023\/06\/Adherer_au_reseau_RemiClement.jpg\" alt=\"\" class=\"wp-image-9795\" srcset=\"https:\/\/wp.unil.ch\/alumnil\/files\/2023\/06\/Adherer_au_reseau_RemiClement.jpg 600w, https:\/\/wp.unil.ch\/alumnil\/files\/2023\/06\/Adherer_au_reseau_RemiClement-250x125.jpg 250w, https:\/\/wp.unil.ch\/alumnil\/files\/2023\/06\/Adherer_au_reseau_RemiClement-300x150.jpg 300w\" sizes=\"auto, (max-width: 600px) 100vw, 600px\" \/><\/figure>\n<\/div>\n<\/div>\n\n\n\n<div class=\"wp-block-buttons is-layout-flex wp-block-buttons-is-layout-flex\">\n<div class=\"wp-block-button is-style-outline is-style-outline--1\"><a class=\"wp-block-button__link has-black-color has-white-background-color has-text-color has-background has-link-color wp-element-button\" href=\"https:\/\/www.alumnil.unil.ch\/register\/register\/main\">Demande d&rsquo;adh\u00e9sion<\/a><\/div>\n<\/div>\n\n\n\n<div style=\"height:14px\" aria-hidden=\"true\" class=\"wp-block-spacer\"><\/div>\n\n\n\n<p>Une fois que vous aurez cliqu\u00e9 sur \u00ab&nbsp;envoyer&nbsp;\u00bb, un courriel accusant r\u00e9ception de votre demande d\u2019adh\u00e9sion vous parviendra imm\u00e9diatement \u00e0 l\u2019adresse \u00e9lectronique indiqu\u00e9e dans le formulaire (v\u00e9rifiez dans les spams si vous ne recevez pas imm\u00e9diatement ce message).<\/p>\n\n\n\n<p>Merci de patienter quelques jours, le temps pour nous de valider votre demande et de vous adresser un message de bienvenue avec des identifiants de connexion \u00e0 la plateforme Alumnil.<\/p>\n","protected":false},"excerpt":{"rendered":"<p>Depuis 2011, les personnes dipl\u00f4m\u00e9es de l\u2019Unil \u2013 bachelor, master et doctorat \u2013 deviennent automatiquement membres du r\u00e9seau. Elles re\u00e7oivent un courriel avec leurs identifiants de connexion \u00e0 la plateforme Alumnil au moment de leur demande de grade et n\u2019ont &hellip; <\/p>\n","protected":false},"author":1001058,"featured_media":0,"parent":7592,"menu_order":21,"comment_status":"closed","ping_status":"closed","template":"","meta":{"_seopress_robots_primary_cat":"","_seopress_titles_title":"","_seopress_titles_desc":"","_seopress_robots_index":"","footnotes":""},"class_list":["post-14325","page","type-page","status-publish"],"_links":{"self":[{"href":"https:\/\/wp.unil.ch\/alumnil\/wp-json\/wp\/v2\/pages\/14325","targetHints":{"allow":["GET"]}}],"collection":[{"href":"https:\/\/wp.unil.ch\/alumnil\/wp-json\/wp\/v2\/pages"}],"about":[{"href":"https:\/\/wp.unil.ch\/alumnil\/wp-json\/wp\/v2\/types\/page"}],"author":[{"embeddable":true,"href":"https:\/\/wp.unil.ch\/alumnil\/wp-json\/wp\/v2\/users\/1001058"}],"replies":[{"embeddable":true,"href":"https:\/\/wp.unil.ch\/alumnil\/wp-json\/wp\/v2\/comments?post=14325"}],"version-history":[{"count":5,"href":"https:\/\/wp.unil.ch\/alumnil\/wp-json\/wp\/v2\/pages\/14325\/revisions"}],"predecessor-version":[{"id":16912,"href":"https:\/\/wp.unil.ch\/alumnil\/wp-json\/wp\/v2\/pages\/14325\/revisions\/16912"}],"up":[{"embeddable":true,"href":"https:\/\/wp.unil.ch\/alumnil\/wp-json\/wp\/v2\/pages\/7592"}],"wp:attachment":[{"href":"https:\/\/wp.unil.ch\/alumnil\/wp-json\/wp\/v2\/media?parent=14325"}],"curies":[{"name":"wp","href":"https:\/\/api.w.org\/{rel}","templated":true}]}}