{"id":14314,"date":"2025-08-04T12:03:28","date_gmt":"2025-08-04T10:03:28","guid":{"rendered":"https:\/\/wp.unil.ch\/alumnil\/?page_id=14314"},"modified":"2025-12-09T11:34:02","modified_gmt":"2025-12-09T10:34:02","slug":"alumni-dans-le-monde","status":"publish","type":"page","link":"https:\/\/wp.unil.ch\/alumnil\/reseau\/alumni-dans-le-monde\/","title":{"rendered":"Alumni dans le monde"},"content":{"rendered":"\n<p>Le r\u00e9seau Alumnil s\u2019\u00e9tend dans plus d\u2019une centaine de pays \u00e0 travers le monde. C\u2019est un r\u00e9seau riche de membres de diff\u00e9rents horizons, d\u2019exp\u00e9riences professionnelles diverses, qui repr\u00e9sente plusieurs g\u00e9n\u00e9rations de dipl\u00f4m\u00e9es et dipl\u00f4m\u00e9s de l\u2019Unil.<\/p>\n\n\n\n<p>R\u00e9guli\u00e8rement, des invitations pour des \u00e9v\u00e9nements organis\u00e9s par les institutions suisses \u00e0 l\u2019\u00e9tranger sont transmises \u00e0 nos alumni domicili\u00e9s \u00e0 l\u2019international. Ce sont des opportunit\u00e9s de cr\u00e9er de nouveaux contacts et d\u2019\u00e9largir son r\u00e9seau dans son pays de r\u00e9sidence.<\/p>\n\n\n\n<div style=\"height:5px\" aria-hidden=\"true\" class=\"wp-block-spacer\"><\/div>\n\n\n\n<h4 class=\"wp-block-heading\">Welcome Abroad<\/h4>\n\n\n\n<p>Le service Welcome Abroad propose de mettre en relation des \u00e9tudiantes et \u00e9tudiants inscrits en mobilit\u00e9 pour des \u00e9tudes \u00e0 l\u2019\u00e9tranger, ou des membres du r\u00e9seau voulant s&rsquo;expatrier, avec des personnes-relais.<\/p>\n\n\n\n<p>Les personnes-relais sont des membres du r\u00e9seau domicili\u00e9s durablement \u00e0 l\u2019\u00e9tranger et dispos\u00e9s \u00e0 fournir des informations pratiques sur la ville ou la r\u00e9gion dans laquelle ils vivent. Gr\u00e2ce \u00e0 elles, chaque ann\u00e9e, des \u00e9tudiantes et \u00e9tudiants b\u00e9n\u00e9ficient de conseils et de recommandations pour les aider dans leurs pr\u00e9paratifs.<\/p>\n\n\n\n<div class=\"wp-block-columns is-layout-flex wp-container-core-columns-is-layout-9d6595d7 wp-block-columns-is-layout-flex\">\n<div class=\"wp-block-column is-layout-flow wp-block-column-is-layout-flow\">\n<details class=\"wp-block-details is-layout-flow wp-block-details-is-layout-flow\"><summary>Contacter une personne-relais<\/summary>\n<p>Compl\u00e9tez le formulaire en indiquant votre destination et la date de votre d\u00e9part. <\/p>\n\n\n\n<p>Les membres du r\u00e9seau Alumnil peuvent \u00e9galement consulter <a rel=\"noreferrer noopener\" href=\"https:\/\/alumnil.unil.ch\/lookbook\/start.php?\" target=\"_blank\">l&rsquo;annuaire<\/a> sur la plateforme Alumnil pour entrer en contact avec des alumni \u00e9tablis \u00e0 l&rsquo;\u00e9tranger.<\/p>\n\n\n\n<p>Par ailleurs, il existe des <a rel=\"noreferrer noopener\" href=\"https:\/\/www.alumnihec.ch\/topics\" target=\"_blank\">Clubs Alumni HEC<\/a> dans plusieurs villes internationales pour les dipl\u00f4m\u00e9es et dipl\u00f4m\u00e9s de cette facult\u00e9.<\/p>\n\n\n\n<div class=\"wp-block-buttons is-content-justification-center is-layout-flex wp-container-core-buttons-is-layout-16018d1d wp-block-buttons-is-layout-flex\">\n<div class=\"wp-block-button is-style-outline is-style-outline--1\"><a class=\"wp-block-button__link has-black-color has-white-background-color has-text-color has-background has-link-color has-text-align-left wp-element-button\" href=\"https:\/\/wp.unil.ch\/alumnil\/contacter-une-personne-relais\/\" target=\"_blank\" rel=\"noreferrer noopener\">Formulaire personne-relais<\/a><\/div>\n<\/div>\n\n\n\n<div style=\"height:20px\" aria-hidden=\"true\" class=\"wp-block-spacer\"><\/div>\n<\/details>\n<\/div>\n\n\n\n<div class=\"wp-block-column is-layout-flow wp-block-column-is-layout-flow\">\n<details class=\"wp-block-details is-layout-flow wp-block-details-is-layout-flow\"><summary>Devenir une personne-relais<\/summary>\n<p>Vous vivez ailleurs qu\u2019en Suisse et vous \u00eates d\u2019accord de donner quelques conseils pratiques \u00e0 propos de votre ville de r\u00e9sidence? &nbsp;<\/p>\n\n\n\n<p>L\u2019\u00e9quipe du Bureau des alumni vous mettra en contact avec la personne en recherche de renseignements. Vous conviendrez ensemble de la mani\u00e8re d\u2019\u00e9changer (courriel, t\u00e9l\u00e9phone ou visioconf\u00e9rence).&nbsp;<\/p>\n\n\n\n<p>Si cette proposition vous inspire, \u00e9crivez-nous!<\/p>\n\n\n\n<div class=\"wp-block-buttons is-content-justification-center is-layout-flex wp-container-core-buttons-is-layout-16018d1d wp-block-buttons-is-layout-flex\">\n<div class=\"wp-block-button is-style-outline is-style-outline--2\"><a class=\"wp-block-button__link has-black-color has-white-background-color has-text-color has-background has-link-color wp-element-button\" href=\"mailto:admin.alumnil@unil.ch\" target=\"_blank\" rel=\"noreferrer noopener\">S&rsquo;inscrire<\/a><\/div>\n<\/div>\n\n\n\n<div style=\"height:20px\" aria-hidden=\"true\" class=\"wp-block-spacer\"><\/div>\n<\/details>\n<\/div>\n<\/div>\n\n\n\n<div style=\"height:5px\" aria-hidden=\"true\" class=\"wp-block-spacer\"><\/div>\n\n\n\n<h4 class=\"wp-block-heading\"><strong>O\u00f9 vivent les personnes-relais ?<\/strong><\/h4>\n\n\n\n<p>Il existe actuellement <strong>150 personnes r\u00e9parties dans 138 villes et 48 pays dans le monde.<\/strong><\/p>\n\n\n<div class=\"wp-block-image\">\n<figure class=\"aligncenter size-full\"><img alt=\"\" loading=\"lazy\" decoding=\"async\" width=\"1920\" height=\"1060\" src=\"https:\/\/wp.unil.ch\/alumnil2\/files\/2025\/03\/Carte_personnes-relais_2025.jpg\" alt=\"\" class=\"wp-image-13639\" srcset=\"https:\/\/wp.unil.ch\/alumnil\/files\/2025\/03\/Carte_personnes-relais_2025.jpg 1920w, https:\/\/wp.unil.ch\/alumnil\/files\/2025\/03\/Carte_personnes-relais_2025-300x166.jpg 300w, https:\/\/wp.unil.ch\/alumnil\/files\/2025\/03\/Carte_personnes-relais_2025-1024x565.jpg 1024w, https:\/\/wp.unil.ch\/alumnil\/files\/2025\/03\/Carte_personnes-relais_2025-250x138.jpg 250w, https:\/\/wp.unil.ch\/alumnil\/files\/2025\/03\/Carte_personnes-relais_2025-768x424.jpg 768w, https:\/\/wp.unil.ch\/alumnil\/files\/2025\/03\/Carte_personnes-relais_2025-1536x848.jpg 1536w\" sizes=\"auto, (max-width: 1920px) 100vw, 1920px\" \/><\/figure>\n<\/div>\n\n\n<p><strong>Aarhus<\/strong> | Abidjan | Addis Abeba | Almaty | Amsterdam | Anglet | Antananarivo | Anvers | Ath\u00e8nes | Atlanta | Aveiro | <strong>B\u00e2le<\/strong> | Beijing | Berlin | Berne | Beyrouth | Boca Raton | Bochum | Bogota | Bologne | Boston | Bruxelles | Bryce Canyon | Budapest | Burnaby | <strong>Cambridge<\/strong> | Cambridge (MA) | Canterbury | Le Cap | Casablanca | Chicago | Claremont | College Station | Cologne | <strong>Dakar<\/strong> | Dallas | Davis | Denver | Douala | Dubai | Dublin | Dunedin | <strong>Erfurt<\/strong> | Essen | Evry | <strong>Faro<\/strong> | Francfort | Freiburg | <strong>G\u00e4vle<\/strong> | Gifu | Glasgow | Grenade | Gulu | <strong>Halifax<\/strong> | Hamilton | Hanover | Heidelberg | Hobart | Hong-Kong | Houston | Hunters Hill | <strong>Istanbul<\/strong> | <strong>Jacksonville<\/strong> | Jakarta | Jupiter | <strong>Kuopio<\/strong> | Kyoto | <strong>La Haye<\/strong> | La Paz | Las Vegas | Leuven | Li\u00e8ge | Lilienthal | Lille | Limoges | London (Ontario) | Londres | Long Beach | Louvain-La-Neuve | Luxembourg | <strong>Maasdorf<\/strong> | Maastricht | Madrid | Malaga | Marbella | Maroubra | Meldola | Memphis | Merida | Miami | Mikkeli | Milan | Millers Point | Milwaukee | Montr\u00e9al | Moscou | Mulhouse | Munich | Murcie | <strong>New York<\/strong> | Nice | Norwich | <strong>Oceanside<\/strong> | Oslo | Ouagadougou | Oxford | <strong>Padoue<\/strong> | Page | Papeete | Paris | Perth | Philadelphie | Ponte Vedra | Porto | Puebla | <strong>Qu\u00e9bec<\/strong> | <strong>Ravenne<\/strong> | Rome | Rouen | <strong>Sacramento<\/strong> | Saint Gall | Saint-P\u00e9tersbourg | San Francisco | Santa\u2011Cruz | Santiago | S\u00e3o Jos\u00e9 dos Campos | S\u00e3o Paulo | S\u00e9oul | Sherbrooke | Stockholm | Strasbourg | Suadiye | Sydney | <strong>Tilburg<\/strong> | Tokyo | Toronto | Toulouse | Trento | Trois-Rivi\u00e8res | Troms\u00f8 | T\u00fcbingen | Turin | <strong>Uppsala<\/strong> | Utrecht | <strong>Vancouver<\/strong> | Varsovie | Vienne | <strong>Washington<\/strong> <strong>DC<\/strong> | Wollongong | <strong>Yaound\u00e9<\/strong> | York | <strong>Z\u00fcrich<\/strong><\/p>\n","protected":false},"excerpt":{"rendered":"<p>Le r\u00e9seau Alumnil s\u2019\u00e9tend dans plus d\u2019une centaine de pays \u00e0 travers le monde. C\u2019est un r\u00e9seau riche de membres de diff\u00e9rents horizons, d\u2019exp\u00e9riences professionnelles diverses, qui repr\u00e9sente plusieurs g\u00e9n\u00e9rations de dipl\u00f4m\u00e9es et dipl\u00f4m\u00e9s de l\u2019Unil. R\u00e9guli\u00e8rement, des invitations pour &hellip; <\/p>\n","protected":false},"author":1001058,"featured_media":0,"parent":7592,"menu_order":22,"comment_status":"closed","ping_status":"closed","template":"","meta":{"_seopress_robots_primary_cat":"","_seopress_titles_title":"","_seopress_titles_desc":"","_seopress_robots_index":"","footnotes":""},"class_list":["post-14314","page","type-page","status-publish"],"_links":{"self":[{"href":"https:\/\/wp.unil.ch\/alumnil\/wp-json\/wp\/v2\/pages\/14314","targetHints":{"allow":["GET"]}}],"collection":[{"href":"https:\/\/wp.unil.ch\/alumnil\/wp-json\/wp\/v2\/pages"}],"about":[{"href":"https:\/\/wp.unil.ch\/alumnil\/wp-json\/wp\/v2\/types\/page"}],"author":[{"embeddable":true,"href":"https:\/\/wp.unil.ch\/alumnil\/wp-json\/wp\/v2\/users\/1001058"}],"replies":[{"embeddable":true,"href":"https:\/\/wp.unil.ch\/alumnil\/wp-json\/wp\/v2\/comments?post=14314"}],"version-history":[{"count":5,"href":"https:\/\/wp.unil.ch\/alumnil\/wp-json\/wp\/v2\/pages\/14314\/revisions"}],"predecessor-version":[{"id":16913,"href":"https:\/\/wp.unil.ch\/alumnil\/wp-json\/wp\/v2\/pages\/14314\/revisions\/16913"}],"up":[{"embeddable":true,"href":"https:\/\/wp.unil.ch\/alumnil\/wp-json\/wp\/v2\/pages\/7592"}],"wp:attachment":[{"href":"https:\/\/wp.unil.ch\/alumnil\/wp-json\/wp\/v2\/media?parent=14314"}],"curies":[{"name":"wp","href":"https:\/\/api.w.org\/{rel}","templated":true}]}}