{"id":14311,"date":"2025-08-04T12:02:24","date_gmt":"2025-08-04T10:02:24","guid":{"rendered":"https:\/\/wp.unil.ch\/alumnil\/?page_id=14311"},"modified":"2026-01-19T17:42:48","modified_gmt":"2026-01-19T16:42:48","slug":"avantages","status":"publish","type":"page","link":"https:\/\/wp.unil.ch\/alumnil\/avantages\/","title":{"rendered":"Avantages"},"content":{"rendered":"\n<p>Le r\u00e9seau Alumnil permet de b\u00e9n\u00e9ficier de nombreux avantages et propose des offres \u00e0 ses membres tout au long de l\u2019ann\u00e9e.<br>&nbsp;<br>Certaines sont destin\u00e9es \u00e0 la carri\u00e8re car l\u2019Unil souhaite encourager ses dipl\u00f4m\u00e9es et dipl\u00f4m\u00e9s dans la transition vers l\u2019emploi, mais aussi favoriser leur progression dans le monde professionnel au fil du temps. D\u2019autres ont pour vocation de permettre le r\u00e9seautage, de revenir sur le campus et de b\u00e9n\u00e9ficier d\u2019offres culturelles, sportives et d\u2019autres encore.<\/p>\n\n\n\n<h5 class=\"wp-block-heading\">Plateforme pour la communaut\u00e9<\/h5>\n\n\n\n<p>La plateforme est accessible uniquement aux membres du r\u00e9seau Alumnil. La connexion se fait par mot de passe, que vous recevez au moment de votre <a href=\"https:\/\/wp.unil.ch\/alumnil\/reseau\/adherer-au-reseau-alumnil\/\" data-type=\"page\" data-id=\"14325\">adh\u00e9sion<\/a>.<\/p>\n\n\n\n<ul class=\"wp-block-list\">\n<li><a href=\"https:\/\/www.alumnil.unil.ch\/user\/profile\" target=\"_blank\" rel=\"noreferrer noopener\">Profil <\/a>personnel &amp; professionnel<\/li>\n\n\n\n<li>Adresse \u00e9lectronique \u00e0 vie @alumnil.unil.ch (alias de redirection)&nbsp;<\/li>\n\n\n\n<li><a href=\"https:\/\/www.alumnil.unil.ch\/member\/search\" target=\"_blank\" rel=\"noreferrer noopener\">Annuaire<\/a> de tous les membres<\/li>\n\n\n\n<li>Invitations \u00e0 des <a href=\"https:\/\/www.alumnil.unil.ch\/page\/content-feed-event\" data-type=\"link\" data-id=\"https:\/\/www.alumnil.unil.ch\/page\/content-feed-event\" target=\"_blank\" rel=\"noreferrer noopener\">\u00e9v\u00e9nements<\/a>, \u00e0 l\u2019Unil et de partenaires<\/li>\n\n\n\n<li>S\u00e9lection d\u2019<a href=\"https:\/\/www.alumnil.unil.ch\/page\/content-feed-article\" target=\"_blank\" rel=\"noreferrer noopener\">articles<\/a> en lien avec la recherche \u00e0 l\u2019Unil<\/li>\n<\/ul>\n\n\n\n<h5 class=\"wp-block-heading\">Soutien \u00e0 la carri\u00e8re<\/h5>\n\n\n\n<p>Le r\u00e9seau Alumnil offre de nombreux services en lien avec la carri\u00e8re. Il a pour vocation de soutenir les dipl\u00f4m\u00e9es et dipl\u00f4m\u00e9s tout au long de leur parcours professionnel. Pour cela, il travaille en collaboration avec les services et facult\u00e9s de l\u2019Unil.<\/p>\n\n\n\n<ul class=\"wp-block-list\">\n<li>Offres d\u2019emploi &amp; publication gratuite pour les entreprises<\/li>\n\n\n\n<li>Coaching carri\u00e8re <a href=\"https:\/\/wp.unil.ch\/alumnil\/tandempro\/\" data-type=\"page\" data-id=\"6278\">TandemPRO<\/a><\/li>\n\n\n\n<li>\u00c9v\u00e9nements Horizon Carri\u00e8re du SOC<\/li>\n\n\n\n<li>Tarifs pr\u00e9f\u00e9rentiels pour certaines <a href=\"https:\/\/wp.unil.ch\/alumnil\/carriere\/formation-continue\/\" data-type=\"page\" data-id=\"14318\">formations continues<\/a><\/li>\n\n\n\n<li>Conseils pour la carri\u00e8re<\/li>\n<\/ul>\n\n\n\n<h5 class=\"wp-block-heading\">\u00c0 l\u2019international<\/h5>\n\n\n\n<p>Gr\u00e2ce \u00e0 l\u2019adresse postale r\u00e9f\u00e9renc\u00e9e dans votre profil, vous recevrez des invitations \u00e0 des \u00e9v\u00e9nements organis\u00e9s par des institutions suisses ou des partenaires tout autour du globe.<\/p>\n\n\n\n<ul class=\"wp-block-list\">\n<li>\u00c9v\u00e9nements en partenariat avec les Hautes \u00e9coles suisses, les centres Swissnex, les ambassades et les consulats, etc.<\/li>\n\n\n\n<li><a href=\"https:\/\/wp.unil.ch\/alumnil\/alumni-dans-le-monde\/\" data-type=\"page\" data-id=\"14314\">Welcome Abroad<\/a> pour b\u00e9n\u00e9ficier de conseils de notre communaut\u00e9 \u00e9tablie \u00e0 l\u2019\u00e9tranger<\/li>\n<\/ul>\n\n\n\n<h5 class=\"wp-block-heading\">Loisirs, culture &amp; informatique<\/h5>\n\n\n\n<p>Les membres du r\u00e9seau Alumnil b\u00e9n\u00e9ficient de tarifs privil\u00e9gi\u00e9s pour les offres culturelles et sportives \u00e0 l\u2019Unil, et \u00e9galement de certains partenaires.<\/p>\n\n\n\n<ul class=\"wp-block-list\">\n<li><a href=\"https:\/\/wp.unil.ch\/alumnil\/la-grange-un-multipass-pour-les-alumni\/\" data-type=\"post\" data-id=\"12388\">La Grange<\/a> \u2013 Centre \/ Arts et Sciences \/ Unil<\/li>\n\n\n\n<li><a href=\"https:\/\/wp.unil.ch\/alumnil\/activites-sportives-et-sante-pour-les-alumni\/\" data-type=\"post\" data-id=\"12404\">Service Sport Sant\u00e9 UNIL+EPFL<\/a><\/li>\n\n\n\n<li><a href=\"https:\/\/wp.unil.ch\/alumnil\/la-presse-pour-les-alumni\/\" data-type=\"post\" data-id=\"12814\">Presse romande<\/a><\/li>\n\n\n\n<li><a href=\"https:\/\/wp.unil.ch\/alumnil\/neptun_wave\/\" data-type=\"post\" data-id=\"8591\">Projekt Neptun<\/a>, mat\u00e9riel informatique<\/li>\n\n\n\n<li><a href=\"https:\/\/wp.unil.ch\/alumnil\/cours-danglais-pour-les-membres-du-reseau-alumnil\/\">Cours d\u2019anglais<\/a><\/li>\n<\/ul>\n\n\n\n<p class=\"has-text-align-center has-background has-medium-font-size\" style=\"background-color:#ebebeb\">Le Bureau des alumni communique r\u00e9guli\u00e8rement ces offres via sa newsletter, en plus de leur publication sur la plateforme.<\/p>\n","protected":false},"excerpt":{"rendered":"<p>Le r\u00e9seau Alumnil permet de b\u00e9n\u00e9ficier de nombreux avantages et propose des offres \u00e0 ses membres tout au long de l\u2019ann\u00e9e.&nbsp;Certaines sont destin\u00e9es \u00e0 la carri\u00e8re car l\u2019Unil souhaite encourager ses dipl\u00f4m\u00e9es et dipl\u00f4m\u00e9s dans la transition vers l\u2019emploi, mais &hellip; <\/p>\n","protected":false},"author":1001058,"featured_media":0,"parent":0,"menu_order":6,"comment_status":"closed","ping_status":"closed","template":"","meta":{"_seopress_robots_primary_cat":"","_seopress_titles_title":"","_seopress_titles_desc":"","_seopress_robots_index":"","footnotes":""},"class_list":["post-14311","page","type-page","status-publish"],"_links":{"self":[{"href":"https:\/\/wp.unil.ch\/alumnil\/wp-json\/wp\/v2\/pages\/14311","targetHints":{"allow":["GET"]}}],"collection":[{"href":"https:\/\/wp.unil.ch\/alumnil\/wp-json\/wp\/v2\/pages"}],"about":[{"href":"https:\/\/wp.unil.ch\/alumnil\/wp-json\/wp\/v2\/types\/page"}],"author":[{"embeddable":true,"href":"https:\/\/wp.unil.ch\/alumnil\/wp-json\/wp\/v2\/users\/1001058"}],"replies":[{"embeddable":true,"href":"https:\/\/wp.unil.ch\/alumnil\/wp-json\/wp\/v2\/comments?post=14311"}],"version-history":[{"count":5,"href":"https:\/\/wp.unil.ch\/alumnil\/wp-json\/wp\/v2\/pages\/14311\/revisions"}],"predecessor-version":[{"id":17038,"href":"https:\/\/wp.unil.ch\/alumnil\/wp-json\/wp\/v2\/pages\/14311\/revisions\/17038"}],"wp:attachment":[{"href":"https:\/\/wp.unil.ch\/alumnil\/wp-json\/wp\/v2\/media?parent=14311"}],"curies":[{"name":"wp","href":"https:\/\/api.w.org\/{rel}","templated":true}]}}