{"id":14309,"date":"2025-08-04T11:52:58","date_gmt":"2025-08-04T09:52:58","guid":{"rendered":"https:\/\/wp.unil.ch\/alumnil\/?page_id=14309"},"modified":"2025-11-05T16:59:16","modified_gmt":"2025-11-05T15:59:16","slug":"evenements","status":"publish","type":"page","link":"https:\/\/wp.unil.ch\/alumnil\/evenements\/","title":{"rendered":"\u00c9v\u00e9nements"},"content":{"rendered":"\n<div class=\"wp-block-columns is-layout-flex wp-container-core-columns-is-layout-9d6595d7 wp-block-columns-is-layout-flex\">\n<div class=\"wp-block-column is-layout-flow wp-block-column-is-layout-flow\" style=\"flex-basis:66.66%\">\n<p>Tout au long de l\u2019ann\u00e9e, les membres du r\u00e9seau Alumnil sont invit\u00e9s \u00e0 participer \u00e0 de nombreux \u00e9v\u00e9nements. Ces derniers sont l\u2019opportunit\u00e9 de faire de nouvelles connaissances et de maintenir le savoir vivant au contact d\u2019expertes et experts dans leur domaine de pr\u00e9dilection.<br>\u00a0<br>Ces rencontres sont organis\u00e9es par le Bureau des alumni, d\u2019autres en collaboration avec les facult\u00e9s et les services de l\u2019Unil, ou avec des partenaires en Suisse et \u00e0 l\u2019international.<\/p>\n\n\n\n<p>Afin de recevoir les invitations \u00e0 nos activit\u00e9s, il est n\u00e9cessaire de maintenir vos adresses \u00e9lectronique et postale \u00e0 jour dans <a href=\"https:\/\/www.alumnil.unil.ch\/user\/profile\" target=\"_blank\" rel=\"noreferrer noopener\">votre profil<\/a>. Les inscriptions se font g\u00e9n\u00e9ralement par le biais de la <a href=\"https:\/\/www.alumnil.unil.ch\/login-form.php\" target=\"_blank\" rel=\"noreferrer noopener\">plateforme<\/a>.<\/p>\n<\/div>\n\n\n\n<div class=\"wp-block-column is-layout-flow wp-block-column-is-layout-flow\" style=\"flex-basis:33.33%\"><\/div>\n<\/div>\n\n\n\n<h4 class=\"wp-block-heading\">En Suisse<\/h4>\n\n\n<!=========Events list Template 2.6.2=========><div id=\"ect-events-list-content\"><div id=\"list-wrp\" class=\"ect-list-wrapper Suisse\"><div id=\"event-17195\" class=\"ect-list-post style-1 ect-simple-event future\"><div class=\"ect-list-post-left \">\n\t\t\t\t<div class=\"ect-list-img\" style=\"background-image:url(&#039;https:\/\/wp.unil.ch\/alumnil\/files\/2026\/02\/forum-innovation.png&#039;);background-size:cover;\"><a href=\"https:\/\/wp.unil.ch\/alumnil\/event\/forum-innovation-societale-se-transformer-pour-transformer-du-changement-personnel-au-mouvement-collectif\/\" alt=\"Forum Innovation Soci\u00e9tale | Se transformer pour transformer, du changement personnel au mouvement collectif\" rel=\"bookmark\"><div class=\"ect-list-date\"><div class=\"ect-date-area default-schedule\"><span class=\"ev-day\">29<\/span>\n\t\t\t\t\t<span class=\"ev-mo\">avril<\/span>\n\t\t\t\t\t<span class=\"ev-yr\">2026<\/span><\/div><\/div><\/a><\/div><\/div><!-- left-post close --><div class=\"ect-list-post-right\">\n\t\t\t\t<div class=\"ect-list-post-right-table\"><div class=\"ect-list-description\" style=\"width:100%;\"><h2 class=\"ect-list-title\"><a class=\"ect-event-url\" href=\"https:\/\/wp.unil.ch\/alumnil\/event\/forum-innovation-societale-se-transformer-pour-transformer-du-changement-personnel-au-mouvement-collectif\/\" rel=\"bookmark\">Forum Innovation Soci\u00e9tale | Se transformer pour transformer, du changement personnel au mouvement collectif<\/a><\/h2><!-- Event Content --><div class=\"ect-event-content\"><p>Nous sommes nombreuses et nombreux \u00e0 vouloir transformer la soci\u00e9t\u00e9, r\u00e9parer ce qui se fragilise, inventer des r\u00e9ponses nouvelles aux urgences sociales et environnementales. Mais une question essentielle est souvent \u00e9lud\u00e9e, sommes-nous pr\u00eat\u00b7es \u00e0 incarner le changement que nous souhaitons?\u00a0\u00a0<\/p>\n<\/div><a href=\"https:\/\/wp.unil.ch\/alumnil\/event\/forum-innovation-societale-se-transformer-pour-transformer-du-changement-personnel-au-mouvement-collectif\/\" class=\"ect-events-read-more\" rel=\"bookmark\">En savoir plus<\/a><\/div><\/div><\/div><!-- right-wrapper close --><\/div><!-- event-loop-end --><div id=\"event-17288\" class=\"ect-list-post style-1 ect-simple-event future\"><div class=\"ect-list-post-left \">\n\t\t\t\t<div class=\"ect-list-img\" style=\"background-image:url(&#039;https:\/\/wp.unil.ch\/alumnil\/files\/2026\/03\/olivier-de-schutter_web.jpeg&#039;);background-size:cover;\"><a href=\"https:\/\/wp.unil.ch\/alumnil\/event\/olivier-de-schutter-eradiquer-la-pauvrete-au-dela-de-la-croissance\/\" alt=\"Olivier De Schutter, \u00e9radiquer la pauvret\u00e9 au-del\u00e0 de la croissance\" rel=\"bookmark\"><div class=\"ect-list-date\"><div class=\"ect-date-area default-schedule\"><span class=\"ev-day\">30<\/span>\n\t\t\t\t\t<span class=\"ev-mo\">avril<\/span>\n\t\t\t\t\t<span class=\"ev-yr\">2026<\/span><\/div><\/div><\/a><\/div><\/div><!-- left-post close --><div class=\"ect-list-post-right\">\n\t\t\t\t<div class=\"ect-list-post-right-table\"><div class=\"ect-list-description\" style=\"width:100%;\"><h2 class=\"ect-list-title\"><a class=\"ect-event-url\" href=\"https:\/\/wp.unil.ch\/alumnil\/event\/olivier-de-schutter-eradiquer-la-pauvrete-au-dela-de-la-croissance\/\" rel=\"bookmark\">Olivier De Schutter, \u00e9radiquer la pauvret\u00e9 au-del\u00e0 de la croissance<\/a><\/h2><!-- Event Content --><div class=\"ect-event-content\"><p>Placer les droits humains, le bien-\u00eatre et les limites plan\u00e9taires au c\u0153ur de l\u2019\u00e9conomie:\u00a0la\u00a0feuille de route pour l\u2019\u00e9radication de la pauvret\u00e9 au-del\u00e0 de la croissance\u00a0vise \u00e0 proposer un catalogue de politiques publiques et mesures concr\u00e8tes\u00a0pour lutter contre la pauvret\u00e9, remettant en question le mod\u00e8le \u00e9conomique qui les a produites. Conf\u00e9rence d'Olivier De Schutter, rapporteur sp\u00e9cial des Nations Unies sur les droits de l\u2019homme et l\u2019extr\u00eame pauvret\u00e9.<\/p>\n<\/div><a href=\"https:\/\/wp.unil.ch\/alumnil\/event\/olivier-de-schutter-eradiquer-la-pauvrete-au-dela-de-la-croissance\/\" class=\"ect-events-read-more\" rel=\"bookmark\">En savoir plus<\/a><\/div><\/div><\/div><!-- right-wrapper close --><\/div><!-- event-loop-end --><div id=\"event-17344\" class=\"ect-list-post style-1 ect-simple-event future\"><div class=\"ect-list-post-left \">\n\t\t\t\t<div class=\"ect-list-img\" style=\"background-image:url(&#039;https:\/\/wp.unil.ch\/alumnil\/files\/2026\/04\/mont-aiguille-vue-den-haut.jpg&#039;);background-size:cover;\"><a href=\"https:\/\/wp.unil.ch\/alumnil\/event\/au-coeur-de-lhistoire-de-lalpinisme-la-singuliere-ascension-du-mont-aiguille-en-1492\/\" alt=\"Au c\u0153ur de l&rsquo;histoire de l&rsquo;alpinisme, la singuli\u00e8re ascension du Mont-Aiguille en 1492\" rel=\"bookmark\"><div class=\"ect-list-date\"><div class=\"ect-date-area default-schedule\"><span class=\"ev-day\">06<\/span>\n\t\t\t\t\t<span class=\"ev-mo\">mai<\/span>\n\t\t\t\t\t<span class=\"ev-yr\">2026<\/span><\/div><\/div><\/a><\/div><\/div><!-- left-post close --><div class=\"ect-list-post-right\">\n\t\t\t\t<div class=\"ect-list-post-right-table\"><div class=\"ect-list-description\" style=\"width:100%;\"><h2 class=\"ect-list-title\"><a class=\"ect-event-url\" href=\"https:\/\/wp.unil.ch\/alumnil\/event\/au-coeur-de-lhistoire-de-lalpinisme-la-singuliere-ascension-du-mont-aiguille-en-1492\/\" rel=\"bookmark\">Au c\u0153ur de l&rsquo;histoire de l&rsquo;alpinisme, la singuli\u00e8re ascension du Mont-Aiguille en 1492<\/a><\/h2><!-- Event Content --><div class=\"ect-event-content\"><p>Le R\u00e9seau des Alumni SSP vous convie \u00e0 une immersion au c\u0153ur de l'histoire de l\u2019alpinisme, pour d\u00e9couvrir l\u2019ascension du Mont-Aiguille \u00e0 travers la projection d'un documentaire, suivie d\u2019un \u00e9change avec des sp\u00e9cialistes pour d\u00e9crypter les enjeux historiques et symboliques de cet exploit.<\/p>\n<\/div><a href=\"https:\/\/wp.unil.ch\/alumnil\/event\/au-coeur-de-lhistoire-de-lalpinisme-la-singuliere-ascension-du-mont-aiguille-en-1492\/\" class=\"ect-events-read-more\" rel=\"bookmark\">En savoir plus<\/a><\/div><\/div><\/div><!-- right-wrapper close --><\/div><!-- event-loop-end --><div id=\"event-16946\" class=\"ect-list-post style-1 ect-simple-event future\"><div class=\"ect-list-post-left \">\n\t\t\t\t<div class=\"ect-list-img\" style=\"background-image:url(&#039;https:\/\/wp.unil.ch\/alumnil\/files\/2025\/12\/olivier-hamant.jpg&#039;);background-size:cover;\"><a href=\"https:\/\/wp.unil.ch\/alumnil\/event\/olivier-hamant-et-si-la-diversite-etait-notre-plus-grande-force\/\" alt=\"Olivier Hamant, et si la diversit\u00e9 \u00e9tait notre plus grande force?\" rel=\"bookmark\"><div class=\"ect-list-date\"><div class=\"ect-date-area default-schedule\"><span class=\"ev-day\">13<\/span>\n\t\t\t\t\t<span class=\"ev-mo\">mai<\/span>\n\t\t\t\t\t<span class=\"ev-yr\">2026<\/span><\/div><\/div><\/a><\/div><\/div><!-- left-post close --><div class=\"ect-list-post-right\">\n\t\t\t\t<div class=\"ect-list-post-right-table\"><div class=\"ect-list-description\" style=\"width:100%;\"><h2 class=\"ect-list-title\"><a class=\"ect-event-url\" href=\"https:\/\/wp.unil.ch\/alumnil\/event\/olivier-hamant-et-si-la-diversite-etait-notre-plus-grande-force\/\" rel=\"bookmark\">Olivier Hamant, et si la diversit\u00e9 \u00e9tait notre plus grande force?<\/a><\/h2><!-- Event Content --><div class=\"ect-event-content\"><p>Rencontre avec l\u2019auteur Olivier Hamant inspir\u00e9e par ses ouvrages \"La troisi\u00e8me voie du vivant\", \"Philosophie politique de la robustesse\" et \"L\u2019entreprise robuste\", dans le cadre du cycle de conf\u00e9rences \"2040 j\u2019y vais!\" organis\u00e9 par l'association Hub des possibles, en partenariat avec les libraires Payot, le Th\u00e9\u00e2tre Vidy-Lausanne et le r\u00e9seau Alumnil.<\/p>\n<\/div><a href=\"https:\/\/wp.unil.ch\/alumnil\/event\/olivier-hamant-et-si-la-diversite-etait-notre-plus-grande-force\/\" class=\"ect-events-read-more\" rel=\"bookmark\">En savoir plus<\/a><\/div><\/div><\/div><!-- right-wrapper close --><\/div><!-- event-loop-end --><\/div><\/div>\n\n\n\n<div class=\"wp-block-columns is-layout-flex wp-container-core-columns-is-layout-9d6595d7 wp-block-columns-is-layout-flex\">\n<div class=\"wp-block-column is-layout-flow wp-block-column-is-layout-flow\" style=\"flex-basis:66.66%\">\n<h4 class=\"wp-block-heading\">\u00c0 l&rsquo;international<\/h4>\n\n\n\n<p>Pour les alumni \u00e9tablis \u00e0 l\u2019\u00e9tranger, des invitations personnalis\u00e9es vous parviendront selon votre lieu d\u2019habitation. Sur la plateforme, la communaut\u00e9 \u00ab\u00a0International\u00a0\u00bb relaie toutes les activit\u00e9s propos\u00e9es \u00e0 travers le monde.  <\/p>\n\n\n\n<p><a href=\"https:\/\/www.alumnil.unil.ch\/group\/search\" target=\"_blank\" rel=\"noreferrer noopener\">S&rsquo;inscrire \u00e0 la communaut\u00e9 \u00ab\u00a0International\u00a0\u00bb<\/a> si vous habitez hors de Suisse (<a href=\"https:\/\/alumnil.unil.ch\/login-form.php\" data-type=\"link\" data-id=\"https:\/\/alumnil.unil.ch\/login-form.php\" target=\"_blank\" rel=\"noreferrer noopener\">connexion<\/a> n\u00e9cessaire) et renseigner votre adresse postale dans <a href=\"https:\/\/www.alumnil.unil.ch\/user\/profile\" data-type=\"link\" data-id=\"https:\/\/www.alumnil.unil.ch\/user\/profile\" target=\"_blank\" rel=\"noreferrer noopener\">votre profil<\/a>.<\/p>\n<\/div>\n\n\n\n<div class=\"wp-block-column is-layout-flow wp-block-column-is-layout-flow\" style=\"flex-basis:33.33%\"><\/div>\n<\/div>\n\n\n<!=========Events list Template 2.6.2=========><div id=\"ect-events-list-content\"><div id=\"list-wrp\" class=\"ect-list-wrapper Etranger\"><div id=\"event-17316\" class=\"ect-list-post style-1 ect-simple-event future\"><div class=\"ect-list-post-left \">\n\t\t\t\t<div class=\"ect-list-img\" style=\"background-image:url(&#039;https:\/\/wp.unil.ch\/alumnil\/files\/2026\/03\/sao-paulo-wp.jpg&#039;);background-size:cover;\"><a href=\"https:\/\/wp.unil.ch\/alumnil\/event\/sao-paulo-swiss-alumni-night\/\" alt=\"[S\u00e3o Paulo] Swiss Alumni Night\" rel=\"bookmark\"><div class=\"ect-list-date\"><div class=\"ect-date-area default-schedule\"><span class=\"ev-day\">16<\/span>\n\t\t\t\t\t<span class=\"ev-mo\">avril<\/span>\n\t\t\t\t\t<span class=\"ev-yr\">2026<\/span><\/div><\/div><\/a><\/div><\/div><!-- left-post close --><div class=\"ect-list-post-right\">\n\t\t\t\t<div class=\"ect-list-post-right-table\"><div class=\"ect-list-description\" style=\"width:100%;\"><h2 class=\"ect-list-title\"><a class=\"ect-event-url\" href=\"https:\/\/wp.unil.ch\/alumnil\/event\/sao-paulo-swiss-alumni-night\/\" rel=\"bookmark\">[S\u00e3o Paulo] Swiss Alumni Night<\/a><\/h2><!-- Event Content --><div class=\"ect-event-content\"><p>To strengthen the Swiss alumni community in Brazil and spark new connections, Swissnex in Brazil organises a networking event for alumni and former affiliates of Swiss universities, co-organized with the Consulate General of Switzerland in S\u00e3o Paulo.<\/p>\n<\/div><a href=\"https:\/\/wp.unil.ch\/alumnil\/event\/sao-paulo-swiss-alumni-night\/\" class=\"ect-events-read-more\" rel=\"bookmark\">En savoir plus<\/a><\/div><\/div><\/div><!-- right-wrapper close --><\/div><!-- event-loop-end --><div id=\"event-17297\" class=\"ect-list-post style-1 ect-simple-event future\"><div class=\"ect-list-post-left \">\n\t\t\t\t<div class=\"ect-list-img\" style=\"background-image:url(&#039;https:\/\/wp.unil.ch\/alumnil\/files\/2026\/03\/bay-area-wp.jpg&#039;);background-size:cover;\"><a href=\"https:\/\/wp.unil.ch\/alumnil\/event\/san-francisco-swissnex-alumni-night-2026-from-entanglement-to-connection\/\" alt=\"[San Francisco] Swissnex Alumni Night 2026\" rel=\"bookmark\"><div class=\"ect-list-date\"><div class=\"ect-date-area default-schedule\"><span class=\"ev-day\">19<\/span>\n\t\t\t\t\t<span class=\"ev-mo\">avril<\/span>\n\t\t\t\t\t<span class=\"ev-yr\">2026<\/span><\/div><\/div><\/a><\/div><\/div><!-- left-post close --><div class=\"ect-list-post-right\">\n\t\t\t\t<div class=\"ect-list-post-right-table\"><div class=\"ect-list-description\" style=\"width:100%;\"><h2 class=\"ect-list-title\"><a class=\"ect-event-url\" href=\"https:\/\/wp.unil.ch\/alumnil\/event\/san-francisco-swissnex-alumni-night-2026-from-entanglement-to-connection\/\" rel=\"bookmark\">[San Francisco] Swissnex Alumni Night 2026<\/a><\/h2><!-- Event Content --><div class=\"ect-event-content\"><p>\u200bSwissnex in San Francisco invites the Swiss Alumni Community in the Bay Area for an Alumni Night to explore the interconnectedness between Swiss and US innovation ecosystems.<\/p>\n<\/div><a href=\"https:\/\/wp.unil.ch\/alumnil\/event\/san-francisco-swissnex-alumni-night-2026-from-entanglement-to-connection\/\" class=\"ect-events-read-more\" rel=\"bookmark\">En savoir plus<\/a><\/div><\/div><\/div><!-- right-wrapper close --><\/div><!-- event-loop-end --><div id=\"event-17221\" class=\"ect-list-post style-1 ect-simple-event future\"><div class=\"ect-list-post-left \">\n\t\t\t\t<div class=\"ect-list-img\" style=\"background-image:url(&#039;https:\/\/wp.unil.ch\/alumnil\/files\/2026\/03\/madrid-wp.jpg&#039;);background-size:cover;\"><a href=\"https:\/\/wp.unil.ch\/alumnil\/event\/madrid-cocktail-des-alumni-2026\/\" alt=\"[Madrid] Cocktail des Alumni 2026\" rel=\"bookmark\"><div class=\"ect-list-date\"><div class=\"ect-date-area default-schedule\"><span class=\"ev-day\">12<\/span>\n\t\t\t\t\t<span class=\"ev-mo\">mai<\/span>\n\t\t\t\t\t<span class=\"ev-yr\">2026<\/span><\/div><\/div><\/a><\/div><\/div><!-- left-post close --><div class=\"ect-list-post-right\">\n\t\t\t\t<div class=\"ect-list-post-right-table\"><div class=\"ect-list-description\" style=\"width:100%;\"><h2 class=\"ect-list-title\"><a class=\"ect-event-url\" href=\"https:\/\/wp.unil.ch\/alumnil\/event\/madrid-cocktail-des-alumni-2026\/\" rel=\"bookmark\">[Madrid] Cocktail des Alumni 2026<\/a><\/h2><!-- Event Content --><div class=\"ect-event-content\"><p>L\u2019Ambassadeur de Suisse pour l\u2019Espagne et Andorre, S.E. Hanspeter Mock, invite les\u00a0Alumni\u00a0des Hautes \u00e9coles suisses r\u00e9sidant en Espagne \u00e0 un cocktail \u00e0 sa r\u00e9sidence.\u00a0<\/p>\n<\/div><a href=\"https:\/\/wp.unil.ch\/alumnil\/event\/madrid-cocktail-des-alumni-2026\/\" class=\"ect-events-read-more\" rel=\"bookmark\">En savoir plus<\/a><\/div><\/div><\/div><!-- right-wrapper close --><\/div><!-- event-loop-end --><\/div><\/div>\n\n\n\n<div style=\"height:12px\" aria-hidden=\"true\" class=\"wp-block-spacer\"><\/div>\n\n\n\n<h4 class=\"wp-block-heading is-style-default\" style=\"font-size:27px\">\u00c9v\u00e9nements pass\u00e9s<\/h4>\n\n\n\n<p><span class=\"bleu\"><a href=\"https:\/\/wp.unil.ch\/alumnil\/evenements\/evenements-passes\/\" data-type=\"page\" data-id=\"14373\">Regard r\u00e9trospectif sur les \u00e9v\u00e9nements pass\u00e9s<\/a><\/span><\/p>\n","protected":false},"excerpt":{"rendered":"<p>Tout au long de l\u2019ann\u00e9e, les membres du r\u00e9seau Alumnil sont invit\u00e9s \u00e0 participer \u00e0 de nombreux \u00e9v\u00e9nements. Ces derniers sont l\u2019opportunit\u00e9 de faire de nouvelles connaissances et de maintenir le savoir vivant au contact d\u2019expertes et experts dans leur &hellip; <\/p>\n","protected":false},"author":1001058,"featured_media":0,"parent":0,"menu_order":3,"comment_status":"closed","ping_status":"closed","template":"","meta":{"_seopress_robots_primary_cat":"","_seopress_titles_title":"","_seopress_titles_desc":"","_seopress_robots_index":"","footnotes":""},"class_list":["post-14309","page","type-page","status-publish","cat_etranger"],"_links":{"self":[{"href":"https:\/\/wp.unil.ch\/alumnil\/wp-json\/wp\/v2\/pages\/14309","targetHints":{"allow":["GET"]}}],"collection":[{"href":"https:\/\/wp.unil.ch\/alumnil\/wp-json\/wp\/v2\/pages"}],"about":[{"href":"https:\/\/wp.unil.ch\/alumnil\/wp-json\/wp\/v2\/types\/page"}],"author":[{"embeddable":true,"href":"https:\/\/wp.unil.ch\/alumnil\/wp-json\/wp\/v2\/users\/1001058"}],"replies":[{"embeddable":true,"href":"https:\/\/wp.unil.ch\/alumnil\/wp-json\/wp\/v2\/comments?post=14309"}],"version-history":[{"count":5,"href":"https:\/\/wp.unil.ch\/alumnil\/wp-json\/wp\/v2\/pages\/14309\/revisions"}],"predecessor-version":[{"id":16680,"href":"https:\/\/wp.unil.ch\/alumnil\/wp-json\/wp\/v2\/pages\/14309\/revisions\/16680"}],"wp:attachment":[{"href":"https:\/\/wp.unil.ch\/alumnil\/wp-json\/wp\/v2\/media?parent=14309"}],"curies":[{"name":"wp","href":"https:\/\/api.w.org\/{rel}","templated":true}]}}