{"id":14305,"date":"2025-08-04T11:35:17","date_gmt":"2025-08-04T09:35:17","guid":{"rendered":"https:\/\/wp.unil.ch\/alumnil\/?page_id=14305"},"modified":"2025-11-05T16:59:11","modified_gmt":"2025-11-05T15:59:11","slug":"philosophie-et-missions","status":"publish","type":"page","link":"https:\/\/wp.unil.ch\/alumnil\/qui-sommes-nous\/philosophie-et-missions\/","title":{"rendered":"Philosophie et missions"},"content":{"rendered":"\n<div class=\"wp-block-columns is-layout-flex wp-container-core-columns-is-layout-9d6595d7 wp-block-columns-is-layout-flex\">\n<div class=\"wp-block-column is-layout-flow wp-block-column-is-layout-flow\" style=\"flex-basis:66.66%\">\n<p>Que l\u2019on vienne d\u2019obtenir son dipl\u00f4me Unil ou que l\u2019on ait d\u00e9j\u00e0 un parcours professionnel riche derri\u00e8re soi, il est ind\u00e9niable qu\u2019un lien s\u2019est nou\u00e9 avec l\u2019institution formatrice.<\/p>\n\n\n\n<p>Parce qu\u2019elle souhaite entretenir et p\u00e9renniser ce lien, la Direction de l\u2019Universit\u00e9 de Lausanne offre \u00e0 ses alumni un r\u00e9seau unique, \u00e0 disposition de ses membres tout au long de leur vie. Ses principales missions sont:<\/p>\n\n\n\n<ul class=\"wp-block-list\">\n<li>mettre en lien nos alumni gr\u00e2ce \u00e0 un r\u00e9seau exclusif et dynamique<\/li>\n\n\n\n<li>faciliter la transition vers l\u2019emploi et la progression de la carri\u00e8re<\/li>\n\n\n\n<li>encourager la formation tout au long de la vie et maintenir le savoir vivant<\/li>\n\n\n\n<li>entretenir un lien fort entre l\u2019institution et ses alumni<\/li>\n<\/ul>\n\n\n\n<p>\u00c9change, partage et r\u00e9ciprocit\u00e9, tels sont les mots cl\u00e9s qui animent notre r\u00e9seau. De nombreuses offres sont propos\u00e9es, parmi lesquelles des rencontres pour favoriser l\u2019insertion dans le monde du travail, des conf\u00e9rences pour d\u00e9couvrir l\u2019actualit\u00e9 de la recherche ou encore des visites pour revenir sur le campus. Toutes ont pour vocation de mettre l\u2019humain au centre des \u00e9changes.<\/p>\n\n\n\n<p>\u00c0 nos yeux, les alumni Unil repr\u00e9sentent l\u2019institution partout dans le monde et, du fait de leurs exp\u00e9riences et de leurs talents, peuvent inspirer et \u00eatre des ressources pour les plus jeunes, mais \u00e9galement pour l\u2019institution qui a \u00e0 c\u0153ur de les impliquer dans son \u00e9volution.<\/p>\n\n\n\n<p>Liliane Michalik<br>Vice-rectrice en charge du Dicast\u00e8re \u00c9galit\u00e9, diversit\u00e9 &amp; carri\u00e8res<\/p>\n<\/div>\n\n\n\n<div class=\"wp-block-column is-layout-flow wp-block-column-is-layout-flow\" style=\"flex-basis:33.33%\">\n<figure class=\"wp-block-image size-full is-resized\"><img alt=\"\" loading=\"lazy\" decoding=\"async\" width=\"600\" height=\"868\" src=\"https:\/\/wp.unil.ch\/alumnil2\/files\/2024\/07\/Liliane-Michalik.jpg\" alt=\"\" class=\"wp-image-12119\" style=\"width:234px;height:auto\" srcset=\"https:\/\/wp.unil.ch\/alumnil\/files\/2024\/07\/Liliane-Michalik.jpg 600w, https:\/\/wp.unil.ch\/alumnil\/files\/2024\/07\/Liliane-Michalik-173x250.jpg 173w, https:\/\/wp.unil.ch\/alumnil\/files\/2024\/07\/Liliane-Michalik-207x300.jpg 207w\" sizes=\"auto, (max-width: 600px) 100vw, 600px\" \/><\/figure>\n<\/div>\n<\/div>\n","protected":false},"excerpt":{"rendered":"<p>Que l\u2019on vienne d\u2019obtenir son dipl\u00f4me Unil ou que l\u2019on ait d\u00e9j\u00e0 un parcours professionnel riche derri\u00e8re soi, il est ind\u00e9niable qu\u2019un lien s\u2019est nou\u00e9 avec l\u2019institution formatrice. Parce qu\u2019elle souhaite entretenir et p\u00e9renniser ce lien, la Direction de l\u2019Universit\u00e9 &hellip; <\/p>\n","protected":false},"author":1001058,"featured_media":0,"parent":12132,"menu_order":11,"comment_status":"closed","ping_status":"closed","template":"","meta":{"_seopress_robots_primary_cat":"","_seopress_titles_title":"","_seopress_titles_desc":"","_seopress_robots_index":"","footnotes":""},"class_list":["post-14305","page","type-page","status-publish"],"_links":{"self":[{"href":"https:\/\/wp.unil.ch\/alumnil\/wp-json\/wp\/v2\/pages\/14305","targetHints":{"allow":["GET"]}}],"collection":[{"href":"https:\/\/wp.unil.ch\/alumnil\/wp-json\/wp\/v2\/pages"}],"about":[{"href":"https:\/\/wp.unil.ch\/alumnil\/wp-json\/wp\/v2\/types\/page"}],"author":[{"embeddable":true,"href":"https:\/\/wp.unil.ch\/alumnil\/wp-json\/wp\/v2\/users\/1001058"}],"replies":[{"embeddable":true,"href":"https:\/\/wp.unil.ch\/alumnil\/wp-json\/wp\/v2\/comments?post=14305"}],"version-history":[{"count":2,"href":"https:\/\/wp.unil.ch\/alumnil\/wp-json\/wp\/v2\/pages\/14305\/revisions"}],"predecessor-version":[{"id":15926,"href":"https:\/\/wp.unil.ch\/alumnil\/wp-json\/wp\/v2\/pages\/14305\/revisions\/15926"}],"up":[{"embeddable":true,"href":"https:\/\/wp.unil.ch\/alumnil\/wp-json\/wp\/v2\/pages\/12132"}],"wp:attachment":[{"href":"https:\/\/wp.unil.ch\/alumnil\/wp-json\/wp\/v2\/media?parent=14305"}],"curies":[{"name":"wp","href":"https:\/\/api.w.org\/{rel}","templated":true}]}}