{"id":12132,"date":"2024-07-22T14:29:29","date_gmt":"2024-07-22T12:29:29","guid":{"rendered":"https:\/\/wp.unil.ch\/alumnil\/?page_id=12132"},"modified":"2025-11-05T16:59:10","modified_gmt":"2025-11-05T15:59:10","slug":"qui-sommes-nous","status":"publish","type":"page","link":"https:\/\/wp.unil.ch\/alumnil\/qui-sommes-nous\/","title":{"rendered":"Qui sommes-nous?"},"content":{"rendered":"\n<div class=\"wp-block-columns is-layout-flex wp-container-core-columns-is-layout-9d6595d7 wp-block-columns-is-layout-flex\">\n<div class=\"wp-block-column is-layout-flow wp-block-column-is-layout-flow\" style=\"flex-basis:66.66%\">\n<p>Le r\u00e9seau Alumnil a \u00e9t\u00e9 cr\u00e9\u00e9 en 2011 afin de regrouper les dipl\u00f4m\u00e9es et dipl\u00f4m\u00e9s des 7 facult\u00e9s de l\u2019Universit\u00e9 de Lausanne au sein d&rsquo;un r\u00e9seau exclusif pour leur permettre de d\u00e9velopper leurs contacts personnels et professionnels, de maintenir leur savoir vivant et de conserver un lien avec l&rsquo;Unil.<\/p>\n\n\n\n<p>Cette communaut\u00e9 fonctionne autour de valeurs partag\u00e9es, telles la solidarit\u00e9 et l\u2019\u00e9change. Les diff\u00e9rentes prestations offertes sont gratuites. Elles ont pour but de r\u00e9pondre aux attentes et besoins de ses membres au fil de leur parcours professionnel, en facilitant la transition vers l\u2019emploi et la progression de la carri\u00e8re, gr\u00e2ce notamment \u00e0 l\u2019engagement de sa communaut\u00e9.<\/p>\n\n\n\n<p>Par un contact permanent avec ses alumni, le r\u00e9seau Alumnil contribue au rayonnement de l\u2019Unil, \u00e0 la promotion de ses activit\u00e9s de recherche et d&rsquo;enseignement, ainsi qu\u2019\u00e0 favoriser les liens et la collaboration avec les diff\u00e9rents actrices et acteurs de la soci\u00e9t\u00e9 civile.<\/p>\n<\/div>\n<\/div>\n\n\n\n<p><strong>Membres du r\u00e9seau Alumnil par facult\u00e9<\/strong><\/p>\n\n\n\n<!-- iframe plugin v.6.0 wordpress.org\/plugins\/iframe\/ -->\n<iframe loading=\"lazy\" src=\"https:\/\/tableau.unil.ch\/views\/Nombredalumniparfacultgraphique1\/Nombredalumniparfacult?%3Aembed=y&#038;%3AisGuestRedirectFromVizportal=y&#038;:toolbar=no\" width=\"120%\" height=\"550\" scrolling=\"yes\" class=\"iframe-class\" frameborder=\"0\"><\/iframe>\n\n\n\n\n<p><strong>Membres du r\u00e9seau Alumnil par niveau d&rsquo;\u00e9tudes<\/strong><\/p>\n\n\n\n<!-- iframe plugin v.6.0 wordpress.org\/plugins\/iframe\/ -->\n<iframe loading=\"lazy\" src=\"https:\/\/tableau.unil.ch\/views\/Nombredalumniparniveaudtudegraphique3\/Niveaudtudederniergradeobtenudesalumni?%3Aembed=y&#038;%3AisGuestRedirectFromVizportal=y&#038;:toolbar=no\" width=\"120%\" height=\"550\" scrolling=\"yes\" class=\"iframe-class\" frameborder=\"0\"><\/iframe>\n\n","protected":false},"excerpt":{"rendered":"<p>Le r\u00e9seau Alumnil a \u00e9t\u00e9 cr\u00e9\u00e9 en 2011 afin de regrouper les dipl\u00f4m\u00e9es et dipl\u00f4m\u00e9s des 7 facult\u00e9s de l\u2019Universit\u00e9 de Lausanne au sein d&rsquo;un r\u00e9seau exclusif pour leur permettre de d\u00e9velopper leurs contacts personnels et professionnels, de maintenir leur &hellip; <\/p>\n","protected":false},"author":1001058,"featured_media":0,"parent":0,"menu_order":1,"comment_status":"closed","ping_status":"closed","template":"","meta":{"_seopress_robots_primary_cat":"","_seopress_titles_title":"","_seopress_titles_desc":"","_seopress_robots_index":"","footnotes":""},"class_list":["post-12132","page","type-page","status-publish"],"_links":{"self":[{"href":"https:\/\/wp.unil.ch\/alumnil\/wp-json\/wp\/v2\/pages\/12132","targetHints":{"allow":["GET"]}}],"collection":[{"href":"https:\/\/wp.unil.ch\/alumnil\/wp-json\/wp\/v2\/pages"}],"about":[{"href":"https:\/\/wp.unil.ch\/alumnil\/wp-json\/wp\/v2\/types\/page"}],"author":[{"embeddable":true,"href":"https:\/\/wp.unil.ch\/alumnil\/wp-json\/wp\/v2\/users\/1001058"}],"replies":[{"embeddable":true,"href":"https:\/\/wp.unil.ch\/alumnil\/wp-json\/wp\/v2\/comments?post=12132"}],"version-history":[{"count":5,"href":"https:\/\/wp.unil.ch\/alumnil\/wp-json\/wp\/v2\/pages\/12132\/revisions"}],"predecessor-version":[{"id":15929,"href":"https:\/\/wp.unil.ch\/alumnil\/wp-json\/wp\/v2\/pages\/12132\/revisions\/15929"}],"wp:attachment":[{"href":"https:\/\/wp.unil.ch\/alumnil\/wp-json\/wp\/v2\/media?parent=12132"}],"curies":[{"name":"wp","href":"https:\/\/api.w.org\/{rel}","templated":true}]}}