{"id":12010,"date":"2024-06-10T14:56:22","date_gmt":"2024-06-10T12:56:22","guid":{"rendered":"https:\/\/wp.unil.ch\/alumnil\/?page_id=12010"},"modified":"2026-01-19T17:52:37","modified_gmt":"2026-01-19T16:52:37","slug":"voir-les-offres-demploi","status":"publish","type":"page","link":"https:\/\/wp.unil.ch\/alumnil\/carriere\/voir-les-offres-demploi\/","title":{"rendered":"Voir les offres d&#8217;emploi"},"content":{"rendered":"\n<div class=\"wp-block-columns is-layout-flex wp-container-core-columns-is-layout-9d6595d7 wp-block-columns-is-layout-flex\">\n<div class=\"wp-block-column is-layout-flow wp-block-column-is-layout-flow\" style=\"flex-basis:66.66%\">\n<p>De nombreux postes sont propos\u00e9s aux dipl\u00f4m\u00e9es et dipl\u00f4m\u00e9s de l&rsquo;Unil afin de les soutenir dans le d\u00e9marrage et le d\u00e9veloppement de leur carri\u00e8re professionnelle. Chaque ann\u00e9e, plus de 1\u2019800 offres sont r\u00e9pertori\u00e9es&nbsp;:<\/p>\n\n\n\n<ul class=\"wp-block-list\">\n<li>Conf\u00e9d\u00e9ration<\/li>\n\n\n\n<li>Canton de Vaud<\/li>\n\n\n\n<li>Ville de Lausanne<\/li>\n\n\n\n<li>CHUV<\/li>\n\n\n\n<li>Unil<\/li>\n\n\n\n<li>Pr\u00e8s de 400 recruteurs (ONG, associations, entreprises priv\u00e9es, etc.)<\/li>\n<\/ul>\n\n\n\n<p>Voir toutes <a href=\"https:\/\/alumnil.unil.ch\/modeman\/instance\/main\/name\/jobs\/list\" data-type=\"link\" data-id=\"https:\/\/alumnil.unil.ch\/modeman\/instance\/main\/name\/jobs\/list\" target=\"_blank\" rel=\"noreferrer noopener\">les offres d\u2019emploi<\/a> sur la plateforme Alumnil.<\/p>\n\n\n\n<h5 class=\"wp-block-heading\">Cr\u00e9er une alerte<\/h5>\n\n\n\n<p>Afin de mieux mieux cibler vos offres, vous pouvez activer une alerte dans votre profil Alumnil en s\u00e9lectionnant des crit\u00e8res tels que les secteurs d&rsquo;activit\u00e9, le lieu de travail ou encore le pourcentage. Vous serez ensuite inform\u00e9\u00b7e par courriel d\u00e8s qu\u2019une offre d&#8217;emploi correspondant \u00e0 votre filtre sera mise en ligne.<\/p>\n\n\n\n<p>Voir le <a href=\"https:\/\/www.alumnil.unil.ch\/group\/feed?contentId=13056&amp;contentType=article\" data-type=\"link\" data-id=\"https:\/\/www.alumnil.unil.ch\/login-form.php?url=https%3A%2F%2Fwww.alumnil.unil.ch%2Fhome%2Fart.php%3Fshowart%3D13056%26page%3D1%26filter%3Dalerte%26sort-type%3Dpublication%26sort-order%3DDESC\" target=\"_blank\" rel=\"noreferrer noopener\">mode d\u2019emploi<\/a> pour cr\u00e9er sa propre alerte sur la plateforme Alumnil.<\/p>\n<\/div>\n\n\n\n<div class=\"wp-block-column is-layout-flow wp-block-column-is-layout-flow\" style=\"flex-basis:33.33%\"><\/div>\n<\/div>\n","protected":false},"excerpt":{"rendered":"<p>De nombreux postes sont propos\u00e9s aux dipl\u00f4m\u00e9es et dipl\u00f4m\u00e9s de l&rsquo;Unil afin de les soutenir dans le d\u00e9marrage et le d\u00e9veloppement de leur carri\u00e8re professionnelle. Chaque ann\u00e9e, plus de 1\u2019800 offres sont r\u00e9pertori\u00e9es&nbsp;: Voir toutes les offres d\u2019emploi sur la &hellip; <\/p>\n","protected":false},"author":1001058,"featured_media":0,"parent":14337,"menu_order":41,"comment_status":"closed","ping_status":"closed","template":"","meta":{"_seopress_robots_primary_cat":"","_seopress_titles_title":"","_seopress_titles_desc":"","_seopress_robots_index":"","footnotes":""},"class_list":["post-12010","page","type-page","status-publish"],"_links":{"self":[{"href":"https:\/\/wp.unil.ch\/alumnil\/wp-json\/wp\/v2\/pages\/12010","targetHints":{"allow":["GET"]}}],"collection":[{"href":"https:\/\/wp.unil.ch\/alumnil\/wp-json\/wp\/v2\/pages"}],"about":[{"href":"https:\/\/wp.unil.ch\/alumnil\/wp-json\/wp\/v2\/types\/page"}],"author":[{"embeddable":true,"href":"https:\/\/wp.unil.ch\/alumnil\/wp-json\/wp\/v2\/users\/1001058"}],"replies":[{"embeddable":true,"href":"https:\/\/wp.unil.ch\/alumnil\/wp-json\/wp\/v2\/comments?post=12010"}],"version-history":[{"count":5,"href":"https:\/\/wp.unil.ch\/alumnil\/wp-json\/wp\/v2\/pages\/12010\/revisions"}],"predecessor-version":[{"id":17040,"href":"https:\/\/wp.unil.ch\/alumnil\/wp-json\/wp\/v2\/pages\/12010\/revisions\/17040"}],"up":[{"embeddable":true,"href":"https:\/\/wp.unil.ch\/alumnil\/wp-json\/wp\/v2\/pages\/14337"}],"wp:attachment":[{"href":"https:\/\/wp.unil.ch\/alumnil\/wp-json\/wp\/v2\/media?parent=12010"}],"curies":[{"name":"wp","href":"https:\/\/api.w.org\/{rel}","templated":true}]}}