{"id":10964,"date":"2023-10-11T15:26:01","date_gmt":"2023-10-11T13:26:01","guid":{"rendered":"https:\/\/wp.unil.ch\/alumnil\/?page_id=10964"},"modified":"2025-11-03T11:28:30","modified_gmt":"2025-11-03T10:28:30","slug":"soiree-annuelle-des-alumni-2023","status":"publish","type":"page","link":"https:\/\/wp.unil.ch\/alumnil\/soiree-annuelle-des-alumni-2023\/","title":{"rendered":"Soir\u00e9e annuelle des alumni 2023"},"content":{"rendered":"\n<p class=\"has-text-align-left has-text-color has-medium-font-size\" style=\"color:#16a085\"><strong>LA MONTAGNE EN TRANSITION<\/strong><\/p>\n\n\n\n<figure class=\"wp-block-image size-full\"><img alt=\"\" loading=\"lazy\" decoding=\"async\" width=\"800\" height=\"500\" src=\"https:\/\/wp.unil.ch\/alumnil\/files\/2023\/10\/GettyImages-1180226107_800x500.jpg\" alt=\"\" class=\"wp-image-10965\" srcset=\"https:\/\/wp.unil.ch\/alumnil\/files\/2023\/10\/GettyImages-1180226107_800x500.jpg 800w, https:\/\/wp.unil.ch\/alumnil\/files\/2023\/10\/GettyImages-1180226107_800x500-250x156.jpg 250w, https:\/\/wp.unil.ch\/alumnil\/files\/2023\/10\/GettyImages-1180226107_800x500-300x188.jpg 300w, https:\/\/wp.unil.ch\/alumnil\/files\/2023\/10\/GettyImages-1180226107_800x500-768x480.jpg 768w\" sizes=\"auto, (max-width: 800px) 100vw, 800px\" \/><\/figure>\n\n\n\n<p class=\"has-text-color\" style=\"color:#16a085\"><strong>Le Bureau des alumni a le plaisir de vous inviter \u00e0 sa traditionnelle Soir\u00e9e annuelle des alumni le jeudi 7 d\u00e9cembre 2023 d\u00e8s 18h!<\/strong> <\/p>\n\n\n\n<p>Organis\u00e9e conjointement avec le Centre interdisciplinaire de recherche sur la montagne (CIRM), qui f\u00eate cette ann\u00e9e ses 5 ans d\u2019existence, la soir\u00e9e sera consacr\u00e9e \u00e0 la montagne et aux transitions en cours et \u00e0 venir.<\/p>\n\n\n\n<p>Quatre chercheuses et chercheurs du CIRM, pr\u00e9senteront les enjeux auxquels est soumise la montagne aujourd\u2019hui tels que la transition touristique, la transition \u00e9nerg\u00e9tique, la transition paysag\u00e8re &amp; biodiversit\u00e9, ainsi que la transitions climatique &amp; eau.<\/p>\n\n\n\n<p>Leurs recherches et leur approche interdisciplinaire permettront de mieux comprendre les divers ph\u00e9nom\u00e8nes en jeu. Une table ronde en leur pr\u00e9sence, compl\u00e9t\u00e9e par deux invit\u00e9es, sera l\u2019occasion de croiser les expertises et r\u00e9pondre aux questions du public.<\/p>\n\n\n\n<p>Trois ateliers de m\u00e9diation en lien avec des recherches sp\u00e9cifiques sur la montagne, tels les plantes alpines, les risques sismiques ou encore les changements de paysages et leur mod\u00e9lisation, seront pr\u00e9sent\u00e9s.<\/p>\n\n\n\n<p class=\"has-text-color\" style=\"color:#16a085\"><strong>INSCRIPTION<\/strong> <strong>JUSQU&rsquo;AU 5 D\u00c9CEMBRE \u00c0 23H59<\/strong><\/p>\n\n\n\n<div class=\"wp-block-buttons is-horizontal is-content-justification-left is-layout-flex wp-container-core-buttons-is-layout-7e5fce0a wp-block-buttons-is-layout-flex\">\n<div class=\"wp-block-button has-custom-width wp-block-button__width-25 is-style-outline is-style-outline--1\"><a class=\"wp-block-button__link has-white-color has-text-color has-background wp-element-button\" href=\"https:\/\/wp.unil.ch\/alumnil\/formulaire-dinscription-a-la-soiree-annuelle-des-alumni-2023\/\" style=\"border-radius:100px;background-color:#16a085\" target=\"_blank\" rel=\"noreferrer noopener\">S&rsquo;inscrire<\/a><\/div>\n<\/div>\n\n\n\n<div style=\"height:15px\" aria-hidden=\"true\" class=\"wp-block-spacer\"><\/div>\n\n\n\n<p class=\"has-text-color\" style=\"color:#16a085\"><strong>LIEU<\/strong><\/p>\n\n\n\n<p>Sur le campus de l&rsquo;UNIL (l&rsquo;adresse exacte vous sera communiqu\u00e9e dans la confirmation d&rsquo;inscription).<\/p>\n\n\n\n<div style=\"height:15px\" aria-hidden=\"true\" class=\"wp-block-spacer\"><\/div>\n\n\n\n<p class=\"has-text-color\" style=\"color:#16a085\"><strong>PROGRAMME<\/strong><\/p>\n\n\n\n<ul class=\"wp-block-list\">\n<li><strong>18h00 &#8211; <\/strong>Accueil du public &amp; d\u00e9but des ateliers<\/li>\n\n\n\n<li><strong>19h00 &#8211; <\/strong>Mot de bienvenue du Bureau des alumni et de la Direction du CIRM <\/li>\n\n\n\n<li><strong>19h10 &#8211; <\/strong>D\u00e9but de la conf\u00e9rence: quatre regards sur la montagne en transitions <\/li>\n\n\n\n<li><strong>19h50 &#8211; <\/strong>Table ronde avec diff\u00e9rent\u00b7e\u00b7s intervenant\u00b7e\u00b7s<\/li>\n\n\n\n<li><strong>20h30 &#8211; <\/strong>Buffet d\u00eenatoire, ateliers, studio photo<\/li>\n\n\n\n<li><strong>00h00 &#8211; <\/strong>Fin de la soir\u00e9e<\/li>\n<\/ul>\n\n\n\n<p class=\"has-text-color\" style=\"color:#16a085\"><strong>CONF\u00c9RENCE &amp; TABLE-RONDE<\/strong><\/p>\n\n\n\n<p>Quatre courtes pr\u00e9sentations de chercheuses et chercheurs du CIRM d\u00e9buteront la soir\u00e9e:<\/p>\n\n\n\n<ul class=\"wp-block-list\">\n<li><em>\u00abEau et climat: quelle \u00e9volution des ressources en eau au cours de ces prochaines d\u00e9cennies?\u00bb<\/em> par <strong>Marianne Milano&nbsp;<\/strong><\/li>\n\n\n\n<li><em>\u00abQuels paysages pour nos Alpes \u00e0 l&rsquo;horizon de la fin du si\u00e8cle?\u00bb<\/em> par <strong>Christophe Randin&nbsp;<\/strong><\/li>\n\n\n\n<li><em>\u00abDroit de la biodiversit\u00e9 et transition \u00e9nerg\u00e9tique en montagne\u00bb<\/em> par <strong>Val\u00e9rie Dupont<\/strong><\/li>\n\n\n\n<li><em>\u00abComp\u00e9titions internationales de ski et protection de l&rsquo;environnement alpin: une perspective historique\u00bb<\/em> par <strong>Philippe Vonnard<\/strong><\/li>\n<\/ul>\n\n\n\n<p>La table ronde accueillera deux invit\u00e9es pour aborder le th\u00e8me plus largement: <strong>Virginie Duquette,&nbsp;<\/strong>conservatrice du Mus\u00e9e des Ormonts, et <strong>Ad\u00e8le Thorens Goumaz, <\/strong>conseill\u00e8re aux \u00c9tats de 2015 \u00e0 2023.<\/p>\n\n\n\n<p>Mod\u00e9ration par <strong>Julien von Roten<\/strong>, journaliste Sciences et Environnement \u00e0 la RTS &#8211; Radio T\u00e9l\u00e9vision Suisse.<\/p>\n\n\n\n<p class=\"has-text-color\" style=\"color:#16a085\"><strong>ATELIERS<\/strong><\/p>\n\n\n\n<p>Ateliers organis\u00e9s conjointement avec L&rsquo;\u00e9prouvette, le Laboratoire Sciences et Soci\u00e9t\u00e9 de l&rsquo;UNIL, le jardin botanique Flore-Alpe \u00e0 Champex et le&nbsp;Centre interdisciplinaire de recherche sur la montagne.<\/p>\n\n\n\n<p>\u00ab<em>Quand les Alpes tremblent<\/em>\u00bb<br>Anim\u00e9 par <strong>Elodie Cachelin <\/strong>(m\u00e9diatrice \u00e0 L\u2019\u00e9prouvette),<strong> Gy\u00f6rgy Het\u00e9nyi <\/strong>(professeur \u00e0 l&rsquo;Institut des sciences de la Terre) et&nbsp;<strong>Mathias Dessimoz&nbsp;<\/strong>(illustrateur et g\u00e9ologue).<\/p>\n\n\n\n<p>\u00ab<em>Chaud-froid sur les plantes alpines<\/em>\u00bb<br>Anim\u00e9 par <strong>Lucienne Roh <\/strong>(m\u00e9diatrice au jardin botanique Flore-Alpe) et<strong> Christophe Randin <\/strong>(directeur du jardin botanique Flore-Alpe).<\/p>\n\n\n\n<p>\u00ab<em>Les paysages en \u00e9volution et leur mod\u00e9lisation<\/em>\u00bb<br>Anim\u00e9 par <strong>M\u00e9lanie Clivaz <\/strong>(charg\u00e9e de projet au CIRM),<strong> Luca B\u00fctikofer et Guillaume Jouvet <\/strong>(chercheurs UNIL).<\/p>\n\n\n\n<p class=\"has-text-color\" style=\"color:#16a085\"><strong>CONTACT<\/strong><\/p>\n\n\n\n<p>Pour toute question, veuillez nous \u00e9crire \u00e0 <a rel=\"noreferrer noopener\" href=\"mailto:contact.alumnil@unil.ch\" target=\"_blank\">contact.alumnil@unil.ch<\/a><\/p>\n\n\n\n<p class=\"has-text-color\" style=\"color:#16a085\"><strong>BIOGRAPHIES DES INTERVENANT\u00b7E\u00b7S<\/strong><\/p>\n\n\n<div class=\"wp-block-image\">\n<figure class=\"alignleft size-full is-resized\"><img alt=\"\" loading=\"lazy\" decoding=\"async\" width=\"250\" height=\"250\" src=\"https:\/\/wp.unil.ch\/alumnil\/files\/2023\/11\/Valerie_DUPONT_250x250.jpg\" alt=\"\" class=\"wp-image-11078\" style=\"object-fit:cover;width:150px;height:150px\" \/><\/figure>\n<\/div>\n\n\n<p><strong>Val\u00e9rie Dupont<\/strong> est charg\u00e9e de recherche \u00e0 la Facult\u00e9 de droit, des sciences criminelles et d&rsquo;administration publique de l\u2019Universit\u00e9 de Lausanne dans le cadre du P\u00f4le Environnement Climat (PEC) et charg\u00e9e de cours invit\u00e9e \u00e0 l\u2019Universit\u00e9 catholique de Louvain, o\u00f9 elle enseigne le droit de la biodiversit\u00e9 et le droit des changements climatiques. Elle est d\u00e9tentrice d\u2019un doctorat en droit de l\u2019environnement de l\u2019Universit\u00e9 catholique de Louvain, lors duquel elle a \u00e9t\u00e9 amen\u00e9e \u00e0 \u00e9tudier le droit de diff\u00e9rents pays (Etats-Unis, Australie, France, Br\u00e9sil, Europe) sur la mise en place de march\u00e9s d\u2019unit\u00e9s de biodiversit\u00e9. Elle a \u00e9galement travaill\u00e9 \u00e0 l\u2019Universit\u00e9 Laval au Qu\u00e9bec sur la contribution du droit \u00e0 la conservation des zones humides. Ses travaux de recherche portent sur le droit de l\u2019environnement, en particulier, l\u2019absence de perte nette de biodiversit\u00e9, la compensation \u00e9cologique, la protection des zones humides, les limites plan\u00e9taires, et les quotas environnementaux.<\/p>\n\n\n<div class=\"wp-block-image\">\n<figure class=\"alignleft size-full is-resized\"><img alt=\"\" loading=\"lazy\" decoding=\"async\" width=\"250\" height=\"225\" src=\"https:\/\/wp.unil.ch\/alumnil\/files\/2023\/11\/Marianne_Milano_250x225.jpg\" alt=\"\" class=\"wp-image-11079\" style=\"width:150px\" \/><\/figure>\n<\/div>\n\n\n<p>Docteure en hydrologie, <strong>Marianne Milano<\/strong> est sp\u00e9cialiste dans l\u2019analyse du fonctionnement des hydrosyst\u00e8mes. Au cours de ces dix derni\u00e8res ann\u00e9es, Elle a d\u00e9velopp\u00e9 plusieurs projets de recherches et d\u2019enseignements pour \u00e9valuer et analyser les impacts des changements climatiques et anthropiques sur la disponibilit\u00e9 et la qualit\u00e9 des ressources en eau. Elle \u00e9tudie \u00e9galement la capacit\u00e9 des strat\u00e9gies d\u2019adaptation \u00e0 r\u00e9duire les tensions li\u00e9es \u00e0 l\u2019utilisation de l\u2019eau.&nbsp;<\/p>\n\n\n\n<div style=\"height:5px\" aria-hidden=\"true\" class=\"wp-block-spacer\"><\/div>\n\n\n<div class=\"wp-block-image\">\n<figure class=\"alignleft size-full is-resized\"><img alt=\"\" loading=\"lazy\" decoding=\"async\" width=\"250\" height=\"250\" src=\"https:\/\/wp.unil.ch\/alumnil\/files\/2023\/11\/Christophe_Randin_UNIL_2_250x250.jpg\" alt=\"\" class=\"wp-image-11080\" style=\"width:150px\" \/><\/figure>\n<\/div>\n\n\n<p><strong><\/strong>Biog\u00e9ographe, <strong>Christophe Randin <\/strong>est privat docent au D\u00e9partement d&rsquo;\u00e9cologie et d&rsquo;\u00e9volution (DEE) \u00e0 la Facult\u00e9 de biologie et m\u00e9decine (FBM) de l&rsquo;Universit\u00e9 de Lausanne et \u00e9galement directeur de la Fondation Jean-Marcel Aubert qui chapeaute le Jardin Flore-Alpe \u00e0 Champex-Lac et le Centre alpin de phytog\u00e9ographie (CAP). Ce centre suit depuis 30 ans l\u2019\u00e9volution de la flore alpine et de la limite de la for\u00eat dans le contexte du r\u00e9chauffement climatique en montagne.<\/p>\n\n\n\n<p>Christophe Randin d\u00e9couvre la botanique \u00e0 l&rsquo;\u00e2ge de six ans avec l\u2019\u00e9mission \u00abL\u2019aventure des Plantes\u00bb de Jean-Marie Pelt et Jean-Pierre Cuny. Lors de ses \u00e9tudes de biologie \u00e0 l\u2019UNIL, il d\u00e9couvre la biog\u00e9ographie v\u00e9g\u00e9tale, discipline qui tente de r\u00e9pondre \u00e0 cette question fondamentale: \u00abPourquoi trouve-t-on une esp\u00e8ce ici et pas ailleurs, et quels sont les facteurs qui font son succ\u00e8s?\u00bb. Simultan\u00e9ment, un stage au jardin alpin de Pont-de-Nant lui permet de d\u00e9velopper un int\u00e9r\u00eat pour la botanique alpine. Ses projets de recherche combinent des donn\u00e9es d\u2019observations \u00e0 long terme avec des mod\u00e8les pour comprendre et pr\u00e9dire l\u2019impact du r\u00e9chauffement climatique sur la v\u00e9g\u00e9tation alpine, au-dessus de la limite sup\u00e9rieure de la for\u00eat, et sur cette limite qui menace la flore alpine par sa progression en altitude.<\/p>\n\n\n<div class=\"wp-block-image\">\n<figure class=\"alignleft size-full is-resized\"><img alt=\"\" loading=\"lazy\" decoding=\"async\" width=\"250\" height=\"250\" src=\"https:\/\/wp.unil.ch\/alumnil\/files\/2023\/11\/Philipe_Vonnard_250x250.jpg\" alt=\"\" class=\"wp-image-11081\" style=\"width:150px\" \/><\/figure>\n<\/div>\n\n\n<p>Titulaire d\u2019un doctorat de la Facult\u00e9 des sciences sociales et politiques de l\u2019Universit\u00e9 de Lausanne, <strong>Philippe Vonnard<\/strong> est Chercheur FNS senior au D\u00e9partement d\u2019histoire contemporaine de l\u2019Universit\u00e9 de Fribourg. \u00c9galement Charg\u00e9 de cours \u00e0 l\u2019Institut des sciences du sport et membre du CIRM (Universit\u00e9 de Lausanne (UNIL), ses travaux de recherches portent sur l\u2019histoire des Relations internationales sportives, la socio-histoire des sports, des loisirs et du tourisme en Suisse ainsi que l\u2019histoire des enjeux de la protection de l\u2019environnement dans l\u2019espace alpin (sujet autour duquel il pr\u00e9pare son Abilitur \u00e0 l\u2019UNIFR).<\/p>\n\n\n\n<div style=\"height:5px\" aria-hidden=\"true\" class=\"wp-block-spacer\"><\/div>\n\n\n<div class=\"wp-block-image\">\n<figure class=\"alignleft size-full is-resized\"><img alt=\"\" loading=\"lazy\" decoding=\"async\" width=\"250\" height=\"250\" src=\"https:\/\/wp.unil.ch\/alumnil\/files\/2023\/11\/Virginie_Duquette_250x250.jpg\" alt=\"\" class=\"wp-image-11082\" style=\"width:150px\" \/><\/figure>\n<\/div>\n\n\n<p><strong>Virginie Duquette<\/strong> est conservatrice du Mus\u00e9e des Ormonts ainsi que conceptrice de projets touristiques et p\u00e9dagogiques. Sa passion pour les sciences&nbsp;naturelles et l&rsquo;illustration l&rsquo;a conduite \u00e0 collaborer avec divers organismes, notamment l&rsquo;Agroscope pour la cr\u00e9ation d&rsquo;illustrations scientifiques,&nbsp;ainsi qu&rsquo;avec Lavaux Patrimoine mondial UNESCO pour l&rsquo;\u00e9laboration de projets didactiques. Dot\u00e9e d&rsquo;une formation de guide naturaliste, elle a acquis&nbsp;des comp\u00e9tences en mati\u00e8re de m\u00e9diation culturelle au fil de 11 ann\u00e9es de gestion d&rsquo;une petite entreprise de randonn\u00e9e et de r\u00e9alisation de&nbsp;livrets&nbsp;didactiques portant sur le patrimoine naturel et culturel.<\/p>\n\n\n\n<div style=\"height:15px\" aria-hidden=\"true\" class=\"wp-block-spacer\"><\/div>\n\n\n<div class=\"wp-block-image\">\n<figure class=\"alignleft size-full is-resized\"><img alt=\"\" loading=\"lazy\" decoding=\"async\" width=\"250\" height=\"250\" src=\"https:\/\/wp.unil.ch\/alumnil\/files\/2023\/11\/Adele_Thorens_250x250.jpg\" alt=\"\" class=\"wp-image-11083\" style=\"width:150px\" \/><\/figure>\n<\/div>\n\n\n<p><strong>Ad\u00e8le Thorens Goumaz<\/strong>, Conseill\u00e8re aux \u00c9tats de 2015 \u00e0 2023, a fait des \u00e9tudes de letters \u00e0 l&rsquo;Universit\u00e9 de Lausanne puis un CAS \u00e0 l\u2019IDHEAP en politiques de l\u2019environnement et de la durabilit\u00e9. En parall\u00e8le \u00e0 ses activit\u00e9s politiques, elle est formatrice d\u2019adultes au sanu future learning \u00e0 Bienne et a de nombreux engagements associatifs, notamment la pr\u00e9sidence de Suisse Rando et de l\u2019OrTra Environnement, divers conseils consultatifs dans les domaines de l\u2019\u00e9conomie circulaire, de l\u2019\u00e9nergie, etc. EN 2024 elle sera professeure associ\u00e9e en politiques territoriales et \u00e9thique \u00e0 la HEIG-VD.<\/p>\n\n\n\n<div style=\"height:5px\" aria-hidden=\"true\" class=\"wp-block-spacer\"><\/div>\n\n\n\n<p><strong>AVEC LE SOUTIEN DE LA DIRECTION DU CIRM (UNIL)<\/strong><\/p>\n\n\n<div class=\"wp-block-image\">\n<figure class=\"alignleft size-full is-resized\"><img alt=\"\" loading=\"lazy\" decoding=\"async\" width=\"300\" height=\"300\" src=\"https:\/\/wp.unil.ch\/alumnil\/files\/2023\/10\/Emmanuel_Reynard_300.jpg\" alt=\"\" class=\"wp-image-10966\" style=\"width:150px\" srcset=\"https:\/\/wp.unil.ch\/alumnil\/files\/2023\/10\/Emmanuel_Reynard_300.jpg 300w, https:\/\/wp.unil.ch\/alumnil\/files\/2023\/10\/Emmanuel_Reynard_300-250x250.jpg 250w\" sizes=\"auto, (max-width: 300px) 100vw, 300px\" \/><\/figure>\n<\/div>\n\n\n<p><strong>Emmanuel Reynard<\/strong> est professeur ordinaire de g\u00e9ographie physique \u00e0 l&rsquo;Universit\u00e9 de Lausanne depuis 2005. Il a \u00e9t\u00e9 directeur de l&rsquo;Institut de g\u00e9ographie (IGUL) de 2008 \u00e0 2012, puis de l&rsquo;Institut de g\u00e9ographie et durabilit\u00e9 (IGD) de 2012 \u00e0 2016. Il dirige le Centre interdisciplinaire de recherche sur la montagne (CIRM) depuis 2018.<\/p>\n\n\n\n<p>Il a \u00e9t\u00e9 pr\u00e9sident du Groupe de travail sur les G\u00e9omorphosites de l&rsquo;Association internationale des g\u00e9omorphologues (IAG) de 2001 \u00e0 2013 et membre du comit\u00e9 ex\u00e9cutif de l&rsquo;IAG de 2013 \u00e0 2022. Emmanuel Reynard a \u00e9t\u00e9 pr\u00e9sident du Groupe de travail sur les g\u00e9otopes (Scnat) de 2006 \u00e0 2017 et il pr\u00e9side l&rsquo;Association M\u00e9moires du Rh\u00f4ne depuis 2011.<\/p>\n","protected":false},"excerpt":{"rendered":"<p>LA MONTAGNE EN TRANSITION Le Bureau des alumni a le plaisir de vous inviter \u00e0 sa traditionnelle Soir\u00e9e annuelle des alumni le jeudi 7 d\u00e9cembre 2023 d\u00e8s 18h! Organis\u00e9e conjointement avec le Centre interdisciplinaire de recherche sur la montagne (CIRM), &hellip; <\/p>\n","protected":false},"author":1001058,"featured_media":0,"parent":0,"menu_order":210,"comment_status":"closed","ping_status":"closed","template":"","meta":{"_seopress_robots_primary_cat":"","_seopress_titles_title":"","_seopress_titles_desc":"","_seopress_robots_index":"","footnotes":""},"class_list":["post-10964","page","type-page","status-publish"],"_links":{"self":[{"href":"https:\/\/wp.unil.ch\/alumnil\/wp-json\/wp\/v2\/pages\/10964","targetHints":{"allow":["GET"]}}],"collection":[{"href":"https:\/\/wp.unil.ch\/alumnil\/wp-json\/wp\/v2\/pages"}],"about":[{"href":"https:\/\/wp.unil.ch\/alumnil\/wp-json\/wp\/v2\/types\/page"}],"author":[{"embeddable":true,"href":"https:\/\/wp.unil.ch\/alumnil\/wp-json\/wp\/v2\/users\/1001058"}],"replies":[{"embeddable":true,"href":"https:\/\/wp.unil.ch\/alumnil\/wp-json\/wp\/v2\/comments?post=10964"}],"version-history":[{"count":6,"href":"https:\/\/wp.unil.ch\/alumnil\/wp-json\/wp\/v2\/pages\/10964\/revisions"}],"predecessor-version":[{"id":13359,"href":"https:\/\/wp.unil.ch\/alumnil\/wp-json\/wp\/v2\/pages\/10964\/revisions\/13359"}],"wp:attachment":[{"href":"https:\/\/wp.unil.ch\/alumnil\/wp-json\/wp\/v2\/media?parent=10964"}],"curies":[{"name":"wp","href":"https:\/\/api.w.org\/{rel}","templated":true}]}}