{"id":239,"date":"2021-03-11T15:23:21","date_gmt":"2021-03-11T14:23:21","guid":{"rendered":"https:\/\/wp.unil.ch\/alpes-himalayas\/?page_id=239"},"modified":"2022-11-15T10:51:42","modified_gmt":"2022-11-15T09:51:42","slug":"news","status":"publish","type":"page","link":"https:\/\/wp.unil.ch\/alpes-himalayas\/news\/","title":{"rendered":"News"},"content":{"rendered":"<ul class=\"wp-block-latest-posts__list has-dates wp-block-latest-posts\"><li><a class=\"wp-block-latest-posts__post-title\" href=\"https:\/\/wp.unil.ch\/alpes-himalayas\/expedition-2023\/\">Exp\u00e9dition 2023<\/a><time datetime=\"2023-08-31T09:56:45+02:00\" class=\"wp-block-latest-posts__post-date\">31 August 2023<\/time><div class=\"wp-block-latest-posts__post-excerpt\">Ce mois de juillet et ao\u00fbt 2023, le groupe de g\u00e9ologie alpine et himalayenne s&#8217;est rendu au Ladakh pour r\u00e9aliser une campagne de terrain de cinq semaines. Cette derni\u00e8re avait comme objectif principal l&#8217;observation et l&#8217;\u00e9chantillonnage d&#8217;anciens arcs continentaux, accr\u00e9t\u00e9s lors de la formation de la chaine de montagne. Pour ce faire, deux r\u00e9gions ont\u2026 <a class=\"wp-block-latest-posts__read-more\" href=\"https:\/\/wp.unil.ch\/alpes-himalayas\/expedition-2023\/\" rel=\"noopener noreferrer\">Read more<span class=\"screen-reader-text\">: Exp\u00e9dition 2023<\/span><\/a><\/div><\/li>\n<li><a class=\"wp-block-latest-posts__post-title\" href=\"https:\/\/wp.unil.ch\/alpes-himalayas\/presentation-a-corbeyrier\/\">Pr\u00e9sentation \u00e0 Corbeyrier<\/a><time datetime=\"2023-06-16T15:55:28+02:00\" class=\"wp-block-latest-posts__post-date\">16 June 2023<\/time><div class=\"wp-block-latest-posts__post-excerpt\">L&#8217;Ovaille de 1584: Sur les traces de la catastrophe de Corbeyrier et Yvorne Samedi 24 juin 2023, de 14h00 \u00e0 15h30 \u00e0 la salle communale de Corbeyrier Que signifie une ovaille? Que s\u2019est-il pass\u00e9 en mars 1584 \u00e0 Corbeyrier et \u00e0 Yvorne? Quelles sont les traces de ces \u00e9v\u00e9nements encore visibles aujourd\u2019hui dans le paysage\u2026 <a class=\"wp-block-latest-posts__read-more\" href=\"https:\/\/wp.unil.ch\/alpes-himalayas\/presentation-a-corbeyrier\/\" rel=\"noopener noreferrer\">Read more<span class=\"screen-reader-text\">: Pr\u00e9sentation \u00e0 Corbeyrier<\/span><\/a><\/div><\/li>\n<li><a class=\"wp-block-latest-posts__post-title\" href=\"https:\/\/wp.unil.ch\/alpes-himalayas\/new-paper-pantet-et-al-2023\/\">New Paper: Pantet et al. 2023<\/a><time datetime=\"2023-03-27T12:49:35+02:00\" class=\"wp-block-latest-posts__post-date\">27 March 2023<\/time><div class=\"wp-block-latest-posts__post-excerpt\">Schistes Lustr\u00e9s in a hyper\u2011extended continental margin setting and reinterpretation of the limit between the Mont Fort and Tsat\u00e9 nappes (Middle and Upper Penninics, Western Swiss Alps) Authors: Adrien Pantet, Jean-Luc Epard, Henri Masson, Claudia Baumgartner-Mora, Peter Baumgartner and Lukas Baumgartner ABSTRACT The Schistes Lustr\u00e9s form a large and complex unit at the top of\u2026 <a class=\"wp-block-latest-posts__read-more\" href=\"https:\/\/wp.unil.ch\/alpes-himalayas\/new-paper-pantet-et-al-2023\/\" rel=\"noopener noreferrer\">Read more<span class=\"screen-reader-text\">: New Paper: Pantet et al. 2023<\/span><\/a><\/div><\/li>\n<li><a class=\"wp-block-latest-posts__post-title\" href=\"https:\/\/wp.unil.ch\/alpes-himalayas\/conference\/\">Conf\u00e9rence<\/a><time datetime=\"2022-11-07T17:35:23+01:00\" class=\"wp-block-latest-posts__post-date\">7 November 2022<\/time><div class=\"wp-block-latest-posts__post-excerpt\">Adrien Pantet pr\u00e9sentera une partie de sa recherche le vendredi 17 f\u00e9vrier 2023 \u00e0 Sion lors d&#8217;une conf\u00e9rence intitul\u00e9e: Mise en \u00e9vidence des unit\u00e9s de marge continentale, entre le Val de Bagnes et la vall\u00e9e de Zermatt Les informations sur cet \u00e9v\u00e9nement organis\u00e9 par la Murithienne se trouvent ici. Salle des Arsenaux, av. de Pratifori\u2026 <a class=\"wp-block-latest-posts__read-more\" href=\"https:\/\/wp.unil.ch\/alpes-himalayas\/conference\/\" rel=\"noopener noreferrer\">Read more<span class=\"screen-reader-text\">: Conf\u00e9rence<\/span><\/a><\/div><\/li>\n<li><a class=\"wp-block-latest-posts__post-title\" href=\"https:\/\/wp.unil.ch\/alpes-himalayas\/enseignement\/\">Teaching<\/a><time datetime=\"2022-11-07T14:10:02+01:00\" class=\"wp-block-latest-posts__post-date\">7 November 2022<\/time><div class=\"wp-block-latest-posts__post-excerpt\">From Outcrop to 3D Model A new course,&nbsp;From Outcrop to 3D Model, is proposed to graduate students in geology from ELSTE. This course links structural geology with 3D data acquisition techniques, such as laser scanning or SfM. Students learn how to acquire and process point cloud data, make structural measurements in the field and combines\u2026 <a class=\"wp-block-latest-posts__read-more\" href=\"https:\/\/wp.unil.ch\/alpes-himalayas\/enseignement\/\" rel=\"noopener noreferrer\">Read more<span class=\"screen-reader-text\">: Teaching<\/span><\/a><\/div><\/li>\n<\/ul>","protected":false},"excerpt":{"rendered":"","protected":false},"author":1002222,"featured_media":341,"parent":0,"menu_order":0,"comment_status":"closed","ping_status":"closed","template":"templates\/template-cover.php","meta":{"_seopress_robots_primary_cat":"","_seopress_titles_title":"","_seopress_titles_desc":"","_seopress_robots_index":"","footnotes":""},"class_list":["post-239","page","type-page","status-publish","has-post-thumbnail"],"_links":{"self":[{"href":"https:\/\/wp.unil.ch\/alpes-himalayas\/wp-json\/wp\/v2\/pages\/239","targetHints":{"allow":["GET"]}}],"collection":[{"href":"https:\/\/wp.unil.ch\/alpes-himalayas\/wp-json\/wp\/v2\/pages"}],"about":[{"href":"https:\/\/wp.unil.ch\/alpes-himalayas\/wp-json\/wp\/v2\/types\/page"}],"author":[{"embeddable":true,"href":"https:\/\/wp.unil.ch\/alpes-himalayas\/wp-json\/wp\/v2\/users\/1002222"}],"replies":[{"embeddable":true,"href":"https:\/\/wp.unil.ch\/alpes-himalayas\/wp-json\/wp\/v2\/comments?post=239"}],"version-history":[{"count":0,"href":"https:\/\/wp.unil.ch\/alpes-himalayas\/wp-json\/wp\/v2\/pages\/239\/revisions"}],"wp:featuredmedia":[{"embeddable":true,"href":"https:\/\/wp.unil.ch\/alpes-himalayas\/wp-json\/wp\/v2\/media\/341"}],"wp:attachment":[{"href":"https:\/\/wp.unil.ch\/alpes-himalayas\/wp-json\/wp\/v2\/media?parent=239"}],"curies":[{"name":"wp","href":"https:\/\/api.w.org\/{rel}","templated":true}]}}