{"id":208,"date":"2021-03-11T13:05:18","date_gmt":"2021-03-11T12:05:18","guid":{"rendered":"https:\/\/wp.unil.ch\/alpes-himalayas\/?page_id=208"},"modified":"2023-03-27T11:19:19","modified_gmt":"2023-03-27T09:19:19","slug":"adrien-pantet","status":"publish","type":"page","link":"https:\/\/wp.unil.ch\/alpes-himalayas\/team\/adrien-pantet\/","title":{"rendered":"Adrien Pantet"},"content":{"rendered":"\n<p class=\"has-normal-font-size\"><\/p>\n\n\n\n<div class=\"wp-block-media-text alignwide is-stacked-on-mobile\"><figure class=\"wp-block-media-text__media\"><img alt=\"\" loading=\"lazy\" decoding=\"async\" width=\"1024\" height=\"683\" src=\"https:\/\/wp.unil.ch\/alpes-himalayas\/files\/2022\/11\/Photo-AP-1-1024x683.jpg\" alt=\"\" class=\"wp-image-335 size-full\" srcset=\"https:\/\/wp.unil.ch\/alpes-himalayas\/files\/2022\/11\/Photo-AP-1-1024x683.jpg 1024w, https:\/\/wp.unil.ch\/alpes-himalayas\/files\/2022\/11\/Photo-AP-1-300x200.jpg 300w, https:\/\/wp.unil.ch\/alpes-himalayas\/files\/2022\/11\/Photo-AP-1-768x512.jpg 768w, https:\/\/wp.unil.ch\/alpes-himalayas\/files\/2022\/11\/Photo-AP-1.jpg 1026w\" sizes=\"auto, (max-width: 1024px) 100vw, 1024px\" \/><\/figure><div class=\"wp-block-media-text__content\">\n<p class=\"has-large-font-size\">Adrien Pantet est docteur en Sciences de la Terre et sa recherche se focalise sur la g\u00e9ologie structurale et Alpine des Alpes Pennines.  <\/p>\n\n\n\n<p><\/p>\n\n\n\n<p>Le r\u00e9sum\u00e9 de sa th\u00e8se peut \u00eatre consult\u00e9 <a href=\"https:\/\/wp.unil.ch\/geoblog\/2022\/10\/the-mont-fort-nappe-its-mesozoic-cover-and-relations-to-the-upper-penninics-western-swiss-alps\/\">ici<\/a><\/p>\n<\/div><\/div>\n\n\n\n<p>Photo F. Ducrest \u00a9 UNIL<\/p>\n\n\n\n<p><\/p>\n","protected":false},"excerpt":{"rendered":"<p>Adrien Pantet est docteur en Sciences de la Terre et sa recherche se focalise sur la g\u00e9ologie structurale et Alpine des Alpes Pennines. Le r\u00e9sum\u00e9 de sa th\u00e8se peut \u00eatre consult\u00e9 ici Photo F. Ducrest \u00a9 UNIL<\/p>\n","protected":false},"author":1002222,"featured_media":0,"parent":175,"menu_order":0,"comment_status":"closed","ping_status":"closed","template":"","meta":{"_seopress_robots_primary_cat":"","_seopress_titles_title":"","_seopress_titles_desc":"","_seopress_robots_index":"","footnotes":""},"class_list":["post-208","page","type-page","status-publish"],"_links":{"self":[{"href":"https:\/\/wp.unil.ch\/alpes-himalayas\/wp-json\/wp\/v2\/pages\/208","targetHints":{"allow":["GET"]}}],"collection":[{"href":"https:\/\/wp.unil.ch\/alpes-himalayas\/wp-json\/wp\/v2\/pages"}],"about":[{"href":"https:\/\/wp.unil.ch\/alpes-himalayas\/wp-json\/wp\/v2\/types\/page"}],"author":[{"embeddable":true,"href":"https:\/\/wp.unil.ch\/alpes-himalayas\/wp-json\/wp\/v2\/users\/1002222"}],"replies":[{"embeddable":true,"href":"https:\/\/wp.unil.ch\/alpes-himalayas\/wp-json\/wp\/v2\/comments?post=208"}],"version-history":[{"count":0,"href":"https:\/\/wp.unil.ch\/alpes-himalayas\/wp-json\/wp\/v2\/pages\/208\/revisions"}],"up":[{"embeddable":true,"href":"https:\/\/wp.unil.ch\/alpes-himalayas\/wp-json\/wp\/v2\/pages\/175"}],"wp:attachment":[{"href":"https:\/\/wp.unil.ch\/alpes-himalayas\/wp-json\/wp\/v2\/media?parent=208"}],"curies":[{"name":"wp","href":"https:\/\/api.w.org\/{rel}","templated":true}]}}