{"id":206,"date":"2021-03-11T13:03:21","date_gmt":"2021-03-11T12:03:21","guid":{"rendered":"https:\/\/wp.unil.ch\/alpes-himalayas\/?page_id=206"},"modified":"2022-11-18T15:32:52","modified_gmt":"2022-11-18T14:32:52","slug":"christophe-jossevel","status":"publish","type":"page","link":"https:\/\/wp.unil.ch\/alpes-himalayas\/team\/christophe-jossevel\/","title":{"rendered":"Christophe Jossevel"},"content":{"rendered":"\n<div class=\"wp-block-media-text alignwide is-stacked-on-mobile\"><figure class=\"wp-block-media-text__media\"><img alt=\"\" loading=\"lazy\" decoding=\"async\" width=\"1024\" height=\"768\" src=\"https:\/\/wp.unil.ch\/alpes-himalayas\/files\/2021\/03\/Christophe-Jossevel_Cervin-1024x768.jpg\" alt=\"\" class=\"wp-image-269 size-full\" srcset=\"https:\/\/wp.unil.ch\/alpes-himalayas\/files\/2021\/03\/Christophe-Jossevel_Cervin-1024x768.jpg 1024w, https:\/\/wp.unil.ch\/alpes-himalayas\/files\/2021\/03\/Christophe-Jossevel_Cervin-300x225.jpg 300w, https:\/\/wp.unil.ch\/alpes-himalayas\/files\/2021\/03\/Christophe-Jossevel_Cervin-768x576.jpg 768w, https:\/\/wp.unil.ch\/alpes-himalayas\/files\/2021\/03\/Christophe-Jossevel_Cervin-1536x1152.jpg 1536w, https:\/\/wp.unil.ch\/alpes-himalayas\/files\/2021\/03\/Christophe-Jossevel_Cervin-1200x900.jpg 1200w, https:\/\/wp.unil.ch\/alpes-himalayas\/files\/2021\/03\/Christophe-Jossevel_Cervin.jpg 1600w\" sizes=\"auto, (max-width: 1024px) 100vw, 1024px\" \/><\/figure><div class=\"wp-block-media-text__content\">\n<p>Je suis un doctorant \u00e0 l&#8217;Institut des Sciences de la Terre et de l&#8217;Environnement et je travaille sur la g\u00e9ologie des Alpes Pennines.<\/p>\n\n\n\n<p>Mon sujet de recherche a pour but de clarifier les relations entre les nappes de socle et de couverture dans les r\u00e9gions de Zermatt et de Saas-Fee. Ce travail consiste en une cartographie d\u00e9taill\u00e9e des r\u00e9gions fraichement d\u00e9couvertes d\u00fb au recul des glaciers, de mesures structurales sur le terrain, ainsi qu&#8217;\u00e0 l&#8217;analyse d&#8217;\u00e9chantillons en laboratoire. <\/p>\n<\/div><\/div>\n\n\n\n<p class=\"has-text-align-center\"><strong>Int\u00e9r\u00eats scientifiques<\/strong><\/p>\n\n\n\n<ul class=\"wp-block-list\">\n<li>G\u00e9ologie r\u00e9gionale et alpine<\/li>\n\n\n\n<li>G\u00e9ologie structurale<\/li>\n\n\n\n<li>P\u00e9trologie m\u00e9tamorphique <br><br><\/li>\n<\/ul>\n\n\n\n<p class=\"has-text-align-center\"><strong>Cursus<\/strong><\/p>\n\n\n\n<p><strong>2016-2018<\/strong>  M. Sc. en G\u00e9ologie, Lausanne<\/p>\n\n\n\n<p><strong>2013-2016<\/strong>  B. Sc. en sciences de la Terre, Lausanne<\/p>\n\n\n\n<p><\/p>\n\n\n\n<p class=\"has-text-align-center\"><strong>Contribution<\/strong><\/p>\n\n\n\n<ul class=\"wp-block-list\">\n<li>Jossevel C.* &amp; Epard J-L. &#8211; Glacier retreat revealing new details on a complex nappe stack in the Mattmark region (Valais, Switzerland), SGI-SIMP 2022, Poster session, Torino<\/li>\n<\/ul>\n\n\n\n<p><\/p>\n\n\n\n<p><\/p>\n","protected":false},"excerpt":{"rendered":"<p>Je suis un doctorant \u00e0 l&#8217;Institut des Sciences de la Terre et de l&#8217;Environnement et je travaille sur la g\u00e9ologie des Alpes Pennines. Mon sujet de recherche a pour but de clarifier les relations entre les nappes de socle et de couverture dans les r\u00e9gions de Zermatt et de Saas-Fee. Ce travail consiste en une [&hellip;]<\/p>\n","protected":false},"author":1002222,"featured_media":0,"parent":175,"menu_order":0,"comment_status":"closed","ping_status":"closed","template":"","meta":{"_seopress_robots_primary_cat":"","_seopress_titles_title":"","_seopress_titles_desc":"","_seopress_robots_index":"","footnotes":""},"class_list":["post-206","page","type-page","status-publish"],"_links":{"self":[{"href":"https:\/\/wp.unil.ch\/alpes-himalayas\/wp-json\/wp\/v2\/pages\/206","targetHints":{"allow":["GET"]}}],"collection":[{"href":"https:\/\/wp.unil.ch\/alpes-himalayas\/wp-json\/wp\/v2\/pages"}],"about":[{"href":"https:\/\/wp.unil.ch\/alpes-himalayas\/wp-json\/wp\/v2\/types\/page"}],"author":[{"embeddable":true,"href":"https:\/\/wp.unil.ch\/alpes-himalayas\/wp-json\/wp\/v2\/users\/1002222"}],"replies":[{"embeddable":true,"href":"https:\/\/wp.unil.ch\/alpes-himalayas\/wp-json\/wp\/v2\/comments?post=206"}],"version-history":[{"count":0,"href":"https:\/\/wp.unil.ch\/alpes-himalayas\/wp-json\/wp\/v2\/pages\/206\/revisions"}],"up":[{"embeddable":true,"href":"https:\/\/wp.unil.ch\/alpes-himalayas\/wp-json\/wp\/v2\/pages\/175"}],"wp:attachment":[{"href":"https:\/\/wp.unil.ch\/alpes-himalayas\/wp-json\/wp\/v2\/media?parent=206"}],"curies":[{"name":"wp","href":"https:\/\/api.w.org\/{rel}","templated":true}]}}