{"id":184,"date":"2025-10-28T14:25:44","date_gmt":"2025-10-28T13:25:44","guid":{"rendered":"https:\/\/wp.unil.ch\/aloha\/?page_id=184"},"modified":"2025-10-28T14:30:25","modified_gmt":"2025-10-28T13:30:25","slug":"alix-trouillet","status":"publish","type":"page","link":"https:\/\/wp.unil.ch\/aloha\/team\/alix-trouillet\/","title":{"rendered":"Dr. Alix Trouillet"},"content":{"rendered":"\n<div class=\"wp-block-media-text alignwide is-stacked-on-mobile is-vertically-aligned-top\" style=\"grid-template-columns:26% auto\"><figure class=\"wp-block-media-text__media\"><img loading=\"lazy\" decoding=\"async\" width=\"300\" height=\"375\" src=\"https:\/\/wp.unil.ch\/aloha\/files\/2025\/10\/troui-3204508-small.gif\" alt=\"troui 3204508 small\" class=\"wp-image-249 size-full\" \/><\/figure><div class=\"wp-block-media-text__content\">\n<p>Email: <a href=\"mailto:alix.trouillet@chuv.ch\">alix.trouillet@chuv.ch<\/a><\/p>\n\n\n\n<p class=\"has-large-font-size\"><strong>Biography<\/strong><\/p>\n\n\n\n<p>Alix Trouillet received the B.S. degree in biochemistry from the University of Cergy-Pontoise, Cergy, France, in 2006, the M.S. degree in pathophysiology from Pierre et Marie Curie University, Paris 6, Paris, France, in 2008, and the Ph.D. degree in neuroscience with a focus on retinal degenerative diseases from the Vision Institute, University of Paris 6, Paris, in 2014.,From 2015 to 2018, she was a Post-Doctoral Fellow with the Department of Otolaryngology, Stanford University, Stanford, CA, USA, working on the pathophysiology of mechanotransduction in models of deafness. In 2019, she joined the Laboratory of Soft Bioelectronic Interfaces, \u00c9cole Polytechnique F\u00e9d\u00e9rale de Lausanne, Geneva, Switzerland as a Research scientist. Since 2024, she currently works at ALOHA, CHUV, Lausanne, Switzerland. <\/p>\n\n\n\n<p class=\"has-large-font-size\"><strong>Scientific research<\/strong><\/p>\n\n\n\n<p>Her work includes translational study toward the development of a new auditory brainstem implant to restore hearing and fundamental research in sensory restoration in rodents using cortical stimulation.<\/p>\n<\/div><\/div>\n","protected":false},"excerpt":{"rendered":"<p>Email: alix.trouillet@chuv.ch Biography Alix Trouillet received the B.S. degree in biochemistry from the University of Cergy-Pontoise, Cergy, France, in 2006, the M.S. degree in pathophysiology from Pierre et Marie Curie University, Paris 6, Paris, France, in 2008, and the Ph.D. degree in neuroscience with a focus on retinal degenerative diseases from the Vision Institute, University [&hellip;]<\/p>\n","protected":false},"author":1003060,"featured_media":0,"parent":165,"menu_order":0,"comment_status":"closed","ping_status":"closed","template":"","meta":{"_seopress_robots_primary_cat":"","_seopress_titles_title":"","_seopress_titles_desc":"","_seopress_robots_index":"","footnotes":""},"class_list":["post-184","page","type-page","status-publish"],"_links":{"self":[{"href":"https:\/\/wp.unil.ch\/aloha\/wp-json\/wp\/v2\/pages\/184","targetHints":{"allow":["GET"]}}],"collection":[{"href":"https:\/\/wp.unil.ch\/aloha\/wp-json\/wp\/v2\/pages"}],"about":[{"href":"https:\/\/wp.unil.ch\/aloha\/wp-json\/wp\/v2\/types\/page"}],"author":[{"embeddable":true,"href":"https:\/\/wp.unil.ch\/aloha\/wp-json\/wp\/v2\/users\/1003060"}],"replies":[{"embeddable":true,"href":"https:\/\/wp.unil.ch\/aloha\/wp-json\/wp\/v2\/comments?post=184"}],"version-history":[{"count":3,"href":"https:\/\/wp.unil.ch\/aloha\/wp-json\/wp\/v2\/pages\/184\/revisions"}],"predecessor-version":[{"id":258,"href":"https:\/\/wp.unil.ch\/aloha\/wp-json\/wp\/v2\/pages\/184\/revisions\/258"}],"up":[{"embeddable":true,"href":"https:\/\/wp.unil.ch\/aloha\/wp-json\/wp\/v2\/pages\/165"}],"wp:attachment":[{"href":"https:\/\/wp.unil.ch\/aloha\/wp-json\/wp\/v2\/media?parent=184"}],"curies":[{"name":"wp","href":"https:\/\/api.w.org\/{rel}","templated":true}]}}